{"id":3,"date":"2025-06-27T19:42:33","date_gmt":"2025-06-27T19:42:33","guid":{"rendered":"https:\/\/badbuddhashop.com\/?page_id=3"},"modified":"2025-07-01T14:27:01","modified_gmt":"2025-07-01T14:27:01","slug":"privacy-policy","status":"publish","type":"page","link":"https:\/\/badbuddhashop.com\/fr\/privacy-policy\/","title":{"rendered":"Politique de confidentialit\u00e9"},"content":{"rendered":"<h2 data-start=\"349\" data-end=\"368\"><strong data-start=\"352\" data-end=\"366\">Qui sommes-nous?<\/strong><\/h2>\n<p data-start=\"369\" data-end=\"448\">L\u2019adresse de notre site web est : <a class=\"\" href=\"https:\/\/badbuddhashop.com\/fr\/\" target=\"_new\" rel=\"noopener\" data-start=\"393\" data-end=\"447\">https:\/\/badbuddhashop.com<\/a>.<\/p>\n<hr data-start=\"450\" data-end=\"453\" \/>\n<h2 data-start=\"455\" data-end=\"472\"><strong data-start=\"458\" data-end=\"470\">Commentaires<\/strong><\/h2>\n<p data-start=\"473\" data-end=\"649\">Lorsque les visiteurs laissent des commentaires sur le site, nous collectons les donn\u00e9es indiqu\u00e9es dans le formulaire de commentaire, ainsi que l\u2019adresse IP du visiteur et la cha\u00eene de l\u2019agent utilisateur du navigateur afin d\u2019aider \u00e0 la d\u00e9tection des spams.<\/p>\n<p data-start=\"651\" data-end=\"980\">Une cha\u00eene anonymis\u00e9e (hachage) g\u00e9n\u00e9r\u00e9e \u00e0 partir de votre adresse e-mail peut \u00eatre transmise au service Gravatar pour v\u00e9rifier si vous l\u2019utilisez. La politique de confidentialit\u00e9 de Gravatar est disponible \u00e0 l\u2019adresse suivante : <a class=\"\" href=\"https:\/\/automattic.com\/privacy\/\" target=\"_new\" rel=\"noopener\" data-start=\"808\" data-end=\"865\">automattic.com\/privacy<\/a>. Une fois votre commentaire approuv\u00e9, votre photo de profil devient visible publiquement dans le contexte de votre commentaire.<\/p>\n<hr data-start=\"982\" data-end=\"985\" \/>\n<h2 data-start=\"987\" data-end=\"1001\"><strong data-start=\"990\" data-end=\"999\">M\u00e9dias<\/strong><\/h2>\n<p data-start=\"1002\" data-end=\"1174\">Si vous t\u00e9l\u00e9versez des images sur le site, \u00e9vitez d\u2019y inclure des donn\u00e9es de localisation int\u00e9gr\u00e9es (EXIF GPS). Les visiteurs peuvent t\u00e9l\u00e9charger et extraire les donn\u00e9es de localisation des images pr\u00e9sentes sur le site.<\/p>\n<hr data-start=\"1176\" data-end=\"1179\" \/>\n<h2 data-start=\"1181\" data-end=\"1197\"><strong data-start=\"1184\" data-end=\"1195\">Cookies<\/strong><\/h2>\n<p data-start=\"1198\" data-end=\"1342\">Si vous laissez un commentaire, vous pouvez choisir d\u2019enregistrer votre nom, votre adresse e-mail et votre site web dans des cookies. Ces cookies sont l\u00e0 pour votre confort et durent un an.<\/p>\n<p data-start=\"1344\" data-end=\"1517\">Lorsque vous visitez la page de connexion, nous pla\u00e7ons un cookie temporaire pour v\u00e9rifier si votre navigateur accepte les cookies. Ce cookie ne contient aucune donn\u00e9e personnelle et est supprim\u00e9 lorsque vous fermez votre navigateur.<\/p>\n<p data-start=\"1519\" data-end=\"1766\">Lorsque vous vous connectez, nous utilisons des cookies pour enregistrer vos informations de connexion et vos pr\u00e9f\u00e9rences d\u2019affichage. Les cookies de connexion durent deux jours ; ceux li\u00e9s aux pr\u00e9f\u00e9rences d\u2019affichage durent un an. Si vous s\u00e9lectionnez \u00ab Se souvenir de moi \u00bb, votre connexion sera maintenue pendant deux semaines. La d\u00e9connexion supprime ces cookies.<\/p>\n<p data-start=\"1768\" data-end=\"1892\">Si vous modifiez ou publiez un article, un cookie sera enregistr\u00e9 dans votre navigateur. Il ne contient aucune donn\u00e9e personnelle et expire au bout d\u2019un jour.<\/p>\n<hr data-start=\"1894\" data-end=\"1897\" \/>\n<h2 data-start=\"1899\" data-end=\"1944\"><strong data-start=\"1902\" data-end=\"1942\">Contenu int\u00e9gr\u00e9 provenant d\u2019autres sites web<\/strong><\/h2>\n<p data-start=\"1945\" data-end=\"2104\">Les articles de ce site peuvent inclure du contenu int\u00e9gr\u00e9 (par exemple, des vid\u00e9os, images, articles). Le contenu int\u00e9gr\u00e9 depuis d\u2019autres sites se comporte de la m\u00eame mani\u00e8re que si le visiteur se rendait directement sur ces sites.<\/p>\n<p data-start=\"2106\" data-end=\"2273\">Ces sites web peuvent collecter des donn\u00e9es, utiliser des cookies, int\u00e9grer des outils de suivi tiers et surveiller vos interactions avec leur contenu \u2014 notamment si vous \u00eates connect\u00e9 \u00e0 leur site.<\/p>\n<hr data-start=\"2275\" data-end=\"2278\" \/>\n<h2 data-start=\"2280\" data-end=\"2316\"><strong data-start=\"2283\" data-end=\"2314\">Avec qui nous partageons vos donn\u00e9es<\/strong><\/h2>\n<p data-start=\"2317\" data-end=\"2397\">Si vous demandez une r\u00e9initialisation de mot de passe, votre adresse IP est incluse dans l\u2019e-mail de r\u00e9initialisation.<\/p>\n<hr data-start=\"2399\" data-end=\"2402\" \/>\n<h2 data-start=\"2404\" data-end=\"2441\"><strong data-start=\"2407\" data-end=\"2439\">Dur\u00e9e de conservation de vos donn\u00e9es<\/strong><\/h2>\n<p data-start=\"2442\" data-end=\"2568\">Si vous laissez un commentaire, le commentaire et ses m\u00e9tadonn\u00e9es sont conserv\u00e9s ind\u00e9finiment afin de permettre la reconnaissance et l\u2019approbation des commentaires de suivi.<\/p>\n<p data-start=\"2570\" data-end=\"2795\">Pour les utilisateurs enregistr\u00e9s, nous stockons les informations personnelles fournies dans leur profil utilisateur. Tous les utilisateurs peuvent consulter, modifier ou supprimer leurs informations personnelles \u00e0 tout moment (\u00e0 l\u2019exception du nom d\u2019utilisateur). Les administrateurs du site peuvent \u00e9galement acc\u00e9der \u00e0 ces informations et les modifier.<\/p>\n<hr data-start=\"2797\" data-end=\"2800\" \/>\n<h2 data-start=\"2802\" data-end=\"2846\"><strong data-start=\"2805\" data-end=\"2844\">Quels sont vos droits sur vos donn\u00e9e<\/strong><\/h2>\n<p data-start=\"2847\" data-end=\"3124\">Si vous avez un compte ou si vous avez laiss\u00e9 des commentaires, vous pouvez demander un fichier export\u00e9 des donn\u00e9es personnelles que nous d\u00e9tenons, y compris celles que vous nous avez fournies. Vous pouvez \u00e9galement demander la suppression de vos donn\u00e9es personnelles, \u00e0 l\u2019exception de celles que nous sommes tenus de conserver \u00e0 des fins l\u00e9gales, administratives ou de s\u00e9curit\u00e9.<\/p>\n<hr data-start=\"3126\" data-end=\"3129\" \/>\n<h2 data-start=\"3131\" data-end=\"3163\"><strong data-start=\"3134\" data-end=\"3161\">O\u00f9 vos donn\u00e9es sont envoy\u00e9es<\/strong><\/h2>\n<p data-start=\"3164\" data-end=\"3240\">Les commentaires des visiteurs peuvent \u00eatre v\u00e9rifi\u00e9s \u00e0 l\u2019aide d\u2019un service automatis\u00e9 de d\u00e9tection de spam.<\/p>","protected":false},"excerpt":{"rendered":"<p>Who We Are Our website address is: https:\/\/badbuddhashop.com. Comments When visitors leave comments on the site, we collect the data shown in the comments form, along with the visitor\u2019s IP address and browser user agent string to help detect spam. An anonymized string (hash) from your email may be provided to the Gravatar service to [&hellip;]<\/p>\n","protected":false},"author":1,"featured_media":0,"parent":0,"menu_order":0,"comment_status":"closed","ping_status":"closed","template":"","meta":{"footnotes":""},"class_list":["post-3","page","type-page","status-publish","hentry"],"blocksy_meta":[],"yoast_head":"<!-- This site is optimized with the Yoast SEO plugin v27.4 - https:\/\/yoast.com\/product\/yoast-seo-wordpress\/ -->\n<title>Privacy Policy - Bad Buddha Shop<\/title>\n<meta name=\"robots\" content=\"index, follow, max-snippet:-1, max-image-preview:large, max-video-preview:-1\" \/>\n<link rel=\"canonical\" href=\"https:\/\/badbuddhashop.com\/fr\/privacy-policy\/\" \/>\n<meta property=\"og:locale\" content=\"fr_CA\" \/>\n<meta property=\"og:type\" content=\"article\" \/>\n<meta property=\"og:title\" content=\"Privacy Policy - Bad Buddha Shop\" \/>\n<meta property=\"og:description\" content=\"Who We Are Our website address is: https:\/\/badbuddhashop.com. Comments When visitors leave comments on the site, we collect the data shown in the comments form, along with the visitor\u2019s IP address and browser user agent string to help detect spam. An anonymized string (hash) from your email may be provided to the Gravatar service to [&hellip;]\" \/>\n<meta property=\"og:url\" content=\"https:\/\/badbuddhashop.com\/fr\/privacy-policy\/\" \/>\n<meta property=\"og:site_name\" content=\"Bad Buddha Shop\" \/>\n<meta property=\"article:publisher\" content=\"https:\/\/www.facebook.com\/profile.php?id=61577341044750\" \/>\n<meta property=\"article:modified_time\" content=\"2025-07-01T14:27:01+00:00\" \/>\n<meta name=\"twitter:card\" content=\"summary_large_image\" \/>\n<meta name=\"twitter:label1\" content=\"Estimation du temps de lecture\" \/>\n\t<meta name=\"twitter:data1\" content=\"2 minutes\" \/>\n<script type=\"application\/ld+json\" class=\"yoast-schema-graph\">{\"@context\":\"https:\\\/\\\/schema.org\",\"@graph\":[{\"@type\":\"WebPage\",\"@id\":\"https:\\\/\\\/badbuddhashop.com\\\/privacy-policy\\\/\",\"url\":\"https:\\\/\\\/badbuddhashop.com\\\/privacy-policy\\\/\",\"name\":\"Privacy Policy - Bad Buddha Shop\",\"isPartOf\":{\"@id\":\"https:\\\/\\\/badbuddhashop.com\\\/#website\"},\"datePublished\":\"2025-06-27T19:42:33+00:00\",\"dateModified\":\"2025-07-01T14:27:01+00:00\",\"breadcrumb\":{\"@id\":\"https:\\\/\\\/badbuddhashop.com\\\/privacy-policy\\\/#breadcrumb\"},\"inLanguage\":\"fr-CA\",\"potentialAction\":[{\"@type\":\"ReadAction\",\"target\":[\"https:\\\/\\\/badbuddhashop.com\\\/privacy-policy\\\/\"]}]},{\"@type\":\"BreadcrumbList\",\"@id\":\"https:\\\/\\\/badbuddhashop.com\\\/privacy-policy\\\/#breadcrumb\",\"itemListElement\":[{\"@type\":\"ListItem\",\"position\":1,\"name\":\"Home\",\"item\":\"https:\\\/\\\/badbuddhashop.com\\\/\"},{\"@type\":\"ListItem\",\"position\":2,\"name\":\"Privacy Policy\"}]},{\"@type\":\"WebSite\",\"@id\":\"https:\\\/\\\/badbuddhashop.com\\\/#website\",\"url\":\"https:\\\/\\\/badbuddhashop.com\\\/\",\"name\":\"Bad Buddha Shop\",\"description\":\"\",\"publisher\":{\"@id\":\"https:\\\/\\\/badbuddhashop.com\\\/#organization\"},\"potentialAction\":[{\"@type\":\"SearchAction\",\"target\":{\"@type\":\"EntryPoint\",\"urlTemplate\":\"https:\\\/\\\/badbuddhashop.com\\\/?s={search_term_string}\"},\"query-input\":{\"@type\":\"PropertyValueSpecification\",\"valueRequired\":true,\"valueName\":\"search_term_string\"}}],\"inLanguage\":\"fr-CA\"},{\"@type\":\"Organization\",\"@id\":\"https:\\\/\\\/badbuddhashop.com\\\/#organization\",\"name\":\"Bad Buddha Shop\",\"url\":\"https:\\\/\\\/badbuddhashop.com\\\/\",\"logo\":{\"@type\":\"ImageObject\",\"inLanguage\":\"fr-CA\",\"@id\":\"https:\\\/\\\/badbuddhashop.com\\\/#\\\/schema\\\/logo\\\/image\\\/\",\"url\":\"https:\\\/\\\/badbuddhashop.com\\\/wp-content\\\/uploads\\\/2025\\\/06\\\/logo-cropped.png\",\"contentUrl\":\"https:\\\/\\\/badbuddhashop.com\\\/wp-content\\\/uploads\\\/2025\\\/06\\\/logo-cropped.png\",\"width\":1024,\"height\":1024,\"caption\":\"Bad Buddha Shop\"},\"image\":{\"@id\":\"https:\\\/\\\/badbuddhashop.com\\\/#\\\/schema\\\/logo\\\/image\\\/\"},\"sameAs\":[\"https:\\\/\\\/www.facebook.com\\\/profile.php?id=61577341044750\",\"https:\\\/\\\/www.instagram.com\\\/bad_buddha_shop\\\/\"]}]}<\/script>\n<!-- \/ Yoast SEO plugin. -->","yoast_head_json":{"title":"Privacy Policy - Bad Buddha Shop","robots":{"index":"index","follow":"follow","max-snippet":"max-snippet:-1","max-image-preview":"max-image-preview:large","max-video-preview":"max-video-preview:-1"},"canonical":"https:\/\/badbuddhashop.com\/fr\/privacy-policy\/","og_locale":"fr_CA","og_type":"article","og_title":"Privacy Policy - Bad Buddha Shop","og_description":"Who We Are Our website address is: https:\/\/badbuddhashop.com. Comments When visitors leave comments on the site, we collect the data shown in the comments form, along with the visitor\u2019s IP address and browser user agent string to help detect spam. An anonymized string (hash) from your email may be provided to the Gravatar service to [&hellip;]","og_url":"https:\/\/badbuddhashop.com\/fr\/privacy-policy\/","og_site_name":"Bad Buddha Shop","article_publisher":"https:\/\/www.facebook.com\/profile.php?id=61577341044750","article_modified_time":"2025-07-01T14:27:01+00:00","twitter_card":"summary_large_image","twitter_misc":{"Estimation du temps de lecture":"2 minutes"},"schema":{"@context":"https:\/\/schema.org","@graph":[{"@type":"WebPage","@id":"https:\/\/badbuddhashop.com\/privacy-policy\/","url":"https:\/\/badbuddhashop.com\/privacy-policy\/","name":"Privacy Policy - Bad Buddha Shop","isPartOf":{"@id":"https:\/\/badbuddhashop.com\/#website"},"datePublished":"2025-06-27T19:42:33+00:00","dateModified":"2025-07-01T14:27:01+00:00","breadcrumb":{"@id":"https:\/\/badbuddhashop.com\/privacy-policy\/#breadcrumb"},"inLanguage":"fr-CA","potentialAction":[{"@type":"ReadAction","target":["https:\/\/badbuddhashop.com\/privacy-policy\/"]}]},{"@type":"BreadcrumbList","@id":"https:\/\/badbuddhashop.com\/privacy-policy\/#breadcrumb","itemListElement":[{"@type":"ListItem","position":1,"name":"Home","item":"https:\/\/badbuddhashop.com\/"},{"@type":"ListItem","position":2,"name":"Privacy Policy"}]},{"@type":"WebSite","@id":"https:\/\/badbuddhashop.com\/#website","url":"https:\/\/badbuddhashop.com\/","name":"Bad Buddha Shop","description":"","publisher":{"@id":"https:\/\/badbuddhashop.com\/#organization"},"potentialAction":[{"@type":"SearchAction","target":{"@type":"EntryPoint","urlTemplate":"https:\/\/badbuddhashop.com\/?s={search_term_string}"},"query-input":{"@type":"PropertyValueSpecification","valueRequired":true,"valueName":"search_term_string"}}],"inLanguage":"fr-CA"},{"@type":"Organization","@id":"https:\/\/badbuddhashop.com\/#organization","name":"Bad Buddha Shop","url":"https:\/\/badbuddhashop.com\/","logo":{"@type":"ImageObject","inLanguage":"fr-CA","@id":"https:\/\/badbuddhashop.com\/#\/schema\/logo\/image\/","url":"https:\/\/badbuddhashop.com\/wp-content\/uploads\/2025\/06\/logo-cropped.png","contentUrl":"https:\/\/badbuddhashop.com\/wp-content\/uploads\/2025\/06\/logo-cropped.png","width":1024,"height":1024,"caption":"Bad Buddha Shop"},"image":{"@id":"https:\/\/badbuddhashop.com\/#\/schema\/logo\/image\/"},"sameAs":["https:\/\/www.facebook.com\/profile.php?id=61577341044750","https:\/\/www.instagram.com\/bad_buddha_shop\/"]}]}},"_links":{"self":[{"href":"https:\/\/badbuddhashop.com\/fr\/wp-json\/wp\/v2\/pages\/3","targetHints":{"allow":["GET"]}}],"collection":[{"href":"https:\/\/badbuddhashop.com\/fr\/wp-json\/wp\/v2\/pages"}],"about":[{"href":"https:\/\/badbuddhashop.com\/fr\/wp-json\/wp\/v2\/types\/page"}],"author":[{"embeddable":true,"href":"https:\/\/badbuddhashop.com\/fr\/wp-json\/wp\/v2\/users\/1"}],"replies":[{"embeddable":true,"href":"https:\/\/badbuddhashop.com\/fr\/wp-json\/wp\/v2\/comments?post=3"}],"version-history":[{"count":2,"href":"https:\/\/badbuddhashop.com\/fr\/wp-json\/wp\/v2\/pages\/3\/revisions"}],"predecessor-version":[{"id":802,"href":"https:\/\/badbuddhashop.com\/fr\/wp-json\/wp\/v2\/pages\/3\/revisions\/802"}],"wp:attachment":[{"href":"https:\/\/badbuddhashop.com\/fr\/wp-json\/wp\/v2\/media?parent=3"}],"curies":[{"name":"wp","href":"https:\/\/api.w.org\/{rel}","templated":true}]}}