{"id":828,"date":"2025-07-01T18:24:05","date_gmt":"2025-07-01T18:24:05","guid":{"rendered":"https:\/\/badbuddhashop.com\/?page_id=828"},"modified":"2025-07-06T16:21:30","modified_gmt":"2025-07-06T16:21:30","slug":"cookies-policy","status":"publish","type":"page","link":"https:\/\/badbuddhashop.com\/fr\/cookies-policy\/","title":{"rendered":"Politique de cookies"},"content":{"rendered":"<p data-start=\"333\" data-end=\"538\">Chez <strong data-start=\"336\" data-end=\"350\">Bad Buddha<\/strong>nous utilisons des cookies pour am\u00e9liorer votre exp\u00e9rience de navigation, personnaliser le contenu et analyser le trafic du site. En utilisant notre site Web, vous consentez \u00e0 notre utilisation des cookies conform\u00e9ment \u00e0 cette politique.<\/p>\n<h3 data-start=\"540\" data-end=\"561\">Que sont les cookies ?<\/h3>\n<p data-start=\"563\" data-end=\"758\">Les cookies sont de petits fichiers de donn\u00e9es stock\u00e9s sur votre appareil (ordinateur, tablette ou smartphone) lorsque vous visitez un site web. Ils aident les sites \u00e0 se souvenir de vos pr\u00e9f\u00e9rences et \u00e0 am\u00e9liorer leur fonctionnement pour vous.<\/p>\n<h3 data-start=\"760\" data-end=\"787\">Types de cookies que nous utilisons<\/h3>\n<ol data-start=\"789\" data-end=\"1488\">\n<li data-start=\"789\" data-end=\"963\">\n<p data-start=\"792\" data-end=\"963\"><strong data-start=\"792\" data-end=\"813\">Cookies essentiels<\/strong><br data-start=\"813\" data-end=\"816\" \/>Ces cookies sont n\u00e9cessaires au bon fonctionnement du site web.\nIls incluent des fonctions de base telles que la navigation entre les pages et l\u2019acc\u00e8s aux zones s\u00e9curis\u00e9es du site.<\/p>\n<\/li>\n<li data-start=\"965\" data-end=\"1171\">\n<p data-start=\"968\" data-end=\"1171\"><strong data-start=\"968\" data-end=\"1003\">Cookies de performance et d\u2019analyse<\/strong><br data-start=\"1003\" data-end=\"1006\" \/>Ces cookies nous aident \u00e0 comprendre comment les visiteurs utilisent notre site web, afin d\u2019en am\u00e9liorer les performances et le contenu. Nous pouvons utiliser des services comme Google Analytics \u00e0 cette fin.<\/p>\n<\/li>\n<li data-start=\"1173\" data-end=\"1339\">\n<p data-start=\"1176\" data-end=\"1339\"><strong data-start=\"1176\" data-end=\"1201\">Cookies de fonctionnalit\u00e9<\/strong><br data-start=\"1201\" data-end=\"1204\" \/>Ces cookies m\u00e9morisent vos pr\u00e9f\u00e9rences, comme la s\u00e9lection de la langue ou la r\u00e9gion dans laquelle vous vous trouvez, afin d\u2019offrir une exp\u00e9rience plus personnalis\u00e9e.<\/p>\n<\/li>\n<li data-start=\"1341\" data-end=\"1488\">\n<p data-start=\"1344\" data-end=\"1488\"><strong data-start=\"1344\" data-end=\"1365\">Cookies de marketing<\/strong><br data-start=\"1365\" data-end=\"1368\" \/>Nous pouvons utiliser ces cookies pour diffuser des publicit\u00e9s adapt\u00e9es \u00e0 vos centres d\u2019int\u00e9r\u00eat et mesurer l\u2019efficacit\u00e9 de nos campagnes marketing.<\/p>\n<\/li>\n<\/ol>\n<h3 data-start=\"1490\" data-end=\"1521\">Comment vous pouvez contr\u00f4ler les cookies?<\/h3>\n<p data-start=\"1523\" data-end=\"1772\">La plupart des navigateurs web acceptent automatiquement les cookies, mais vous pouvez modifier les param\u00e8tres de votre navigateur pour refuser les cookies ou \u00eatre averti lorsqu\u2019un cookie est d\u00e9pos\u00e9. Veuillez noter que la d\u00e9sactivation des cookies peut affecter le fonctionnement de certaines parties de notre site web.<\/p>\n<p data-start=\"1774\" data-end=\"1849\">Vous pouvez \u00e9galement supprimer les cookies existants \u00e0 tout moment depuis les param\u00e8tres de votre navigateur.<\/p>\n<h3 data-start=\"1851\" data-end=\"1874\">Cookies tiers<\/h3>\n<p data-start=\"1876\" data-end=\"2089\">Certains services tiers que nous utilisons (par exemple, Google, Facebook, applications Shopify) peuvent \u00e9galement d\u00e9poser des cookies sur votre appareil pour des besoins d\u2019analyse, de suivi publicitaire ou de fonctionnalit\u00e9s int\u00e9gr\u00e9es. Nous ne contr\u00f4lons pas directement ces cookies.<\/p>\n<h3 data-start=\"2091\" data-end=\"2117\">Mises \u00e0 jour de cette politique<\/h3>\n<p data-start=\"2119\" data-end=\"2255\">Nous pouvons mettre \u00e0 jour notre politique relative aux cookies de temps \u00e0 autre.\nNous vous recommandons de consulter r\u00e9guli\u00e8rement cette page afin de rester inform\u00e9(e) sur la mani\u00e8re dont nous utilisons les cookies.<\/p>\n<h3 data-start=\"2257\" data-end=\"2271\">Nous contacter<\/h3>\n<p data-start=\"2273\" data-end=\"2381\">Si vous avez des questions concernant notre utilisation des cookies, n\u2019h\u00e9sitez pas \u00e0 nous contacter :<br data-start=\"2349\" data-end=\"2352\" \/><a href=\"mailto:ourbadbuddhashop@gmail.com\">ourbadbuddhashop@gmail.com<\/a><\/p>","protected":false},"excerpt":{"rendered":"<p>At Bad Buddha, we use cookies to enhance your browsing experience, personalize content, and analyze site traffic. By using our website, you consent to our use of cookies in accordance with this policy. What Are Cookies? Cookies are small data files stored on your device (computer, tablet, or smartphone) when you visit a website. They [&hellip;]<\/p>\n","protected":false},"author":1,"featured_media":0,"parent":0,"menu_order":0,"comment_status":"closed","ping_status":"closed","template":"","meta":{"footnotes":""},"class_list":["post-828","page","type-page","status-publish","hentry"],"blocksy_meta":[],"yoast_head":"<!-- This site is optimized with the Yoast SEO plugin v27.4 - https:\/\/yoast.com\/product\/yoast-seo-wordpress\/ -->\n<title>Cookies Policy - Bad Buddha Shop<\/title>\n<meta name=\"robots\" content=\"index, follow, max-snippet:-1, max-image-preview:large, max-video-preview:-1\" \/>\n<link rel=\"canonical\" href=\"https:\/\/badbuddhashop.com\/fr\/cookies-policy\/\" \/>\n<meta property=\"og:locale\" content=\"fr_CA\" \/>\n<meta property=\"og:type\" content=\"article\" \/>\n<meta property=\"og:title\" content=\"Cookies Policy - Bad Buddha Shop\" \/>\n<meta property=\"og:description\" content=\"At Bad Buddha, we use cookies to enhance your browsing experience, personalize content, and analyze site traffic. By using our website, you consent to our use of cookies in accordance with this policy. What Are Cookies? Cookies are small data files stored on your device (computer, tablet, or smartphone) when you visit a website. They [&hellip;]\" \/>\n<meta property=\"og:url\" content=\"https:\/\/badbuddhashop.com\/fr\/cookies-policy\/\" \/>\n<meta property=\"og:site_name\" content=\"Bad Buddha Shop\" \/>\n<meta property=\"article:publisher\" content=\"https:\/\/www.facebook.com\/profile.php?id=61577341044750\" \/>\n<meta property=\"article:modified_time\" content=\"2025-07-06T16:21:30+00:00\" \/>\n<meta name=\"twitter:card\" content=\"summary_large_image\" \/>\n<meta name=\"twitter:label1\" content=\"Estimation du temps de lecture\" \/>\n\t<meta name=\"twitter:data1\" content=\"2 minutes\" \/>\n<script type=\"application\/ld+json\" class=\"yoast-schema-graph\">{\"@context\":\"https:\\\/\\\/schema.org\",\"@graph\":[{\"@type\":\"WebPage\",\"@id\":\"https:\\\/\\\/badbuddhashop.com\\\/cookies-policy\\\/\",\"url\":\"https:\\\/\\\/badbuddhashop.com\\\/cookies-policy\\\/\",\"name\":\"Cookies Policy - Bad Buddha Shop\",\"isPartOf\":{\"@id\":\"https:\\\/\\\/badbuddhashop.com\\\/#website\"},\"datePublished\":\"2025-07-01T18:24:05+00:00\",\"dateModified\":\"2025-07-06T16:21:30+00:00\",\"breadcrumb\":{\"@id\":\"https:\\\/\\\/badbuddhashop.com\\\/cookies-policy\\\/#breadcrumb\"},\"inLanguage\":\"fr-CA\",\"potentialAction\":[{\"@type\":\"ReadAction\",\"target\":[\"https:\\\/\\\/badbuddhashop.com\\\/cookies-policy\\\/\"]}]},{\"@type\":\"BreadcrumbList\",\"@id\":\"https:\\\/\\\/badbuddhashop.com\\\/cookies-policy\\\/#breadcrumb\",\"itemListElement\":[{\"@type\":\"ListItem\",\"position\":1,\"name\":\"Home\",\"item\":\"https:\\\/\\\/badbuddhashop.com\\\/\"},{\"@type\":\"ListItem\",\"position\":2,\"name\":\"Cookies Policy\"}]},{\"@type\":\"WebSite\",\"@id\":\"https:\\\/\\\/badbuddhashop.com\\\/#website\",\"url\":\"https:\\\/\\\/badbuddhashop.com\\\/\",\"name\":\"Bad Buddha Shop\",\"description\":\"\",\"publisher\":{\"@id\":\"https:\\\/\\\/badbuddhashop.com\\\/#organization\"},\"potentialAction\":[{\"@type\":\"SearchAction\",\"target\":{\"@type\":\"EntryPoint\",\"urlTemplate\":\"https:\\\/\\\/badbuddhashop.com\\\/?s={search_term_string}\"},\"query-input\":{\"@type\":\"PropertyValueSpecification\",\"valueRequired\":true,\"valueName\":\"search_term_string\"}}],\"inLanguage\":\"fr-CA\"},{\"@type\":\"Organization\",\"@id\":\"https:\\\/\\\/badbuddhashop.com\\\/#organization\",\"name\":\"Bad Buddha Shop\",\"url\":\"https:\\\/\\\/badbuddhashop.com\\\/\",\"logo\":{\"@type\":\"ImageObject\",\"inLanguage\":\"fr-CA\",\"@id\":\"https:\\\/\\\/badbuddhashop.com\\\/#\\\/schema\\\/logo\\\/image\\\/\",\"url\":\"https:\\\/\\\/badbuddhashop.com\\\/wp-content\\\/uploads\\\/2025\\\/06\\\/logo-cropped.png\",\"contentUrl\":\"https:\\\/\\\/badbuddhashop.com\\\/wp-content\\\/uploads\\\/2025\\\/06\\\/logo-cropped.png\",\"width\":1024,\"height\":1024,\"caption\":\"Bad Buddha Shop\"},\"image\":{\"@id\":\"https:\\\/\\\/badbuddhashop.com\\\/#\\\/schema\\\/logo\\\/image\\\/\"},\"sameAs\":[\"https:\\\/\\\/www.facebook.com\\\/profile.php?id=61577341044750\",\"https:\\\/\\\/www.instagram.com\\\/bad_buddha_shop\\\/\"]}]}<\/script>\n<!-- \/ Yoast SEO plugin. -->","yoast_head_json":{"title":"Cookies Policy - Bad Buddha Shop","robots":{"index":"index","follow":"follow","max-snippet":"max-snippet:-1","max-image-preview":"max-image-preview:large","max-video-preview":"max-video-preview:-1"},"canonical":"https:\/\/badbuddhashop.com\/fr\/cookies-policy\/","og_locale":"fr_CA","og_type":"article","og_title":"Cookies Policy - Bad Buddha Shop","og_description":"At Bad Buddha, we use cookies to enhance your browsing experience, personalize content, and analyze site traffic. By using our website, you consent to our use of cookies in accordance with this policy. What Are Cookies? Cookies are small data files stored on your device (computer, tablet, or smartphone) when you visit a website. They [&hellip;]","og_url":"https:\/\/badbuddhashop.com\/fr\/cookies-policy\/","og_site_name":"Bad Buddha Shop","article_publisher":"https:\/\/www.facebook.com\/profile.php?id=61577341044750","article_modified_time":"2025-07-06T16:21:30+00:00","twitter_card":"summary_large_image","twitter_misc":{"Estimation du temps de lecture":"2 minutes"},"schema":{"@context":"https:\/\/schema.org","@graph":[{"@type":"WebPage","@id":"https:\/\/badbuddhashop.com\/cookies-policy\/","url":"https:\/\/badbuddhashop.com\/cookies-policy\/","name":"Cookies Policy - Bad Buddha Shop","isPartOf":{"@id":"https:\/\/badbuddhashop.com\/#website"},"datePublished":"2025-07-01T18:24:05+00:00","dateModified":"2025-07-06T16:21:30+00:00","breadcrumb":{"@id":"https:\/\/badbuddhashop.com\/cookies-policy\/#breadcrumb"},"inLanguage":"fr-CA","potentialAction":[{"@type":"ReadAction","target":["https:\/\/badbuddhashop.com\/cookies-policy\/"]}]},{"@type":"BreadcrumbList","@id":"https:\/\/badbuddhashop.com\/cookies-policy\/#breadcrumb","itemListElement":[{"@type":"ListItem","position":1,"name":"Home","item":"https:\/\/badbuddhashop.com\/"},{"@type":"ListItem","position":2,"name":"Cookies Policy"}]},{"@type":"WebSite","@id":"https:\/\/badbuddhashop.com\/#website","url":"https:\/\/badbuddhashop.com\/","name":"Bad Buddha Shop","description":"","publisher":{"@id":"https:\/\/badbuddhashop.com\/#organization"},"potentialAction":[{"@type":"SearchAction","target":{"@type":"EntryPoint","urlTemplate":"https:\/\/badbuddhashop.com\/?s={search_term_string}"},"query-input":{"@type":"PropertyValueSpecification","valueRequired":true,"valueName":"search_term_string"}}],"inLanguage":"fr-CA"},{"@type":"Organization","@id":"https:\/\/badbuddhashop.com\/#organization","name":"Bad Buddha Shop","url":"https:\/\/badbuddhashop.com\/","logo":{"@type":"ImageObject","inLanguage":"fr-CA","@id":"https:\/\/badbuddhashop.com\/#\/schema\/logo\/image\/","url":"https:\/\/badbuddhashop.com\/wp-content\/uploads\/2025\/06\/logo-cropped.png","contentUrl":"https:\/\/badbuddhashop.com\/wp-content\/uploads\/2025\/06\/logo-cropped.png","width":1024,"height":1024,"caption":"Bad Buddha Shop"},"image":{"@id":"https:\/\/badbuddhashop.com\/#\/schema\/logo\/image\/"},"sameAs":["https:\/\/www.facebook.com\/profile.php?id=61577341044750","https:\/\/www.instagram.com\/bad_buddha_shop\/"]}]}},"_links":{"self":[{"href":"https:\/\/badbuddhashop.com\/fr\/wp-json\/wp\/v2\/pages\/828","targetHints":{"allow":["GET"]}}],"collection":[{"href":"https:\/\/badbuddhashop.com\/fr\/wp-json\/wp\/v2\/pages"}],"about":[{"href":"https:\/\/badbuddhashop.com\/fr\/wp-json\/wp\/v2\/types\/page"}],"author":[{"embeddable":true,"href":"https:\/\/badbuddhashop.com\/fr\/wp-json\/wp\/v2\/users\/1"}],"replies":[{"embeddable":true,"href":"https:\/\/badbuddhashop.com\/fr\/wp-json\/wp\/v2\/comments?post=828"}],"version-history":[{"count":3,"href":"https:\/\/badbuddhashop.com\/fr\/wp-json\/wp\/v2\/pages\/828\/revisions"}],"predecessor-version":[{"id":3065,"href":"https:\/\/badbuddhashop.com\/fr\/wp-json\/wp\/v2\/pages\/828\/revisions\/3065"}],"wp:attachment":[{"href":"https:\/\/badbuddhashop.com\/fr\/wp-json\/wp\/v2\/media?parent=828"}],"curies":[{"name":"wp","href":"https:\/\/api.w.org\/{rel}","templated":true}]}}