{"id":1903,"date":"2025-07-03T18:30:24","date_gmt":"2025-07-03T18:30:24","guid":{"rendered":"https:\/\/badbuddhashop.com\/product\/bad-buddha-mouse-pad-manifest-that-shit-funny-office-decor-inspirational-gift-meditation-themed-productivity-booster\/"},"modified":"2025-07-26T13:38:47","modified_gmt":"2025-07-26T13:38:47","slug":"bad-buddha-mouse-pad-manifest-that-shit-funny-office-decor-inspirational-gift-meditation-themed-productivity-booster","status":"publish","type":"product","link":"https:\/\/badbuddhashop.com\/fr\/produit\/bad-buddha-mouse-pad-manifest-that-shit-funny-office-decor-inspirational-gift-meditation-themed-productivity-booster\/","title":{"rendered":"Zone de d\u00e9filement consciente \u2013 Tapis de souris Bad Buddha avec Manifest That Shit"},"content":{"rendered":"<p>Lisse, adh\u00e9rente et styl\u00e9e \u2014 ce tapis de souris, c\u2019est le tapis rouge de votre curseur. Il fait glisser votre souris avec \u00e9l\u00e9gance, donne du style \u00e0 votre bureau, et rend votre productivit\u00e9\u00a0<em>un peu plus<\/em>\u00a0cr\u00e9dible.<\/p>","protected":false},"excerpt":{"rendered":"<p>Smooth, grippy, and stylish \u2014 this mouse pad is like a red carpet for your cursor. It keeps your mouse gliding, your desk looking sharp, and your productivity\u00a0slightly\u00a0more believable.<\/p>","protected":false},"featured_media":2141,"comment_status":"open","ping_status":"closed","template":"","meta":[],"product_brand":[],"product_cat":[24],"product_tag":[],"class_list":{"0":"post-1903","1":"product","2":"type-product","3":"status-publish","4":"has-post-thumbnail","6":"product_cat-accessories","7":"product_shipping_class-printify-shipping","9":"first","10":"instock","11":"shipping-taxable","12":"purchasable","13":"product-type-variable","14":"has-default-attributes"},"yoast_head":"<!-- This site is optimized with the Yoast SEO plugin v27.4 - https:\/\/yoast.com\/product\/yoast-seo-wordpress\/ -->\n<title>Mindful Scrolling Zone: Bad Buddha logo Mouse Pad with Manifest That Shit - Bad Buddha Shop<\/title>\n<meta name=\"robots\" content=\"index, follow, max-snippet:-1, max-image-preview:large, max-video-preview:-1\" \/>\n<link rel=\"canonical\" href=\"https:\/\/badbuddhashop.com\/fr\/produit\/bad-buddha-mouse-pad-manifest-that-shit-funny-office-decor-inspirational-gift-meditation-themed-productivity-booster\/\" \/>\n<meta property=\"og:locale\" content=\"fr_CA\" \/>\n<meta property=\"og:type\" content=\"article\" \/>\n<meta property=\"og:title\" content=\"Mindful Scrolling Zone: Bad Buddha logo Mouse Pad with Manifest That Shit - Bad Buddha Shop\" \/>\n<meta property=\"og:description\" content=\"Smooth, grippy, and stylish \u2014 this mouse pad is like a red carpet for your cursor. It keeps your mouse gliding, your desk looking sharp, and your productivity\u00a0slightly\u00a0more believable.\" \/>\n<meta property=\"og:url\" content=\"https:\/\/badbuddhashop.com\/fr\/produit\/bad-buddha-mouse-pad-manifest-that-shit-funny-office-decor-inspirational-gift-meditation-themed-productivity-booster\/\" \/>\n<meta property=\"og:site_name\" content=\"Bad Buddha Shop\" \/>\n<meta property=\"article:publisher\" content=\"https:\/\/www.facebook.com\/profile.php?id=61577341044750\" \/>\n<meta property=\"article:modified_time\" content=\"2025-07-26T13:38:47+00:00\" \/>\n<meta property=\"og:image\" content=\"https:\/\/badbuddhashop.com\/wp-content\/uploads\/2025\/07\/14360357635878790798_2048.jpeg\" \/>\n\t<meta property=\"og:image:width\" content=\"2048\" \/>\n\t<meta property=\"og:image:height\" content=\"2048\" \/>\n\t<meta property=\"og:image:type\" content=\"image\/jpeg\" \/>\n<meta name=\"twitter:card\" content=\"summary_large_image\" \/>\n<meta name=\"twitter:label1\" content=\"Estimation du temps de lecture\" \/>\n\t<meta name=\"twitter:data1\" content=\"1 minute\" \/>\n<script type=\"application\/ld+json\" class=\"yoast-schema-graph\">{\"@context\":\"https:\\\/\\\/schema.org\",\"@graph\":[{\"@type\":\"WebPage\",\"@id\":\"https:\\\/\\\/badbuddhashop.com\\\/product\\\/bad-buddha-mouse-pad-manifest-that-shit-funny-office-decor-inspirational-gift-meditation-themed-productivity-booster\\\/\",\"url\":\"https:\\\/\\\/badbuddhashop.com\\\/product\\\/bad-buddha-mouse-pad-manifest-that-shit-funny-office-decor-inspirational-gift-meditation-themed-productivity-booster\\\/\",\"name\":\"Mindful Scrolling Zone: Bad Buddha logo Mouse Pad with Manifest That Shit - Bad Buddha Shop\",\"isPartOf\":{\"@id\":\"https:\\\/\\\/badbuddhashop.com\\\/#website\"},\"primaryImageOfPage\":{\"@id\":\"https:\\\/\\\/badbuddhashop.com\\\/product\\\/bad-buddha-mouse-pad-manifest-that-shit-funny-office-decor-inspirational-gift-meditation-themed-productivity-booster\\\/#primaryimage\"},\"image\":{\"@id\":\"https:\\\/\\\/badbuddhashop.com\\\/product\\\/bad-buddha-mouse-pad-manifest-that-shit-funny-office-decor-inspirational-gift-meditation-themed-productivity-booster\\\/#primaryimage\"},\"thumbnailUrl\":\"https:\\\/\\\/badbuddhashop.com\\\/wp-content\\\/uploads\\\/2025\\\/07\\\/14360357635878790798_2048.jpeg\",\"datePublished\":\"2025-07-03T18:30:24+00:00\",\"dateModified\":\"2025-07-26T13:38:47+00:00\",\"breadcrumb\":{\"@id\":\"https:\\\/\\\/badbuddhashop.com\\\/product\\\/bad-buddha-mouse-pad-manifest-that-shit-funny-office-decor-inspirational-gift-meditation-themed-productivity-booster\\\/#breadcrumb\"},\"inLanguage\":\"fr-CA\",\"potentialAction\":[{\"@type\":\"ReadAction\",\"target\":[\"https:\\\/\\\/badbuddhashop.com\\\/product\\\/bad-buddha-mouse-pad-manifest-that-shit-funny-office-decor-inspirational-gift-meditation-themed-productivity-booster\\\/\"]}]},{\"@type\":\"ImageObject\",\"inLanguage\":\"fr-CA\",\"@id\":\"https:\\\/\\\/badbuddhashop.com\\\/product\\\/bad-buddha-mouse-pad-manifest-that-shit-funny-office-decor-inspirational-gift-meditation-themed-productivity-booster\\\/#primaryimage\",\"url\":\"https:\\\/\\\/badbuddhashop.com\\\/wp-content\\\/uploads\\\/2025\\\/07\\\/14360357635878790798_2048.jpeg\",\"contentUrl\":\"https:\\\/\\\/badbuddhashop.com\\\/wp-content\\\/uploads\\\/2025\\\/07\\\/14360357635878790798_2048.jpeg\",\"width\":2048,\"height\":2048},{\"@type\":\"BreadcrumbList\",\"@id\":\"https:\\\/\\\/badbuddhashop.com\\\/product\\\/bad-buddha-mouse-pad-manifest-that-shit-funny-office-decor-inspirational-gift-meditation-themed-productivity-booster\\\/#breadcrumb\",\"itemListElement\":[{\"@type\":\"ListItem\",\"position\":1,\"name\":\"Home\",\"item\":\"https:\\\/\\\/badbuddhashop.com\\\/\"},{\"@type\":\"ListItem\",\"position\":2,\"name\":\"Take Your Adventure To The Next Level\",\"item\":\"https:\\\/\\\/badbuddhashop.com\\\/shop1\\\/\"},{\"@type\":\"ListItem\",\"position\":3,\"name\":\"Mindful Scrolling Zone: Bad Buddha logo Mouse Pad with Manifest That Shit\"}]},{\"@type\":\"WebSite\",\"@id\":\"https:\\\/\\\/badbuddhashop.com\\\/#website\",\"url\":\"https:\\\/\\\/badbuddhashop.com\\\/\",\"name\":\"Bad Buddha Shop\",\"description\":\"\",\"publisher\":{\"@id\":\"https:\\\/\\\/badbuddhashop.com\\\/#organization\"},\"potentialAction\":[{\"@type\":\"SearchAction\",\"target\":{\"@type\":\"EntryPoint\",\"urlTemplate\":\"https:\\\/\\\/badbuddhashop.com\\\/?s={search_term_string}\"},\"query-input\":{\"@type\":\"PropertyValueSpecification\",\"valueRequired\":true,\"valueName\":\"search_term_string\"}}],\"inLanguage\":\"fr-CA\"},{\"@type\":\"Organization\",\"@id\":\"https:\\\/\\\/badbuddhashop.com\\\/#organization\",\"name\":\"Bad Buddha Shop\",\"url\":\"https:\\\/\\\/badbuddhashop.com\\\/\",\"logo\":{\"@type\":\"ImageObject\",\"inLanguage\":\"fr-CA\",\"@id\":\"https:\\\/\\\/badbuddhashop.com\\\/#\\\/schema\\\/logo\\\/image\\\/\",\"url\":\"https:\\\/\\\/badbuddhashop.com\\\/wp-content\\\/uploads\\\/2025\\\/06\\\/logo-cropped.png\",\"contentUrl\":\"https:\\\/\\\/badbuddhashop.com\\\/wp-content\\\/uploads\\\/2025\\\/06\\\/logo-cropped.png\",\"width\":1024,\"height\":1024,\"caption\":\"Bad Buddha Shop\"},\"image\":{\"@id\":\"https:\\\/\\\/badbuddhashop.com\\\/#\\\/schema\\\/logo\\\/image\\\/\"},\"sameAs\":[\"https:\\\/\\\/www.facebook.com\\\/profile.php?id=61577341044750\",\"https:\\\/\\\/www.instagram.com\\\/bad_buddha_shop\\\/\"]}]}<\/script>\n<!-- \/ Yoast SEO plugin. -->","yoast_head_json":{"title":"Mindful Scrolling Zone: Bad Buddha logo Mouse Pad with Manifest That Shit - Bad Buddha Shop","robots":{"index":"index","follow":"follow","max-snippet":"max-snippet:-1","max-image-preview":"max-image-preview:large","max-video-preview":"max-video-preview:-1"},"canonical":"https:\/\/badbuddhashop.com\/fr\/produit\/bad-buddha-mouse-pad-manifest-that-shit-funny-office-decor-inspirational-gift-meditation-themed-productivity-booster\/","og_locale":"fr_CA","og_type":"article","og_title":"Mindful Scrolling Zone: Bad Buddha logo Mouse Pad with Manifest That Shit - Bad Buddha Shop","og_description":"Smooth, grippy, and stylish \u2014 this mouse pad is like a red carpet for your cursor. It keeps your mouse gliding, your desk looking sharp, and your productivity\u00a0slightly\u00a0more believable.","og_url":"https:\/\/badbuddhashop.com\/fr\/produit\/bad-buddha-mouse-pad-manifest-that-shit-funny-office-decor-inspirational-gift-meditation-themed-productivity-booster\/","og_site_name":"Bad Buddha Shop","article_publisher":"https:\/\/www.facebook.com\/profile.php?id=61577341044750","article_modified_time":"2025-07-26T13:38:47+00:00","og_image":[{"width":2048,"height":2048,"url":"https:\/\/badbuddhashop.com\/wp-content\/uploads\/2025\/07\/14360357635878790798_2048.jpeg","type":"image\/jpeg"}],"twitter_card":"summary_large_image","twitter_misc":{"Estimation du temps de lecture":"1 minute"},"schema":{"@context":"https:\/\/schema.org","@graph":[{"@type":"WebPage","@id":"https:\/\/badbuddhashop.com\/product\/bad-buddha-mouse-pad-manifest-that-shit-funny-office-decor-inspirational-gift-meditation-themed-productivity-booster\/","url":"https:\/\/badbuddhashop.com\/product\/bad-buddha-mouse-pad-manifest-that-shit-funny-office-decor-inspirational-gift-meditation-themed-productivity-booster\/","name":"Mindful Scrolling Zone: Bad Buddha logo Mouse Pad with Manifest That Shit - Bad Buddha Shop","isPartOf":{"@id":"https:\/\/badbuddhashop.com\/#website"},"primaryImageOfPage":{"@id":"https:\/\/badbuddhashop.com\/product\/bad-buddha-mouse-pad-manifest-that-shit-funny-office-decor-inspirational-gift-meditation-themed-productivity-booster\/#primaryimage"},"image":{"@id":"https:\/\/badbuddhashop.com\/product\/bad-buddha-mouse-pad-manifest-that-shit-funny-office-decor-inspirational-gift-meditation-themed-productivity-booster\/#primaryimage"},"thumbnailUrl":"https:\/\/badbuddhashop.com\/wp-content\/uploads\/2025\/07\/14360357635878790798_2048.jpeg","datePublished":"2025-07-03T18:30:24+00:00","dateModified":"2025-07-26T13:38:47+00:00","breadcrumb":{"@id":"https:\/\/badbuddhashop.com\/product\/bad-buddha-mouse-pad-manifest-that-shit-funny-office-decor-inspirational-gift-meditation-themed-productivity-booster\/#breadcrumb"},"inLanguage":"fr-CA","potentialAction":[{"@type":"ReadAction","target":["https:\/\/badbuddhashop.com\/product\/bad-buddha-mouse-pad-manifest-that-shit-funny-office-decor-inspirational-gift-meditation-themed-productivity-booster\/"]}]},{"@type":"ImageObject","inLanguage":"fr-CA","@id":"https:\/\/badbuddhashop.com\/product\/bad-buddha-mouse-pad-manifest-that-shit-funny-office-decor-inspirational-gift-meditation-themed-productivity-booster\/#primaryimage","url":"https:\/\/badbuddhashop.com\/wp-content\/uploads\/2025\/07\/14360357635878790798_2048.jpeg","contentUrl":"https:\/\/badbuddhashop.com\/wp-content\/uploads\/2025\/07\/14360357635878790798_2048.jpeg","width":2048,"height":2048},{"@type":"BreadcrumbList","@id":"https:\/\/badbuddhashop.com\/product\/bad-buddha-mouse-pad-manifest-that-shit-funny-office-decor-inspirational-gift-meditation-themed-productivity-booster\/#breadcrumb","itemListElement":[{"@type":"ListItem","position":1,"name":"Home","item":"https:\/\/badbuddhashop.com\/"},{"@type":"ListItem","position":2,"name":"Take Your Adventure To The Next Level","item":"https:\/\/badbuddhashop.com\/shop1\/"},{"@type":"ListItem","position":3,"name":"Mindful Scrolling Zone: Bad Buddha logo Mouse Pad with Manifest That Shit"}]},{"@type":"WebSite","@id":"https:\/\/badbuddhashop.com\/#website","url":"https:\/\/badbuddhashop.com\/","name":"Bad Buddha Shop","description":"","publisher":{"@id":"https:\/\/badbuddhashop.com\/#organization"},"potentialAction":[{"@type":"SearchAction","target":{"@type":"EntryPoint","urlTemplate":"https:\/\/badbuddhashop.com\/?s={search_term_string}"},"query-input":{"@type":"PropertyValueSpecification","valueRequired":true,"valueName":"search_term_string"}}],"inLanguage":"fr-CA"},{"@type":"Organization","@id":"https:\/\/badbuddhashop.com\/#organization","name":"Bad Buddha Shop","url":"https:\/\/badbuddhashop.com\/","logo":{"@type":"ImageObject","inLanguage":"fr-CA","@id":"https:\/\/badbuddhashop.com\/#\/schema\/logo\/image\/","url":"https:\/\/badbuddhashop.com\/wp-content\/uploads\/2025\/06\/logo-cropped.png","contentUrl":"https:\/\/badbuddhashop.com\/wp-content\/uploads\/2025\/06\/logo-cropped.png","width":1024,"height":1024,"caption":"Bad Buddha Shop"},"image":{"@id":"https:\/\/badbuddhashop.com\/#\/schema\/logo\/image\/"},"sameAs":["https:\/\/www.facebook.com\/profile.php?id=61577341044750","https:\/\/www.instagram.com\/bad_buddha_shop\/"]}]}},"_links":{"self":[{"href":"https:\/\/badbuddhashop.com\/fr\/wp-json\/wp\/v2\/product\/1903","targetHints":{"allow":["GET"]}}],"collection":[{"href":"https:\/\/badbuddhashop.com\/fr\/wp-json\/wp\/v2\/product"}],"about":[{"href":"https:\/\/badbuddhashop.com\/fr\/wp-json\/wp\/v2\/types\/product"}],"replies":[{"embeddable":true,"href":"https:\/\/badbuddhashop.com\/fr\/wp-json\/wp\/v2\/comments?post=1903"}],"wp:featuredmedia":[{"embeddable":true,"href":"https:\/\/badbuddhashop.com\/fr\/wp-json\/wp\/v2\/media\/2141"}],"wp:attachment":[{"href":"https:\/\/badbuddhashop.com\/fr\/wp-json\/wp\/v2\/media?parent=1903"}],"wp:term":[{"taxonomy":"product_brand","embeddable":true,"href":"https:\/\/badbuddhashop.com\/fr\/wp-json\/wp\/v2\/product_brand?post=1903"},{"taxonomy":"product_cat","embeddable":true,"href":"https:\/\/badbuddhashop.com\/fr\/wp-json\/wp\/v2\/product_cat?post=1903"},{"taxonomy":"product_tag","embeddable":true,"href":"https:\/\/badbuddhashop.com\/fr\/wp-json\/wp\/v2\/product_tag?post=1903"}],"curies":[{"name":"wp","href":"https:\/\/api.w.org\/{rel}","templated":true}]}}