{"id":3071,"date":"2025-07-07T15:52:43","date_gmt":"2025-07-07T15:52:43","guid":{"rendered":"https:\/\/badbuddhashop.com\/product\/bad-buddha-midweight-neck-gaiter-cool-neck-warmer-gift-for-yogis-festive-accessory-outdoor-gear-for-men-and-women-adjustable\/"},"modified":"2025-07-25T15:41:46","modified_gmt":"2025-07-25T15:41:46","slug":"bad-buddha-midweight-neck-gaiter-cool-neck-warmer-gift-for-yogis-festive-accessory-outdoor-gear-for-men-and-women-adjustable","status":"publish","type":"product","link":"https:\/\/badbuddhashop.com\/fr\/produit\/bad-buddha-midweight-neck-gaiter-cool-neck-warmer-gift-for-yogis-festive-accessory-outdoor-gear-for-men-and-women-adjustable\/","title":{"rendered":"Bouddha Sans Filtre - Tour de Cou Mi-\u00c9pais Bad Buddha. \u00c9quipement d\u2019ext\u00e9rieur pour hommes et femmes \u2013 Ajustable"},"content":{"rendered":"<p>Ce n\u2019est pas juste un cache-cou \u2014 c\u2019est une \u00e9charpe sacr\u00e9e de s\u00e9r\u00e9nit\u00e9. Que vous d\u00e9valiez les pentes ou que vous affrontiez un mardi venteux, ce halo extensible en polyester enveloppe votre cou comme un murmure de moine. Il \u00e9vacue l\u2019humidit\u00e9 ? \u00c9videmment. Il prot\u00e8ge du soleil ? Spirituellement. Il est styl\u00e9 ? Transcendant. Est-ce qu\u2019il aligne vos chakras ? Non. Mais il\u00a0<em>garde<\/em>\u00a0votre face au chaud pendant que vous faites semblant.<\/p>","protected":false},"excerpt":{"rendered":"<p>This isn\u2019t just a neck gaiter \u2014 it\u2019s a sacred scarf of serenity. Whether you&#8217;re skiing down a mountain or just trying to survive a windy Tuesday, this stretchy halo of polyester will cradle your neck like a monk\u2019s whisper. Moisture-wicking? Obviously. Sun-blocking? Spiritually. Fashionable? Transcendent. Will it align your chakras? No. But it\u00a0will\u00a0keep your [&hellip;]<\/p>\n","protected":false},"featured_media":3075,"comment_status":"open","ping_status":"closed","template":"","meta":[],"product_brand":[],"product_cat":[24],"product_tag":[],"class_list":{"0":"post-3071","1":"product","2":"type-product","3":"status-publish","4":"has-post-thumbnail","6":"product_cat-accessories","7":"product_shipping_class-printify-shipping","9":"first","10":"instock","11":"shipping-taxable","12":"purchasable","13":"product-type-variable","14":"has-default-attributes"},"yoast_head":"<!-- This site is optimized with the Yoast SEO plugin v27.4 - https:\/\/yoast.com\/product\/yoast-seo-wordpress\/ -->\n<title>For Bad Mouth Buddha - Bad Buddha Midweight Neck Gaiter - Outdoor Gear for Men and Women, Adjustable - Bad Buddha Shop<\/title>\n<meta name=\"robots\" content=\"index, follow, max-snippet:-1, max-image-preview:large, max-video-preview:-1\" \/>\n<link rel=\"canonical\" href=\"https:\/\/badbuddhashop.com\/fr\/produit\/bad-buddha-midweight-neck-gaiter-cool-neck-warmer-gift-for-yogis-festive-accessory-outdoor-gear-for-men-and-women-adjustable\/\" \/>\n<meta property=\"og:locale\" content=\"fr_CA\" \/>\n<meta property=\"og:type\" content=\"article\" \/>\n<meta property=\"og:title\" content=\"For Bad Mouth Buddha - Bad Buddha Midweight Neck Gaiter - Outdoor Gear for Men and Women, Adjustable - Bad Buddha Shop\" \/>\n<meta property=\"og:description\" content=\"This isn\u2019t just a neck gaiter \u2014 it\u2019s a sacred scarf of serenity. Whether you&#8217;re skiing down a mountain or just trying to survive a windy Tuesday, this stretchy halo of polyester will cradle your neck like a monk\u2019s whisper. Moisture-wicking? Obviously. Sun-blocking? Spiritually. Fashionable? Transcendent. Will it align your chakras? No. But it\u00a0will\u00a0keep your [&hellip;]\" \/>\n<meta property=\"og:url\" content=\"https:\/\/badbuddhashop.com\/fr\/produit\/bad-buddha-midweight-neck-gaiter-cool-neck-warmer-gift-for-yogis-festive-accessory-outdoor-gear-for-men-and-women-adjustable\/\" \/>\n<meta property=\"og:site_name\" content=\"Bad Buddha Shop\" \/>\n<meta property=\"article:publisher\" content=\"https:\/\/www.facebook.com\/profile.php?id=61577341044750\" \/>\n<meta property=\"article:modified_time\" content=\"2025-07-25T15:41:46+00:00\" \/>\n<meta property=\"og:image\" content=\"https:\/\/badbuddhashop.com\/wp-content\/uploads\/2025\/07\/2510236616351480871_2048.jpeg\" \/>\n\t<meta property=\"og:image:width\" content=\"2048\" \/>\n\t<meta property=\"og:image:height\" content=\"2048\" \/>\n\t<meta property=\"og:image:type\" content=\"image\/jpeg\" \/>\n<meta name=\"twitter:card\" content=\"summary_large_image\" \/>\n<meta name=\"twitter:label1\" content=\"Estimation du temps de lecture\" \/>\n\t<meta name=\"twitter:data1\" content=\"1 minute\" \/>\n<script type=\"application\/ld+json\" class=\"yoast-schema-graph\">{\"@context\":\"https:\\\/\\\/schema.org\",\"@graph\":[{\"@type\":\"WebPage\",\"@id\":\"https:\\\/\\\/badbuddhashop.com\\\/product\\\/bad-buddha-midweight-neck-gaiter-cool-neck-warmer-gift-for-yogis-festive-accessory-outdoor-gear-for-men-and-women-adjustable\\\/\",\"url\":\"https:\\\/\\\/badbuddhashop.com\\\/product\\\/bad-buddha-midweight-neck-gaiter-cool-neck-warmer-gift-for-yogis-festive-accessory-outdoor-gear-for-men-and-women-adjustable\\\/\",\"name\":\"For Bad Mouth Buddha - Bad Buddha Midweight Neck Gaiter - Outdoor Gear for Men and Women, Adjustable - Bad Buddha Shop\",\"isPartOf\":{\"@id\":\"https:\\\/\\\/badbuddhashop.com\\\/#website\"},\"primaryImageOfPage\":{\"@id\":\"https:\\\/\\\/badbuddhashop.com\\\/product\\\/bad-buddha-midweight-neck-gaiter-cool-neck-warmer-gift-for-yogis-festive-accessory-outdoor-gear-for-men-and-women-adjustable\\\/#primaryimage\"},\"image\":{\"@id\":\"https:\\\/\\\/badbuddhashop.com\\\/product\\\/bad-buddha-midweight-neck-gaiter-cool-neck-warmer-gift-for-yogis-festive-accessory-outdoor-gear-for-men-and-women-adjustable\\\/#primaryimage\"},\"thumbnailUrl\":\"https:\\\/\\\/badbuddhashop.com\\\/wp-content\\\/uploads\\\/2025\\\/07\\\/2510236616351480871_2048.jpeg\",\"datePublished\":\"2025-07-07T15:52:43+00:00\",\"dateModified\":\"2025-07-25T15:41:46+00:00\",\"breadcrumb\":{\"@id\":\"https:\\\/\\\/badbuddhashop.com\\\/product\\\/bad-buddha-midweight-neck-gaiter-cool-neck-warmer-gift-for-yogis-festive-accessory-outdoor-gear-for-men-and-women-adjustable\\\/#breadcrumb\"},\"inLanguage\":\"fr-CA\",\"potentialAction\":[{\"@type\":\"ReadAction\",\"target\":[\"https:\\\/\\\/badbuddhashop.com\\\/product\\\/bad-buddha-midweight-neck-gaiter-cool-neck-warmer-gift-for-yogis-festive-accessory-outdoor-gear-for-men-and-women-adjustable\\\/\"]}]},{\"@type\":\"ImageObject\",\"inLanguage\":\"fr-CA\",\"@id\":\"https:\\\/\\\/badbuddhashop.com\\\/product\\\/bad-buddha-midweight-neck-gaiter-cool-neck-warmer-gift-for-yogis-festive-accessory-outdoor-gear-for-men-and-women-adjustable\\\/#primaryimage\",\"url\":\"https:\\\/\\\/badbuddhashop.com\\\/wp-content\\\/uploads\\\/2025\\\/07\\\/2510236616351480871_2048.jpeg\",\"contentUrl\":\"https:\\\/\\\/badbuddhashop.com\\\/wp-content\\\/uploads\\\/2025\\\/07\\\/2510236616351480871_2048.jpeg\",\"width\":2048,\"height\":2048},{\"@type\":\"BreadcrumbList\",\"@id\":\"https:\\\/\\\/badbuddhashop.com\\\/product\\\/bad-buddha-midweight-neck-gaiter-cool-neck-warmer-gift-for-yogis-festive-accessory-outdoor-gear-for-men-and-women-adjustable\\\/#breadcrumb\",\"itemListElement\":[{\"@type\":\"ListItem\",\"position\":1,\"name\":\"Home\",\"item\":\"https:\\\/\\\/badbuddhashop.com\\\/\"},{\"@type\":\"ListItem\",\"position\":2,\"name\":\"Take Your Adventure To The Next Level\",\"item\":\"https:\\\/\\\/badbuddhashop.com\\\/shop1\\\/\"},{\"@type\":\"ListItem\",\"position\":3,\"name\":\"For Bad Mouth Buddha &#8211; Bad Buddha Midweight Neck Gaiter &#8211; Outdoor Gear for Men and Women, Adjustable\"}]},{\"@type\":\"WebSite\",\"@id\":\"https:\\\/\\\/badbuddhashop.com\\\/#website\",\"url\":\"https:\\\/\\\/badbuddhashop.com\\\/\",\"name\":\"Bad Buddha Shop\",\"description\":\"\",\"publisher\":{\"@id\":\"https:\\\/\\\/badbuddhashop.com\\\/#organization\"},\"potentialAction\":[{\"@type\":\"SearchAction\",\"target\":{\"@type\":\"EntryPoint\",\"urlTemplate\":\"https:\\\/\\\/badbuddhashop.com\\\/?s={search_term_string}\"},\"query-input\":{\"@type\":\"PropertyValueSpecification\",\"valueRequired\":true,\"valueName\":\"search_term_string\"}}],\"inLanguage\":\"fr-CA\"},{\"@type\":\"Organization\",\"@id\":\"https:\\\/\\\/badbuddhashop.com\\\/#organization\",\"name\":\"Bad Buddha Shop\",\"url\":\"https:\\\/\\\/badbuddhashop.com\\\/\",\"logo\":{\"@type\":\"ImageObject\",\"inLanguage\":\"fr-CA\",\"@id\":\"https:\\\/\\\/badbuddhashop.com\\\/#\\\/schema\\\/logo\\\/image\\\/\",\"url\":\"https:\\\/\\\/badbuddhashop.com\\\/wp-content\\\/uploads\\\/2025\\\/06\\\/logo-cropped.png\",\"contentUrl\":\"https:\\\/\\\/badbuddhashop.com\\\/wp-content\\\/uploads\\\/2025\\\/06\\\/logo-cropped.png\",\"width\":1024,\"height\":1024,\"caption\":\"Bad Buddha Shop\"},\"image\":{\"@id\":\"https:\\\/\\\/badbuddhashop.com\\\/#\\\/schema\\\/logo\\\/image\\\/\"},\"sameAs\":[\"https:\\\/\\\/www.facebook.com\\\/profile.php?id=61577341044750\",\"https:\\\/\\\/www.instagram.com\\\/bad_buddha_shop\\\/\"]}]}<\/script>\n<!-- \/ Yoast SEO plugin. -->","yoast_head_json":{"title":"For Bad Mouth Buddha - Bad Buddha Midweight Neck Gaiter - Outdoor Gear for Men and Women, Adjustable - Bad Buddha Shop","robots":{"index":"index","follow":"follow","max-snippet":"max-snippet:-1","max-image-preview":"max-image-preview:large","max-video-preview":"max-video-preview:-1"},"canonical":"https:\/\/badbuddhashop.com\/fr\/produit\/bad-buddha-midweight-neck-gaiter-cool-neck-warmer-gift-for-yogis-festive-accessory-outdoor-gear-for-men-and-women-adjustable\/","og_locale":"fr_CA","og_type":"article","og_title":"For Bad Mouth Buddha - Bad Buddha Midweight Neck Gaiter - Outdoor Gear for Men and Women, Adjustable - Bad Buddha Shop","og_description":"This isn\u2019t just a neck gaiter \u2014 it\u2019s a sacred scarf of serenity. Whether you&#8217;re skiing down a mountain or just trying to survive a windy Tuesday, this stretchy halo of polyester will cradle your neck like a monk\u2019s whisper. Moisture-wicking? Obviously. Sun-blocking? Spiritually. Fashionable? Transcendent. Will it align your chakras? No. But it\u00a0will\u00a0keep your [&hellip;]","og_url":"https:\/\/badbuddhashop.com\/fr\/produit\/bad-buddha-midweight-neck-gaiter-cool-neck-warmer-gift-for-yogis-festive-accessory-outdoor-gear-for-men-and-women-adjustable\/","og_site_name":"Bad Buddha Shop","article_publisher":"https:\/\/www.facebook.com\/profile.php?id=61577341044750","article_modified_time":"2025-07-25T15:41:46+00:00","og_image":[{"width":2048,"height":2048,"url":"https:\/\/badbuddhashop.com\/wp-content\/uploads\/2025\/07\/2510236616351480871_2048.jpeg","type":"image\/jpeg"}],"twitter_card":"summary_large_image","twitter_misc":{"Estimation du temps de lecture":"1 minute"},"schema":{"@context":"https:\/\/schema.org","@graph":[{"@type":"WebPage","@id":"https:\/\/badbuddhashop.com\/product\/bad-buddha-midweight-neck-gaiter-cool-neck-warmer-gift-for-yogis-festive-accessory-outdoor-gear-for-men-and-women-adjustable\/","url":"https:\/\/badbuddhashop.com\/product\/bad-buddha-midweight-neck-gaiter-cool-neck-warmer-gift-for-yogis-festive-accessory-outdoor-gear-for-men-and-women-adjustable\/","name":"For Bad Mouth Buddha - Bad Buddha Midweight Neck Gaiter - Outdoor Gear for Men and Women, Adjustable - Bad Buddha Shop","isPartOf":{"@id":"https:\/\/badbuddhashop.com\/#website"},"primaryImageOfPage":{"@id":"https:\/\/badbuddhashop.com\/product\/bad-buddha-midweight-neck-gaiter-cool-neck-warmer-gift-for-yogis-festive-accessory-outdoor-gear-for-men-and-women-adjustable\/#primaryimage"},"image":{"@id":"https:\/\/badbuddhashop.com\/product\/bad-buddha-midweight-neck-gaiter-cool-neck-warmer-gift-for-yogis-festive-accessory-outdoor-gear-for-men-and-women-adjustable\/#primaryimage"},"thumbnailUrl":"https:\/\/badbuddhashop.com\/wp-content\/uploads\/2025\/07\/2510236616351480871_2048.jpeg","datePublished":"2025-07-07T15:52:43+00:00","dateModified":"2025-07-25T15:41:46+00:00","breadcrumb":{"@id":"https:\/\/badbuddhashop.com\/product\/bad-buddha-midweight-neck-gaiter-cool-neck-warmer-gift-for-yogis-festive-accessory-outdoor-gear-for-men-and-women-adjustable\/#breadcrumb"},"inLanguage":"fr-CA","potentialAction":[{"@type":"ReadAction","target":["https:\/\/badbuddhashop.com\/product\/bad-buddha-midweight-neck-gaiter-cool-neck-warmer-gift-for-yogis-festive-accessory-outdoor-gear-for-men-and-women-adjustable\/"]}]},{"@type":"ImageObject","inLanguage":"fr-CA","@id":"https:\/\/badbuddhashop.com\/product\/bad-buddha-midweight-neck-gaiter-cool-neck-warmer-gift-for-yogis-festive-accessory-outdoor-gear-for-men-and-women-adjustable\/#primaryimage","url":"https:\/\/badbuddhashop.com\/wp-content\/uploads\/2025\/07\/2510236616351480871_2048.jpeg","contentUrl":"https:\/\/badbuddhashop.com\/wp-content\/uploads\/2025\/07\/2510236616351480871_2048.jpeg","width":2048,"height":2048},{"@type":"BreadcrumbList","@id":"https:\/\/badbuddhashop.com\/product\/bad-buddha-midweight-neck-gaiter-cool-neck-warmer-gift-for-yogis-festive-accessory-outdoor-gear-for-men-and-women-adjustable\/#breadcrumb","itemListElement":[{"@type":"ListItem","position":1,"name":"Home","item":"https:\/\/badbuddhashop.com\/"},{"@type":"ListItem","position":2,"name":"Take Your Adventure To The Next Level","item":"https:\/\/badbuddhashop.com\/shop1\/"},{"@type":"ListItem","position":3,"name":"For Bad Mouth Buddha &#8211; Bad Buddha Midweight Neck Gaiter &#8211; Outdoor Gear for Men and Women, Adjustable"}]},{"@type":"WebSite","@id":"https:\/\/badbuddhashop.com\/#website","url":"https:\/\/badbuddhashop.com\/","name":"Bad Buddha Shop","description":"","publisher":{"@id":"https:\/\/badbuddhashop.com\/#organization"},"potentialAction":[{"@type":"SearchAction","target":{"@type":"EntryPoint","urlTemplate":"https:\/\/badbuddhashop.com\/?s={search_term_string}"},"query-input":{"@type":"PropertyValueSpecification","valueRequired":true,"valueName":"search_term_string"}}],"inLanguage":"fr-CA"},{"@type":"Organization","@id":"https:\/\/badbuddhashop.com\/#organization","name":"Bad Buddha Shop","url":"https:\/\/badbuddhashop.com\/","logo":{"@type":"ImageObject","inLanguage":"fr-CA","@id":"https:\/\/badbuddhashop.com\/#\/schema\/logo\/image\/","url":"https:\/\/badbuddhashop.com\/wp-content\/uploads\/2025\/06\/logo-cropped.png","contentUrl":"https:\/\/badbuddhashop.com\/wp-content\/uploads\/2025\/06\/logo-cropped.png","width":1024,"height":1024,"caption":"Bad Buddha Shop"},"image":{"@id":"https:\/\/badbuddhashop.com\/#\/schema\/logo\/image\/"},"sameAs":["https:\/\/www.facebook.com\/profile.php?id=61577341044750","https:\/\/www.instagram.com\/bad_buddha_shop\/"]}]}},"_links":{"self":[{"href":"https:\/\/badbuddhashop.com\/fr\/wp-json\/wp\/v2\/product\/3071","targetHints":{"allow":["GET"]}}],"collection":[{"href":"https:\/\/badbuddhashop.com\/fr\/wp-json\/wp\/v2\/product"}],"about":[{"href":"https:\/\/badbuddhashop.com\/fr\/wp-json\/wp\/v2\/types\/product"}],"replies":[{"embeddable":true,"href":"https:\/\/badbuddhashop.com\/fr\/wp-json\/wp\/v2\/comments?post=3071"}],"wp:featuredmedia":[{"embeddable":true,"href":"https:\/\/badbuddhashop.com\/fr\/wp-json\/wp\/v2\/media\/3075"}],"wp:attachment":[{"href":"https:\/\/badbuddhashop.com\/fr\/wp-json\/wp\/v2\/media?parent=3071"}],"wp:term":[{"taxonomy":"product_brand","embeddable":true,"href":"https:\/\/badbuddhashop.com\/fr\/wp-json\/wp\/v2\/product_brand?post=3071"},{"taxonomy":"product_cat","embeddable":true,"href":"https:\/\/badbuddhashop.com\/fr\/wp-json\/wp\/v2\/product_cat?post=3071"},{"taxonomy":"product_tag","embeddable":true,"href":"https:\/\/badbuddhashop.com\/fr\/wp-json\/wp\/v2\/product_tag?post=3071"}],"curies":[{"name":"wp","href":"https:\/\/api.w.org\/{rel}","templated":true}]}}