{"id":3107,"date":"2025-07-12T14:47:05","date_gmt":"2025-07-12T14:47:05","guid":{"rendered":"https:\/\/badbuddhashop.com\/?post_type=product&#038;p=3107"},"modified":"2025-07-22T12:45:41","modified_gmt":"2025-07-22T12:45:41","slug":"burn-baby-burn-6-oz-soy-candle","status":"publish","type":"product","link":"https:\/\/badbuddhashop.com\/fr\/produit\/burn-baby-burn-6-oz-soy-candle\/","title":{"rendered":"Flamme rebelle \u2013 Bougie au soja, cr\u00e2ne fleuri"},"content":{"rendered":"<p>Coul\u00e9e \u00e0 la main avec amour (et une touche de r\u00e9bellion) au Nouveau-Brunswick, Canada.<\/p>\n<p>Cette bougie en cire de soja est fa\u00e7onn\u00e9e en forme de cr\u00e2ne en pleine floraison \u2014 un parfait m\u00e9lange de myst\u00e8re et de douceur. Que tu sois en train de manifester de bonnes ondes ou simplement de cr\u00e9er une ambiance l\u00e9g\u00e8rement d\u00e9cal\u00e9e mais sereine, cette bougie est l\u00e0 pour toi.<\/p>\n<p>Cire de soja 100 %<br \/>\nDesign de cr\u00e2ne avec des d\u00e9tails floraux d\u00e9licats<br \/>\nConfectionn\u00e9 sur commande<br \/>\nFragrances et couleurs au choix (voir le menu d\u00e9roulant)<\/p>\n<p>Parce que rien n\u2019\u00e9voque mieux la paix int\u00e9rieure\u2026 qu\u2019un cr\u00e2ne en feu !<\/p>\n<p>6.5 cm x 6.5cm<\/p>","protected":false},"excerpt":{"rendered":"<p>Hand-poured with love (and a little rebellion) in New Brunswick, Canada. This soy candle is shaped like a skull in full bloom \u2014 a perfect blend of spooky and sweet. Whether you\u2019re manifesting good vibes or just setting the mood to slightly unhinged but serene, this candle\u2019s got your back. 100% soy wax Skull design [&hellip;]<\/p>\n","protected":false},"featured_media":3797,"comment_status":"open","ping_status":"closed","template":"","meta":[],"product_brand":[],"product_cat":[25,34],"product_tag":[],"class_list":{"0":"post-3107","1":"product","2":"type-product","3":"status-publish","4":"has-post-thumbnail","6":"product_cat-best-sellers","7":"product_cat-home-living-canada","8":"product_shipping_class-dieppe-products","10":"first","11":"instock","12":"shipping-taxable","13":"purchasable","14":"product-type-variable"},"yoast_head":"<!-- This site is optimized with the Yoast SEO plugin v27.4 - https:\/\/yoast.com\/product\/yoast-seo-wordpress\/ -->\n<title>Burn. Baby. Burn. Soy Candle - Skull with flowers - Bad Buddha Shop<\/title>\n<meta name=\"robots\" content=\"index, follow, max-snippet:-1, max-image-preview:large, max-video-preview:-1\" \/>\n<link rel=\"canonical\" href=\"https:\/\/badbuddhashop.com\/fr\/produit\/burn-baby-burn-6-oz-soy-candle\/\" \/>\n<meta property=\"og:locale\" content=\"fr_CA\" \/>\n<meta property=\"og:type\" content=\"article\" \/>\n<meta property=\"og:title\" content=\"Burn. Baby. Burn. Soy Candle - Skull with flowers - Bad Buddha Shop\" \/>\n<meta property=\"og:description\" content=\"Hand-poured with love (and a little rebellion) in New Brunswick, Canada. This soy candle is shaped like a skull in full bloom \u2014 a perfect blend of spooky and sweet. Whether you\u2019re manifesting good vibes or just setting the mood to slightly unhinged but serene, this candle\u2019s got your back. 100% soy wax Skull design [&hellip;]\" \/>\n<meta property=\"og:url\" content=\"https:\/\/badbuddhashop.com\/fr\/produit\/burn-baby-burn-6-oz-soy-candle\/\" \/>\n<meta property=\"og:site_name\" content=\"Bad Buddha Shop\" \/>\n<meta property=\"article:publisher\" content=\"https:\/\/www.facebook.com\/profile.php?id=61577341044750\" \/>\n<meta property=\"article:modified_time\" content=\"2025-07-22T12:45:41+00:00\" \/>\n<meta property=\"og:image\" content=\"https:\/\/badbuddhashop.com\/wp-content\/uploads\/2025\/07\/white-skull-683x1024.png\" \/>\n\t<meta property=\"og:image:width\" content=\"683\" \/>\n\t<meta property=\"og:image:height\" content=\"1024\" \/>\n\t<meta property=\"og:image:type\" content=\"image\/png\" \/>\n<meta name=\"twitter:card\" content=\"summary_large_image\" \/>\n<script type=\"application\/ld+json\" class=\"yoast-schema-graph\">{\"@context\":\"https:\\\/\\\/schema.org\",\"@graph\":[{\"@type\":\"WebPage\",\"@id\":\"https:\\\/\\\/badbuddhashop.com\\\/product\\\/burn-baby-burn-6-oz-soy-candle\\\/\",\"url\":\"https:\\\/\\\/badbuddhashop.com\\\/product\\\/burn-baby-burn-6-oz-soy-candle\\\/\",\"name\":\"Burn. Baby. Burn. Soy Candle - Skull with flowers - Bad Buddha Shop\",\"isPartOf\":{\"@id\":\"https:\\\/\\\/badbuddhashop.com\\\/#website\"},\"primaryImageOfPage\":{\"@id\":\"https:\\\/\\\/badbuddhashop.com\\\/product\\\/burn-baby-burn-6-oz-soy-candle\\\/#primaryimage\"},\"image\":{\"@id\":\"https:\\\/\\\/badbuddhashop.com\\\/product\\\/burn-baby-burn-6-oz-soy-candle\\\/#primaryimage\"},\"thumbnailUrl\":\"https:\\\/\\\/badbuddhashop.com\\\/wp-content\\\/uploads\\\/2025\\\/07\\\/white-skull.png\",\"datePublished\":\"2025-07-12T14:47:05+00:00\",\"dateModified\":\"2025-07-22T12:45:41+00:00\",\"breadcrumb\":{\"@id\":\"https:\\\/\\\/badbuddhashop.com\\\/product\\\/burn-baby-burn-6-oz-soy-candle\\\/#breadcrumb\"},\"inLanguage\":\"fr-CA\",\"potentialAction\":[{\"@type\":\"ReadAction\",\"target\":[\"https:\\\/\\\/badbuddhashop.com\\\/product\\\/burn-baby-burn-6-oz-soy-candle\\\/\"]}]},{\"@type\":\"ImageObject\",\"inLanguage\":\"fr-CA\",\"@id\":\"https:\\\/\\\/badbuddhashop.com\\\/product\\\/burn-baby-burn-6-oz-soy-candle\\\/#primaryimage\",\"url\":\"https:\\\/\\\/badbuddhashop.com\\\/wp-content\\\/uploads\\\/2025\\\/07\\\/white-skull.png\",\"contentUrl\":\"https:\\\/\\\/badbuddhashop.com\\\/wp-content\\\/uploads\\\/2025\\\/07\\\/white-skull.png\",\"width\":1024,\"height\":1536},{\"@type\":\"BreadcrumbList\",\"@id\":\"https:\\\/\\\/badbuddhashop.com\\\/product\\\/burn-baby-burn-6-oz-soy-candle\\\/#breadcrumb\",\"itemListElement\":[{\"@type\":\"ListItem\",\"position\":1,\"name\":\"Home\",\"item\":\"https:\\\/\\\/badbuddhashop.com\\\/\"},{\"@type\":\"ListItem\",\"position\":2,\"name\":\"Take Your Adventure To The Next Level\",\"item\":\"https:\\\/\\\/badbuddhashop.com\\\/shop1\\\/\"},{\"@type\":\"ListItem\",\"position\":3,\"name\":\"Burn. Baby. Burn. Soy Candle &#8211; Skull with flowers\"}]},{\"@type\":\"WebSite\",\"@id\":\"https:\\\/\\\/badbuddhashop.com\\\/#website\",\"url\":\"https:\\\/\\\/badbuddhashop.com\\\/\",\"name\":\"Bad Buddha Shop\",\"description\":\"\",\"publisher\":{\"@id\":\"https:\\\/\\\/badbuddhashop.com\\\/#organization\"},\"potentialAction\":[{\"@type\":\"SearchAction\",\"target\":{\"@type\":\"EntryPoint\",\"urlTemplate\":\"https:\\\/\\\/badbuddhashop.com\\\/?s={search_term_string}\"},\"query-input\":{\"@type\":\"PropertyValueSpecification\",\"valueRequired\":true,\"valueName\":\"search_term_string\"}}],\"inLanguage\":\"fr-CA\"},{\"@type\":\"Organization\",\"@id\":\"https:\\\/\\\/badbuddhashop.com\\\/#organization\",\"name\":\"Bad Buddha Shop\",\"url\":\"https:\\\/\\\/badbuddhashop.com\\\/\",\"logo\":{\"@type\":\"ImageObject\",\"inLanguage\":\"fr-CA\",\"@id\":\"https:\\\/\\\/badbuddhashop.com\\\/#\\\/schema\\\/logo\\\/image\\\/\",\"url\":\"https:\\\/\\\/badbuddhashop.com\\\/wp-content\\\/uploads\\\/2025\\\/06\\\/logo-cropped.png\",\"contentUrl\":\"https:\\\/\\\/badbuddhashop.com\\\/wp-content\\\/uploads\\\/2025\\\/06\\\/logo-cropped.png\",\"width\":1024,\"height\":1024,\"caption\":\"Bad Buddha Shop\"},\"image\":{\"@id\":\"https:\\\/\\\/badbuddhashop.com\\\/#\\\/schema\\\/logo\\\/image\\\/\"},\"sameAs\":[\"https:\\\/\\\/www.facebook.com\\\/profile.php?id=61577341044750\",\"https:\\\/\\\/www.instagram.com\\\/bad_buddha_shop\\\/\"]}]}<\/script>\n<!-- \/ Yoast SEO plugin. -->","yoast_head_json":{"title":"Burn. Baby. Burn. Soy Candle - Skull with flowers - Bad Buddha Shop","robots":{"index":"index","follow":"follow","max-snippet":"max-snippet:-1","max-image-preview":"max-image-preview:large","max-video-preview":"max-video-preview:-1"},"canonical":"https:\/\/badbuddhashop.com\/fr\/produit\/burn-baby-burn-6-oz-soy-candle\/","og_locale":"fr_CA","og_type":"article","og_title":"Burn. Baby. Burn. Soy Candle - Skull with flowers - Bad Buddha Shop","og_description":"Hand-poured with love (and a little rebellion) in New Brunswick, Canada. This soy candle is shaped like a skull in full bloom \u2014 a perfect blend of spooky and sweet. Whether you\u2019re manifesting good vibes or just setting the mood to slightly unhinged but serene, this candle\u2019s got your back. 100% soy wax Skull design [&hellip;]","og_url":"https:\/\/badbuddhashop.com\/fr\/produit\/burn-baby-burn-6-oz-soy-candle\/","og_site_name":"Bad Buddha Shop","article_publisher":"https:\/\/www.facebook.com\/profile.php?id=61577341044750","article_modified_time":"2025-07-22T12:45:41+00:00","og_image":[{"width":683,"height":1024,"url":"https:\/\/badbuddhashop.com\/wp-content\/uploads\/2025\/07\/white-skull-683x1024.png","type":"image\/png"}],"twitter_card":"summary_large_image","schema":{"@context":"https:\/\/schema.org","@graph":[{"@type":"WebPage","@id":"https:\/\/badbuddhashop.com\/product\/burn-baby-burn-6-oz-soy-candle\/","url":"https:\/\/badbuddhashop.com\/product\/burn-baby-burn-6-oz-soy-candle\/","name":"Burn. Baby. Burn. Soy Candle - Skull with flowers - Bad Buddha Shop","isPartOf":{"@id":"https:\/\/badbuddhashop.com\/#website"},"primaryImageOfPage":{"@id":"https:\/\/badbuddhashop.com\/product\/burn-baby-burn-6-oz-soy-candle\/#primaryimage"},"image":{"@id":"https:\/\/badbuddhashop.com\/product\/burn-baby-burn-6-oz-soy-candle\/#primaryimage"},"thumbnailUrl":"https:\/\/badbuddhashop.com\/wp-content\/uploads\/2025\/07\/white-skull.png","datePublished":"2025-07-12T14:47:05+00:00","dateModified":"2025-07-22T12:45:41+00:00","breadcrumb":{"@id":"https:\/\/badbuddhashop.com\/product\/burn-baby-burn-6-oz-soy-candle\/#breadcrumb"},"inLanguage":"fr-CA","potentialAction":[{"@type":"ReadAction","target":["https:\/\/badbuddhashop.com\/product\/burn-baby-burn-6-oz-soy-candle\/"]}]},{"@type":"ImageObject","inLanguage":"fr-CA","@id":"https:\/\/badbuddhashop.com\/product\/burn-baby-burn-6-oz-soy-candle\/#primaryimage","url":"https:\/\/badbuddhashop.com\/wp-content\/uploads\/2025\/07\/white-skull.png","contentUrl":"https:\/\/badbuddhashop.com\/wp-content\/uploads\/2025\/07\/white-skull.png","width":1024,"height":1536},{"@type":"BreadcrumbList","@id":"https:\/\/badbuddhashop.com\/product\/burn-baby-burn-6-oz-soy-candle\/#breadcrumb","itemListElement":[{"@type":"ListItem","position":1,"name":"Home","item":"https:\/\/badbuddhashop.com\/"},{"@type":"ListItem","position":2,"name":"Take Your Adventure To The Next Level","item":"https:\/\/badbuddhashop.com\/shop1\/"},{"@type":"ListItem","position":3,"name":"Burn. Baby. Burn. Soy Candle &#8211; Skull with flowers"}]},{"@type":"WebSite","@id":"https:\/\/badbuddhashop.com\/#website","url":"https:\/\/badbuddhashop.com\/","name":"Bad Buddha Shop","description":"","publisher":{"@id":"https:\/\/badbuddhashop.com\/#organization"},"potentialAction":[{"@type":"SearchAction","target":{"@type":"EntryPoint","urlTemplate":"https:\/\/badbuddhashop.com\/?s={search_term_string}"},"query-input":{"@type":"PropertyValueSpecification","valueRequired":true,"valueName":"search_term_string"}}],"inLanguage":"fr-CA"},{"@type":"Organization","@id":"https:\/\/badbuddhashop.com\/#organization","name":"Bad Buddha Shop","url":"https:\/\/badbuddhashop.com\/","logo":{"@type":"ImageObject","inLanguage":"fr-CA","@id":"https:\/\/badbuddhashop.com\/#\/schema\/logo\/image\/","url":"https:\/\/badbuddhashop.com\/wp-content\/uploads\/2025\/06\/logo-cropped.png","contentUrl":"https:\/\/badbuddhashop.com\/wp-content\/uploads\/2025\/06\/logo-cropped.png","width":1024,"height":1024,"caption":"Bad Buddha Shop"},"image":{"@id":"https:\/\/badbuddhashop.com\/#\/schema\/logo\/image\/"},"sameAs":["https:\/\/www.facebook.com\/profile.php?id=61577341044750","https:\/\/www.instagram.com\/bad_buddha_shop\/"]}]}},"_links":{"self":[{"href":"https:\/\/badbuddhashop.com\/fr\/wp-json\/wp\/v2\/product\/3107","targetHints":{"allow":["GET"]}}],"collection":[{"href":"https:\/\/badbuddhashop.com\/fr\/wp-json\/wp\/v2\/product"}],"about":[{"href":"https:\/\/badbuddhashop.com\/fr\/wp-json\/wp\/v2\/types\/product"}],"replies":[{"embeddable":true,"href":"https:\/\/badbuddhashop.com\/fr\/wp-json\/wp\/v2\/comments?post=3107"}],"wp:featuredmedia":[{"embeddable":true,"href":"https:\/\/badbuddhashop.com\/fr\/wp-json\/wp\/v2\/media\/3797"}],"wp:attachment":[{"href":"https:\/\/badbuddhashop.com\/fr\/wp-json\/wp\/v2\/media?parent=3107"}],"wp:term":[{"taxonomy":"product_brand","embeddable":true,"href":"https:\/\/badbuddhashop.com\/fr\/wp-json\/wp\/v2\/product_brand?post=3107"},{"taxonomy":"product_cat","embeddable":true,"href":"https:\/\/badbuddhashop.com\/fr\/wp-json\/wp\/v2\/product_cat?post=3107"},{"taxonomy":"product_tag","embeddable":true,"href":"https:\/\/badbuddhashop.com\/fr\/wp-json\/wp\/v2\/product_tag?post=3107"}],"curies":[{"name":"wp","href":"https:\/\/api.w.org\/{rel}","templated":true}]}}