{"id":3154,"date":"2025-07-14T20:38:43","date_gmt":"2025-07-14T20:38:43","guid":{"rendered":"https:\/\/badbuddhashop.com\/product\/mug-with-color-inside\/"},"modified":"2025-07-26T14:00:10","modified_gmt":"2025-07-26T14:00:10","slug":"mug-with-color-inside","status":"publish","type":"product","link":"https:\/\/badbuddhashop.com\/fr\/produit\/mug-with-color-inside\/","title":{"rendered":"Infusez plus. Inqui\u00e9tez-vous moins. Tasse Bad Buddha Zen AF avec int\u00e9rieur color\u00e9"},"content":{"rendered":"<p>Cette tasse, c\u2019est pas juste pour boire\u2014c\u2019est pour vivre ta meilleure vie caffein\u00e9e. Avec ses couleurs p\u00e9tantes et son attitude de \u201cparle-moi pas avant ma troisi\u00e8me gorg\u00e9e\u201d, elle met du punch dans ton armoire et du pep dans ta journ\u00e9e. Passe au micro-ondes, au lave-vaisselle, pis elle te juge pas (m\u00eame si t\u2019as mis du lait avant le caf\u00e9).<\/p>","protected":false},"excerpt":{"rendered":"<p>Cette tasse, c\u2019est pas juste pour boire\u2014c\u2019est pour vivre ta meilleure vie caffein\u00e9e. Avec ses couleurs p\u00e9tantes et son attitude de \u201cparle-moi pas avant ma troisi\u00e8me gorg\u00e9e\u201d, elle met du punch dans ton armoire et du pep dans ta journ\u00e9e. Passe au micro-ondes, au lave-vaisselle, pis elle te juge pas (m\u00eame si t\u2019as mis du lait avant le caf\u00e9).<\/p>","protected":false},"featured_media":3160,"comment_status":"open","ping_status":"closed","template":"","meta":[],"product_brand":[],"product_cat":[34],"product_tag":[],"class_list":{"0":"post-3154","1":"product","2":"type-product","3":"status-publish","4":"has-post-thumbnail","6":"product_cat-home-living-canada","7":"product_shipping_class-printify-shipping","9":"first","10":"instock","11":"shipping-taxable","12":"purchasable","13":"product-type-variable"},"yoast_head":"<!-- This site is optimized with the Yoast SEO plugin v27.4 - https:\/\/yoast.com\/product\/yoast-seo-wordpress\/ -->\n<title>Brew More. Worry Less. Bad Buddha Zen AF Mug with Color Inside - Bad Buddha Shop<\/title>\n<meta name=\"robots\" content=\"index, follow, max-snippet:-1, max-image-preview:large, max-video-preview:-1\" \/>\n<link rel=\"canonical\" href=\"https:\/\/badbuddhashop.com\/fr\/produit\/mug-with-color-inside\/\" \/>\n<meta property=\"og:locale\" content=\"fr_CA\" \/>\n<meta property=\"og:type\" content=\"article\" \/>\n<meta property=\"og:title\" content=\"Brew More. Worry Less. Bad Buddha Zen AF Mug with Color Inside - Bad Buddha Shop\" \/>\n<meta property=\"og:description\" content=\"This mug doesn\u2019t just hold coffee\u2014it holds\u00a0personality. With colors that scream \u201cI\u2019m awake-ish\u201d and a vibe that says \u201cdon\u2019t talk to me until I\u2019ve had three sips,\u201d it\u2019s your new favorite sidekick. Microwave-safe, dishwasher-friendly, and emotionally stable (unlike you before caffeine).\" \/>\n<meta property=\"og:url\" content=\"https:\/\/badbuddhashop.com\/fr\/produit\/mug-with-color-inside\/\" \/>\n<meta property=\"og:site_name\" content=\"Bad Buddha Shop\" \/>\n<meta property=\"article:publisher\" content=\"https:\/\/www.facebook.com\/profile.php?id=61577341044750\" \/>\n<meta property=\"article:modified_time\" content=\"2025-07-26T14:00:10+00:00\" \/>\n<meta property=\"og:image\" content=\"https:\/\/badbuddhashop.com\/wp-content\/uploads\/2025\/07\/white-ceramic-mug-with-color-inside-black-11-oz-left-68756acc74ce0.jpg\" \/>\n\t<meta property=\"og:image:width\" content=\"2000\" \/>\n\t<meta property=\"og:image:height\" content=\"2000\" \/>\n\t<meta property=\"og:image:type\" content=\"image\/jpeg\" \/>\n<meta name=\"twitter:card\" content=\"summary_large_image\" \/>\n<meta name=\"twitter:label1\" content=\"Estimation du temps de lecture\" \/>\n\t<meta name=\"twitter:data1\" content=\"1 minute\" \/>\n<script type=\"application\/ld+json\" class=\"yoast-schema-graph\">{\"@context\":\"https:\\\/\\\/schema.org\",\"@graph\":[{\"@type\":\"WebPage\",\"@id\":\"https:\\\/\\\/badbuddhashop.com\\\/product\\\/mug-with-color-inside\\\/\",\"url\":\"https:\\\/\\\/badbuddhashop.com\\\/product\\\/mug-with-color-inside\\\/\",\"name\":\"Brew More. Worry Less. Bad Buddha Zen AF Mug with Color Inside - Bad Buddha Shop\",\"isPartOf\":{\"@id\":\"https:\\\/\\\/badbuddhashop.com\\\/#website\"},\"primaryImageOfPage\":{\"@id\":\"https:\\\/\\\/badbuddhashop.com\\\/product\\\/mug-with-color-inside\\\/#primaryimage\"},\"image\":{\"@id\":\"https:\\\/\\\/badbuddhashop.com\\\/product\\\/mug-with-color-inside\\\/#primaryimage\"},\"thumbnailUrl\":\"https:\\\/\\\/badbuddhashop.com\\\/wp-content\\\/uploads\\\/2025\\\/07\\\/white-ceramic-mug-with-color-inside-black-11-oz-left-68756acc74ce0.jpg\",\"datePublished\":\"2025-07-14T20:38:43+00:00\",\"dateModified\":\"2025-07-26T14:00:10+00:00\",\"breadcrumb\":{\"@id\":\"https:\\\/\\\/badbuddhashop.com\\\/product\\\/mug-with-color-inside\\\/#breadcrumb\"},\"inLanguage\":\"fr-CA\",\"potentialAction\":[{\"@type\":\"ReadAction\",\"target\":[\"https:\\\/\\\/badbuddhashop.com\\\/product\\\/mug-with-color-inside\\\/\"]}]},{\"@type\":\"ImageObject\",\"inLanguage\":\"fr-CA\",\"@id\":\"https:\\\/\\\/badbuddhashop.com\\\/product\\\/mug-with-color-inside\\\/#primaryimage\",\"url\":\"https:\\\/\\\/badbuddhashop.com\\\/wp-content\\\/uploads\\\/2025\\\/07\\\/white-ceramic-mug-with-color-inside-black-11-oz-left-68756acc74ce0.jpg\",\"contentUrl\":\"https:\\\/\\\/badbuddhashop.com\\\/wp-content\\\/uploads\\\/2025\\\/07\\\/white-ceramic-mug-with-color-inside-black-11-oz-left-68756acc74ce0.jpg\",\"width\":2000,\"height\":2000},{\"@type\":\"BreadcrumbList\",\"@id\":\"https:\\\/\\\/badbuddhashop.com\\\/product\\\/mug-with-color-inside\\\/#breadcrumb\",\"itemListElement\":[{\"@type\":\"ListItem\",\"position\":1,\"name\":\"Home\",\"item\":\"https:\\\/\\\/badbuddhashop.com\\\/\"},{\"@type\":\"ListItem\",\"position\":2,\"name\":\"Take Your Adventure To The Next Level\",\"item\":\"https:\\\/\\\/badbuddhashop.com\\\/shop1\\\/\"},{\"@type\":\"ListItem\",\"position\":3,\"name\":\"Brew More. Worry Less. Bad Buddha Zen AF Mug with Color Inside\"}]},{\"@type\":\"WebSite\",\"@id\":\"https:\\\/\\\/badbuddhashop.com\\\/#website\",\"url\":\"https:\\\/\\\/badbuddhashop.com\\\/\",\"name\":\"Bad Buddha Shop\",\"description\":\"\",\"publisher\":{\"@id\":\"https:\\\/\\\/badbuddhashop.com\\\/#organization\"},\"potentialAction\":[{\"@type\":\"SearchAction\",\"target\":{\"@type\":\"EntryPoint\",\"urlTemplate\":\"https:\\\/\\\/badbuddhashop.com\\\/?s={search_term_string}\"},\"query-input\":{\"@type\":\"PropertyValueSpecification\",\"valueRequired\":true,\"valueName\":\"search_term_string\"}}],\"inLanguage\":\"fr-CA\"},{\"@type\":\"Organization\",\"@id\":\"https:\\\/\\\/badbuddhashop.com\\\/#organization\",\"name\":\"Bad Buddha Shop\",\"url\":\"https:\\\/\\\/badbuddhashop.com\\\/\",\"logo\":{\"@type\":\"ImageObject\",\"inLanguage\":\"fr-CA\",\"@id\":\"https:\\\/\\\/badbuddhashop.com\\\/#\\\/schema\\\/logo\\\/image\\\/\",\"url\":\"https:\\\/\\\/badbuddhashop.com\\\/wp-content\\\/uploads\\\/2025\\\/06\\\/logo-cropped.png\",\"contentUrl\":\"https:\\\/\\\/badbuddhashop.com\\\/wp-content\\\/uploads\\\/2025\\\/06\\\/logo-cropped.png\",\"width\":1024,\"height\":1024,\"caption\":\"Bad Buddha Shop\"},\"image\":{\"@id\":\"https:\\\/\\\/badbuddhashop.com\\\/#\\\/schema\\\/logo\\\/image\\\/\"},\"sameAs\":[\"https:\\\/\\\/www.facebook.com\\\/profile.php?id=61577341044750\",\"https:\\\/\\\/www.instagram.com\\\/bad_buddha_shop\\\/\"]}]}<\/script>\n<!-- \/ Yoast SEO plugin. -->","yoast_head_json":{"title":"Brew More. Worry Less. Bad Buddha Zen AF Mug with Color Inside - Bad Buddha Shop","robots":{"index":"index","follow":"follow","max-snippet":"max-snippet:-1","max-image-preview":"max-image-preview:large","max-video-preview":"max-video-preview:-1"},"canonical":"https:\/\/badbuddhashop.com\/fr\/produit\/mug-with-color-inside\/","og_locale":"fr_CA","og_type":"article","og_title":"Brew More. Worry Less. Bad Buddha Zen AF Mug with Color Inside - Bad Buddha Shop","og_description":"This mug doesn\u2019t just hold coffee\u2014it holds\u00a0personality. With colors that scream \u201cI\u2019m awake-ish\u201d and a vibe that says \u201cdon\u2019t talk to me until I\u2019ve had three sips,\u201d it\u2019s your new favorite sidekick. Microwave-safe, dishwasher-friendly, and emotionally stable (unlike you before caffeine).","og_url":"https:\/\/badbuddhashop.com\/fr\/produit\/mug-with-color-inside\/","og_site_name":"Bad Buddha Shop","article_publisher":"https:\/\/www.facebook.com\/profile.php?id=61577341044750","article_modified_time":"2025-07-26T14:00:10+00:00","og_image":[{"width":2000,"height":2000,"url":"https:\/\/badbuddhashop.com\/wp-content\/uploads\/2025\/07\/white-ceramic-mug-with-color-inside-black-11-oz-left-68756acc74ce0.jpg","type":"image\/jpeg"}],"twitter_card":"summary_large_image","twitter_misc":{"Estimation du temps de lecture":"1 minute"},"schema":{"@context":"https:\/\/schema.org","@graph":[{"@type":"WebPage","@id":"https:\/\/badbuddhashop.com\/product\/mug-with-color-inside\/","url":"https:\/\/badbuddhashop.com\/product\/mug-with-color-inside\/","name":"Brew More. Worry Less. Bad Buddha Zen AF Mug with Color Inside - Bad Buddha Shop","isPartOf":{"@id":"https:\/\/badbuddhashop.com\/#website"},"primaryImageOfPage":{"@id":"https:\/\/badbuddhashop.com\/product\/mug-with-color-inside\/#primaryimage"},"image":{"@id":"https:\/\/badbuddhashop.com\/product\/mug-with-color-inside\/#primaryimage"},"thumbnailUrl":"https:\/\/badbuddhashop.com\/wp-content\/uploads\/2025\/07\/white-ceramic-mug-with-color-inside-black-11-oz-left-68756acc74ce0.jpg","datePublished":"2025-07-14T20:38:43+00:00","dateModified":"2025-07-26T14:00:10+00:00","breadcrumb":{"@id":"https:\/\/badbuddhashop.com\/product\/mug-with-color-inside\/#breadcrumb"},"inLanguage":"fr-CA","potentialAction":[{"@type":"ReadAction","target":["https:\/\/badbuddhashop.com\/product\/mug-with-color-inside\/"]}]},{"@type":"ImageObject","inLanguage":"fr-CA","@id":"https:\/\/badbuddhashop.com\/product\/mug-with-color-inside\/#primaryimage","url":"https:\/\/badbuddhashop.com\/wp-content\/uploads\/2025\/07\/white-ceramic-mug-with-color-inside-black-11-oz-left-68756acc74ce0.jpg","contentUrl":"https:\/\/badbuddhashop.com\/wp-content\/uploads\/2025\/07\/white-ceramic-mug-with-color-inside-black-11-oz-left-68756acc74ce0.jpg","width":2000,"height":2000},{"@type":"BreadcrumbList","@id":"https:\/\/badbuddhashop.com\/product\/mug-with-color-inside\/#breadcrumb","itemListElement":[{"@type":"ListItem","position":1,"name":"Home","item":"https:\/\/badbuddhashop.com\/"},{"@type":"ListItem","position":2,"name":"Take Your Adventure To The Next Level","item":"https:\/\/badbuddhashop.com\/shop1\/"},{"@type":"ListItem","position":3,"name":"Brew More. Worry Less. Bad Buddha Zen AF Mug with Color Inside"}]},{"@type":"WebSite","@id":"https:\/\/badbuddhashop.com\/#website","url":"https:\/\/badbuddhashop.com\/","name":"Bad Buddha Shop","description":"","publisher":{"@id":"https:\/\/badbuddhashop.com\/#organization"},"potentialAction":[{"@type":"SearchAction","target":{"@type":"EntryPoint","urlTemplate":"https:\/\/badbuddhashop.com\/?s={search_term_string}"},"query-input":{"@type":"PropertyValueSpecification","valueRequired":true,"valueName":"search_term_string"}}],"inLanguage":"fr-CA"},{"@type":"Organization","@id":"https:\/\/badbuddhashop.com\/#organization","name":"Bad Buddha Shop","url":"https:\/\/badbuddhashop.com\/","logo":{"@type":"ImageObject","inLanguage":"fr-CA","@id":"https:\/\/badbuddhashop.com\/#\/schema\/logo\/image\/","url":"https:\/\/badbuddhashop.com\/wp-content\/uploads\/2025\/06\/logo-cropped.png","contentUrl":"https:\/\/badbuddhashop.com\/wp-content\/uploads\/2025\/06\/logo-cropped.png","width":1024,"height":1024,"caption":"Bad Buddha Shop"},"image":{"@id":"https:\/\/badbuddhashop.com\/#\/schema\/logo\/image\/"},"sameAs":["https:\/\/www.facebook.com\/profile.php?id=61577341044750","https:\/\/www.instagram.com\/bad_buddha_shop\/"]}]}},"_links":{"self":[{"href":"https:\/\/badbuddhashop.com\/fr\/wp-json\/wp\/v2\/product\/3154","targetHints":{"allow":["GET"]}}],"collection":[{"href":"https:\/\/badbuddhashop.com\/fr\/wp-json\/wp\/v2\/product"}],"about":[{"href":"https:\/\/badbuddhashop.com\/fr\/wp-json\/wp\/v2\/types\/product"}],"replies":[{"embeddable":true,"href":"https:\/\/badbuddhashop.com\/fr\/wp-json\/wp\/v2\/comments?post=3154"}],"wp:featuredmedia":[{"embeddable":true,"href":"https:\/\/badbuddhashop.com\/fr\/wp-json\/wp\/v2\/media\/3160"}],"wp:attachment":[{"href":"https:\/\/badbuddhashop.com\/fr\/wp-json\/wp\/v2\/media?parent=3154"}],"wp:term":[{"taxonomy":"product_brand","embeddable":true,"href":"https:\/\/badbuddhashop.com\/fr\/wp-json\/wp\/v2\/product_brand?post=3154"},{"taxonomy":"product_cat","embeddable":true,"href":"https:\/\/badbuddhashop.com\/fr\/wp-json\/wp\/v2\/product_cat?post=3154"},{"taxonomy":"product_tag","embeddable":true,"href":"https:\/\/badbuddhashop.com\/fr\/wp-json\/wp\/v2\/product_tag?post=3154"}],"curies":[{"name":"wp","href":"https:\/\/api.w.org\/{rel}","templated":true}]}}