{"id":3172,"date":"2025-07-15T12:46:50","date_gmt":"2025-07-15T12:46:50","guid":{"rendered":"https:\/\/badbuddhashop.com\/product\/laptop-sleeve\/"},"modified":"2025-07-22T19:47:08","modified_gmt":"2025-07-22T19:47:08","slug":"laptop-sleeve","status":"publish","type":"product","link":"https:\/\/badbuddhashop.com\/fr\/produit\/laptop-sleeve\/","title":{"rendered":"\u00c9veill\u00e9, organis\u00e9, styl\u00e9 \u2013 Pochette pour ordinateur Bad Buddha"},"content":{"rendered":"<p><strong>\u2728 Protection divine pour votre \u00e2me num\u00e9rique \u2728<\/strong><\/p>\n<p>Offrez \u00e0 votre portable l\u2019\u00e9treinte sacr\u00e9e de cette pochette c\u00e9leste \u2014 l\u00e9g\u00e8re, ajust\u00e9e, et b\u00e9nie par les dieux de la techno. Doubl\u00e9e de fourrure synth\u00e9tique plus douce qu\u2019un nuage au paradis et munie d\u2019une fermeture rembourr\u00e9e pour repousser les mauvais esprits (a.k.a. les \u00e9gratignures), cette pochette est l\u2019armure spirituelle de votre appareil.<\/p>\n<p>Faite de n\u00e9opr\u00e8ne \u2014 le saint trio de la r\u00e9sistance \u00e0 l\u2019eau, \u00e0 l\u2019huile et \u00e0 la chaleur \u2014 elle repousse les \u00e9l\u00e9ments comme un moine zen repousse les distractions. Que vous soyez en pleine qu\u00eate de productivit\u00e9 ou en m\u00e9ditation dans un caf\u00e9 avec Wi-Fi, votre portable reste illumin\u00e9, styl\u00e9, et pr\u00eat \u00e0 accomplir sa mission sacr\u00e9e.<\/p>\n<p><strong>Namast\u00e9, efficacit\u00e9.<\/strong><\/p>","protected":false},"excerpt":{"rendered":"<p>\u2728 Divine Protection for Your Digital Soul \u2728 Wrap your laptop in the sacred embrace of this celestial sleeve \u2014 a snug, lightweight guardian woven from the threads of the tech gods themselves. Lined with faux fur softer than a cloud in Nirvana and blessed with a padded zipper to ward off the demons of [&hellip;]<\/p>\n","protected":false},"featured_media":3173,"comment_status":"open","ping_status":"closed","template":"","meta":[],"product_brand":[],"product_cat":[33],"product_tag":[],"class_list":{"0":"post-3172","1":"product","2":"type-product","3":"status-publish","4":"has-post-thumbnail","6":"product_cat-accessories-canada","8":"first","9":"instock","10":"shipping-taxable","11":"purchasable","12":"product-type-simple"},"yoast_head":"<!-- This site is optimized with the Yoast SEO plugin v27.4 - https:\/\/yoast.com\/product\/yoast-seo-wordpress\/ -->\n<title>Enlightenment Inside (and also a laptop) - Bad Buddha Laptop Sleeve - Bad Buddha Shop<\/title>\n<meta name=\"robots\" content=\"index, follow, max-snippet:-1, max-image-preview:large, max-video-preview:-1\" \/>\n<link rel=\"canonical\" href=\"https:\/\/badbuddhashop.com\/fr\/produit\/laptop-sleeve\/\" \/>\n<meta property=\"og:locale\" content=\"fr_CA\" \/>\n<meta property=\"og:type\" content=\"article\" \/>\n<meta property=\"og:title\" content=\"Enlightenment Inside (and also a laptop) - Bad Buddha Laptop Sleeve - Bad Buddha Shop\" \/>\n<meta property=\"og:description\" content=\"\u2728 Divine Protection for Your Digital Soul \u2728 Wrap your laptop in the sacred embrace of this celestial sleeve \u2014 a snug, lightweight guardian woven from the threads of the tech gods themselves. Lined with faux fur softer than a cloud in Nirvana and blessed with a padded zipper to ward off the demons of [&hellip;]\" \/>\n<meta property=\"og:url\" content=\"https:\/\/badbuddhashop.com\/fr\/produit\/laptop-sleeve\/\" \/>\n<meta property=\"og:site_name\" content=\"Bad Buddha Shop\" \/>\n<meta property=\"article:publisher\" content=\"https:\/\/www.facebook.com\/profile.php?id=61577341044750\" \/>\n<meta property=\"article:modified_time\" content=\"2025-07-22T19:47:08+00:00\" \/>\n<meta property=\"og:image\" content=\"https:\/\/badbuddhashop.com\/wp-content\/uploads\/2025\/07\/laptop-sleeve-15-front-68764db75aae0.jpg\" \/>\n\t<meta property=\"og:image:width\" content=\"2000\" \/>\n\t<meta property=\"og:image:height\" content=\"2000\" \/>\n\t<meta property=\"og:image:type\" content=\"image\/jpeg\" \/>\n<meta name=\"twitter:card\" content=\"summary_large_image\" \/>\n<meta name=\"twitter:label1\" content=\"Estimation du temps de lecture\" \/>\n\t<meta name=\"twitter:data1\" content=\"1 minute\" \/>\n<script type=\"application\/ld+json\" class=\"yoast-schema-graph\">{\"@context\":\"https:\\\/\\\/schema.org\",\"@graph\":[{\"@type\":\"WebPage\",\"@id\":\"https:\\\/\\\/badbuddhashop.com\\\/product\\\/laptop-sleeve\\\/\",\"url\":\"https:\\\/\\\/badbuddhashop.com\\\/product\\\/laptop-sleeve\\\/\",\"name\":\"Enlightenment Inside (and also a laptop) - Bad Buddha Laptop Sleeve - Bad Buddha Shop\",\"isPartOf\":{\"@id\":\"https:\\\/\\\/badbuddhashop.com\\\/#website\"},\"primaryImageOfPage\":{\"@id\":\"https:\\\/\\\/badbuddhashop.com\\\/product\\\/laptop-sleeve\\\/#primaryimage\"},\"image\":{\"@id\":\"https:\\\/\\\/badbuddhashop.com\\\/product\\\/laptop-sleeve\\\/#primaryimage\"},\"thumbnailUrl\":\"https:\\\/\\\/badbuddhashop.com\\\/wp-content\\\/uploads\\\/2025\\\/07\\\/laptop-sleeve-15-front-68764db75aae0.jpg\",\"datePublished\":\"2025-07-15T12:46:50+00:00\",\"dateModified\":\"2025-07-22T19:47:08+00:00\",\"breadcrumb\":{\"@id\":\"https:\\\/\\\/badbuddhashop.com\\\/product\\\/laptop-sleeve\\\/#breadcrumb\"},\"inLanguage\":\"fr-CA\",\"potentialAction\":[{\"@type\":\"ReadAction\",\"target\":[\"https:\\\/\\\/badbuddhashop.com\\\/product\\\/laptop-sleeve\\\/\"]}]},{\"@type\":\"ImageObject\",\"inLanguage\":\"fr-CA\",\"@id\":\"https:\\\/\\\/badbuddhashop.com\\\/product\\\/laptop-sleeve\\\/#primaryimage\",\"url\":\"https:\\\/\\\/badbuddhashop.com\\\/wp-content\\\/uploads\\\/2025\\\/07\\\/laptop-sleeve-15-front-68764db75aae0.jpg\",\"contentUrl\":\"https:\\\/\\\/badbuddhashop.com\\\/wp-content\\\/uploads\\\/2025\\\/07\\\/laptop-sleeve-15-front-68764db75aae0.jpg\",\"width\":2000,\"height\":2000},{\"@type\":\"BreadcrumbList\",\"@id\":\"https:\\\/\\\/badbuddhashop.com\\\/product\\\/laptop-sleeve\\\/#breadcrumb\",\"itemListElement\":[{\"@type\":\"ListItem\",\"position\":1,\"name\":\"Home\",\"item\":\"https:\\\/\\\/badbuddhashop.com\\\/\"},{\"@type\":\"ListItem\",\"position\":2,\"name\":\"Take Your Adventure To The Next Level\",\"item\":\"https:\\\/\\\/badbuddhashop.com\\\/shop1\\\/\"},{\"@type\":\"ListItem\",\"position\":3,\"name\":\"Enlightenment Inside (and also a laptop) &#8211; Bad Buddha Laptop Sleeve\"}]},{\"@type\":\"WebSite\",\"@id\":\"https:\\\/\\\/badbuddhashop.com\\\/#website\",\"url\":\"https:\\\/\\\/badbuddhashop.com\\\/\",\"name\":\"Bad Buddha Shop\",\"description\":\"\",\"publisher\":{\"@id\":\"https:\\\/\\\/badbuddhashop.com\\\/#organization\"},\"potentialAction\":[{\"@type\":\"SearchAction\",\"target\":{\"@type\":\"EntryPoint\",\"urlTemplate\":\"https:\\\/\\\/badbuddhashop.com\\\/?s={search_term_string}\"},\"query-input\":{\"@type\":\"PropertyValueSpecification\",\"valueRequired\":true,\"valueName\":\"search_term_string\"}}],\"inLanguage\":\"fr-CA\"},{\"@type\":\"Organization\",\"@id\":\"https:\\\/\\\/badbuddhashop.com\\\/#organization\",\"name\":\"Bad Buddha Shop\",\"url\":\"https:\\\/\\\/badbuddhashop.com\\\/\",\"logo\":{\"@type\":\"ImageObject\",\"inLanguage\":\"fr-CA\",\"@id\":\"https:\\\/\\\/badbuddhashop.com\\\/#\\\/schema\\\/logo\\\/image\\\/\",\"url\":\"https:\\\/\\\/badbuddhashop.com\\\/wp-content\\\/uploads\\\/2025\\\/06\\\/logo-cropped.png\",\"contentUrl\":\"https:\\\/\\\/badbuddhashop.com\\\/wp-content\\\/uploads\\\/2025\\\/06\\\/logo-cropped.png\",\"width\":1024,\"height\":1024,\"caption\":\"Bad Buddha Shop\"},\"image\":{\"@id\":\"https:\\\/\\\/badbuddhashop.com\\\/#\\\/schema\\\/logo\\\/image\\\/\"},\"sameAs\":[\"https:\\\/\\\/www.facebook.com\\\/profile.php?id=61577341044750\",\"https:\\\/\\\/www.instagram.com\\\/bad_buddha_shop\\\/\"]}]}<\/script>\n<!-- \/ Yoast SEO plugin. -->","yoast_head_json":{"title":"Enlightenment Inside (and also a laptop) - Bad Buddha Laptop Sleeve - Bad Buddha Shop","robots":{"index":"index","follow":"follow","max-snippet":"max-snippet:-1","max-image-preview":"max-image-preview:large","max-video-preview":"max-video-preview:-1"},"canonical":"https:\/\/badbuddhashop.com\/fr\/produit\/laptop-sleeve\/","og_locale":"fr_CA","og_type":"article","og_title":"Enlightenment Inside (and also a laptop) - Bad Buddha Laptop Sleeve - Bad Buddha Shop","og_description":"\u2728 Divine Protection for Your Digital Soul \u2728 Wrap your laptop in the sacred embrace of this celestial sleeve \u2014 a snug, lightweight guardian woven from the threads of the tech gods themselves. Lined with faux fur softer than a cloud in Nirvana and blessed with a padded zipper to ward off the demons of [&hellip;]","og_url":"https:\/\/badbuddhashop.com\/fr\/produit\/laptop-sleeve\/","og_site_name":"Bad Buddha Shop","article_publisher":"https:\/\/www.facebook.com\/profile.php?id=61577341044750","article_modified_time":"2025-07-22T19:47:08+00:00","og_image":[{"width":2000,"height":2000,"url":"https:\/\/badbuddhashop.com\/wp-content\/uploads\/2025\/07\/laptop-sleeve-15-front-68764db75aae0.jpg","type":"image\/jpeg"}],"twitter_card":"summary_large_image","twitter_misc":{"Estimation du temps de lecture":"1 minute"},"schema":{"@context":"https:\/\/schema.org","@graph":[{"@type":"WebPage","@id":"https:\/\/badbuddhashop.com\/product\/laptop-sleeve\/","url":"https:\/\/badbuddhashop.com\/product\/laptop-sleeve\/","name":"Enlightenment Inside (and also a laptop) - Bad Buddha Laptop Sleeve - Bad Buddha Shop","isPartOf":{"@id":"https:\/\/badbuddhashop.com\/#website"},"primaryImageOfPage":{"@id":"https:\/\/badbuddhashop.com\/product\/laptop-sleeve\/#primaryimage"},"image":{"@id":"https:\/\/badbuddhashop.com\/product\/laptop-sleeve\/#primaryimage"},"thumbnailUrl":"https:\/\/badbuddhashop.com\/wp-content\/uploads\/2025\/07\/laptop-sleeve-15-front-68764db75aae0.jpg","datePublished":"2025-07-15T12:46:50+00:00","dateModified":"2025-07-22T19:47:08+00:00","breadcrumb":{"@id":"https:\/\/badbuddhashop.com\/product\/laptop-sleeve\/#breadcrumb"},"inLanguage":"fr-CA","potentialAction":[{"@type":"ReadAction","target":["https:\/\/badbuddhashop.com\/product\/laptop-sleeve\/"]}]},{"@type":"ImageObject","inLanguage":"fr-CA","@id":"https:\/\/badbuddhashop.com\/product\/laptop-sleeve\/#primaryimage","url":"https:\/\/badbuddhashop.com\/wp-content\/uploads\/2025\/07\/laptop-sleeve-15-front-68764db75aae0.jpg","contentUrl":"https:\/\/badbuddhashop.com\/wp-content\/uploads\/2025\/07\/laptop-sleeve-15-front-68764db75aae0.jpg","width":2000,"height":2000},{"@type":"BreadcrumbList","@id":"https:\/\/badbuddhashop.com\/product\/laptop-sleeve\/#breadcrumb","itemListElement":[{"@type":"ListItem","position":1,"name":"Home","item":"https:\/\/badbuddhashop.com\/"},{"@type":"ListItem","position":2,"name":"Take Your Adventure To The Next Level","item":"https:\/\/badbuddhashop.com\/shop1\/"},{"@type":"ListItem","position":3,"name":"Enlightenment Inside (and also a laptop) &#8211; Bad Buddha Laptop Sleeve"}]},{"@type":"WebSite","@id":"https:\/\/badbuddhashop.com\/#website","url":"https:\/\/badbuddhashop.com\/","name":"Bad Buddha Shop","description":"","publisher":{"@id":"https:\/\/badbuddhashop.com\/#organization"},"potentialAction":[{"@type":"SearchAction","target":{"@type":"EntryPoint","urlTemplate":"https:\/\/badbuddhashop.com\/?s={search_term_string}"},"query-input":{"@type":"PropertyValueSpecification","valueRequired":true,"valueName":"search_term_string"}}],"inLanguage":"fr-CA"},{"@type":"Organization","@id":"https:\/\/badbuddhashop.com\/#organization","name":"Bad Buddha Shop","url":"https:\/\/badbuddhashop.com\/","logo":{"@type":"ImageObject","inLanguage":"fr-CA","@id":"https:\/\/badbuddhashop.com\/#\/schema\/logo\/image\/","url":"https:\/\/badbuddhashop.com\/wp-content\/uploads\/2025\/06\/logo-cropped.png","contentUrl":"https:\/\/badbuddhashop.com\/wp-content\/uploads\/2025\/06\/logo-cropped.png","width":1024,"height":1024,"caption":"Bad Buddha Shop"},"image":{"@id":"https:\/\/badbuddhashop.com\/#\/schema\/logo\/image\/"},"sameAs":["https:\/\/www.facebook.com\/profile.php?id=61577341044750","https:\/\/www.instagram.com\/bad_buddha_shop\/"]}]}},"_links":{"self":[{"href":"https:\/\/badbuddhashop.com\/fr\/wp-json\/wp\/v2\/product\/3172","targetHints":{"allow":["GET"]}}],"collection":[{"href":"https:\/\/badbuddhashop.com\/fr\/wp-json\/wp\/v2\/product"}],"about":[{"href":"https:\/\/badbuddhashop.com\/fr\/wp-json\/wp\/v2\/types\/product"}],"replies":[{"embeddable":true,"href":"https:\/\/badbuddhashop.com\/fr\/wp-json\/wp\/v2\/comments?post=3172"}],"wp:featuredmedia":[{"embeddable":true,"href":"https:\/\/badbuddhashop.com\/fr\/wp-json\/wp\/v2\/media\/3173"}],"wp:attachment":[{"href":"https:\/\/badbuddhashop.com\/fr\/wp-json\/wp\/v2\/media?parent=3172"}],"wp:term":[{"taxonomy":"product_brand","embeddable":true,"href":"https:\/\/badbuddhashop.com\/fr\/wp-json\/wp\/v2\/product_brand?post=3172"},{"taxonomy":"product_cat","embeddable":true,"href":"https:\/\/badbuddhashop.com\/fr\/wp-json\/wp\/v2\/product_cat?post=3172"},{"taxonomy":"product_tag","embeddable":true,"href":"https:\/\/badbuddhashop.com\/fr\/wp-json\/wp\/v2\/product_tag?post=3172"}],"curies":[{"name":"wp","href":"https:\/\/api.w.org\/{rel}","templated":true}]}}