{"id":3238,"date":"2025-07-15T15:45:08","date_gmt":"2025-07-15T15:45:08","guid":{"rendered":"https:\/\/badbuddhashop.com\/product\/travel-mug-with-a-handle\/"},"modified":"2025-07-17T13:59:26","modified_gmt":"2025-07-17T13:59:26","slug":"travel-mug-with-a-handle","status":"publish","type":"product","link":"https:\/\/badbuddhashop.com\/fr\/produit\/travel-mug-with-a-handle\/","title":{"rendered":"Caf\u00e9in\u00e9 et \u00e9lev\u00e9 \u2013 Mug de voyage avec poign\u00e9e Bad Buddha"},"content":{"rendered":"<p>Savourez avec style et confort gr\u00e2ce \u00e0 cette tasse de voyage haut de gamme.\nAvec son design \u00e9l\u00e9gant et r\u00e9sistant, vous adorerez l\u2019emporter partout avec vous. Elle s\u2019adapte \u00e0 la plupart des porte-gobelets de voiture et est dot\u00e9e d\u2019un couvercle en plastique anti-\u00e9claboussures. Que ce soit pour vos trajets quotidiens ou vos aventures du week-end, cette tasse gardera votre boisson en s\u00e9curit\u00e9 et \u00e0 la temp\u00e9rature id\u00e9ale.<\/p>\n<p>\u2022 Fabriqu\u00e9e en acier inoxydable<br \/>\n\u2022 Fabriqu\u00e9e avec des mat\u00e9riaux sans plomb et sans BPA<br \/>\n\u2022 Lavage \u00e0 la main uniquement<br \/>\n\u2022 Produit vierge provenant de la Chine<\/p>\n<p>Contenance : 25 oz (739 ml)<\/p>\n<p>\u2022 Height: 7.9\u2033 (20 cm)<br \/>\n\u2022 Diam\u00e8tre sup\u00e9rieur : 3,3\u2033 (8,4 cm)<br \/>\n\u2022 Diam\u00e8tre inf\u00e9rieur : 2,7\u2033 (7 cm)<br \/>\n\u2022 Livr\u00e9e avec un couvercle en plastique \u00e0 pression<\/p>\n<p>\u2022 Contenance : 40 oz (1183 ml)<\/p>\n<p>\u2022 Hauteur : 10,4\u2033 (26,5 cm)<br \/>\n\u2022 Diam\u00e8tre sup\u00e9rieur : 3.9\u2033 (9.9 cm)<br \/>\n\u2022 Diam\u00e8tre inf\u00e9rieur : 2.9\u2033 (7.4 cm)<br \/>\n\u2022 Livr\u00e9e avec une paille en plastique et un couvercle \u00e0 visser<\/p>\n<p>Attention : pour \u00e9viter l'accumulation de pression due \u00e0 la vapeur, ouvrez toujours le couvercle avant de le placer sur une boisson chaude.<\/p>\n<p>Ce produit est fabriqu\u00e9 sp\u00e9cialement pour vous d\u00e8s que vous passez commande, c\u2019est pourquoi la livraison peut prendre un peu plus de temps. Produire \u00e0 la demande plut\u00f4t qu\u2019en grande quantit\u00e9 permet de r\u00e9duire la surproduction \u2014 merci de faire des choix d\u2019achat r\u00e9fl\u00e9chis\u202f!<\/p>","protected":false},"excerpt":{"rendered":"<p>Sip in style and comfort with an elevated travel mug. With its sleek and durable design, you\u2019ll love taking this mug wherever you go. It fits into most car cup holders and has a spill-proof plastic lid. Commute to work or go on new adventures\u2014this travel mug will keep your beverage safe and at just [&hellip;]<\/p>\n","protected":false},"featured_media":3800,"comment_status":"open","ping_status":"closed","template":"","meta":[],"product_brand":[],"product_cat":[34],"product_tag":[],"class_list":{"0":"post-3238","1":"product","2":"type-product","3":"status-publish","4":"has-post-thumbnail","6":"product_cat-home-living-canada","8":"first","9":"instock","10":"shipping-taxable","11":"purchasable","12":"product-type-variable","13":"has-default-attributes"},"yoast_head":"<!-- This site is optimized with the Yoast SEO plugin v27.4 - https:\/\/yoast.com\/product\/yoast-seo-wordpress\/ -->\n<title>Caffeinate &amp; Elevate with Bad Buddha Travel mug with a handle - Bad Buddha Shop<\/title>\n<meta name=\"robots\" content=\"index, follow, max-snippet:-1, max-image-preview:large, max-video-preview:-1\" \/>\n<link rel=\"canonical\" href=\"https:\/\/badbuddhashop.com\/fr\/produit\/travel-mug-with-a-handle\/\" \/>\n<meta property=\"og:locale\" content=\"fr_CA\" \/>\n<meta property=\"og:type\" content=\"article\" \/>\n<meta property=\"og:title\" content=\"Caffeinate &amp; Elevate with Bad Buddha Travel mug with a handle - Bad Buddha Shop\" \/>\n<meta property=\"og:description\" content=\"Sip in style and comfort with an elevated travel mug. With its sleek and durable design, you\u2019ll love taking this mug wherever you go. It fits into most car cup holders and has a spill-proof plastic lid. Commute to work or go on new adventures\u2014this travel mug will keep your beverage safe and at just [&hellip;]\" \/>\n<meta property=\"og:url\" content=\"https:\/\/badbuddhashop.com\/fr\/produit\/travel-mug-with-a-handle\/\" \/>\n<meta property=\"og:site_name\" content=\"Bad Buddha Shop\" \/>\n<meta property=\"article:publisher\" content=\"https:\/\/www.facebook.com\/profile.php?id=61577341044750\" \/>\n<meta property=\"article:modified_time\" content=\"2025-07-17T13:59:26+00:00\" \/>\n<meta property=\"og:image\" content=\"https:\/\/badbuddhashop.com\/wp-content\/uploads\/2025\/07\/43110adc2f8a0d904f5809fffd6574cd.jpg\" \/>\n\t<meta property=\"og:image:width\" content=\"2000\" \/>\n\t<meta property=\"og:image:height\" content=\"2000\" \/>\n\t<meta property=\"og:image:type\" content=\"image\/jpeg\" \/>\n<meta name=\"twitter:card\" content=\"summary_large_image\" \/>\n<meta name=\"twitter:label1\" content=\"Estimation du temps de lecture\" \/>\n\t<meta name=\"twitter:data1\" content=\"1 minute\" \/>\n<script type=\"application\/ld+json\" class=\"yoast-schema-graph\">{\"@context\":\"https:\\\/\\\/schema.org\",\"@graph\":[{\"@type\":\"WebPage\",\"@id\":\"https:\\\/\\\/badbuddhashop.com\\\/product\\\/travel-mug-with-a-handle\\\/\",\"url\":\"https:\\\/\\\/badbuddhashop.com\\\/product\\\/travel-mug-with-a-handle\\\/\",\"name\":\"Caffeinate &amp; Elevate with Bad Buddha Travel mug with a handle - Bad Buddha Shop\",\"isPartOf\":{\"@id\":\"https:\\\/\\\/badbuddhashop.com\\\/#website\"},\"primaryImageOfPage\":{\"@id\":\"https:\\\/\\\/badbuddhashop.com\\\/product\\\/travel-mug-with-a-handle\\\/#primaryimage\"},\"image\":{\"@id\":\"https:\\\/\\\/badbuddhashop.com\\\/product\\\/travel-mug-with-a-handle\\\/#primaryimage\"},\"thumbnailUrl\":\"https:\\\/\\\/badbuddhashop.com\\\/wp-content\\\/uploads\\\/2025\\\/07\\\/43110adc2f8a0d904f5809fffd6574cd.jpg\",\"datePublished\":\"2025-07-15T15:45:08+00:00\",\"dateModified\":\"2025-07-17T13:59:26+00:00\",\"breadcrumb\":{\"@id\":\"https:\\\/\\\/badbuddhashop.com\\\/product\\\/travel-mug-with-a-handle\\\/#breadcrumb\"},\"inLanguage\":\"fr-CA\",\"potentialAction\":[{\"@type\":\"ReadAction\",\"target\":[\"https:\\\/\\\/badbuddhashop.com\\\/product\\\/travel-mug-with-a-handle\\\/\"]}]},{\"@type\":\"ImageObject\",\"inLanguage\":\"fr-CA\",\"@id\":\"https:\\\/\\\/badbuddhashop.com\\\/product\\\/travel-mug-with-a-handle\\\/#primaryimage\",\"url\":\"https:\\\/\\\/badbuddhashop.com\\\/wp-content\\\/uploads\\\/2025\\\/07\\\/43110adc2f8a0d904f5809fffd6574cd.jpg\",\"contentUrl\":\"https:\\\/\\\/badbuddhashop.com\\\/wp-content\\\/uploads\\\/2025\\\/07\\\/43110adc2f8a0d904f5809fffd6574cd.jpg\",\"width\":2000,\"height\":2000},{\"@type\":\"BreadcrumbList\",\"@id\":\"https:\\\/\\\/badbuddhashop.com\\\/product\\\/travel-mug-with-a-handle\\\/#breadcrumb\",\"itemListElement\":[{\"@type\":\"ListItem\",\"position\":1,\"name\":\"Home\",\"item\":\"https:\\\/\\\/badbuddhashop.com\\\/\"},{\"@type\":\"ListItem\",\"position\":2,\"name\":\"Take Your Adventure To The Next Level\",\"item\":\"https:\\\/\\\/badbuddhashop.com\\\/shop1\\\/\"},{\"@type\":\"ListItem\",\"position\":3,\"name\":\"Caffeinate &amp; Elevate with Bad Buddha Travel mug with a handle\"}]},{\"@type\":\"WebSite\",\"@id\":\"https:\\\/\\\/badbuddhashop.com\\\/#website\",\"url\":\"https:\\\/\\\/badbuddhashop.com\\\/\",\"name\":\"Bad Buddha Shop\",\"description\":\"\",\"publisher\":{\"@id\":\"https:\\\/\\\/badbuddhashop.com\\\/#organization\"},\"potentialAction\":[{\"@type\":\"SearchAction\",\"target\":{\"@type\":\"EntryPoint\",\"urlTemplate\":\"https:\\\/\\\/badbuddhashop.com\\\/?s={search_term_string}\"},\"query-input\":{\"@type\":\"PropertyValueSpecification\",\"valueRequired\":true,\"valueName\":\"search_term_string\"}}],\"inLanguage\":\"fr-CA\"},{\"@type\":\"Organization\",\"@id\":\"https:\\\/\\\/badbuddhashop.com\\\/#organization\",\"name\":\"Bad Buddha Shop\",\"url\":\"https:\\\/\\\/badbuddhashop.com\\\/\",\"logo\":{\"@type\":\"ImageObject\",\"inLanguage\":\"fr-CA\",\"@id\":\"https:\\\/\\\/badbuddhashop.com\\\/#\\\/schema\\\/logo\\\/image\\\/\",\"url\":\"https:\\\/\\\/badbuddhashop.com\\\/wp-content\\\/uploads\\\/2025\\\/06\\\/logo-cropped.png\",\"contentUrl\":\"https:\\\/\\\/badbuddhashop.com\\\/wp-content\\\/uploads\\\/2025\\\/06\\\/logo-cropped.png\",\"width\":1024,\"height\":1024,\"caption\":\"Bad Buddha Shop\"},\"image\":{\"@id\":\"https:\\\/\\\/badbuddhashop.com\\\/#\\\/schema\\\/logo\\\/image\\\/\"},\"sameAs\":[\"https:\\\/\\\/www.facebook.com\\\/profile.php?id=61577341044750\",\"https:\\\/\\\/www.instagram.com\\\/bad_buddha_shop\\\/\"]}]}<\/script>\n<!-- \/ Yoast SEO plugin. -->","yoast_head_json":{"title":"Caffeinate &amp; Elevate with Bad Buddha Travel mug with a handle - Bad Buddha Shop","robots":{"index":"index","follow":"follow","max-snippet":"max-snippet:-1","max-image-preview":"max-image-preview:large","max-video-preview":"max-video-preview:-1"},"canonical":"https:\/\/badbuddhashop.com\/fr\/produit\/travel-mug-with-a-handle\/","og_locale":"fr_CA","og_type":"article","og_title":"Caffeinate &amp; Elevate with Bad Buddha Travel mug with a handle - Bad Buddha Shop","og_description":"Sip in style and comfort with an elevated travel mug. With its sleek and durable design, you\u2019ll love taking this mug wherever you go. It fits into most car cup holders and has a spill-proof plastic lid. Commute to work or go on new adventures\u2014this travel mug will keep your beverage safe and at just [&hellip;]","og_url":"https:\/\/badbuddhashop.com\/fr\/produit\/travel-mug-with-a-handle\/","og_site_name":"Bad Buddha Shop","article_publisher":"https:\/\/www.facebook.com\/profile.php?id=61577341044750","article_modified_time":"2025-07-17T13:59:26+00:00","og_image":[{"width":2000,"height":2000,"url":"https:\/\/badbuddhashop.com\/wp-content\/uploads\/2025\/07\/43110adc2f8a0d904f5809fffd6574cd.jpg","type":"image\/jpeg"}],"twitter_card":"summary_large_image","twitter_misc":{"Estimation du temps de lecture":"1 minute"},"schema":{"@context":"https:\/\/schema.org","@graph":[{"@type":"WebPage","@id":"https:\/\/badbuddhashop.com\/product\/travel-mug-with-a-handle\/","url":"https:\/\/badbuddhashop.com\/product\/travel-mug-with-a-handle\/","name":"Caffeinate &amp; Elevate with Bad Buddha Travel mug with a handle - Bad Buddha Shop","isPartOf":{"@id":"https:\/\/badbuddhashop.com\/#website"},"primaryImageOfPage":{"@id":"https:\/\/badbuddhashop.com\/product\/travel-mug-with-a-handle\/#primaryimage"},"image":{"@id":"https:\/\/badbuddhashop.com\/product\/travel-mug-with-a-handle\/#primaryimage"},"thumbnailUrl":"https:\/\/badbuddhashop.com\/wp-content\/uploads\/2025\/07\/43110adc2f8a0d904f5809fffd6574cd.jpg","datePublished":"2025-07-15T15:45:08+00:00","dateModified":"2025-07-17T13:59:26+00:00","breadcrumb":{"@id":"https:\/\/badbuddhashop.com\/product\/travel-mug-with-a-handle\/#breadcrumb"},"inLanguage":"fr-CA","potentialAction":[{"@type":"ReadAction","target":["https:\/\/badbuddhashop.com\/product\/travel-mug-with-a-handle\/"]}]},{"@type":"ImageObject","inLanguage":"fr-CA","@id":"https:\/\/badbuddhashop.com\/product\/travel-mug-with-a-handle\/#primaryimage","url":"https:\/\/badbuddhashop.com\/wp-content\/uploads\/2025\/07\/43110adc2f8a0d904f5809fffd6574cd.jpg","contentUrl":"https:\/\/badbuddhashop.com\/wp-content\/uploads\/2025\/07\/43110adc2f8a0d904f5809fffd6574cd.jpg","width":2000,"height":2000},{"@type":"BreadcrumbList","@id":"https:\/\/badbuddhashop.com\/product\/travel-mug-with-a-handle\/#breadcrumb","itemListElement":[{"@type":"ListItem","position":1,"name":"Home","item":"https:\/\/badbuddhashop.com\/"},{"@type":"ListItem","position":2,"name":"Take Your Adventure To The Next Level","item":"https:\/\/badbuddhashop.com\/shop1\/"},{"@type":"ListItem","position":3,"name":"Caffeinate &amp; Elevate with Bad Buddha Travel mug with a handle"}]},{"@type":"WebSite","@id":"https:\/\/badbuddhashop.com\/#website","url":"https:\/\/badbuddhashop.com\/","name":"Bad Buddha Shop","description":"","publisher":{"@id":"https:\/\/badbuddhashop.com\/#organization"},"potentialAction":[{"@type":"SearchAction","target":{"@type":"EntryPoint","urlTemplate":"https:\/\/badbuddhashop.com\/?s={search_term_string}"},"query-input":{"@type":"PropertyValueSpecification","valueRequired":true,"valueName":"search_term_string"}}],"inLanguage":"fr-CA"},{"@type":"Organization","@id":"https:\/\/badbuddhashop.com\/#organization","name":"Bad Buddha Shop","url":"https:\/\/badbuddhashop.com\/","logo":{"@type":"ImageObject","inLanguage":"fr-CA","@id":"https:\/\/badbuddhashop.com\/#\/schema\/logo\/image\/","url":"https:\/\/badbuddhashop.com\/wp-content\/uploads\/2025\/06\/logo-cropped.png","contentUrl":"https:\/\/badbuddhashop.com\/wp-content\/uploads\/2025\/06\/logo-cropped.png","width":1024,"height":1024,"caption":"Bad Buddha Shop"},"image":{"@id":"https:\/\/badbuddhashop.com\/#\/schema\/logo\/image\/"},"sameAs":["https:\/\/www.facebook.com\/profile.php?id=61577341044750","https:\/\/www.instagram.com\/bad_buddha_shop\/"]}]}},"_links":{"self":[{"href":"https:\/\/badbuddhashop.com\/fr\/wp-json\/wp\/v2\/product\/3238","targetHints":{"allow":["GET"]}}],"collection":[{"href":"https:\/\/badbuddhashop.com\/fr\/wp-json\/wp\/v2\/product"}],"about":[{"href":"https:\/\/badbuddhashop.com\/fr\/wp-json\/wp\/v2\/types\/product"}],"replies":[{"embeddable":true,"href":"https:\/\/badbuddhashop.com\/fr\/wp-json\/wp\/v2\/comments?post=3238"}],"wp:featuredmedia":[{"embeddable":true,"href":"https:\/\/badbuddhashop.com\/fr\/wp-json\/wp\/v2\/media\/3800"}],"wp:attachment":[{"href":"https:\/\/badbuddhashop.com\/fr\/wp-json\/wp\/v2\/media?parent=3238"}],"wp:term":[{"taxonomy":"product_brand","embeddable":true,"href":"https:\/\/badbuddhashop.com\/fr\/wp-json\/wp\/v2\/product_brand?post=3238"},{"taxonomy":"product_cat","embeddable":true,"href":"https:\/\/badbuddhashop.com\/fr\/wp-json\/wp\/v2\/product_cat?post=3238"},{"taxonomy":"product_tag","embeddable":true,"href":"https:\/\/badbuddhashop.com\/fr\/wp-json\/wp\/v2\/product_tag?post=3238"}],"curies":[{"name":"wp","href":"https:\/\/api.w.org\/{rel}","templated":true}]}}