{"id":3300,"date":"2025-07-15T16:03:34","date_gmt":"2025-07-15T16:03:34","guid":{"rendered":"https:\/\/badbuddhashop.com\/product\/i-manifested-this-tank-top-bad-buddha-womens-racerback-tank\/"},"modified":"2025-07-22T19:18:56","modified_gmt":"2025-07-22T19:18:56","slug":"i-manifested-this-tank-top-bad-buddha-womens-racerback-tank","status":"publish","type":"product","link":"https:\/\/badbuddhashop.com\/fr\/produit\/i-manifested-this-tank-top-bad-buddha-womens-racerback-tank\/","title":{"rendered":"J\u2019ai manifest\u00e9 cette camisole \u2013 Camisole pour femme Bad Buddha"},"content":{"rendered":"<p>Douce, l\u00e9g\u00e8re et flatteuse \u2014 cette camisole, c\u2019est un peu comme dire : \u00ab J\u2019me suis lev\u00e9e comme \u00e7a \u00bb (mais avec style). Avec ses coutures brutes pour un look\u00a0<em>je suis zen, mais j\u2019ai du mordant,<\/em>\u00a0elle est parfaite pour tout : du yoga au brunch, en passant par faire semblant de ranger ton appart.<\/p>\n<p>Faite d\u2019un m\u00e9lange magique de polyester, coton et rayonne, elle te colle \u00e0 la peau comme une meilleure amie qui te hype tout en te laissant respirer. Elle \u00e9pouse tes formes, te laisse bouger, pis elle est juste assez rebelle pour rendre tes autres tops jaloux.<\/p>\n<p>\u2728\u00a0<strong>Caract\u00e9ristiques qui frappent :<\/strong><\/p>\n<ul>\n<li>50 % polyester, 25 % coton peign\u00e9, 25 % rayonne \u2014 la sainte trinit\u00e9 du confort<\/li>\n<li>Tissu l\u00e9ger comme ton horaire un vendredi apr\u00e8s-midi<\/li>\n<li>Pr\u00e9-lav\u00e9e pour \u00e9viter les drames de r\u00e9tr\u00e9cissement (on a toutes v\u00e9cu \u00e7a)<\/li>\n<li>Coutures brutes pour un style \u201cje suis relax, mais j\u2019ai du caract\u00e8re\u201d<\/li>\n<\/ul>\n<p>Porte-la au gym, au caf\u00e9, ou pendant que tu m\u00e9dites sur ta to-do list sans jamais la faire. Cette camisole ne juge pas \u2014 elle te fait juste bien para\u00eetre.<\/p>","protected":false},"excerpt":{"rendered":"<p>Soft, lightweight, and form-fitting \u2014 this tank is basically the clothing version of \u201cI woke up like this.\u201d With raw edge seams for that\u00a0I\u2019m edgy but still moisturized\u00a0vibe, it\u2019s perfect for everything from downward dogs to dramatic exits. Made from a magical blend of polyester, cotton, and rayon, this tank hugs you like a supportive [&hellip;]<\/p>\n","protected":false},"featured_media":3339,"comment_status":"open","ping_status":"closed","template":"","meta":[],"product_brand":[],"product_cat":[32],"product_tag":[],"class_list":{"0":"post-3300","1":"product","2":"type-product","3":"status-publish","4":"has-post-thumbnail","6":"product_cat-clothing-canada","8":"first","9":"instock","10":"shipping-taxable","11":"purchasable","12":"product-type-variable"},"yoast_head":"<!-- This site is optimized with the Yoast SEO plugin v27.4 - https:\/\/yoast.com\/product\/yoast-seo-wordpress\/ -->\n<title>I Manifested This Tank Top - Bad Buddha Women&#039;s Racerback Tank - Bad Buddha Shop<\/title>\n<meta name=\"robots\" content=\"index, follow, max-snippet:-1, max-image-preview:large, max-video-preview:-1\" \/>\n<link rel=\"canonical\" href=\"https:\/\/badbuddhashop.com\/fr\/produit\/i-manifested-this-tank-top-bad-buddha-womens-racerback-tank\/\" \/>\n<meta property=\"og:locale\" content=\"fr_CA\" \/>\n<meta property=\"og:type\" content=\"article\" \/>\n<meta property=\"og:title\" content=\"I Manifested This Tank Top - Bad Buddha Women&#039;s Racerback Tank - Bad Buddha Shop\" \/>\n<meta property=\"og:description\" content=\"Soft, lightweight, and form-fitting \u2014 this tank is basically the clothing version of \u201cI woke up like this.\u201d With raw edge seams for that\u00a0I\u2019m edgy but still moisturized\u00a0vibe, it\u2019s perfect for everything from downward dogs to dramatic exits. Made from a magical blend of polyester, cotton, and rayon, this tank hugs you like a supportive [&hellip;]\" \/>\n<meta property=\"og:url\" content=\"https:\/\/badbuddhashop.com\/fr\/produit\/i-manifested-this-tank-top-bad-buddha-womens-racerback-tank\/\" \/>\n<meta property=\"og:site_name\" content=\"Bad Buddha Shop\" \/>\n<meta property=\"article:publisher\" content=\"https:\/\/www.facebook.com\/profile.php?id=61577341044750\" \/>\n<meta property=\"article:modified_time\" content=\"2025-07-22T19:18:56+00:00\" \/>\n<meta property=\"og:image\" content=\"https:\/\/badbuddhashop.com\/wp-content\/uploads\/2025\/07\/womens-racerback-tank-top-vintage-red-front-68767bce92f33.jpg\" \/>\n\t<meta property=\"og:image:width\" content=\"1000\" \/>\n\t<meta property=\"og:image:height\" content=\"1000\" \/>\n\t<meta property=\"og:image:type\" content=\"image\/jpeg\" \/>\n<meta name=\"twitter:card\" content=\"summary_large_image\" \/>\n<meta name=\"twitter:label1\" content=\"Estimation du temps de lecture\" \/>\n\t<meta name=\"twitter:data1\" content=\"1 minute\" \/>\n<script type=\"application\/ld+json\" class=\"yoast-schema-graph\">{\"@context\":\"https:\\\/\\\/schema.org\",\"@graph\":[{\"@type\":\"WebPage\",\"@id\":\"https:\\\/\\\/badbuddhashop.com\\\/product\\\/i-manifested-this-tank-top-bad-buddha-womens-racerback-tank\\\/\",\"url\":\"https:\\\/\\\/badbuddhashop.com\\\/product\\\/i-manifested-this-tank-top-bad-buddha-womens-racerback-tank\\\/\",\"name\":\"I Manifested This Tank Top - Bad Buddha Women's Racerback Tank - Bad Buddha Shop\",\"isPartOf\":{\"@id\":\"https:\\\/\\\/badbuddhashop.com\\\/#website\"},\"primaryImageOfPage\":{\"@id\":\"https:\\\/\\\/badbuddhashop.com\\\/product\\\/i-manifested-this-tank-top-bad-buddha-womens-racerback-tank\\\/#primaryimage\"},\"image\":{\"@id\":\"https:\\\/\\\/badbuddhashop.com\\\/product\\\/i-manifested-this-tank-top-bad-buddha-womens-racerback-tank\\\/#primaryimage\"},\"thumbnailUrl\":\"https:\\\/\\\/badbuddhashop.com\\\/wp-content\\\/uploads\\\/2025\\\/07\\\/womens-racerback-tank-top-vintage-red-front-68767bce92f33.jpg\",\"datePublished\":\"2025-07-15T16:03:34+00:00\",\"dateModified\":\"2025-07-22T19:18:56+00:00\",\"breadcrumb\":{\"@id\":\"https:\\\/\\\/badbuddhashop.com\\\/product\\\/i-manifested-this-tank-top-bad-buddha-womens-racerback-tank\\\/#breadcrumb\"},\"inLanguage\":\"fr-CA\",\"potentialAction\":[{\"@type\":\"ReadAction\",\"target\":[\"https:\\\/\\\/badbuddhashop.com\\\/product\\\/i-manifested-this-tank-top-bad-buddha-womens-racerback-tank\\\/\"]}]},{\"@type\":\"ImageObject\",\"inLanguage\":\"fr-CA\",\"@id\":\"https:\\\/\\\/badbuddhashop.com\\\/product\\\/i-manifested-this-tank-top-bad-buddha-womens-racerback-tank\\\/#primaryimage\",\"url\":\"https:\\\/\\\/badbuddhashop.com\\\/wp-content\\\/uploads\\\/2025\\\/07\\\/womens-racerback-tank-top-vintage-red-front-68767bce92f33.jpg\",\"contentUrl\":\"https:\\\/\\\/badbuddhashop.com\\\/wp-content\\\/uploads\\\/2025\\\/07\\\/womens-racerback-tank-top-vintage-red-front-68767bce92f33.jpg\",\"width\":1000,\"height\":1000},{\"@type\":\"BreadcrumbList\",\"@id\":\"https:\\\/\\\/badbuddhashop.com\\\/product\\\/i-manifested-this-tank-top-bad-buddha-womens-racerback-tank\\\/#breadcrumb\",\"itemListElement\":[{\"@type\":\"ListItem\",\"position\":1,\"name\":\"Home\",\"item\":\"https:\\\/\\\/badbuddhashop.com\\\/\"},{\"@type\":\"ListItem\",\"position\":2,\"name\":\"Take Your Adventure To The Next Level\",\"item\":\"https:\\\/\\\/badbuddhashop.com\\\/shop1\\\/\"},{\"@type\":\"ListItem\",\"position\":3,\"name\":\"I Manifested This Tank Top &#8211; Bad Buddha Women&#8217;s Racerback Tank\"}]},{\"@type\":\"WebSite\",\"@id\":\"https:\\\/\\\/badbuddhashop.com\\\/#website\",\"url\":\"https:\\\/\\\/badbuddhashop.com\\\/\",\"name\":\"Bad Buddha Shop\",\"description\":\"\",\"publisher\":{\"@id\":\"https:\\\/\\\/badbuddhashop.com\\\/#organization\"},\"potentialAction\":[{\"@type\":\"SearchAction\",\"target\":{\"@type\":\"EntryPoint\",\"urlTemplate\":\"https:\\\/\\\/badbuddhashop.com\\\/?s={search_term_string}\"},\"query-input\":{\"@type\":\"PropertyValueSpecification\",\"valueRequired\":true,\"valueName\":\"search_term_string\"}}],\"inLanguage\":\"fr-CA\"},{\"@type\":\"Organization\",\"@id\":\"https:\\\/\\\/badbuddhashop.com\\\/#organization\",\"name\":\"Bad Buddha Shop\",\"url\":\"https:\\\/\\\/badbuddhashop.com\\\/\",\"logo\":{\"@type\":\"ImageObject\",\"inLanguage\":\"fr-CA\",\"@id\":\"https:\\\/\\\/badbuddhashop.com\\\/#\\\/schema\\\/logo\\\/image\\\/\",\"url\":\"https:\\\/\\\/badbuddhashop.com\\\/wp-content\\\/uploads\\\/2025\\\/06\\\/logo-cropped.png\",\"contentUrl\":\"https:\\\/\\\/badbuddhashop.com\\\/wp-content\\\/uploads\\\/2025\\\/06\\\/logo-cropped.png\",\"width\":1024,\"height\":1024,\"caption\":\"Bad Buddha Shop\"},\"image\":{\"@id\":\"https:\\\/\\\/badbuddhashop.com\\\/#\\\/schema\\\/logo\\\/image\\\/\"},\"sameAs\":[\"https:\\\/\\\/www.facebook.com\\\/profile.php?id=61577341044750\",\"https:\\\/\\\/www.instagram.com\\\/bad_buddha_shop\\\/\"]}]}<\/script>\n<!-- \/ Yoast SEO plugin. -->","yoast_head_json":{"title":"I Manifested This Tank Top - Bad Buddha Women's Racerback Tank - Bad Buddha Shop","robots":{"index":"index","follow":"follow","max-snippet":"max-snippet:-1","max-image-preview":"max-image-preview:large","max-video-preview":"max-video-preview:-1"},"canonical":"https:\/\/badbuddhashop.com\/fr\/produit\/i-manifested-this-tank-top-bad-buddha-womens-racerback-tank\/","og_locale":"fr_CA","og_type":"article","og_title":"I Manifested This Tank Top - Bad Buddha Women's Racerback Tank - Bad Buddha Shop","og_description":"Soft, lightweight, and form-fitting \u2014 this tank is basically the clothing version of \u201cI woke up like this.\u201d With raw edge seams for that\u00a0I\u2019m edgy but still moisturized\u00a0vibe, it\u2019s perfect for everything from downward dogs to dramatic exits. Made from a magical blend of polyester, cotton, and rayon, this tank hugs you like a supportive [&hellip;]","og_url":"https:\/\/badbuddhashop.com\/fr\/produit\/i-manifested-this-tank-top-bad-buddha-womens-racerback-tank\/","og_site_name":"Bad Buddha Shop","article_publisher":"https:\/\/www.facebook.com\/profile.php?id=61577341044750","article_modified_time":"2025-07-22T19:18:56+00:00","og_image":[{"width":1000,"height":1000,"url":"https:\/\/badbuddhashop.com\/wp-content\/uploads\/2025\/07\/womens-racerback-tank-top-vintage-red-front-68767bce92f33.jpg","type":"image\/jpeg"}],"twitter_card":"summary_large_image","twitter_misc":{"Estimation du temps de lecture":"1 minute"},"schema":{"@context":"https:\/\/schema.org","@graph":[{"@type":"WebPage","@id":"https:\/\/badbuddhashop.com\/product\/i-manifested-this-tank-top-bad-buddha-womens-racerback-tank\/","url":"https:\/\/badbuddhashop.com\/product\/i-manifested-this-tank-top-bad-buddha-womens-racerback-tank\/","name":"I Manifested This Tank Top - Bad Buddha Women's Racerback Tank - Bad Buddha Shop","isPartOf":{"@id":"https:\/\/badbuddhashop.com\/#website"},"primaryImageOfPage":{"@id":"https:\/\/badbuddhashop.com\/product\/i-manifested-this-tank-top-bad-buddha-womens-racerback-tank\/#primaryimage"},"image":{"@id":"https:\/\/badbuddhashop.com\/product\/i-manifested-this-tank-top-bad-buddha-womens-racerback-tank\/#primaryimage"},"thumbnailUrl":"https:\/\/badbuddhashop.com\/wp-content\/uploads\/2025\/07\/womens-racerback-tank-top-vintage-red-front-68767bce92f33.jpg","datePublished":"2025-07-15T16:03:34+00:00","dateModified":"2025-07-22T19:18:56+00:00","breadcrumb":{"@id":"https:\/\/badbuddhashop.com\/product\/i-manifested-this-tank-top-bad-buddha-womens-racerback-tank\/#breadcrumb"},"inLanguage":"fr-CA","potentialAction":[{"@type":"ReadAction","target":["https:\/\/badbuddhashop.com\/product\/i-manifested-this-tank-top-bad-buddha-womens-racerback-tank\/"]}]},{"@type":"ImageObject","inLanguage":"fr-CA","@id":"https:\/\/badbuddhashop.com\/product\/i-manifested-this-tank-top-bad-buddha-womens-racerback-tank\/#primaryimage","url":"https:\/\/badbuddhashop.com\/wp-content\/uploads\/2025\/07\/womens-racerback-tank-top-vintage-red-front-68767bce92f33.jpg","contentUrl":"https:\/\/badbuddhashop.com\/wp-content\/uploads\/2025\/07\/womens-racerback-tank-top-vintage-red-front-68767bce92f33.jpg","width":1000,"height":1000},{"@type":"BreadcrumbList","@id":"https:\/\/badbuddhashop.com\/product\/i-manifested-this-tank-top-bad-buddha-womens-racerback-tank\/#breadcrumb","itemListElement":[{"@type":"ListItem","position":1,"name":"Home","item":"https:\/\/badbuddhashop.com\/"},{"@type":"ListItem","position":2,"name":"Take Your Adventure To The Next Level","item":"https:\/\/badbuddhashop.com\/shop1\/"},{"@type":"ListItem","position":3,"name":"I Manifested This Tank Top &#8211; Bad Buddha Women&#8217;s Racerback Tank"}]},{"@type":"WebSite","@id":"https:\/\/badbuddhashop.com\/#website","url":"https:\/\/badbuddhashop.com\/","name":"Bad Buddha Shop","description":"","publisher":{"@id":"https:\/\/badbuddhashop.com\/#organization"},"potentialAction":[{"@type":"SearchAction","target":{"@type":"EntryPoint","urlTemplate":"https:\/\/badbuddhashop.com\/?s={search_term_string}"},"query-input":{"@type":"PropertyValueSpecification","valueRequired":true,"valueName":"search_term_string"}}],"inLanguage":"fr-CA"},{"@type":"Organization","@id":"https:\/\/badbuddhashop.com\/#organization","name":"Bad Buddha Shop","url":"https:\/\/badbuddhashop.com\/","logo":{"@type":"ImageObject","inLanguage":"fr-CA","@id":"https:\/\/badbuddhashop.com\/#\/schema\/logo\/image\/","url":"https:\/\/badbuddhashop.com\/wp-content\/uploads\/2025\/06\/logo-cropped.png","contentUrl":"https:\/\/badbuddhashop.com\/wp-content\/uploads\/2025\/06\/logo-cropped.png","width":1024,"height":1024,"caption":"Bad Buddha Shop"},"image":{"@id":"https:\/\/badbuddhashop.com\/#\/schema\/logo\/image\/"},"sameAs":["https:\/\/www.facebook.com\/profile.php?id=61577341044750","https:\/\/www.instagram.com\/bad_buddha_shop\/"]}]}},"_links":{"self":[{"href":"https:\/\/badbuddhashop.com\/fr\/wp-json\/wp\/v2\/product\/3300","targetHints":{"allow":["GET"]}}],"collection":[{"href":"https:\/\/badbuddhashop.com\/fr\/wp-json\/wp\/v2\/product"}],"about":[{"href":"https:\/\/badbuddhashop.com\/fr\/wp-json\/wp\/v2\/types\/product"}],"replies":[{"embeddable":true,"href":"https:\/\/badbuddhashop.com\/fr\/wp-json\/wp\/v2\/comments?post=3300"}],"wp:featuredmedia":[{"embeddable":true,"href":"https:\/\/badbuddhashop.com\/fr\/wp-json\/wp\/v2\/media\/3339"}],"wp:attachment":[{"href":"https:\/\/badbuddhashop.com\/fr\/wp-json\/wp\/v2\/media?parent=3300"}],"wp:term":[{"taxonomy":"product_brand","embeddable":true,"href":"https:\/\/badbuddhashop.com\/fr\/wp-json\/wp\/v2\/product_brand?post=3300"},{"taxonomy":"product_cat","embeddable":true,"href":"https:\/\/badbuddhashop.com\/fr\/wp-json\/wp\/v2\/product_cat?post=3300"},{"taxonomy":"product_tag","embeddable":true,"href":"https:\/\/badbuddhashop.com\/fr\/wp-json\/wp\/v2\/product_tag?post=3300"}],"curies":[{"name":"wp","href":"https:\/\/api.w.org\/{rel}","templated":true}]}}