{"id":3345,"date":"2025-07-15T16:14:36","date_gmt":"2025-07-15T16:14:36","guid":{"rendered":"https:\/\/badbuddhashop.com\/product\/aligning-my-chakras-my-credit-score-bad-buddha-mens-tank-top\/"},"modified":"2025-07-22T19:14:56","modified_gmt":"2025-07-22T19:14:56","slug":"aligning-my-chakras-my-credit-score-bad-buddha-mens-tank-top","status":"publish","type":"product","link":"https:\/\/badbuddhashop.com\/fr\/produit\/aligning-my-chakras-my-credit-score-bad-buddha-mens-tank-top\/","title":{"rendered":"Aligne mes chakras et mon score de cr\u00e9dit. Camisole pour homme Bad Buddha"},"content":{"rendered":"<p>C\u2019est pas juste une camisole. C\u2019est une d\u00e9claration sans manches de libert\u00e9, de douceur et de \u00ab j\u2019suis trop relax pour des manches \u00bb. Que tu sois en train de fl\u00e2ner au gym, de faire semblant de jardiner ou juste de vivre ta meilleure vie, ce classique intemporel est l\u00e0 pour t\u2019accompagner \u2014 spirituellement et styl\u00e9.<\/p>\n<p>Fait d\u2019un coton si doux qu\u2019il pourrait te chuchoter des affirmations \u00e0 la peau, et cousu avec une durabilit\u00e9 qui crie : J\u2019ai surv\u00e9cu \u00e0 la s\u00e9cheuse et j\u2019en suis ressorti plus fort.<\/p>\n<p>\u2728\u00a0<strong>Caract\u00e9ristiques (presque mystiques) :<\/strong><\/p>\n<ul>\n<li>100 % coton peign\u00e9 et fil\u00e9 \u00e0 l\u2019anneau \u2014 parce que ton torse m\u00e9rite le luxe<\/li>\n<li>M\u00e9langes tri-blend pour ceux qui aiment leur tissu comme leur smoothie : complexe et doux<\/li>\n<li>L\u00e9ger au point de te faire oublier que t\u2019es habill\u00e9 (mais t\u2019es l\u00e9galement correct)<\/li>\n<li>Construction \u00e0 coutures lat\u00e9rales pour un look \u00ab j\u2019ai ma vie en main \u00bb<\/li>\n<li>Fil de qualit\u00e9 sup\u00e9rieure qui m\u00e9dite probablement entre deux lavages<\/li>\n<\/ul>\n<p>Parfait pour ceux qui croient au confort, au karma et au pouvoir d\u2019une bonne camisole. Les manches, c\u2019est tellement d\u00e9pass\u00e9.<\/p>","protected":false},"excerpt":{"rendered":"<p>This isn\u2019t just a tank top. It\u2019s a sleeveless declaration of freedom, softness, and \u201cI\u2019m too chill for sleeves.\u201d Whether you&#8217;re flexing at the gym, pretending to do yard work, or just vibing through life, this timeless classic is here to support your journey \u2014 spiritually and sartorially. Made from cotton so soft it might [&hellip;]<\/p>\n","protected":false},"featured_media":3386,"comment_status":"open","ping_status":"closed","template":"","meta":[],"product_brand":[],"product_cat":[32],"product_tag":[],"class_list":{"0":"post-3345","1":"product","2":"type-product","3":"status-publish","4":"has-post-thumbnail","6":"product_cat-clothing-canada","8":"first","9":"instock","10":"shipping-taxable","11":"purchasable","12":"product-type-variable"},"yoast_head":"<!-- This site is optimized with the Yoast SEO plugin v27.4 - https:\/\/yoast.com\/product\/yoast-seo-wordpress\/ -->\n<title>Aligning My Chakras &amp; My Credit Score. Bad Buddha Men&#039;s Tank Top - Bad Buddha Shop<\/title>\n<meta name=\"robots\" content=\"index, follow, max-snippet:-1, max-image-preview:large, max-video-preview:-1\" \/>\n<link rel=\"canonical\" href=\"https:\/\/badbuddhashop.com\/fr\/produit\/aligning-my-chakras-my-credit-score-bad-buddha-mens-tank-top\/\" \/>\n<meta property=\"og:locale\" content=\"fr_CA\" \/>\n<meta property=\"og:type\" content=\"article\" \/>\n<meta property=\"og:title\" content=\"Aligning My Chakras &amp; My Credit Score. Bad Buddha Men&#039;s Tank Top - Bad Buddha Shop\" \/>\n<meta property=\"og:description\" content=\"This isn\u2019t just a tank top. It\u2019s a sleeveless declaration of freedom, softness, and \u201cI\u2019m too chill for sleeves.\u201d Whether you&#8217;re flexing at the gym, pretending to do yard work, or just vibing through life, this timeless classic is here to support your journey \u2014 spiritually and sartorially. Made from cotton so soft it might [&hellip;]\" \/>\n<meta property=\"og:url\" content=\"https:\/\/badbuddhashop.com\/fr\/produit\/aligning-my-chakras-my-credit-score-bad-buddha-mens-tank-top\/\" \/>\n<meta property=\"og:site_name\" content=\"Bad Buddha Shop\" \/>\n<meta property=\"article:publisher\" content=\"https:\/\/www.facebook.com\/profile.php?id=61577341044750\" \/>\n<meta property=\"article:modified_time\" content=\"2025-07-22T19:14:56+00:00\" \/>\n<meta property=\"og:image\" content=\"https:\/\/badbuddhashop.com\/wp-content\/uploads\/2025\/07\/mens-staple-tank-top-white-front-68767e63c755c.jpg\" \/>\n\t<meta property=\"og:image:width\" content=\"1000\" \/>\n\t<meta property=\"og:image:height\" content=\"1000\" \/>\n\t<meta property=\"og:image:type\" content=\"image\/jpeg\" \/>\n<meta name=\"twitter:card\" content=\"summary_large_image\" \/>\n<meta name=\"twitter:label1\" content=\"Estimation du temps de lecture\" \/>\n\t<meta name=\"twitter:data1\" content=\"1 minute\" \/>\n<script type=\"application\/ld+json\" class=\"yoast-schema-graph\">{\"@context\":\"https:\\\/\\\/schema.org\",\"@graph\":[{\"@type\":\"WebPage\",\"@id\":\"https:\\\/\\\/badbuddhashop.com\\\/product\\\/aligning-my-chakras-my-credit-score-bad-buddha-mens-tank-top\\\/\",\"url\":\"https:\\\/\\\/badbuddhashop.com\\\/product\\\/aligning-my-chakras-my-credit-score-bad-buddha-mens-tank-top\\\/\",\"name\":\"Aligning My Chakras &amp; My Credit Score. Bad Buddha Men's Tank Top - Bad Buddha Shop\",\"isPartOf\":{\"@id\":\"https:\\\/\\\/badbuddhashop.com\\\/#website\"},\"primaryImageOfPage\":{\"@id\":\"https:\\\/\\\/badbuddhashop.com\\\/product\\\/aligning-my-chakras-my-credit-score-bad-buddha-mens-tank-top\\\/#primaryimage\"},\"image\":{\"@id\":\"https:\\\/\\\/badbuddhashop.com\\\/product\\\/aligning-my-chakras-my-credit-score-bad-buddha-mens-tank-top\\\/#primaryimage\"},\"thumbnailUrl\":\"https:\\\/\\\/badbuddhashop.com\\\/wp-content\\\/uploads\\\/2025\\\/07\\\/mens-staple-tank-top-white-front-68767e63c755c.jpg\",\"datePublished\":\"2025-07-15T16:14:36+00:00\",\"dateModified\":\"2025-07-22T19:14:56+00:00\",\"breadcrumb\":{\"@id\":\"https:\\\/\\\/badbuddhashop.com\\\/product\\\/aligning-my-chakras-my-credit-score-bad-buddha-mens-tank-top\\\/#breadcrumb\"},\"inLanguage\":\"fr-CA\",\"potentialAction\":[{\"@type\":\"ReadAction\",\"target\":[\"https:\\\/\\\/badbuddhashop.com\\\/product\\\/aligning-my-chakras-my-credit-score-bad-buddha-mens-tank-top\\\/\"]}]},{\"@type\":\"ImageObject\",\"inLanguage\":\"fr-CA\",\"@id\":\"https:\\\/\\\/badbuddhashop.com\\\/product\\\/aligning-my-chakras-my-credit-score-bad-buddha-mens-tank-top\\\/#primaryimage\",\"url\":\"https:\\\/\\\/badbuddhashop.com\\\/wp-content\\\/uploads\\\/2025\\\/07\\\/mens-staple-tank-top-white-front-68767e63c755c.jpg\",\"contentUrl\":\"https:\\\/\\\/badbuddhashop.com\\\/wp-content\\\/uploads\\\/2025\\\/07\\\/mens-staple-tank-top-white-front-68767e63c755c.jpg\",\"width\":1000,\"height\":1000},{\"@type\":\"BreadcrumbList\",\"@id\":\"https:\\\/\\\/badbuddhashop.com\\\/product\\\/aligning-my-chakras-my-credit-score-bad-buddha-mens-tank-top\\\/#breadcrumb\",\"itemListElement\":[{\"@type\":\"ListItem\",\"position\":1,\"name\":\"Home\",\"item\":\"https:\\\/\\\/badbuddhashop.com\\\/\"},{\"@type\":\"ListItem\",\"position\":2,\"name\":\"Take Your Adventure To The Next Level\",\"item\":\"https:\\\/\\\/badbuddhashop.com\\\/shop1\\\/\"},{\"@type\":\"ListItem\",\"position\":3,\"name\":\"Aligning My Chakras &amp; My Credit Score. Bad Buddha Men&#8217;s Tank Top\"}]},{\"@type\":\"WebSite\",\"@id\":\"https:\\\/\\\/badbuddhashop.com\\\/#website\",\"url\":\"https:\\\/\\\/badbuddhashop.com\\\/\",\"name\":\"Bad Buddha Shop\",\"description\":\"\",\"publisher\":{\"@id\":\"https:\\\/\\\/badbuddhashop.com\\\/#organization\"},\"potentialAction\":[{\"@type\":\"SearchAction\",\"target\":{\"@type\":\"EntryPoint\",\"urlTemplate\":\"https:\\\/\\\/badbuddhashop.com\\\/?s={search_term_string}\"},\"query-input\":{\"@type\":\"PropertyValueSpecification\",\"valueRequired\":true,\"valueName\":\"search_term_string\"}}],\"inLanguage\":\"fr-CA\"},{\"@type\":\"Organization\",\"@id\":\"https:\\\/\\\/badbuddhashop.com\\\/#organization\",\"name\":\"Bad Buddha Shop\",\"url\":\"https:\\\/\\\/badbuddhashop.com\\\/\",\"logo\":{\"@type\":\"ImageObject\",\"inLanguage\":\"fr-CA\",\"@id\":\"https:\\\/\\\/badbuddhashop.com\\\/#\\\/schema\\\/logo\\\/image\\\/\",\"url\":\"https:\\\/\\\/badbuddhashop.com\\\/wp-content\\\/uploads\\\/2025\\\/06\\\/logo-cropped.png\",\"contentUrl\":\"https:\\\/\\\/badbuddhashop.com\\\/wp-content\\\/uploads\\\/2025\\\/06\\\/logo-cropped.png\",\"width\":1024,\"height\":1024,\"caption\":\"Bad Buddha Shop\"},\"image\":{\"@id\":\"https:\\\/\\\/badbuddhashop.com\\\/#\\\/schema\\\/logo\\\/image\\\/\"},\"sameAs\":[\"https:\\\/\\\/www.facebook.com\\\/profile.php?id=61577341044750\",\"https:\\\/\\\/www.instagram.com\\\/bad_buddha_shop\\\/\"]}]}<\/script>\n<!-- \/ Yoast SEO plugin. -->","yoast_head_json":{"title":"Aligning My Chakras &amp; My Credit Score. Bad Buddha Men's Tank Top - Bad Buddha Shop","robots":{"index":"index","follow":"follow","max-snippet":"max-snippet:-1","max-image-preview":"max-image-preview:large","max-video-preview":"max-video-preview:-1"},"canonical":"https:\/\/badbuddhashop.com\/fr\/produit\/aligning-my-chakras-my-credit-score-bad-buddha-mens-tank-top\/","og_locale":"fr_CA","og_type":"article","og_title":"Aligning My Chakras &amp; My Credit Score. Bad Buddha Men's Tank Top - Bad Buddha Shop","og_description":"This isn\u2019t just a tank top. It\u2019s a sleeveless declaration of freedom, softness, and \u201cI\u2019m too chill for sleeves.\u201d Whether you&#8217;re flexing at the gym, pretending to do yard work, or just vibing through life, this timeless classic is here to support your journey \u2014 spiritually and sartorially. Made from cotton so soft it might [&hellip;]","og_url":"https:\/\/badbuddhashop.com\/fr\/produit\/aligning-my-chakras-my-credit-score-bad-buddha-mens-tank-top\/","og_site_name":"Bad Buddha Shop","article_publisher":"https:\/\/www.facebook.com\/profile.php?id=61577341044750","article_modified_time":"2025-07-22T19:14:56+00:00","og_image":[{"width":1000,"height":1000,"url":"https:\/\/badbuddhashop.com\/wp-content\/uploads\/2025\/07\/mens-staple-tank-top-white-front-68767e63c755c.jpg","type":"image\/jpeg"}],"twitter_card":"summary_large_image","twitter_misc":{"Estimation du temps de lecture":"1 minute"},"schema":{"@context":"https:\/\/schema.org","@graph":[{"@type":"WebPage","@id":"https:\/\/badbuddhashop.com\/product\/aligning-my-chakras-my-credit-score-bad-buddha-mens-tank-top\/","url":"https:\/\/badbuddhashop.com\/product\/aligning-my-chakras-my-credit-score-bad-buddha-mens-tank-top\/","name":"Aligning My Chakras &amp; My Credit Score. Bad Buddha Men's Tank Top - Bad Buddha Shop","isPartOf":{"@id":"https:\/\/badbuddhashop.com\/#website"},"primaryImageOfPage":{"@id":"https:\/\/badbuddhashop.com\/product\/aligning-my-chakras-my-credit-score-bad-buddha-mens-tank-top\/#primaryimage"},"image":{"@id":"https:\/\/badbuddhashop.com\/product\/aligning-my-chakras-my-credit-score-bad-buddha-mens-tank-top\/#primaryimage"},"thumbnailUrl":"https:\/\/badbuddhashop.com\/wp-content\/uploads\/2025\/07\/mens-staple-tank-top-white-front-68767e63c755c.jpg","datePublished":"2025-07-15T16:14:36+00:00","dateModified":"2025-07-22T19:14:56+00:00","breadcrumb":{"@id":"https:\/\/badbuddhashop.com\/product\/aligning-my-chakras-my-credit-score-bad-buddha-mens-tank-top\/#breadcrumb"},"inLanguage":"fr-CA","potentialAction":[{"@type":"ReadAction","target":["https:\/\/badbuddhashop.com\/product\/aligning-my-chakras-my-credit-score-bad-buddha-mens-tank-top\/"]}]},{"@type":"ImageObject","inLanguage":"fr-CA","@id":"https:\/\/badbuddhashop.com\/product\/aligning-my-chakras-my-credit-score-bad-buddha-mens-tank-top\/#primaryimage","url":"https:\/\/badbuddhashop.com\/wp-content\/uploads\/2025\/07\/mens-staple-tank-top-white-front-68767e63c755c.jpg","contentUrl":"https:\/\/badbuddhashop.com\/wp-content\/uploads\/2025\/07\/mens-staple-tank-top-white-front-68767e63c755c.jpg","width":1000,"height":1000},{"@type":"BreadcrumbList","@id":"https:\/\/badbuddhashop.com\/product\/aligning-my-chakras-my-credit-score-bad-buddha-mens-tank-top\/#breadcrumb","itemListElement":[{"@type":"ListItem","position":1,"name":"Home","item":"https:\/\/badbuddhashop.com\/"},{"@type":"ListItem","position":2,"name":"Take Your Adventure To The Next Level","item":"https:\/\/badbuddhashop.com\/shop1\/"},{"@type":"ListItem","position":3,"name":"Aligning My Chakras &amp; My Credit Score. Bad Buddha Men&#8217;s Tank Top"}]},{"@type":"WebSite","@id":"https:\/\/badbuddhashop.com\/#website","url":"https:\/\/badbuddhashop.com\/","name":"Bad Buddha Shop","description":"","publisher":{"@id":"https:\/\/badbuddhashop.com\/#organization"},"potentialAction":[{"@type":"SearchAction","target":{"@type":"EntryPoint","urlTemplate":"https:\/\/badbuddhashop.com\/?s={search_term_string}"},"query-input":{"@type":"PropertyValueSpecification","valueRequired":true,"valueName":"search_term_string"}}],"inLanguage":"fr-CA"},{"@type":"Organization","@id":"https:\/\/badbuddhashop.com\/#organization","name":"Bad Buddha Shop","url":"https:\/\/badbuddhashop.com\/","logo":{"@type":"ImageObject","inLanguage":"fr-CA","@id":"https:\/\/badbuddhashop.com\/#\/schema\/logo\/image\/","url":"https:\/\/badbuddhashop.com\/wp-content\/uploads\/2025\/06\/logo-cropped.png","contentUrl":"https:\/\/badbuddhashop.com\/wp-content\/uploads\/2025\/06\/logo-cropped.png","width":1024,"height":1024,"caption":"Bad Buddha Shop"},"image":{"@id":"https:\/\/badbuddhashop.com\/#\/schema\/logo\/image\/"},"sameAs":["https:\/\/www.facebook.com\/profile.php?id=61577341044750","https:\/\/www.instagram.com\/bad_buddha_shop\/"]}]}},"_links":{"self":[{"href":"https:\/\/badbuddhashop.com\/fr\/wp-json\/wp\/v2\/product\/3345","targetHints":{"allow":["GET"]}}],"collection":[{"href":"https:\/\/badbuddhashop.com\/fr\/wp-json\/wp\/v2\/product"}],"about":[{"href":"https:\/\/badbuddhashop.com\/fr\/wp-json\/wp\/v2\/types\/product"}],"replies":[{"embeddable":true,"href":"https:\/\/badbuddhashop.com\/fr\/wp-json\/wp\/v2\/comments?post=3345"}],"wp:featuredmedia":[{"embeddable":true,"href":"https:\/\/badbuddhashop.com\/fr\/wp-json\/wp\/v2\/media\/3386"}],"wp:attachment":[{"href":"https:\/\/badbuddhashop.com\/fr\/wp-json\/wp\/v2\/media?parent=3345"}],"wp:term":[{"taxonomy":"product_brand","embeddable":true,"href":"https:\/\/badbuddhashop.com\/fr\/wp-json\/wp\/v2\/product_brand?post=3345"},{"taxonomy":"product_cat","embeddable":true,"href":"https:\/\/badbuddhashop.com\/fr\/wp-json\/wp\/v2\/product_cat?post=3345"},{"taxonomy":"product_tag","embeddable":true,"href":"https:\/\/badbuddhashop.com\/fr\/wp-json\/wp\/v2\/product_tag?post=3345"}],"curies":[{"name":"wp","href":"https:\/\/api.w.org\/{rel}","templated":true}]}}