{"id":3687,"date":"2025-07-15T16:56:52","date_gmt":"2025-07-15T16:56:52","guid":{"rendered":"https:\/\/badbuddhashop.com\/product\/unisex-classic-tee\/"},"modified":"2025-09-24T15:02:28","modified_gmt":"2025-09-24T15:02:28","slug":"unisex-classic-tee","status":"publish","type":"product","link":"https:\/\/badbuddhashop.com\/fr\/produit\/unisex-classic-tee\/","title":{"rendered":"Pour nos Bouddhas badass \u2013 T-shirt classique unisexe"},"content":{"rendered":"<p>Parce que l\u2019illumination, c\u2019est mieux en coton.<\/p>\n<p>Marre que ton aura ne soit pas assortie \u00e0 ta tenue ? Enfile ce chef-d'\u0153uvre 100 % coton et rayonne instantan\u00e9ment de bonnes ondes et de d\u00e9cisions de vie discutables. Que tu m\u00e9dites, manifestes ou essaies juste de survivre \u00e0 ton lundi, ce t-shirt est l\u00e0 pour toi \u2013 litt\u00e9ralement.<\/p>\n<p>\u2728 Caract\u00e9ristiques :<\/p>\n<p>Un tissu si doux que m\u00eame ta paix int\u00e9rieure se sentira c\u00e2lin\u00e9e<br \/>\nDes coutures solides pour porter le poids du monde (ou juste tes sacs d\u2019\u00e9picerie)<br \/>\nDes couleurs qui crient \u201cJe suis spirituel\u00b7le mais aussi sarcastique\u201d<br \/>\nFabriqu\u00e9 \u00e0 la demande, parce que la production de masse, c\u2019est tellement karma d\u2019avant<br \/>\nPetit avertissement :<br \/>\nLe blanc peut sembler un peu blanc cass\u00e9, mais bon, comme nous tous apr\u00e8s une longue semaine. Et si tu vois des petites taches dans la couleur Naturel, fais comme si c\u2019\u00e9tait un signe de l\u2019univers.<\/p>","protected":false},"excerpt":{"rendered":"<p>Because enlightenment looks better in cotton. Tired of your aura clashing with your outfit? Slip into this 100% cotton masterpiece and instantly radiate chill vibes and questionable life choices. Whether you&#8217;re meditating, manifesting, or just trying to make it through Monday, this tee\u2019s got your back\u2014literally. \u2728 Features include: Fabric so soft, even your inner [&hellip;]<\/p>\n","protected":false},"featured_media":5863,"comment_status":"open","ping_status":"closed","template":"","meta":[],"product_brand":[],"product_cat":[25,32],"product_tag":[],"class_list":{"0":"post-3687","1":"product","2":"type-product","3":"status-publish","4":"has-post-thumbnail","6":"product_cat-best-sellers","7":"product_cat-clothing-canada","9":"first","10":"instock","11":"shipping-taxable","12":"purchasable","13":"product-type-variable"},"yoast_head":"<!-- This site is optimized with the Yoast SEO plugin v27.4 - https:\/\/yoast.com\/product\/yoast-seo-wordpress\/ -->\n<title>For Our Badass Buddhas - Unisex classic tee - Bad Buddha Shop<\/title>\n<meta name=\"robots\" content=\"index, follow, max-snippet:-1, max-image-preview:large, max-video-preview:-1\" \/>\n<link rel=\"canonical\" href=\"https:\/\/badbuddhashop.com\/fr\/produit\/unisex-classic-tee\/\" \/>\n<meta property=\"og:locale\" content=\"fr_CA\" \/>\n<meta property=\"og:type\" content=\"article\" \/>\n<meta property=\"og:title\" content=\"For Our Badass Buddhas - Unisex classic tee - Bad Buddha Shop\" \/>\n<meta property=\"og:description\" content=\"Because enlightenment looks better in cotton. Tired of your aura clashing with your outfit? Slip into this 100% cotton masterpiece and instantly radiate chill vibes and questionable life choices. Whether you&#8217;re meditating, manifesting, or just trying to make it through Monday, this tee\u2019s got your back\u2014literally. \u2728 Features include: Fabric so soft, even your inner [&hellip;]\" \/>\n<meta property=\"og:url\" content=\"https:\/\/badbuddhashop.com\/fr\/produit\/unisex-classic-tee\/\" \/>\n<meta property=\"og:site_name\" content=\"Bad Buddha Shop\" \/>\n<meta property=\"article:publisher\" content=\"https:\/\/www.facebook.com\/profile.php?id=61577341044750\" \/>\n<meta property=\"article:modified_time\" content=\"2025-09-24T15:02:28+00:00\" \/>\n<meta property=\"og:image\" content=\"https:\/\/badbuddhashop.com\/wp-content\/uploads\/2025\/09\/unisex-classic-tee-black-front-68bee1e75ac64.jpg\" \/>\n\t<meta property=\"og:image:width\" content=\"2000\" \/>\n\t<meta property=\"og:image:height\" content=\"2000\" \/>\n\t<meta property=\"og:image:type\" content=\"image\/jpeg\" \/>\n<meta name=\"twitter:card\" content=\"summary_large_image\" \/>\n<meta name=\"twitter:label1\" content=\"Estimation du temps de lecture\" \/>\n\t<meta name=\"twitter:data1\" content=\"1 minute\" \/>\n<script type=\"application\/ld+json\" class=\"yoast-schema-graph\">{\"@context\":\"https:\\\/\\\/schema.org\",\"@graph\":[{\"@type\":\"WebPage\",\"@id\":\"https:\\\/\\\/badbuddhashop.com\\\/product\\\/unisex-classic-tee\\\/\",\"url\":\"https:\\\/\\\/badbuddhashop.com\\\/product\\\/unisex-classic-tee\\\/\",\"name\":\"For Our Badass Buddhas - Unisex classic tee - Bad Buddha Shop\",\"isPartOf\":{\"@id\":\"https:\\\/\\\/badbuddhashop.com\\\/#website\"},\"primaryImageOfPage\":{\"@id\":\"https:\\\/\\\/badbuddhashop.com\\\/product\\\/unisex-classic-tee\\\/#primaryimage\"},\"image\":{\"@id\":\"https:\\\/\\\/badbuddhashop.com\\\/product\\\/unisex-classic-tee\\\/#primaryimage\"},\"thumbnailUrl\":\"https:\\\/\\\/badbuddhashop.com\\\/wp-content\\\/uploads\\\/2025\\\/09\\\/unisex-classic-tee-black-front-68bee1e75ac64.jpg\",\"datePublished\":\"2025-07-15T16:56:52+00:00\",\"dateModified\":\"2025-09-24T15:02:28+00:00\",\"breadcrumb\":{\"@id\":\"https:\\\/\\\/badbuddhashop.com\\\/product\\\/unisex-classic-tee\\\/#breadcrumb\"},\"inLanguage\":\"fr-CA\",\"potentialAction\":[{\"@type\":\"ReadAction\",\"target\":[\"https:\\\/\\\/badbuddhashop.com\\\/product\\\/unisex-classic-tee\\\/\"]}]},{\"@type\":\"ImageObject\",\"inLanguage\":\"fr-CA\",\"@id\":\"https:\\\/\\\/badbuddhashop.com\\\/product\\\/unisex-classic-tee\\\/#primaryimage\",\"url\":\"https:\\\/\\\/badbuddhashop.com\\\/wp-content\\\/uploads\\\/2025\\\/09\\\/unisex-classic-tee-black-front-68bee1e75ac64.jpg\",\"contentUrl\":\"https:\\\/\\\/badbuddhashop.com\\\/wp-content\\\/uploads\\\/2025\\\/09\\\/unisex-classic-tee-black-front-68bee1e75ac64.jpg\",\"width\":2000,\"height\":2000},{\"@type\":\"BreadcrumbList\",\"@id\":\"https:\\\/\\\/badbuddhashop.com\\\/product\\\/unisex-classic-tee\\\/#breadcrumb\",\"itemListElement\":[{\"@type\":\"ListItem\",\"position\":1,\"name\":\"Home\",\"item\":\"https:\\\/\\\/badbuddhashop.com\\\/\"},{\"@type\":\"ListItem\",\"position\":2,\"name\":\"Take Your Adventure To The Next Level\",\"item\":\"https:\\\/\\\/badbuddhashop.com\\\/shop1\\\/\"},{\"@type\":\"ListItem\",\"position\":3,\"name\":\"For Our Badass Buddhas &#8211; Unisex classic tee\"}]},{\"@type\":\"WebSite\",\"@id\":\"https:\\\/\\\/badbuddhashop.com\\\/#website\",\"url\":\"https:\\\/\\\/badbuddhashop.com\\\/\",\"name\":\"Bad Buddha Shop\",\"description\":\"\",\"publisher\":{\"@id\":\"https:\\\/\\\/badbuddhashop.com\\\/#organization\"},\"potentialAction\":[{\"@type\":\"SearchAction\",\"target\":{\"@type\":\"EntryPoint\",\"urlTemplate\":\"https:\\\/\\\/badbuddhashop.com\\\/?s={search_term_string}\"},\"query-input\":{\"@type\":\"PropertyValueSpecification\",\"valueRequired\":true,\"valueName\":\"search_term_string\"}}],\"inLanguage\":\"fr-CA\"},{\"@type\":\"Organization\",\"@id\":\"https:\\\/\\\/badbuddhashop.com\\\/#organization\",\"name\":\"Bad Buddha Shop\",\"url\":\"https:\\\/\\\/badbuddhashop.com\\\/\",\"logo\":{\"@type\":\"ImageObject\",\"inLanguage\":\"fr-CA\",\"@id\":\"https:\\\/\\\/badbuddhashop.com\\\/#\\\/schema\\\/logo\\\/image\\\/\",\"url\":\"https:\\\/\\\/badbuddhashop.com\\\/wp-content\\\/uploads\\\/2025\\\/06\\\/logo-cropped.png\",\"contentUrl\":\"https:\\\/\\\/badbuddhashop.com\\\/wp-content\\\/uploads\\\/2025\\\/06\\\/logo-cropped.png\",\"width\":1024,\"height\":1024,\"caption\":\"Bad Buddha Shop\"},\"image\":{\"@id\":\"https:\\\/\\\/badbuddhashop.com\\\/#\\\/schema\\\/logo\\\/image\\\/\"},\"sameAs\":[\"https:\\\/\\\/www.facebook.com\\\/profile.php?id=61577341044750\",\"https:\\\/\\\/www.instagram.com\\\/bad_buddha_shop\\\/\"]}]}<\/script>\n<!-- \/ Yoast SEO plugin. -->","yoast_head_json":{"title":"For Our Badass Buddhas - Unisex classic tee - Bad Buddha Shop","robots":{"index":"index","follow":"follow","max-snippet":"max-snippet:-1","max-image-preview":"max-image-preview:large","max-video-preview":"max-video-preview:-1"},"canonical":"https:\/\/badbuddhashop.com\/fr\/produit\/unisex-classic-tee\/","og_locale":"fr_CA","og_type":"article","og_title":"For Our Badass Buddhas - Unisex classic tee - Bad Buddha Shop","og_description":"Because enlightenment looks better in cotton. Tired of your aura clashing with your outfit? Slip into this 100% cotton masterpiece and instantly radiate chill vibes and questionable life choices. Whether you&#8217;re meditating, manifesting, or just trying to make it through Monday, this tee\u2019s got your back\u2014literally. \u2728 Features include: Fabric so soft, even your inner [&hellip;]","og_url":"https:\/\/badbuddhashop.com\/fr\/produit\/unisex-classic-tee\/","og_site_name":"Bad Buddha Shop","article_publisher":"https:\/\/www.facebook.com\/profile.php?id=61577341044750","article_modified_time":"2025-09-24T15:02:28+00:00","og_image":[{"width":2000,"height":2000,"url":"https:\/\/badbuddhashop.com\/wp-content\/uploads\/2025\/09\/unisex-classic-tee-black-front-68bee1e75ac64.jpg","type":"image\/jpeg"}],"twitter_card":"summary_large_image","twitter_misc":{"Estimation du temps de lecture":"1 minute"},"schema":{"@context":"https:\/\/schema.org","@graph":[{"@type":"WebPage","@id":"https:\/\/badbuddhashop.com\/product\/unisex-classic-tee\/","url":"https:\/\/badbuddhashop.com\/product\/unisex-classic-tee\/","name":"For Our Badass Buddhas - Unisex classic tee - Bad Buddha Shop","isPartOf":{"@id":"https:\/\/badbuddhashop.com\/#website"},"primaryImageOfPage":{"@id":"https:\/\/badbuddhashop.com\/product\/unisex-classic-tee\/#primaryimage"},"image":{"@id":"https:\/\/badbuddhashop.com\/product\/unisex-classic-tee\/#primaryimage"},"thumbnailUrl":"https:\/\/badbuddhashop.com\/wp-content\/uploads\/2025\/09\/unisex-classic-tee-black-front-68bee1e75ac64.jpg","datePublished":"2025-07-15T16:56:52+00:00","dateModified":"2025-09-24T15:02:28+00:00","breadcrumb":{"@id":"https:\/\/badbuddhashop.com\/product\/unisex-classic-tee\/#breadcrumb"},"inLanguage":"fr-CA","potentialAction":[{"@type":"ReadAction","target":["https:\/\/badbuddhashop.com\/product\/unisex-classic-tee\/"]}]},{"@type":"ImageObject","inLanguage":"fr-CA","@id":"https:\/\/badbuddhashop.com\/product\/unisex-classic-tee\/#primaryimage","url":"https:\/\/badbuddhashop.com\/wp-content\/uploads\/2025\/09\/unisex-classic-tee-black-front-68bee1e75ac64.jpg","contentUrl":"https:\/\/badbuddhashop.com\/wp-content\/uploads\/2025\/09\/unisex-classic-tee-black-front-68bee1e75ac64.jpg","width":2000,"height":2000},{"@type":"BreadcrumbList","@id":"https:\/\/badbuddhashop.com\/product\/unisex-classic-tee\/#breadcrumb","itemListElement":[{"@type":"ListItem","position":1,"name":"Home","item":"https:\/\/badbuddhashop.com\/"},{"@type":"ListItem","position":2,"name":"Take Your Adventure To The Next Level","item":"https:\/\/badbuddhashop.com\/shop1\/"},{"@type":"ListItem","position":3,"name":"For Our Badass Buddhas &#8211; Unisex classic tee"}]},{"@type":"WebSite","@id":"https:\/\/badbuddhashop.com\/#website","url":"https:\/\/badbuddhashop.com\/","name":"Bad Buddha Shop","description":"","publisher":{"@id":"https:\/\/badbuddhashop.com\/#organization"},"potentialAction":[{"@type":"SearchAction","target":{"@type":"EntryPoint","urlTemplate":"https:\/\/badbuddhashop.com\/?s={search_term_string}"},"query-input":{"@type":"PropertyValueSpecification","valueRequired":true,"valueName":"search_term_string"}}],"inLanguage":"fr-CA"},{"@type":"Organization","@id":"https:\/\/badbuddhashop.com\/#organization","name":"Bad Buddha Shop","url":"https:\/\/badbuddhashop.com\/","logo":{"@type":"ImageObject","inLanguage":"fr-CA","@id":"https:\/\/badbuddhashop.com\/#\/schema\/logo\/image\/","url":"https:\/\/badbuddhashop.com\/wp-content\/uploads\/2025\/06\/logo-cropped.png","contentUrl":"https:\/\/badbuddhashop.com\/wp-content\/uploads\/2025\/06\/logo-cropped.png","width":1024,"height":1024,"caption":"Bad Buddha Shop"},"image":{"@id":"https:\/\/badbuddhashop.com\/#\/schema\/logo\/image\/"},"sameAs":["https:\/\/www.facebook.com\/profile.php?id=61577341044750","https:\/\/www.instagram.com\/bad_buddha_shop\/"]}]}},"_links":{"self":[{"href":"https:\/\/badbuddhashop.com\/fr\/wp-json\/wp\/v2\/product\/3687","targetHints":{"allow":["GET"]}}],"collection":[{"href":"https:\/\/badbuddhashop.com\/fr\/wp-json\/wp\/v2\/product"}],"about":[{"href":"https:\/\/badbuddhashop.com\/fr\/wp-json\/wp\/v2\/types\/product"}],"replies":[{"embeddable":true,"href":"https:\/\/badbuddhashop.com\/fr\/wp-json\/wp\/v2\/comments?post=3687"}],"wp:featuredmedia":[{"embeddable":true,"href":"https:\/\/badbuddhashop.com\/fr\/wp-json\/wp\/v2\/media\/5863"}],"wp:attachment":[{"href":"https:\/\/badbuddhashop.com\/fr\/wp-json\/wp\/v2\/media?parent=3687"}],"wp:term":[{"taxonomy":"product_brand","embeddable":true,"href":"https:\/\/badbuddhashop.com\/fr\/wp-json\/wp\/v2\/product_brand?post=3687"},{"taxonomy":"product_cat","embeddable":true,"href":"https:\/\/badbuddhashop.com\/fr\/wp-json\/wp\/v2\/product_cat?post=3687"},{"taxonomy":"product_tag","embeddable":true,"href":"https:\/\/badbuddhashop.com\/fr\/wp-json\/wp\/v2\/product_tag?post=3687"}],"curies":[{"name":"wp","href":"https:\/\/api.w.org\/{rel}","templated":true}]}}