{"id":3837,"date":"2025-07-18T22:00:25","date_gmt":"2025-07-18T22:00:25","guid":{"rendered":"https:\/\/badbuddhashop.com\/?post_type=product&#038;p=3837"},"modified":"2025-07-19T15:09:36","modified_gmt":"2025-07-19T15:09:36","slug":"duo-chiiyaam-miwah-15ml","status":"publish","type":"product","link":"https:\/\/badbuddhashop.com\/fr\/produit\/duo-chiiyaam-miwah-15ml\/","title":{"rendered":"Duo CHIIYAAM &amp; MIWAH \u2013 Purifiez, \u00c9levez, Rayonnez"},"content":{"rendered":"<p>\ud83c\udf3f Duo CHIIYAAM &amp; MIWAH \u2013 Purifiez, \u00c9levez, Rayonnez \u2728<\/p>\n<p>Deux essences sacr\u00e9es. Un rituel puissant. Ce duo parfaitement \u00e9quilibr\u00e9 comprend :<\/p>\n<p>1 x CHIIYAAM 15 ml \u2013 L\u2019essence purifiante qui nettoie votre espace, votre \u00e9nergie\u2026 et peut-\u00eatre m\u00eame votre humeur.<br \/>\n1 x MIWAH 15 ml \u2013 L\u2019\u00e9tincelle cr\u00e9ative en flacon. F\u00e9minine, vibrante et pleine de bonnes ondes.<br \/>\n1 x Pochette cadeau \u2013 Parce que m\u00eame votre aura m\u00e9rite un bel emballage.<br \/>\nComment l\u2019utiliser :<br \/>\nCommencez par CHIIYAAM pour purifier l\u2019espace ou vous-m\u00eame \u2014 c\u2019est le bouton \u201creset\u201d de votre journ\u00e9e. Attendez quelques minutes, puis appliquez MIWAH pour inviter la cr\u00e9ativit\u00e9, la joie et toutes les belles \u00e9nergies que l\u2019univers garde rien que pour vous.<\/p>\n<p>Parfait pour vos rituels quotidiens, pour offrir, ou pour toute personne qui veut sentir la paix et la possibilit\u00e9.<\/p>","protected":false},"excerpt":{"rendered":"<p>Duo Chiiyaam &#038; Miwah 15ml<\/p>","protected":false},"featured_media":3838,"comment_status":"open","ping_status":"closed","template":"","meta":[],"product_brand":[],"product_cat":[27],"product_tag":[],"class_list":{"0":"post-3837","1":"product","2":"type-product","3":"status-publish","4":"has-post-thumbnail","6":"product_cat-spiritual-corner","7":"product_shipping_class-dieppe-products","9":"first","10":"instock","11":"shipping-taxable","12":"purchasable","13":"product-type-simple"},"yoast_head":"<!-- This site is optimized with the Yoast SEO plugin v27.4 - https:\/\/yoast.com\/product\/yoast-seo-wordpress\/ -->\n<title>CHIIYAAM &amp; MIWAH Duo \u2013 Cleanse, Energize, Glow - Bad Buddha Shop<\/title>\n<meta name=\"robots\" content=\"index, follow, max-snippet:-1, max-image-preview:large, max-video-preview:-1\" \/>\n<link rel=\"canonical\" href=\"https:\/\/badbuddhashop.com\/fr\/produit\/duo-chiiyaam-miwah-15ml\/\" \/>\n<meta property=\"og:locale\" content=\"fr_CA\" \/>\n<meta property=\"og:type\" content=\"article\" \/>\n<meta property=\"og:title\" content=\"CHIIYAAM &amp; MIWAH Duo \u2013 Cleanse, Energize, Glow - Bad Buddha Shop\" \/>\n<meta property=\"og:description\" content=\"Duo Chiiyaam &amp; Miwah 15ml\" \/>\n<meta property=\"og:url\" content=\"https:\/\/badbuddhashop.com\/fr\/produit\/duo-chiiyaam-miwah-15ml\/\" \/>\n<meta property=\"og:site_name\" content=\"Bad Buddha Shop\" \/>\n<meta property=\"article:publisher\" content=\"https:\/\/www.facebook.com\/profile.php?id=61577341044750\" \/>\n<meta property=\"article:modified_time\" content=\"2025-07-19T15:09:36+00:00\" \/>\n<meta property=\"og:image\" content=\"https:\/\/badbuddhashop.com\/wp-content\/uploads\/2025\/07\/duo_chiiyaam-miwah-scaled-1.jpg\" \/>\n\t<meta property=\"og:image:width\" content=\"2560\" \/>\n\t<meta property=\"og:image:height\" content=\"2328\" \/>\n\t<meta property=\"og:image:type\" content=\"image\/jpeg\" \/>\n<meta name=\"twitter:card\" content=\"summary_large_image\" \/>\n<meta name=\"twitter:label1\" content=\"Estimation du temps de lecture\" \/>\n\t<meta name=\"twitter:data1\" content=\"1 minute\" \/>\n<script type=\"application\/ld+json\" class=\"yoast-schema-graph\">{\"@context\":\"https:\\\/\\\/schema.org\",\"@graph\":[{\"@type\":\"WebPage\",\"@id\":\"https:\\\/\\\/badbuddhashop.com\\\/product\\\/duo-chiiyaam-miwah-15ml\\\/\",\"url\":\"https:\\\/\\\/badbuddhashop.com\\\/product\\\/duo-chiiyaam-miwah-15ml\\\/\",\"name\":\"CHIIYAAM & MIWAH Duo \u2013 Cleanse, Energize, Glow - Bad Buddha Shop\",\"isPartOf\":{\"@id\":\"https:\\\/\\\/badbuddhashop.com\\\/#website\"},\"primaryImageOfPage\":{\"@id\":\"https:\\\/\\\/badbuddhashop.com\\\/product\\\/duo-chiiyaam-miwah-15ml\\\/#primaryimage\"},\"image\":{\"@id\":\"https:\\\/\\\/badbuddhashop.com\\\/product\\\/duo-chiiyaam-miwah-15ml\\\/#primaryimage\"},\"thumbnailUrl\":\"https:\\\/\\\/badbuddhashop.com\\\/wp-content\\\/uploads\\\/2025\\\/07\\\/duo_chiiyaam-miwah-scaled-1.jpg\",\"datePublished\":\"2025-07-18T22:00:25+00:00\",\"dateModified\":\"2025-07-19T15:09:36+00:00\",\"breadcrumb\":{\"@id\":\"https:\\\/\\\/badbuddhashop.com\\\/product\\\/duo-chiiyaam-miwah-15ml\\\/#breadcrumb\"},\"inLanguage\":\"fr-CA\",\"potentialAction\":[{\"@type\":\"ReadAction\",\"target\":[\"https:\\\/\\\/badbuddhashop.com\\\/product\\\/duo-chiiyaam-miwah-15ml\\\/\"]}]},{\"@type\":\"ImageObject\",\"inLanguage\":\"fr-CA\",\"@id\":\"https:\\\/\\\/badbuddhashop.com\\\/product\\\/duo-chiiyaam-miwah-15ml\\\/#primaryimage\",\"url\":\"https:\\\/\\\/badbuddhashop.com\\\/wp-content\\\/uploads\\\/2025\\\/07\\\/duo_chiiyaam-miwah-scaled-1.jpg\",\"contentUrl\":\"https:\\\/\\\/badbuddhashop.com\\\/wp-content\\\/uploads\\\/2025\\\/07\\\/duo_chiiyaam-miwah-scaled-1.jpg\",\"width\":2560,\"height\":2328},{\"@type\":\"BreadcrumbList\",\"@id\":\"https:\\\/\\\/badbuddhashop.com\\\/product\\\/duo-chiiyaam-miwah-15ml\\\/#breadcrumb\",\"itemListElement\":[{\"@type\":\"ListItem\",\"position\":1,\"name\":\"Home\",\"item\":\"https:\\\/\\\/badbuddhashop.com\\\/\"},{\"@type\":\"ListItem\",\"position\":2,\"name\":\"Take Your Adventure To The Next Level\",\"item\":\"https:\\\/\\\/badbuddhashop.com\\\/shop1\\\/\"},{\"@type\":\"ListItem\",\"position\":3,\"name\":\"CHIIYAAM &#038; MIWAH Duo \u2013 Cleanse, Energize, Glow\"}]},{\"@type\":\"WebSite\",\"@id\":\"https:\\\/\\\/badbuddhashop.com\\\/#website\",\"url\":\"https:\\\/\\\/badbuddhashop.com\\\/\",\"name\":\"Bad Buddha Shop\",\"description\":\"\",\"publisher\":{\"@id\":\"https:\\\/\\\/badbuddhashop.com\\\/#organization\"},\"potentialAction\":[{\"@type\":\"SearchAction\",\"target\":{\"@type\":\"EntryPoint\",\"urlTemplate\":\"https:\\\/\\\/badbuddhashop.com\\\/?s={search_term_string}\"},\"query-input\":{\"@type\":\"PropertyValueSpecification\",\"valueRequired\":true,\"valueName\":\"search_term_string\"}}],\"inLanguage\":\"fr-CA\"},{\"@type\":\"Organization\",\"@id\":\"https:\\\/\\\/badbuddhashop.com\\\/#organization\",\"name\":\"Bad Buddha Shop\",\"url\":\"https:\\\/\\\/badbuddhashop.com\\\/\",\"logo\":{\"@type\":\"ImageObject\",\"inLanguage\":\"fr-CA\",\"@id\":\"https:\\\/\\\/badbuddhashop.com\\\/#\\\/schema\\\/logo\\\/image\\\/\",\"url\":\"https:\\\/\\\/badbuddhashop.com\\\/wp-content\\\/uploads\\\/2025\\\/06\\\/logo-cropped.png\",\"contentUrl\":\"https:\\\/\\\/badbuddhashop.com\\\/wp-content\\\/uploads\\\/2025\\\/06\\\/logo-cropped.png\",\"width\":1024,\"height\":1024,\"caption\":\"Bad Buddha Shop\"},\"image\":{\"@id\":\"https:\\\/\\\/badbuddhashop.com\\\/#\\\/schema\\\/logo\\\/image\\\/\"},\"sameAs\":[\"https:\\\/\\\/www.facebook.com\\\/profile.php?id=61577341044750\",\"https:\\\/\\\/www.instagram.com\\\/bad_buddha_shop\\\/\"]}]}<\/script>\n<!-- \/ Yoast SEO plugin. -->","yoast_head_json":{"title":"CHIIYAAM & MIWAH Duo \u2013 Cleanse, Energize, Glow - Bad Buddha Shop","robots":{"index":"index","follow":"follow","max-snippet":"max-snippet:-1","max-image-preview":"max-image-preview:large","max-video-preview":"max-video-preview:-1"},"canonical":"https:\/\/badbuddhashop.com\/fr\/produit\/duo-chiiyaam-miwah-15ml\/","og_locale":"fr_CA","og_type":"article","og_title":"CHIIYAAM & MIWAH Duo \u2013 Cleanse, Energize, Glow - Bad Buddha Shop","og_description":"Duo Chiiyaam & Miwah 15ml","og_url":"https:\/\/badbuddhashop.com\/fr\/produit\/duo-chiiyaam-miwah-15ml\/","og_site_name":"Bad Buddha Shop","article_publisher":"https:\/\/www.facebook.com\/profile.php?id=61577341044750","article_modified_time":"2025-07-19T15:09:36+00:00","og_image":[{"width":2560,"height":2328,"url":"https:\/\/badbuddhashop.com\/wp-content\/uploads\/2025\/07\/duo_chiiyaam-miwah-scaled-1.jpg","type":"image\/jpeg"}],"twitter_card":"summary_large_image","twitter_misc":{"Estimation du temps de lecture":"1 minute"},"schema":{"@context":"https:\/\/schema.org","@graph":[{"@type":"WebPage","@id":"https:\/\/badbuddhashop.com\/product\/duo-chiiyaam-miwah-15ml\/","url":"https:\/\/badbuddhashop.com\/product\/duo-chiiyaam-miwah-15ml\/","name":"CHIIYAAM & MIWAH Duo \u2013 Cleanse, Energize, Glow - Bad Buddha Shop","isPartOf":{"@id":"https:\/\/badbuddhashop.com\/#website"},"primaryImageOfPage":{"@id":"https:\/\/badbuddhashop.com\/product\/duo-chiiyaam-miwah-15ml\/#primaryimage"},"image":{"@id":"https:\/\/badbuddhashop.com\/product\/duo-chiiyaam-miwah-15ml\/#primaryimage"},"thumbnailUrl":"https:\/\/badbuddhashop.com\/wp-content\/uploads\/2025\/07\/duo_chiiyaam-miwah-scaled-1.jpg","datePublished":"2025-07-18T22:00:25+00:00","dateModified":"2025-07-19T15:09:36+00:00","breadcrumb":{"@id":"https:\/\/badbuddhashop.com\/product\/duo-chiiyaam-miwah-15ml\/#breadcrumb"},"inLanguage":"fr-CA","potentialAction":[{"@type":"ReadAction","target":["https:\/\/badbuddhashop.com\/product\/duo-chiiyaam-miwah-15ml\/"]}]},{"@type":"ImageObject","inLanguage":"fr-CA","@id":"https:\/\/badbuddhashop.com\/product\/duo-chiiyaam-miwah-15ml\/#primaryimage","url":"https:\/\/badbuddhashop.com\/wp-content\/uploads\/2025\/07\/duo_chiiyaam-miwah-scaled-1.jpg","contentUrl":"https:\/\/badbuddhashop.com\/wp-content\/uploads\/2025\/07\/duo_chiiyaam-miwah-scaled-1.jpg","width":2560,"height":2328},{"@type":"BreadcrumbList","@id":"https:\/\/badbuddhashop.com\/product\/duo-chiiyaam-miwah-15ml\/#breadcrumb","itemListElement":[{"@type":"ListItem","position":1,"name":"Home","item":"https:\/\/badbuddhashop.com\/"},{"@type":"ListItem","position":2,"name":"Take Your Adventure To The Next Level","item":"https:\/\/badbuddhashop.com\/shop1\/"},{"@type":"ListItem","position":3,"name":"CHIIYAAM &#038; MIWAH Duo \u2013 Cleanse, Energize, Glow"}]},{"@type":"WebSite","@id":"https:\/\/badbuddhashop.com\/#website","url":"https:\/\/badbuddhashop.com\/","name":"Bad Buddha Shop","description":"","publisher":{"@id":"https:\/\/badbuddhashop.com\/#organization"},"potentialAction":[{"@type":"SearchAction","target":{"@type":"EntryPoint","urlTemplate":"https:\/\/badbuddhashop.com\/?s={search_term_string}"},"query-input":{"@type":"PropertyValueSpecification","valueRequired":true,"valueName":"search_term_string"}}],"inLanguage":"fr-CA"},{"@type":"Organization","@id":"https:\/\/badbuddhashop.com\/#organization","name":"Bad Buddha Shop","url":"https:\/\/badbuddhashop.com\/","logo":{"@type":"ImageObject","inLanguage":"fr-CA","@id":"https:\/\/badbuddhashop.com\/#\/schema\/logo\/image\/","url":"https:\/\/badbuddhashop.com\/wp-content\/uploads\/2025\/06\/logo-cropped.png","contentUrl":"https:\/\/badbuddhashop.com\/wp-content\/uploads\/2025\/06\/logo-cropped.png","width":1024,"height":1024,"caption":"Bad Buddha Shop"},"image":{"@id":"https:\/\/badbuddhashop.com\/#\/schema\/logo\/image\/"},"sameAs":["https:\/\/www.facebook.com\/profile.php?id=61577341044750","https:\/\/www.instagram.com\/bad_buddha_shop\/"]}]}},"_links":{"self":[{"href":"https:\/\/badbuddhashop.com\/fr\/wp-json\/wp\/v2\/product\/3837","targetHints":{"allow":["GET"]}}],"collection":[{"href":"https:\/\/badbuddhashop.com\/fr\/wp-json\/wp\/v2\/product"}],"about":[{"href":"https:\/\/badbuddhashop.com\/fr\/wp-json\/wp\/v2\/types\/product"}],"replies":[{"embeddable":true,"href":"https:\/\/badbuddhashop.com\/fr\/wp-json\/wp\/v2\/comments?post=3837"}],"wp:featuredmedia":[{"embeddable":true,"href":"https:\/\/badbuddhashop.com\/fr\/wp-json\/wp\/v2\/media\/3838"}],"wp:attachment":[{"href":"https:\/\/badbuddhashop.com\/fr\/wp-json\/wp\/v2\/media?parent=3837"}],"wp:term":[{"taxonomy":"product_brand","embeddable":true,"href":"https:\/\/badbuddhashop.com\/fr\/wp-json\/wp\/v2\/product_brand?post=3837"},{"taxonomy":"product_cat","embeddable":true,"href":"https:\/\/badbuddhashop.com\/fr\/wp-json\/wp\/v2\/product_cat?post=3837"},{"taxonomy":"product_tag","embeddable":true,"href":"https:\/\/badbuddhashop.com\/fr\/wp-json\/wp\/v2\/product_tag?post=3837"}],"curies":[{"name":"wp","href":"https:\/\/api.w.org\/{rel}","templated":true}]}}