{"id":3857,"date":"2025-07-18T22:50:04","date_gmt":"2025-07-18T22:50:04","guid":{"rendered":"https:\/\/badbuddhashop.com\/?post_type=product&#038;p=3857"},"modified":"2025-07-19T15:11:48","modified_gmt":"2025-07-19T15:11:48","slug":"kit-five-elements","status":"publish","type":"product","link":"https:\/\/badbuddhashop.com\/fr\/produit\/kit-five-elements\/","title":{"rendered":"Coffret Aromath\u00e9rapie des Cinq \u00c9l\u00e9ments \u2013 \u00c9quilibrez, Respirez, Rayonnez"},"content":{"rendered":"<p>\ud83c\udf3f Coffret Aromath\u00e9rapie des Cinq \u00c9l\u00e9ments \u2013 \u00c9quilibrez, Respirez, Rayonnez \ud83c\udf2c\ufe0f\ud83d\udd25\ud83c\udf0a\ud83c\udf0d\ud83c\udf1f<\/p>\n<p>Inspir\u00e9 des enseignements ancestraux d\u2019un clan autochtone de l\u2019Ours, ce coffret unique vous invite \u00e0 un voyage sensoriel \u00e0 travers les cinq \u00e9l\u00e9ments sacr\u00e9s qui influencent notre bien-\u00eatre physique et psychique.<\/p>\n<p>Ce coffret contient des parfums 100 % naturels, chacun associ\u00e9 \u00e0 un \u00e9l\u00e9ment :<\/p>\n<p>Air \u2013 Clart\u00e9, souffle, inspiration<br \/>\nFeu \u2013 Vitalit\u00e9, passion, transformation<br \/>\nEau \u2013 \u00c9motions, intuition, fluidit\u00e9<br \/>\nTerre \u2013 Ancrage, force, stabilit\u00e9<br \/>\n\u00c9ther (Esprit) \u2013 Connexion, expansion, harmonie<br \/>\n\ud83c\udf3f \u00c9labor\u00e9es avec soin, ces Essences Autochtones soutiennent l\u2019\u00e9quilibre int\u00e9rieur et vous aident \u00e0 vous reconnecter \u00e0 votre \u00e9nergie naturelle.<\/p>\n<p>\ud83d\udcd6 Inclus : un manuel des Cinq \u00c9l\u00e9ments pour vous guider dans l\u2019utilisation de chaque essence et approfondir votre compr\u00e9hension de leur pouvoir.<\/p>\n<p>Que ce soit pour vos rituels, vos m\u00e9ditations ou simplement pour harmoniser votre quotidien, ce coffret est un alli\u00e9 pr\u00e9cieux pour cultiver la paix, l\u2019\u00e9nergie et la sagesse ancestrale.<\/p>","protected":false},"excerpt":{"rendered":"<p>Ensemble de Parfum Les 5 \u00e9l\u00e9ments<\/p>","protected":false},"featured_media":3862,"comment_status":"open","ping_status":"closed","template":"","meta":[],"product_brand":[],"product_cat":[27],"product_tag":[],"class_list":{"0":"post-3857","1":"product","2":"type-product","3":"status-publish","4":"has-post-thumbnail","6":"product_cat-spiritual-corner","7":"product_shipping_class-dieppe-products","9":"first","10":"instock","11":"shipping-taxable","12":"purchasable","13":"product-type-simple"},"yoast_head":"<!-- This site is optimized with the Yoast SEO plugin v27.4 - https:\/\/yoast.com\/product\/yoast-seo-wordpress\/ -->\n<title>The Five Elements Aromatherapy Kit \u2013 Balance, Breathe, Become - Bad Buddha Shop<\/title>\n<meta name=\"robots\" content=\"index, follow, max-snippet:-1, max-image-preview:large, max-video-preview:-1\" \/>\n<link rel=\"canonical\" href=\"https:\/\/badbuddhashop.com\/fr\/produit\/kit-five-elements\/\" \/>\n<meta property=\"og:locale\" content=\"fr_CA\" \/>\n<meta property=\"og:type\" content=\"article\" \/>\n<meta property=\"og:title\" content=\"The Five Elements Aromatherapy Kit \u2013 Balance, Breathe, Become - Bad Buddha Shop\" \/>\n<meta property=\"og:description\" content=\"Kit FIVE ELEMENTS\" \/>\n<meta property=\"og:url\" content=\"https:\/\/badbuddhashop.com\/fr\/produit\/kit-five-elements\/\" \/>\n<meta property=\"og:site_name\" content=\"Bad Buddha Shop\" \/>\n<meta property=\"article:publisher\" content=\"https:\/\/www.facebook.com\/profile.php?id=61577341044750\" \/>\n<meta property=\"article:modified_time\" content=\"2025-07-19T15:11:48+00:00\" \/>\n<meta property=\"og:image\" content=\"https:\/\/badbuddhashop.com\/wp-content\/uploads\/2025\/07\/KIT-5-ELEM-scaled-1.jpg\" \/>\n\t<meta property=\"og:image:width\" content=\"2560\" \/>\n\t<meta property=\"og:image:height\" content=\"1790\" \/>\n\t<meta property=\"og:image:type\" content=\"image\/jpeg\" \/>\n<meta name=\"twitter:card\" content=\"summary_large_image\" \/>\n<meta name=\"twitter:label1\" content=\"Estimation du temps de lecture\" \/>\n\t<meta name=\"twitter:data1\" content=\"1 minute\" \/>\n<script type=\"application\/ld+json\" class=\"yoast-schema-graph\">{\"@context\":\"https:\\\/\\\/schema.org\",\"@graph\":[{\"@type\":\"WebPage\",\"@id\":\"https:\\\/\\\/badbuddhashop.com\\\/product\\\/kit-five-elements\\\/\",\"url\":\"https:\\\/\\\/badbuddhashop.com\\\/product\\\/kit-five-elements\\\/\",\"name\":\"The Five Elements Aromatherapy Kit \u2013 Balance, Breathe, Become - Bad Buddha Shop\",\"isPartOf\":{\"@id\":\"https:\\\/\\\/badbuddhashop.com\\\/#website\"},\"primaryImageOfPage\":{\"@id\":\"https:\\\/\\\/badbuddhashop.com\\\/product\\\/kit-five-elements\\\/#primaryimage\"},\"image\":{\"@id\":\"https:\\\/\\\/badbuddhashop.com\\\/product\\\/kit-five-elements\\\/#primaryimage\"},\"thumbnailUrl\":\"https:\\\/\\\/badbuddhashop.com\\\/wp-content\\\/uploads\\\/2025\\\/07\\\/KIT-5-ELEM-scaled-1.jpg\",\"datePublished\":\"2025-07-18T22:50:04+00:00\",\"dateModified\":\"2025-07-19T15:11:48+00:00\",\"breadcrumb\":{\"@id\":\"https:\\\/\\\/badbuddhashop.com\\\/product\\\/kit-five-elements\\\/#breadcrumb\"},\"inLanguage\":\"fr-CA\",\"potentialAction\":[{\"@type\":\"ReadAction\",\"target\":[\"https:\\\/\\\/badbuddhashop.com\\\/product\\\/kit-five-elements\\\/\"]}]},{\"@type\":\"ImageObject\",\"inLanguage\":\"fr-CA\",\"@id\":\"https:\\\/\\\/badbuddhashop.com\\\/product\\\/kit-five-elements\\\/#primaryimage\",\"url\":\"https:\\\/\\\/badbuddhashop.com\\\/wp-content\\\/uploads\\\/2025\\\/07\\\/KIT-5-ELEM-scaled-1.jpg\",\"contentUrl\":\"https:\\\/\\\/badbuddhashop.com\\\/wp-content\\\/uploads\\\/2025\\\/07\\\/KIT-5-ELEM-scaled-1.jpg\",\"width\":2560,\"height\":1790},{\"@type\":\"BreadcrumbList\",\"@id\":\"https:\\\/\\\/badbuddhashop.com\\\/product\\\/kit-five-elements\\\/#breadcrumb\",\"itemListElement\":[{\"@type\":\"ListItem\",\"position\":1,\"name\":\"Home\",\"item\":\"https:\\\/\\\/badbuddhashop.com\\\/\"},{\"@type\":\"ListItem\",\"position\":2,\"name\":\"Take Your Adventure To The Next Level\",\"item\":\"https:\\\/\\\/badbuddhashop.com\\\/shop1\\\/\"},{\"@type\":\"ListItem\",\"position\":3,\"name\":\"The Five Elements Aromatherapy Kit \u2013 Balance, Breathe, Become\"}]},{\"@type\":\"WebSite\",\"@id\":\"https:\\\/\\\/badbuddhashop.com\\\/#website\",\"url\":\"https:\\\/\\\/badbuddhashop.com\\\/\",\"name\":\"Bad Buddha Shop\",\"description\":\"\",\"publisher\":{\"@id\":\"https:\\\/\\\/badbuddhashop.com\\\/#organization\"},\"potentialAction\":[{\"@type\":\"SearchAction\",\"target\":{\"@type\":\"EntryPoint\",\"urlTemplate\":\"https:\\\/\\\/badbuddhashop.com\\\/?s={search_term_string}\"},\"query-input\":{\"@type\":\"PropertyValueSpecification\",\"valueRequired\":true,\"valueName\":\"search_term_string\"}}],\"inLanguage\":\"fr-CA\"},{\"@type\":\"Organization\",\"@id\":\"https:\\\/\\\/badbuddhashop.com\\\/#organization\",\"name\":\"Bad Buddha Shop\",\"url\":\"https:\\\/\\\/badbuddhashop.com\\\/\",\"logo\":{\"@type\":\"ImageObject\",\"inLanguage\":\"fr-CA\",\"@id\":\"https:\\\/\\\/badbuddhashop.com\\\/#\\\/schema\\\/logo\\\/image\\\/\",\"url\":\"https:\\\/\\\/badbuddhashop.com\\\/wp-content\\\/uploads\\\/2025\\\/06\\\/logo-cropped.png\",\"contentUrl\":\"https:\\\/\\\/badbuddhashop.com\\\/wp-content\\\/uploads\\\/2025\\\/06\\\/logo-cropped.png\",\"width\":1024,\"height\":1024,\"caption\":\"Bad Buddha Shop\"},\"image\":{\"@id\":\"https:\\\/\\\/badbuddhashop.com\\\/#\\\/schema\\\/logo\\\/image\\\/\"},\"sameAs\":[\"https:\\\/\\\/www.facebook.com\\\/profile.php?id=61577341044750\",\"https:\\\/\\\/www.instagram.com\\\/bad_buddha_shop\\\/\"]}]}<\/script>\n<!-- \/ Yoast SEO plugin. -->","yoast_head_json":{"title":"The Five Elements Aromatherapy Kit \u2013 Balance, Breathe, Become - Bad Buddha Shop","robots":{"index":"index","follow":"follow","max-snippet":"max-snippet:-1","max-image-preview":"max-image-preview:large","max-video-preview":"max-video-preview:-1"},"canonical":"https:\/\/badbuddhashop.com\/fr\/produit\/kit-five-elements\/","og_locale":"fr_CA","og_type":"article","og_title":"The Five Elements Aromatherapy Kit \u2013 Balance, Breathe, Become - Bad Buddha Shop","og_description":"Kit FIVE ELEMENTS","og_url":"https:\/\/badbuddhashop.com\/fr\/produit\/kit-five-elements\/","og_site_name":"Bad Buddha Shop","article_publisher":"https:\/\/www.facebook.com\/profile.php?id=61577341044750","article_modified_time":"2025-07-19T15:11:48+00:00","og_image":[{"width":2560,"height":1790,"url":"https:\/\/badbuddhashop.com\/wp-content\/uploads\/2025\/07\/KIT-5-ELEM-scaled-1.jpg","type":"image\/jpeg"}],"twitter_card":"summary_large_image","twitter_misc":{"Estimation du temps de lecture":"1 minute"},"schema":{"@context":"https:\/\/schema.org","@graph":[{"@type":"WebPage","@id":"https:\/\/badbuddhashop.com\/product\/kit-five-elements\/","url":"https:\/\/badbuddhashop.com\/product\/kit-five-elements\/","name":"The Five Elements Aromatherapy Kit \u2013 Balance, Breathe, Become - Bad Buddha Shop","isPartOf":{"@id":"https:\/\/badbuddhashop.com\/#website"},"primaryImageOfPage":{"@id":"https:\/\/badbuddhashop.com\/product\/kit-five-elements\/#primaryimage"},"image":{"@id":"https:\/\/badbuddhashop.com\/product\/kit-five-elements\/#primaryimage"},"thumbnailUrl":"https:\/\/badbuddhashop.com\/wp-content\/uploads\/2025\/07\/KIT-5-ELEM-scaled-1.jpg","datePublished":"2025-07-18T22:50:04+00:00","dateModified":"2025-07-19T15:11:48+00:00","breadcrumb":{"@id":"https:\/\/badbuddhashop.com\/product\/kit-five-elements\/#breadcrumb"},"inLanguage":"fr-CA","potentialAction":[{"@type":"ReadAction","target":["https:\/\/badbuddhashop.com\/product\/kit-five-elements\/"]}]},{"@type":"ImageObject","inLanguage":"fr-CA","@id":"https:\/\/badbuddhashop.com\/product\/kit-five-elements\/#primaryimage","url":"https:\/\/badbuddhashop.com\/wp-content\/uploads\/2025\/07\/KIT-5-ELEM-scaled-1.jpg","contentUrl":"https:\/\/badbuddhashop.com\/wp-content\/uploads\/2025\/07\/KIT-5-ELEM-scaled-1.jpg","width":2560,"height":1790},{"@type":"BreadcrumbList","@id":"https:\/\/badbuddhashop.com\/product\/kit-five-elements\/#breadcrumb","itemListElement":[{"@type":"ListItem","position":1,"name":"Home","item":"https:\/\/badbuddhashop.com\/"},{"@type":"ListItem","position":2,"name":"Take Your Adventure To The Next Level","item":"https:\/\/badbuddhashop.com\/shop1\/"},{"@type":"ListItem","position":3,"name":"The Five Elements Aromatherapy Kit \u2013 Balance, Breathe, Become"}]},{"@type":"WebSite","@id":"https:\/\/badbuddhashop.com\/#website","url":"https:\/\/badbuddhashop.com\/","name":"Bad Buddha Shop","description":"","publisher":{"@id":"https:\/\/badbuddhashop.com\/#organization"},"potentialAction":[{"@type":"SearchAction","target":{"@type":"EntryPoint","urlTemplate":"https:\/\/badbuddhashop.com\/?s={search_term_string}"},"query-input":{"@type":"PropertyValueSpecification","valueRequired":true,"valueName":"search_term_string"}}],"inLanguage":"fr-CA"},{"@type":"Organization","@id":"https:\/\/badbuddhashop.com\/#organization","name":"Bad Buddha Shop","url":"https:\/\/badbuddhashop.com\/","logo":{"@type":"ImageObject","inLanguage":"fr-CA","@id":"https:\/\/badbuddhashop.com\/#\/schema\/logo\/image\/","url":"https:\/\/badbuddhashop.com\/wp-content\/uploads\/2025\/06\/logo-cropped.png","contentUrl":"https:\/\/badbuddhashop.com\/wp-content\/uploads\/2025\/06\/logo-cropped.png","width":1024,"height":1024,"caption":"Bad Buddha Shop"},"image":{"@id":"https:\/\/badbuddhashop.com\/#\/schema\/logo\/image\/"},"sameAs":["https:\/\/www.facebook.com\/profile.php?id=61577341044750","https:\/\/www.instagram.com\/bad_buddha_shop\/"]}]}},"_links":{"self":[{"href":"https:\/\/badbuddhashop.com\/fr\/wp-json\/wp\/v2\/product\/3857","targetHints":{"allow":["GET"]}}],"collection":[{"href":"https:\/\/badbuddhashop.com\/fr\/wp-json\/wp\/v2\/product"}],"about":[{"href":"https:\/\/badbuddhashop.com\/fr\/wp-json\/wp\/v2\/types\/product"}],"replies":[{"embeddable":true,"href":"https:\/\/badbuddhashop.com\/fr\/wp-json\/wp\/v2\/comments?post=3857"}],"wp:featuredmedia":[{"embeddable":true,"href":"https:\/\/badbuddhashop.com\/fr\/wp-json\/wp\/v2\/media\/3862"}],"wp:attachment":[{"href":"https:\/\/badbuddhashop.com\/fr\/wp-json\/wp\/v2\/media?parent=3857"}],"wp:term":[{"taxonomy":"product_brand","embeddable":true,"href":"https:\/\/badbuddhashop.com\/fr\/wp-json\/wp\/v2\/product_brand?post=3857"},{"taxonomy":"product_cat","embeddable":true,"href":"https:\/\/badbuddhashop.com\/fr\/wp-json\/wp\/v2\/product_cat?post=3857"},{"taxonomy":"product_tag","embeddable":true,"href":"https:\/\/badbuddhashop.com\/fr\/wp-json\/wp\/v2\/product_tag?post=3857"}],"curies":[{"name":"wp","href":"https:\/\/api.w.org\/{rel}","templated":true}]}}