{"id":3859,"date":"2025-07-18T22:51:35","date_gmt":"2025-07-18T22:51:35","guid":{"rendered":"https:\/\/badbuddhashop.com\/?post_type=product&#038;p=3859"},"modified":"2025-07-19T14:58:40","modified_gmt":"2025-07-19T14:58:40","slug":"chiiyaam-bath-salts","status":"publish","type":"product","link":"https:\/\/badbuddhashop.com\/fr\/produit\/chiiyaam-bath-salts\/","title":{"rendered":"Sels de Bain Apaisants Invocation \u2013 D\u00e9toxifiez votre corps, apaisez votre \u00e2me, impressionnez votre salle de bain"},"content":{"rendered":"<p>\ud83d\udec1 Sels de Bain Apaisants Invocation \u2013 D\u00e9toxifiez votre corps, apaisez votre \u00e2me, impressionnez votre salle de bain \ud83e\uddc2<\/p>\n<p>Ce ne sont pas de simples sels de bain. Ce sont des sels 100 % naturels, de haute qualit\u00e9 et spirituellement approuv\u00e9s, infus\u00e9s avec la fameuse Essence Autochtone CHIIYAAM, connue pour calmer l\u2019esprit et faire oublier jusqu\u2019\u00e0 l\u2019existence des courriels.<\/p>\n<p>\ud83c\udf3f \u00c7a sent la paix int\u00e9rieure et le \u201cje g\u00e8re ma vie\u201d<br \/>\n\ud83e\uddd8\u200d\u2640\ufe0f D\u00e9toxifie le corps pendant que votre nez profite d\u2019un concert d\u2019aromath\u00e9rapie<br \/>\n\ud83c\udf0a Sels marins + vibrations sacr\u00e9es = votre nouveau rituel pr\u00e9f\u00e9r\u00e9<\/p>\n<p>Ces sels th\u00e9rapeutiques ne sont pas juste jolis dans un pot \u2014 ils agissent en profondeur sur votre peau et vos sens, vous laissant d\u00e9tendu, recharg\u00e9, et peut-\u00eatre m\u00eame convaincu d\u2019avoir atteint un niveau sup\u00e9rieur (ou au moins un niveau \u201cmoins stress\u00e9\u201d).<\/p>\n<p>Avertissement : Peut provoquer des soupirs de soulagement spontan\u00e9s et une envie soudaine d\u2019allumer une bougie et de ne plus jamais sortir du bain.<\/p>","protected":false},"excerpt":{"rendered":"<p>Sel de bain \u00e0 l\u2019essence de Chiiyaam<\/p>","protected":false},"featured_media":3860,"comment_status":"open","ping_status":"closed","template":"","meta":[],"product_brand":[],"product_cat":[27],"product_tag":[],"class_list":{"0":"post-3859","1":"product","2":"type-product","3":"status-publish","4":"has-post-thumbnail","6":"product_cat-spiritual-corner","7":"product_shipping_class-dieppe-products","9":"first","10":"instock","11":"shipping-taxable","12":"purchasable","13":"product-type-simple"},"yoast_head":"<!-- This site is optimized with the Yoast SEO plugin v27.4 - https:\/\/yoast.com\/product\/yoast-seo-wordpress\/ -->\n<title>Invocation\u2019s Calming Bath Salts \u2013 Detox Your Body, Soothe Your Soul, Impress Your Bathroom - Bad Buddha Shop<\/title>\n<meta name=\"robots\" content=\"index, follow, max-snippet:-1, max-image-preview:large, max-video-preview:-1\" \/>\n<link rel=\"canonical\" href=\"https:\/\/badbuddhashop.com\/fr\/produit\/chiiyaam-bath-salts\/\" \/>\n<meta property=\"og:locale\" content=\"fr_CA\" \/>\n<meta property=\"og:type\" content=\"article\" \/>\n<meta property=\"og:title\" content=\"Invocation\u2019s Calming Bath Salts \u2013 Detox Your Body, Soothe Your Soul, Impress Your Bathroom - Bad Buddha Shop\" \/>\n<meta property=\"og:description\" content=\"Chiiyaam Bath Salts\" \/>\n<meta property=\"og:url\" content=\"https:\/\/badbuddhashop.com\/fr\/produit\/chiiyaam-bath-salts\/\" \/>\n<meta property=\"og:site_name\" content=\"Bad Buddha Shop\" \/>\n<meta property=\"article:publisher\" content=\"https:\/\/www.facebook.com\/profile.php?id=61577341044750\" \/>\n<meta property=\"article:modified_time\" content=\"2025-07-19T14:58:40+00:00\" \/>\n<meta property=\"og:image\" content=\"https:\/\/badbuddhashop.com\/wp-content\/uploads\/2025\/07\/sel-en-sachet-.webp\" \/>\n\t<meta property=\"og:image:width\" content=\"550\" \/>\n\t<meta property=\"og:image:height\" content=\"550\" \/>\n\t<meta property=\"og:image:type\" content=\"image\/webp\" \/>\n<meta name=\"twitter:card\" content=\"summary_large_image\" \/>\n<meta name=\"twitter:label1\" content=\"Estimation du temps de lecture\" \/>\n\t<meta name=\"twitter:data1\" content=\"1 minute\" \/>\n<script type=\"application\/ld+json\" class=\"yoast-schema-graph\">{\"@context\":\"https:\\\/\\\/schema.org\",\"@graph\":[{\"@type\":\"WebPage\",\"@id\":\"https:\\\/\\\/badbuddhashop.com\\\/product\\\/chiiyaam-bath-salts\\\/\",\"url\":\"https:\\\/\\\/badbuddhashop.com\\\/product\\\/chiiyaam-bath-salts\\\/\",\"name\":\"Invocation\u2019s Calming Bath Salts \u2013 Detox Your Body, Soothe Your Soul, Impress Your Bathroom - Bad Buddha Shop\",\"isPartOf\":{\"@id\":\"https:\\\/\\\/badbuddhashop.com\\\/#website\"},\"primaryImageOfPage\":{\"@id\":\"https:\\\/\\\/badbuddhashop.com\\\/product\\\/chiiyaam-bath-salts\\\/#primaryimage\"},\"image\":{\"@id\":\"https:\\\/\\\/badbuddhashop.com\\\/product\\\/chiiyaam-bath-salts\\\/#primaryimage\"},\"thumbnailUrl\":\"https:\\\/\\\/badbuddhashop.com\\\/wp-content\\\/uploads\\\/2025\\\/07\\\/sel-en-sachet-.webp\",\"datePublished\":\"2025-07-18T22:51:35+00:00\",\"dateModified\":\"2025-07-19T14:58:40+00:00\",\"breadcrumb\":{\"@id\":\"https:\\\/\\\/badbuddhashop.com\\\/product\\\/chiiyaam-bath-salts\\\/#breadcrumb\"},\"inLanguage\":\"fr-CA\",\"potentialAction\":[{\"@type\":\"ReadAction\",\"target\":[\"https:\\\/\\\/badbuddhashop.com\\\/product\\\/chiiyaam-bath-salts\\\/\"]}]},{\"@type\":\"ImageObject\",\"inLanguage\":\"fr-CA\",\"@id\":\"https:\\\/\\\/badbuddhashop.com\\\/product\\\/chiiyaam-bath-salts\\\/#primaryimage\",\"url\":\"https:\\\/\\\/badbuddhashop.com\\\/wp-content\\\/uploads\\\/2025\\\/07\\\/sel-en-sachet-.webp\",\"contentUrl\":\"https:\\\/\\\/badbuddhashop.com\\\/wp-content\\\/uploads\\\/2025\\\/07\\\/sel-en-sachet-.webp\",\"width\":550,\"height\":550},{\"@type\":\"BreadcrumbList\",\"@id\":\"https:\\\/\\\/badbuddhashop.com\\\/product\\\/chiiyaam-bath-salts\\\/#breadcrumb\",\"itemListElement\":[{\"@type\":\"ListItem\",\"position\":1,\"name\":\"Home\",\"item\":\"https:\\\/\\\/badbuddhashop.com\\\/\"},{\"@type\":\"ListItem\",\"position\":2,\"name\":\"Take Your Adventure To The Next Level\",\"item\":\"https:\\\/\\\/badbuddhashop.com\\\/shop1\\\/\"},{\"@type\":\"ListItem\",\"position\":3,\"name\":\"Invocation\u2019s Calming Bath Salts \u2013 Detox Your Body, Soothe Your Soul, Impress Your Bathroom\"}]},{\"@type\":\"WebSite\",\"@id\":\"https:\\\/\\\/badbuddhashop.com\\\/#website\",\"url\":\"https:\\\/\\\/badbuddhashop.com\\\/\",\"name\":\"Bad Buddha Shop\",\"description\":\"\",\"publisher\":{\"@id\":\"https:\\\/\\\/badbuddhashop.com\\\/#organization\"},\"potentialAction\":[{\"@type\":\"SearchAction\",\"target\":{\"@type\":\"EntryPoint\",\"urlTemplate\":\"https:\\\/\\\/badbuddhashop.com\\\/?s={search_term_string}\"},\"query-input\":{\"@type\":\"PropertyValueSpecification\",\"valueRequired\":true,\"valueName\":\"search_term_string\"}}],\"inLanguage\":\"fr-CA\"},{\"@type\":\"Organization\",\"@id\":\"https:\\\/\\\/badbuddhashop.com\\\/#organization\",\"name\":\"Bad Buddha Shop\",\"url\":\"https:\\\/\\\/badbuddhashop.com\\\/\",\"logo\":{\"@type\":\"ImageObject\",\"inLanguage\":\"fr-CA\",\"@id\":\"https:\\\/\\\/badbuddhashop.com\\\/#\\\/schema\\\/logo\\\/image\\\/\",\"url\":\"https:\\\/\\\/badbuddhashop.com\\\/wp-content\\\/uploads\\\/2025\\\/06\\\/logo-cropped.png\",\"contentUrl\":\"https:\\\/\\\/badbuddhashop.com\\\/wp-content\\\/uploads\\\/2025\\\/06\\\/logo-cropped.png\",\"width\":1024,\"height\":1024,\"caption\":\"Bad Buddha Shop\"},\"image\":{\"@id\":\"https:\\\/\\\/badbuddhashop.com\\\/#\\\/schema\\\/logo\\\/image\\\/\"},\"sameAs\":[\"https:\\\/\\\/www.facebook.com\\\/profile.php?id=61577341044750\",\"https:\\\/\\\/www.instagram.com\\\/bad_buddha_shop\\\/\"]}]}<\/script>\n<!-- \/ Yoast SEO plugin. -->","yoast_head_json":{"title":"Invocation\u2019s Calming Bath Salts \u2013 Detox Your Body, Soothe Your Soul, Impress Your Bathroom - Bad Buddha Shop","robots":{"index":"index","follow":"follow","max-snippet":"max-snippet:-1","max-image-preview":"max-image-preview:large","max-video-preview":"max-video-preview:-1"},"canonical":"https:\/\/badbuddhashop.com\/fr\/produit\/chiiyaam-bath-salts\/","og_locale":"fr_CA","og_type":"article","og_title":"Invocation\u2019s Calming Bath Salts \u2013 Detox Your Body, Soothe Your Soul, Impress Your Bathroom - Bad Buddha Shop","og_description":"Chiiyaam Bath Salts","og_url":"https:\/\/badbuddhashop.com\/fr\/produit\/chiiyaam-bath-salts\/","og_site_name":"Bad Buddha Shop","article_publisher":"https:\/\/www.facebook.com\/profile.php?id=61577341044750","article_modified_time":"2025-07-19T14:58:40+00:00","og_image":[{"width":550,"height":550,"url":"https:\/\/badbuddhashop.com\/wp-content\/uploads\/2025\/07\/sel-en-sachet-.webp","type":"image\/webp"}],"twitter_card":"summary_large_image","twitter_misc":{"Estimation du temps de lecture":"1 minute"},"schema":{"@context":"https:\/\/schema.org","@graph":[{"@type":"WebPage","@id":"https:\/\/badbuddhashop.com\/product\/chiiyaam-bath-salts\/","url":"https:\/\/badbuddhashop.com\/product\/chiiyaam-bath-salts\/","name":"Invocation\u2019s Calming Bath Salts \u2013 Detox Your Body, Soothe Your Soul, Impress Your Bathroom - Bad Buddha Shop","isPartOf":{"@id":"https:\/\/badbuddhashop.com\/#website"},"primaryImageOfPage":{"@id":"https:\/\/badbuddhashop.com\/product\/chiiyaam-bath-salts\/#primaryimage"},"image":{"@id":"https:\/\/badbuddhashop.com\/product\/chiiyaam-bath-salts\/#primaryimage"},"thumbnailUrl":"https:\/\/badbuddhashop.com\/wp-content\/uploads\/2025\/07\/sel-en-sachet-.webp","datePublished":"2025-07-18T22:51:35+00:00","dateModified":"2025-07-19T14:58:40+00:00","breadcrumb":{"@id":"https:\/\/badbuddhashop.com\/product\/chiiyaam-bath-salts\/#breadcrumb"},"inLanguage":"fr-CA","potentialAction":[{"@type":"ReadAction","target":["https:\/\/badbuddhashop.com\/product\/chiiyaam-bath-salts\/"]}]},{"@type":"ImageObject","inLanguage":"fr-CA","@id":"https:\/\/badbuddhashop.com\/product\/chiiyaam-bath-salts\/#primaryimage","url":"https:\/\/badbuddhashop.com\/wp-content\/uploads\/2025\/07\/sel-en-sachet-.webp","contentUrl":"https:\/\/badbuddhashop.com\/wp-content\/uploads\/2025\/07\/sel-en-sachet-.webp","width":550,"height":550},{"@type":"BreadcrumbList","@id":"https:\/\/badbuddhashop.com\/product\/chiiyaam-bath-salts\/#breadcrumb","itemListElement":[{"@type":"ListItem","position":1,"name":"Home","item":"https:\/\/badbuddhashop.com\/"},{"@type":"ListItem","position":2,"name":"Take Your Adventure To The Next Level","item":"https:\/\/badbuddhashop.com\/shop1\/"},{"@type":"ListItem","position":3,"name":"Invocation\u2019s Calming Bath Salts \u2013 Detox Your Body, Soothe Your Soul, Impress Your Bathroom"}]},{"@type":"WebSite","@id":"https:\/\/badbuddhashop.com\/#website","url":"https:\/\/badbuddhashop.com\/","name":"Bad Buddha Shop","description":"","publisher":{"@id":"https:\/\/badbuddhashop.com\/#organization"},"potentialAction":[{"@type":"SearchAction","target":{"@type":"EntryPoint","urlTemplate":"https:\/\/badbuddhashop.com\/?s={search_term_string}"},"query-input":{"@type":"PropertyValueSpecification","valueRequired":true,"valueName":"search_term_string"}}],"inLanguage":"fr-CA"},{"@type":"Organization","@id":"https:\/\/badbuddhashop.com\/#organization","name":"Bad Buddha Shop","url":"https:\/\/badbuddhashop.com\/","logo":{"@type":"ImageObject","inLanguage":"fr-CA","@id":"https:\/\/badbuddhashop.com\/#\/schema\/logo\/image\/","url":"https:\/\/badbuddhashop.com\/wp-content\/uploads\/2025\/06\/logo-cropped.png","contentUrl":"https:\/\/badbuddhashop.com\/wp-content\/uploads\/2025\/06\/logo-cropped.png","width":1024,"height":1024,"caption":"Bad Buddha Shop"},"image":{"@id":"https:\/\/badbuddhashop.com\/#\/schema\/logo\/image\/"},"sameAs":["https:\/\/www.facebook.com\/profile.php?id=61577341044750","https:\/\/www.instagram.com\/bad_buddha_shop\/"]}]}},"_links":{"self":[{"href":"https:\/\/badbuddhashop.com\/fr\/wp-json\/wp\/v2\/product\/3859","targetHints":{"allow":["GET"]}}],"collection":[{"href":"https:\/\/badbuddhashop.com\/fr\/wp-json\/wp\/v2\/product"}],"about":[{"href":"https:\/\/badbuddhashop.com\/fr\/wp-json\/wp\/v2\/types\/product"}],"replies":[{"embeddable":true,"href":"https:\/\/badbuddhashop.com\/fr\/wp-json\/wp\/v2\/comments?post=3859"}],"wp:featuredmedia":[{"embeddable":true,"href":"https:\/\/badbuddhashop.com\/fr\/wp-json\/wp\/v2\/media\/3860"}],"wp:attachment":[{"href":"https:\/\/badbuddhashop.com\/fr\/wp-json\/wp\/v2\/media?parent=3859"}],"wp:term":[{"taxonomy":"product_brand","embeddable":true,"href":"https:\/\/badbuddhashop.com\/fr\/wp-json\/wp\/v2\/product_brand?post=3859"},{"taxonomy":"product_cat","embeddable":true,"href":"https:\/\/badbuddhashop.com\/fr\/wp-json\/wp\/v2\/product_cat?post=3859"},{"taxonomy":"product_tag","embeddable":true,"href":"https:\/\/badbuddhashop.com\/fr\/wp-json\/wp\/v2\/product_tag?post=3859"}],"curies":[{"name":"wp","href":"https:\/\/api.w.org\/{rel}","templated":true}]}}