{"id":3868,"date":"2025-07-18T23:33:04","date_gmt":"2025-07-18T23:33:04","guid":{"rendered":"https:\/\/badbuddhashop.com\/?post_type=product&#038;p=3868"},"modified":"2025-07-19T14:55:33","modified_gmt":"2025-07-19T14:55:33","slug":"chiiyaam-shower-gel","status":"publish","type":"product","link":"https:\/\/badbuddhashop.com\/fr\/produit\/chiiyaam-shower-gel\/","title":{"rendered":"Gel Douche 100 % Naturel &amp; V\u00e9g\u00e9tal aux Essences de Chiiyaam \u2013 La Nature Vous Dit : \u201cTu sens trop bon\u201d"},"content":{"rendered":"<p>\ud83d\udec1 Gel Douche 100 % Naturel &amp; V\u00e9g\u00e9tal aux Essences de Chiiyaam \u2013 La Nature Vous Dit : \u201cTu sens trop bon\u201d \ud83c\udf3f<\/p>\n<p>Envie de sortir de la douche en sentant la for\u00eat sacr\u00e9e et en devenant totalement inint\u00e9ressant pour les moustiques ? Ce petit flacon magique, infus\u00e9 de c\u00e8dre et de lavande, est \u00e0 la fois un spa portatif et un bouclier anti-bestioles.<\/p>\n<p>\ud83d\udca7 Fra\u00eecheur niveau : entre \u201ctorrent de montagne\u201d et \u201crenaissance spirituelle\u201d<br \/>\n\ud83e\udd9f Moustiques : merci, mais non merci<br \/>\n\ud83c\udf0e \u00c9colo-friendly : si doux que vous pouvez l\u2019utiliser dans les lacs, les rivi\u00e8res ou lors de votre retraite sauvage o\u00f9 la douche est un mythe<\/p>\n<p>Que vous soyez en camping, en mode \u00e9vasion zen, ou juste en train de transformer votre salle de bain en sanctuaire forestier, ce gel douche est l\u00e0 pour vous purifier\u2026 corps, \u00e2me et aisselles incluses.<\/p>","protected":false},"excerpt":{"rendered":"<p>Gel de douche \u00e0 l\u2019essence de Chiiyaam<\/p>","protected":false},"featured_media":3869,"comment_status":"open","ping_status":"closed","template":"","meta":[],"product_brand":[],"product_cat":[27],"product_tag":[],"class_list":{"0":"post-3868","1":"product","2":"type-product","3":"status-publish","4":"has-post-thumbnail","6":"product_cat-spiritual-corner","7":"product_shipping_class-dieppe-products","9":"first","10":"instock","11":"shipping-taxable","12":"purchasable","13":"product-type-simple"},"yoast_head":"<!-- This site is optimized with the Yoast SEO plugin v27.4 - https:\/\/yoast.com\/product\/yoast-seo-wordpress\/ -->\n<title>100% Natural &amp; Plant-Based Shower Gel with Chiiyaam Essences \u2013 Nature\u2019s Way of Saying \u201cYou Smell Amazing\u201d - Bad Buddha Shop<\/title>\n<meta name=\"robots\" content=\"index, follow, max-snippet:-1, max-image-preview:large, max-video-preview:-1\" \/>\n<link rel=\"canonical\" href=\"https:\/\/badbuddhashop.com\/fr\/produit\/chiiyaam-shower-gel\/\" \/>\n<meta property=\"og:locale\" content=\"fr_CA\" \/>\n<meta property=\"og:type\" content=\"article\" \/>\n<meta property=\"og:title\" content=\"100% Natural &amp; Plant-Based Shower Gel with Chiiyaam Essences \u2013 Nature\u2019s Way of Saying \u201cYou Smell Amazing\u201d - Bad Buddha Shop\" \/>\n<meta property=\"og:description\" content=\"Chiiyaam Shower Gel\" \/>\n<meta property=\"og:url\" content=\"https:\/\/badbuddhashop.com\/fr\/produit\/chiiyaam-shower-gel\/\" \/>\n<meta property=\"og:site_name\" content=\"Bad Buddha Shop\" \/>\n<meta property=\"article:publisher\" content=\"https:\/\/www.facebook.com\/profile.php?id=61577341044750\" \/>\n<meta property=\"article:modified_time\" content=\"2025-07-19T14:55:33+00:00\" \/>\n<meta property=\"og:image\" content=\"https:\/\/badbuddhashop.com\/wp-content\/uploads\/2025\/07\/Gel-Douche-240ml-Body-Care-Invocation-1.jpeg\" \/>\n\t<meta property=\"og:image:width\" content=\"1200\" \/>\n\t<meta property=\"og:image:height\" content=\"1143\" \/>\n\t<meta property=\"og:image:type\" content=\"image\/jpeg\" \/>\n<meta name=\"twitter:card\" content=\"summary_large_image\" \/>\n<meta name=\"twitter:label1\" content=\"Estimation du temps de lecture\" \/>\n\t<meta name=\"twitter:data1\" content=\"1 minute\" \/>\n<script type=\"application\/ld+json\" class=\"yoast-schema-graph\">{\"@context\":\"https:\\\/\\\/schema.org\",\"@graph\":[{\"@type\":\"WebPage\",\"@id\":\"https:\\\/\\\/badbuddhashop.com\\\/product\\\/chiiyaam-shower-gel\\\/\",\"url\":\"https:\\\/\\\/badbuddhashop.com\\\/product\\\/chiiyaam-shower-gel\\\/\",\"name\":\"100% Natural & Plant-Based Shower Gel with Chiiyaam Essences \u2013 Nature\u2019s Way of Saying \u201cYou Smell Amazing\u201d - Bad Buddha Shop\",\"isPartOf\":{\"@id\":\"https:\\\/\\\/badbuddhashop.com\\\/#website\"},\"primaryImageOfPage\":{\"@id\":\"https:\\\/\\\/badbuddhashop.com\\\/product\\\/chiiyaam-shower-gel\\\/#primaryimage\"},\"image\":{\"@id\":\"https:\\\/\\\/badbuddhashop.com\\\/product\\\/chiiyaam-shower-gel\\\/#primaryimage\"},\"thumbnailUrl\":\"https:\\\/\\\/badbuddhashop.com\\\/wp-content\\\/uploads\\\/2025\\\/07\\\/Gel-Douche-240ml-Body-Care-Invocation-1.jpeg\",\"datePublished\":\"2025-07-18T23:33:04+00:00\",\"dateModified\":\"2025-07-19T14:55:33+00:00\",\"breadcrumb\":{\"@id\":\"https:\\\/\\\/badbuddhashop.com\\\/product\\\/chiiyaam-shower-gel\\\/#breadcrumb\"},\"inLanguage\":\"fr-CA\",\"potentialAction\":[{\"@type\":\"ReadAction\",\"target\":[\"https:\\\/\\\/badbuddhashop.com\\\/product\\\/chiiyaam-shower-gel\\\/\"]}]},{\"@type\":\"ImageObject\",\"inLanguage\":\"fr-CA\",\"@id\":\"https:\\\/\\\/badbuddhashop.com\\\/product\\\/chiiyaam-shower-gel\\\/#primaryimage\",\"url\":\"https:\\\/\\\/badbuddhashop.com\\\/wp-content\\\/uploads\\\/2025\\\/07\\\/Gel-Douche-240ml-Body-Care-Invocation-1.jpeg\",\"contentUrl\":\"https:\\\/\\\/badbuddhashop.com\\\/wp-content\\\/uploads\\\/2025\\\/07\\\/Gel-Douche-240ml-Body-Care-Invocation-1.jpeg\",\"width\":1200,\"height\":1143},{\"@type\":\"BreadcrumbList\",\"@id\":\"https:\\\/\\\/badbuddhashop.com\\\/product\\\/chiiyaam-shower-gel\\\/#breadcrumb\",\"itemListElement\":[{\"@type\":\"ListItem\",\"position\":1,\"name\":\"Home\",\"item\":\"https:\\\/\\\/badbuddhashop.com\\\/\"},{\"@type\":\"ListItem\",\"position\":2,\"name\":\"Take Your Adventure To The Next Level\",\"item\":\"https:\\\/\\\/badbuddhashop.com\\\/shop1\\\/\"},{\"@type\":\"ListItem\",\"position\":3,\"name\":\"100% Natural &#038; Plant-Based Shower Gel with Chiiyaam Essences \u2013 Nature\u2019s Way of Saying \u201cYou Smell Amazing\u201d\"}]},{\"@type\":\"WebSite\",\"@id\":\"https:\\\/\\\/badbuddhashop.com\\\/#website\",\"url\":\"https:\\\/\\\/badbuddhashop.com\\\/\",\"name\":\"Bad Buddha Shop\",\"description\":\"\",\"publisher\":{\"@id\":\"https:\\\/\\\/badbuddhashop.com\\\/#organization\"},\"potentialAction\":[{\"@type\":\"SearchAction\",\"target\":{\"@type\":\"EntryPoint\",\"urlTemplate\":\"https:\\\/\\\/badbuddhashop.com\\\/?s={search_term_string}\"},\"query-input\":{\"@type\":\"PropertyValueSpecification\",\"valueRequired\":true,\"valueName\":\"search_term_string\"}}],\"inLanguage\":\"fr-CA\"},{\"@type\":\"Organization\",\"@id\":\"https:\\\/\\\/badbuddhashop.com\\\/#organization\",\"name\":\"Bad Buddha Shop\",\"url\":\"https:\\\/\\\/badbuddhashop.com\\\/\",\"logo\":{\"@type\":\"ImageObject\",\"inLanguage\":\"fr-CA\",\"@id\":\"https:\\\/\\\/badbuddhashop.com\\\/#\\\/schema\\\/logo\\\/image\\\/\",\"url\":\"https:\\\/\\\/badbuddhashop.com\\\/wp-content\\\/uploads\\\/2025\\\/06\\\/logo-cropped.png\",\"contentUrl\":\"https:\\\/\\\/badbuddhashop.com\\\/wp-content\\\/uploads\\\/2025\\\/06\\\/logo-cropped.png\",\"width\":1024,\"height\":1024,\"caption\":\"Bad Buddha Shop\"},\"image\":{\"@id\":\"https:\\\/\\\/badbuddhashop.com\\\/#\\\/schema\\\/logo\\\/image\\\/\"},\"sameAs\":[\"https:\\\/\\\/www.facebook.com\\\/profile.php?id=61577341044750\",\"https:\\\/\\\/www.instagram.com\\\/bad_buddha_shop\\\/\"]}]}<\/script>\n<!-- \/ Yoast SEO plugin. -->","yoast_head_json":{"title":"100% Natural & Plant-Based Shower Gel with Chiiyaam Essences \u2013 Nature\u2019s Way of Saying \u201cYou Smell Amazing\u201d - Bad Buddha Shop","robots":{"index":"index","follow":"follow","max-snippet":"max-snippet:-1","max-image-preview":"max-image-preview:large","max-video-preview":"max-video-preview:-1"},"canonical":"https:\/\/badbuddhashop.com\/fr\/produit\/chiiyaam-shower-gel\/","og_locale":"fr_CA","og_type":"article","og_title":"100% Natural & Plant-Based Shower Gel with Chiiyaam Essences \u2013 Nature\u2019s Way of Saying \u201cYou Smell Amazing\u201d - Bad Buddha Shop","og_description":"Chiiyaam Shower Gel","og_url":"https:\/\/badbuddhashop.com\/fr\/produit\/chiiyaam-shower-gel\/","og_site_name":"Bad Buddha Shop","article_publisher":"https:\/\/www.facebook.com\/profile.php?id=61577341044750","article_modified_time":"2025-07-19T14:55:33+00:00","og_image":[{"width":1200,"height":1143,"url":"https:\/\/badbuddhashop.com\/wp-content\/uploads\/2025\/07\/Gel-Douche-240ml-Body-Care-Invocation-1.jpeg","type":"image\/jpeg"}],"twitter_card":"summary_large_image","twitter_misc":{"Estimation du temps de lecture":"1 minute"},"schema":{"@context":"https:\/\/schema.org","@graph":[{"@type":"WebPage","@id":"https:\/\/badbuddhashop.com\/product\/chiiyaam-shower-gel\/","url":"https:\/\/badbuddhashop.com\/product\/chiiyaam-shower-gel\/","name":"100% Natural & Plant-Based Shower Gel with Chiiyaam Essences \u2013 Nature\u2019s Way of Saying \u201cYou Smell Amazing\u201d - Bad Buddha Shop","isPartOf":{"@id":"https:\/\/badbuddhashop.com\/#website"},"primaryImageOfPage":{"@id":"https:\/\/badbuddhashop.com\/product\/chiiyaam-shower-gel\/#primaryimage"},"image":{"@id":"https:\/\/badbuddhashop.com\/product\/chiiyaam-shower-gel\/#primaryimage"},"thumbnailUrl":"https:\/\/badbuddhashop.com\/wp-content\/uploads\/2025\/07\/Gel-Douche-240ml-Body-Care-Invocation-1.jpeg","datePublished":"2025-07-18T23:33:04+00:00","dateModified":"2025-07-19T14:55:33+00:00","breadcrumb":{"@id":"https:\/\/badbuddhashop.com\/product\/chiiyaam-shower-gel\/#breadcrumb"},"inLanguage":"fr-CA","potentialAction":[{"@type":"ReadAction","target":["https:\/\/badbuddhashop.com\/product\/chiiyaam-shower-gel\/"]}]},{"@type":"ImageObject","inLanguage":"fr-CA","@id":"https:\/\/badbuddhashop.com\/product\/chiiyaam-shower-gel\/#primaryimage","url":"https:\/\/badbuddhashop.com\/wp-content\/uploads\/2025\/07\/Gel-Douche-240ml-Body-Care-Invocation-1.jpeg","contentUrl":"https:\/\/badbuddhashop.com\/wp-content\/uploads\/2025\/07\/Gel-Douche-240ml-Body-Care-Invocation-1.jpeg","width":1200,"height":1143},{"@type":"BreadcrumbList","@id":"https:\/\/badbuddhashop.com\/product\/chiiyaam-shower-gel\/#breadcrumb","itemListElement":[{"@type":"ListItem","position":1,"name":"Home","item":"https:\/\/badbuddhashop.com\/"},{"@type":"ListItem","position":2,"name":"Take Your Adventure To The Next Level","item":"https:\/\/badbuddhashop.com\/shop1\/"},{"@type":"ListItem","position":3,"name":"100% Natural &#038; Plant-Based Shower Gel with Chiiyaam Essences \u2013 Nature\u2019s Way of Saying \u201cYou Smell Amazing\u201d"}]},{"@type":"WebSite","@id":"https:\/\/badbuddhashop.com\/#website","url":"https:\/\/badbuddhashop.com\/","name":"Bad Buddha Shop","description":"","publisher":{"@id":"https:\/\/badbuddhashop.com\/#organization"},"potentialAction":[{"@type":"SearchAction","target":{"@type":"EntryPoint","urlTemplate":"https:\/\/badbuddhashop.com\/?s={search_term_string}"},"query-input":{"@type":"PropertyValueSpecification","valueRequired":true,"valueName":"search_term_string"}}],"inLanguage":"fr-CA"},{"@type":"Organization","@id":"https:\/\/badbuddhashop.com\/#organization","name":"Bad Buddha Shop","url":"https:\/\/badbuddhashop.com\/","logo":{"@type":"ImageObject","inLanguage":"fr-CA","@id":"https:\/\/badbuddhashop.com\/#\/schema\/logo\/image\/","url":"https:\/\/badbuddhashop.com\/wp-content\/uploads\/2025\/06\/logo-cropped.png","contentUrl":"https:\/\/badbuddhashop.com\/wp-content\/uploads\/2025\/06\/logo-cropped.png","width":1024,"height":1024,"caption":"Bad Buddha Shop"},"image":{"@id":"https:\/\/badbuddhashop.com\/#\/schema\/logo\/image\/"},"sameAs":["https:\/\/www.facebook.com\/profile.php?id=61577341044750","https:\/\/www.instagram.com\/bad_buddha_shop\/"]}]}},"_links":{"self":[{"href":"https:\/\/badbuddhashop.com\/fr\/wp-json\/wp\/v2\/product\/3868","targetHints":{"allow":["GET"]}}],"collection":[{"href":"https:\/\/badbuddhashop.com\/fr\/wp-json\/wp\/v2\/product"}],"about":[{"href":"https:\/\/badbuddhashop.com\/fr\/wp-json\/wp\/v2\/types\/product"}],"replies":[{"embeddable":true,"href":"https:\/\/badbuddhashop.com\/fr\/wp-json\/wp\/v2\/comments?post=3868"}],"wp:featuredmedia":[{"embeddable":true,"href":"https:\/\/badbuddhashop.com\/fr\/wp-json\/wp\/v2\/media\/3869"}],"wp:attachment":[{"href":"https:\/\/badbuddhashop.com\/fr\/wp-json\/wp\/v2\/media?parent=3868"}],"wp:term":[{"taxonomy":"product_brand","embeddable":true,"href":"https:\/\/badbuddhashop.com\/fr\/wp-json\/wp\/v2\/product_brand?post=3868"},{"taxonomy":"product_cat","embeddable":true,"href":"https:\/\/badbuddhashop.com\/fr\/wp-json\/wp\/v2\/product_cat?post=3868"},{"taxonomy":"product_tag","embeddable":true,"href":"https:\/\/badbuddhashop.com\/fr\/wp-json\/wp\/v2\/product_tag?post=3868"}],"curies":[{"name":"wp","href":"https:\/\/api.w.org\/{rel}","templated":true}]}}