{"id":3870,"date":"2025-07-18T23:39:35","date_gmt":"2025-07-18T23:39:35","guid":{"rendered":"https:\/\/badbuddhashop.com\/?post_type=product&#038;p=3870"},"modified":"2025-07-19T14:46:56","modified_gmt":"2025-07-19T14:46:56","slug":"spill-the-tea-notebook","status":"publish","type":"product","link":"https:\/\/badbuddhashop.com\/fr\/produit\/spill-the-tea-notebook\/","title":{"rendered":"Carnet Spirale Tarot \u2013 \u00c9dition Tea Party Gothique"},"content":{"rendered":"<p>\u2615 Carnet Spirale Tarot \u2013 \u00c9dition Tea Party Gothique \u2620\ufe0f<\/p>\n<p>Parce que rien ne dit \u00ab j\u2019ai des secrets et je vais les \u00e9crire avec style \u00bb comme un carnet avec des mains de squelette en pleine s\u00e9ance de potins \u00e9sot\u00e9riques.<\/p>\n<p>\ud83d\udda4 Parfait pour noter vos tirages de tarot, vos rituels lunaires ou les derniers ragots du groupe de sorci\u00e8res.<br \/>\n\u270d\ufe0f Pages lign\u00e9es pour vos pens\u00e9es profondes, vos sorts les plus sombres ou vos listes de choses \u00e0 faire passivement agressives.<br \/>\n\ud83d\udc80 Mains de squelette incluses (en illustration seulement, on a v\u00e9rifi\u00e9).<\/p>\n<p>Que vous versiez le th\u00e9 ou que vous le sirotiez avec une touche d\u2019angoisse existentielle, ce carnet est votre nouveau grimoire pr\u00e9f\u00e9r\u00e9 pour canaliser votre gourou gothique int\u00e9rieur.<\/p>\n<p>Avertissement : Peut provoquer une envie soudaine d\u2019\u00e9crire \u00e0 la lueur d\u2019une bougie en murmurant : \u00ab Les cartes ne mentent jamais\u2026 \u00bb<\/p>","protected":false},"excerpt":{"rendered":"<p>\u2615 Tarot Spiral Notebook \u2013 Gothic Tea Party Edition \u2620\ufe0f Because nothing says \u201cI have secrets and I\u2019m not afraid to write them down\u201d like a notebook featuring skeleton hands mid-gossip at a haunted tea party. \ud83d\udda4 Perfect for jotting down tarot readings, moon rituals, or just the latest drama from your coven group chat. [&hellip;]<\/p>\n","protected":false},"featured_media":3871,"comment_status":"open","ping_status":"closed","template":"","meta":[],"product_brand":[],"product_cat":[33],"product_tag":[],"class_list":{"0":"post-3870","1":"product","2":"type-product","3":"status-publish","4":"has-post-thumbnail","6":"product_cat-accessories-canada","7":"product_shipping_class-dieppe-products","9":"first","10":"instock","11":"shipping-taxable","12":"purchasable","13":"product-type-simple"},"yoast_head":"<!-- This site is optimized with the Yoast SEO plugin v27.4 - https:\/\/yoast.com\/product\/yoast-seo-wordpress\/ -->\n<title>Tarot Spiral Notebook \u2013 Gothic Tea Party Edition - Bad Buddha Shop<\/title>\n<meta name=\"robots\" content=\"index, follow, max-snippet:-1, max-image-preview:large, max-video-preview:-1\" \/>\n<link rel=\"canonical\" href=\"https:\/\/badbuddhashop.com\/fr\/produit\/spill-the-tea-notebook\/\" \/>\n<meta property=\"og:locale\" content=\"fr_CA\" \/>\n<meta property=\"og:type\" content=\"article\" \/>\n<meta property=\"og:title\" content=\"Tarot Spiral Notebook \u2013 Gothic Tea Party Edition - Bad Buddha Shop\" \/>\n<meta property=\"og:description\" content=\"\u2615 Tarot Spiral Notebook \u2013 Gothic Tea Party Edition \u2620\ufe0f Because nothing says \u201cI have secrets and I\u2019m not afraid to write them down\u201d like a notebook featuring skeleton hands mid-gossip at a haunted tea party. \ud83d\udda4 Perfect for jotting down tarot readings, moon rituals, or just the latest drama from your coven group chat. [&hellip;]\" \/>\n<meta property=\"og:url\" content=\"https:\/\/badbuddhashop.com\/fr\/produit\/spill-the-tea-notebook\/\" \/>\n<meta property=\"og:site_name\" content=\"Bad Buddha Shop\" \/>\n<meta property=\"article:publisher\" content=\"https:\/\/www.facebook.com\/profile.php?id=61577341044750\" \/>\n<meta property=\"article:modified_time\" content=\"2025-07-19T14:46:56+00:00\" \/>\n<meta property=\"og:image\" content=\"https:\/\/badbuddhashop.com\/wp-content\/uploads\/2025\/07\/c9dc3a4322b34030b52f3a70235cdf1d-goods.webp\" \/>\n\t<meta property=\"og:image:width\" content=\"800\" \/>\n\t<meta property=\"og:image:height\" content=\"800\" \/>\n\t<meta property=\"og:image:type\" content=\"image\/webp\" \/>\n<meta name=\"twitter:card\" content=\"summary_large_image\" \/>\n<meta name=\"twitter:label1\" content=\"Estimation du temps de lecture\" \/>\n\t<meta name=\"twitter:data1\" content=\"1 minute\" \/>\n<script type=\"application\/ld+json\" class=\"yoast-schema-graph\">{\"@context\":\"https:\\\/\\\/schema.org\",\"@graph\":[{\"@type\":\"WebPage\",\"@id\":\"https:\\\/\\\/badbuddhashop.com\\\/product\\\/spill-the-tea-notebook\\\/\",\"url\":\"https:\\\/\\\/badbuddhashop.com\\\/product\\\/spill-the-tea-notebook\\\/\",\"name\":\"Tarot Spiral Notebook \u2013 Gothic Tea Party Edition - Bad Buddha Shop\",\"isPartOf\":{\"@id\":\"https:\\\/\\\/badbuddhashop.com\\\/#website\"},\"primaryImageOfPage\":{\"@id\":\"https:\\\/\\\/badbuddhashop.com\\\/product\\\/spill-the-tea-notebook\\\/#primaryimage\"},\"image\":{\"@id\":\"https:\\\/\\\/badbuddhashop.com\\\/product\\\/spill-the-tea-notebook\\\/#primaryimage\"},\"thumbnailUrl\":\"https:\\\/\\\/badbuddhashop.com\\\/wp-content\\\/uploads\\\/2025\\\/07\\\/c9dc3a4322b34030b52f3a70235cdf1d-goods.webp\",\"datePublished\":\"2025-07-18T23:39:35+00:00\",\"dateModified\":\"2025-07-19T14:46:56+00:00\",\"breadcrumb\":{\"@id\":\"https:\\\/\\\/badbuddhashop.com\\\/product\\\/spill-the-tea-notebook\\\/#breadcrumb\"},\"inLanguage\":\"fr-CA\",\"potentialAction\":[{\"@type\":\"ReadAction\",\"target\":[\"https:\\\/\\\/badbuddhashop.com\\\/product\\\/spill-the-tea-notebook\\\/\"]}]},{\"@type\":\"ImageObject\",\"inLanguage\":\"fr-CA\",\"@id\":\"https:\\\/\\\/badbuddhashop.com\\\/product\\\/spill-the-tea-notebook\\\/#primaryimage\",\"url\":\"https:\\\/\\\/badbuddhashop.com\\\/wp-content\\\/uploads\\\/2025\\\/07\\\/c9dc3a4322b34030b52f3a70235cdf1d-goods.webp\",\"contentUrl\":\"https:\\\/\\\/badbuddhashop.com\\\/wp-content\\\/uploads\\\/2025\\\/07\\\/c9dc3a4322b34030b52f3a70235cdf1d-goods.webp\",\"width\":800,\"height\":800},{\"@type\":\"BreadcrumbList\",\"@id\":\"https:\\\/\\\/badbuddhashop.com\\\/product\\\/spill-the-tea-notebook\\\/#breadcrumb\",\"itemListElement\":[{\"@type\":\"ListItem\",\"position\":1,\"name\":\"Home\",\"item\":\"https:\\\/\\\/badbuddhashop.com\\\/\"},{\"@type\":\"ListItem\",\"position\":2,\"name\":\"Take Your Adventure To The Next Level\",\"item\":\"https:\\\/\\\/badbuddhashop.com\\\/shop1\\\/\"},{\"@type\":\"ListItem\",\"position\":3,\"name\":\"Tarot Spiral Notebook \u2013 Gothic Tea Party Edition\"}]},{\"@type\":\"WebSite\",\"@id\":\"https:\\\/\\\/badbuddhashop.com\\\/#website\",\"url\":\"https:\\\/\\\/badbuddhashop.com\\\/\",\"name\":\"Bad Buddha Shop\",\"description\":\"\",\"publisher\":{\"@id\":\"https:\\\/\\\/badbuddhashop.com\\\/#organization\"},\"potentialAction\":[{\"@type\":\"SearchAction\",\"target\":{\"@type\":\"EntryPoint\",\"urlTemplate\":\"https:\\\/\\\/badbuddhashop.com\\\/?s={search_term_string}\"},\"query-input\":{\"@type\":\"PropertyValueSpecification\",\"valueRequired\":true,\"valueName\":\"search_term_string\"}}],\"inLanguage\":\"fr-CA\"},{\"@type\":\"Organization\",\"@id\":\"https:\\\/\\\/badbuddhashop.com\\\/#organization\",\"name\":\"Bad Buddha Shop\",\"url\":\"https:\\\/\\\/badbuddhashop.com\\\/\",\"logo\":{\"@type\":\"ImageObject\",\"inLanguage\":\"fr-CA\",\"@id\":\"https:\\\/\\\/badbuddhashop.com\\\/#\\\/schema\\\/logo\\\/image\\\/\",\"url\":\"https:\\\/\\\/badbuddhashop.com\\\/wp-content\\\/uploads\\\/2025\\\/06\\\/logo-cropped.png\",\"contentUrl\":\"https:\\\/\\\/badbuddhashop.com\\\/wp-content\\\/uploads\\\/2025\\\/06\\\/logo-cropped.png\",\"width\":1024,\"height\":1024,\"caption\":\"Bad Buddha Shop\"},\"image\":{\"@id\":\"https:\\\/\\\/badbuddhashop.com\\\/#\\\/schema\\\/logo\\\/image\\\/\"},\"sameAs\":[\"https:\\\/\\\/www.facebook.com\\\/profile.php?id=61577341044750\",\"https:\\\/\\\/www.instagram.com\\\/bad_buddha_shop\\\/\"]}]}<\/script>\n<!-- \/ Yoast SEO plugin. -->","yoast_head_json":{"title":"Tarot Spiral Notebook \u2013 Gothic Tea Party Edition - Bad Buddha Shop","robots":{"index":"index","follow":"follow","max-snippet":"max-snippet:-1","max-image-preview":"max-image-preview:large","max-video-preview":"max-video-preview:-1"},"canonical":"https:\/\/badbuddhashop.com\/fr\/produit\/spill-the-tea-notebook\/","og_locale":"fr_CA","og_type":"article","og_title":"Tarot Spiral Notebook \u2013 Gothic Tea Party Edition - Bad Buddha Shop","og_description":"\u2615 Tarot Spiral Notebook \u2013 Gothic Tea Party Edition \u2620\ufe0f Because nothing says \u201cI have secrets and I\u2019m not afraid to write them down\u201d like a notebook featuring skeleton hands mid-gossip at a haunted tea party. \ud83d\udda4 Perfect for jotting down tarot readings, moon rituals, or just the latest drama from your coven group chat. [&hellip;]","og_url":"https:\/\/badbuddhashop.com\/fr\/produit\/spill-the-tea-notebook\/","og_site_name":"Bad Buddha Shop","article_publisher":"https:\/\/www.facebook.com\/profile.php?id=61577341044750","article_modified_time":"2025-07-19T14:46:56+00:00","og_image":[{"width":800,"height":800,"url":"https:\/\/badbuddhashop.com\/wp-content\/uploads\/2025\/07\/c9dc3a4322b34030b52f3a70235cdf1d-goods.webp","type":"image\/webp"}],"twitter_card":"summary_large_image","twitter_misc":{"Estimation du temps de lecture":"1 minute"},"schema":{"@context":"https:\/\/schema.org","@graph":[{"@type":"WebPage","@id":"https:\/\/badbuddhashop.com\/product\/spill-the-tea-notebook\/","url":"https:\/\/badbuddhashop.com\/product\/spill-the-tea-notebook\/","name":"Tarot Spiral Notebook \u2013 Gothic Tea Party Edition - Bad Buddha Shop","isPartOf":{"@id":"https:\/\/badbuddhashop.com\/#website"},"primaryImageOfPage":{"@id":"https:\/\/badbuddhashop.com\/product\/spill-the-tea-notebook\/#primaryimage"},"image":{"@id":"https:\/\/badbuddhashop.com\/product\/spill-the-tea-notebook\/#primaryimage"},"thumbnailUrl":"https:\/\/badbuddhashop.com\/wp-content\/uploads\/2025\/07\/c9dc3a4322b34030b52f3a70235cdf1d-goods.webp","datePublished":"2025-07-18T23:39:35+00:00","dateModified":"2025-07-19T14:46:56+00:00","breadcrumb":{"@id":"https:\/\/badbuddhashop.com\/product\/spill-the-tea-notebook\/#breadcrumb"},"inLanguage":"fr-CA","potentialAction":[{"@type":"ReadAction","target":["https:\/\/badbuddhashop.com\/product\/spill-the-tea-notebook\/"]}]},{"@type":"ImageObject","inLanguage":"fr-CA","@id":"https:\/\/badbuddhashop.com\/product\/spill-the-tea-notebook\/#primaryimage","url":"https:\/\/badbuddhashop.com\/wp-content\/uploads\/2025\/07\/c9dc3a4322b34030b52f3a70235cdf1d-goods.webp","contentUrl":"https:\/\/badbuddhashop.com\/wp-content\/uploads\/2025\/07\/c9dc3a4322b34030b52f3a70235cdf1d-goods.webp","width":800,"height":800},{"@type":"BreadcrumbList","@id":"https:\/\/badbuddhashop.com\/product\/spill-the-tea-notebook\/#breadcrumb","itemListElement":[{"@type":"ListItem","position":1,"name":"Home","item":"https:\/\/badbuddhashop.com\/"},{"@type":"ListItem","position":2,"name":"Take Your Adventure To The Next Level","item":"https:\/\/badbuddhashop.com\/shop1\/"},{"@type":"ListItem","position":3,"name":"Tarot Spiral Notebook \u2013 Gothic Tea Party Edition"}]},{"@type":"WebSite","@id":"https:\/\/badbuddhashop.com\/#website","url":"https:\/\/badbuddhashop.com\/","name":"Bad Buddha Shop","description":"","publisher":{"@id":"https:\/\/badbuddhashop.com\/#organization"},"potentialAction":[{"@type":"SearchAction","target":{"@type":"EntryPoint","urlTemplate":"https:\/\/badbuddhashop.com\/?s={search_term_string}"},"query-input":{"@type":"PropertyValueSpecification","valueRequired":true,"valueName":"search_term_string"}}],"inLanguage":"fr-CA"},{"@type":"Organization","@id":"https:\/\/badbuddhashop.com\/#organization","name":"Bad Buddha Shop","url":"https:\/\/badbuddhashop.com\/","logo":{"@type":"ImageObject","inLanguage":"fr-CA","@id":"https:\/\/badbuddhashop.com\/#\/schema\/logo\/image\/","url":"https:\/\/badbuddhashop.com\/wp-content\/uploads\/2025\/06\/logo-cropped.png","contentUrl":"https:\/\/badbuddhashop.com\/wp-content\/uploads\/2025\/06\/logo-cropped.png","width":1024,"height":1024,"caption":"Bad Buddha Shop"},"image":{"@id":"https:\/\/badbuddhashop.com\/#\/schema\/logo\/image\/"},"sameAs":["https:\/\/www.facebook.com\/profile.php?id=61577341044750","https:\/\/www.instagram.com\/bad_buddha_shop\/"]}]}},"_links":{"self":[{"href":"https:\/\/badbuddhashop.com\/fr\/wp-json\/wp\/v2\/product\/3870","targetHints":{"allow":["GET"]}}],"collection":[{"href":"https:\/\/badbuddhashop.com\/fr\/wp-json\/wp\/v2\/product"}],"about":[{"href":"https:\/\/badbuddhashop.com\/fr\/wp-json\/wp\/v2\/types\/product"}],"replies":[{"embeddable":true,"href":"https:\/\/badbuddhashop.com\/fr\/wp-json\/wp\/v2\/comments?post=3870"}],"wp:featuredmedia":[{"embeddable":true,"href":"https:\/\/badbuddhashop.com\/fr\/wp-json\/wp\/v2\/media\/3871"}],"wp:attachment":[{"href":"https:\/\/badbuddhashop.com\/fr\/wp-json\/wp\/v2\/media?parent=3870"}],"wp:term":[{"taxonomy":"product_brand","embeddable":true,"href":"https:\/\/badbuddhashop.com\/fr\/wp-json\/wp\/v2\/product_brand?post=3870"},{"taxonomy":"product_cat","embeddable":true,"href":"https:\/\/badbuddhashop.com\/fr\/wp-json\/wp\/v2\/product_cat?post=3870"},{"taxonomy":"product_tag","embeddable":true,"href":"https:\/\/badbuddhashop.com\/fr\/wp-json\/wp\/v2\/product_tag?post=3870"}],"curies":[{"name":"wp","href":"https:\/\/api.w.org\/{rel}","templated":true}]}}