{"id":3873,"date":"2025-07-18T23:42:50","date_gmt":"2025-07-18T23:42:50","guid":{"rendered":"https:\/\/badbuddhashop.com\/?post_type=product&#038;p=3873"},"modified":"2025-08-07T22:25:04","modified_gmt":"2025-08-07T22:25:04","slug":"green-small-bodhi-leaf-incense-holder","status":"publish","type":"product","link":"https:\/\/badbuddhashop.com\/fr\/produit\/green-small-bodhi-leaf-incense-holder\/","title":{"rendered":"Porte-encens Feuille de Bodhi Verte \u2013 Parce que m\u00eame votre encens m\u00e9rite un tr\u00f4ne zen"},"content":{"rendered":"<p>\ud83c\udf43 Porte-encens Feuille de Bodhi Verte \u2013 Parce que m\u00eame votre encens m\u00e9rite un tr\u00f4ne zen \ud83c\udf43<\/p>\n<p>Marre de voir votre encens tra\u00eener comme s\u2019il ne payait pas de loyer ? Offrez-lui le traitement royal avec ce porte-encens en forme de petite feuille de Bodhi \u2014 parfait pour attraper les cendres et les compliments.<\/p>\n<p>\ud83c\udf3f En forme d\u2019illumination (ou du moins d\u2019une feuille tr\u00e8s styl\u00e9e)<br \/>\n\ud83d\udd25 Maintient l\u2019encens comme un pro \u2014 pas de chute, pas de drame<br \/>\n\ud83e\uddd8\u200d\u2642\ufe0f Id\u00e9al pour la m\u00e9ditation, la d\u00e9tente, ou faire semblant d\u2019avoir sa vie en ordre<\/p>\n<p>Que vous invoquiez la paix int\u00e9rieure ou que vous essayiez juste de masquer l\u2019odeur du resto d\u2019hier soir, ce petit bijou vert est l\u00e0 pour vous.<\/p>\n<p>Avertissement : Peut provoquer des moments de calme spontan\u00e9 et une envie soudaine de dire \u00ab ommm \u00bb sans ironie.<\/p>","protected":false},"excerpt":{"rendered":"<p>Green Bodhi Leaf Incense Holder \u2013 Because Even Your Incense Deserves a Zen Throne<\/p>","protected":false},"featured_media":3875,"comment_status":"open","ping_status":"closed","template":"","meta":[],"product_brand":[],"product_cat":[122],"product_tag":[],"class_list":{"0":"post-3873","1":"product","2":"type-product","3":"status-publish","4":"has-post-thumbnail","6":"product_cat-incense","7":"product_shipping_class-dieppe-products","9":"first","10":"instock","11":"shipping-taxable","12":"purchasable","13":"product-type-simple"},"yoast_head":"<!-- This site is optimized with the Yoast SEO plugin v27.4 - https:\/\/yoast.com\/product\/yoast-seo-wordpress\/ -->\n<title>Green Bodhi Leaf Incense Holder \u2013 Because Even Your Incense Deserves a Zen Throne - Bad Buddha Shop<\/title>\n<meta name=\"robots\" content=\"index, follow, max-snippet:-1, max-image-preview:large, max-video-preview:-1\" \/>\n<link rel=\"canonical\" href=\"https:\/\/badbuddhashop.com\/fr\/produit\/green-small-bodhi-leaf-incense-holder\/\" \/>\n<meta property=\"og:locale\" content=\"fr_CA\" \/>\n<meta property=\"og:type\" content=\"article\" \/>\n<meta property=\"og:title\" content=\"Green Bodhi Leaf Incense Holder \u2013 Because Even Your Incense Deserves a Zen Throne - Bad Buddha Shop\" \/>\n<meta property=\"og:description\" content=\"Green Small Bodhi Leaf Incense Holder\" \/>\n<meta property=\"og:url\" content=\"https:\/\/badbuddhashop.com\/fr\/produit\/green-small-bodhi-leaf-incense-holder\/\" \/>\n<meta property=\"og:site_name\" content=\"Bad Buddha Shop\" \/>\n<meta property=\"article:publisher\" content=\"https:\/\/www.facebook.com\/profile.php?id=61577341044750\" \/>\n<meta property=\"article:modified_time\" content=\"2025-08-07T22:25:04+00:00\" \/>\n<meta property=\"og:image\" content=\"https:\/\/badbuddhashop.com\/wp-content\/uploads\/2025\/07\/1ef300354b89b5ca67b36db8458ce941.webp\" \/>\n\t<meta property=\"og:image:width\" content=\"800\" \/>\n\t<meta property=\"og:image:height\" content=\"800\" \/>\n\t<meta property=\"og:image:type\" content=\"image\/webp\" \/>\n<meta name=\"twitter:card\" content=\"summary_large_image\" \/>\n<meta name=\"twitter:label1\" content=\"Estimation du temps de lecture\" \/>\n\t<meta name=\"twitter:data1\" content=\"1 minute\" \/>\n<script type=\"application\/ld+json\" class=\"yoast-schema-graph\">{\"@context\":\"https:\\\/\\\/schema.org\",\"@graph\":[{\"@type\":\"WebPage\",\"@id\":\"https:\\\/\\\/badbuddhashop.com\\\/product\\\/green-small-bodhi-leaf-incense-holder\\\/\",\"url\":\"https:\\\/\\\/badbuddhashop.com\\\/product\\\/green-small-bodhi-leaf-incense-holder\\\/\",\"name\":\"Green Bodhi Leaf Incense Holder \u2013 Because Even Your Incense Deserves a Zen Throne - Bad Buddha Shop\",\"isPartOf\":{\"@id\":\"https:\\\/\\\/badbuddhashop.com\\\/#website\"},\"primaryImageOfPage\":{\"@id\":\"https:\\\/\\\/badbuddhashop.com\\\/product\\\/green-small-bodhi-leaf-incense-holder\\\/#primaryimage\"},\"image\":{\"@id\":\"https:\\\/\\\/badbuddhashop.com\\\/product\\\/green-small-bodhi-leaf-incense-holder\\\/#primaryimage\"},\"thumbnailUrl\":\"https:\\\/\\\/badbuddhashop.com\\\/wp-content\\\/uploads\\\/2025\\\/07\\\/1ef300354b89b5ca67b36db8458ce941.webp\",\"datePublished\":\"2025-07-18T23:42:50+00:00\",\"dateModified\":\"2025-08-07T22:25:04+00:00\",\"breadcrumb\":{\"@id\":\"https:\\\/\\\/badbuddhashop.com\\\/product\\\/green-small-bodhi-leaf-incense-holder\\\/#breadcrumb\"},\"inLanguage\":\"fr-CA\",\"potentialAction\":[{\"@type\":\"ReadAction\",\"target\":[\"https:\\\/\\\/badbuddhashop.com\\\/product\\\/green-small-bodhi-leaf-incense-holder\\\/\"]}]},{\"@type\":\"ImageObject\",\"inLanguage\":\"fr-CA\",\"@id\":\"https:\\\/\\\/badbuddhashop.com\\\/product\\\/green-small-bodhi-leaf-incense-holder\\\/#primaryimage\",\"url\":\"https:\\\/\\\/badbuddhashop.com\\\/wp-content\\\/uploads\\\/2025\\\/07\\\/1ef300354b89b5ca67b36db8458ce941.webp\",\"contentUrl\":\"https:\\\/\\\/badbuddhashop.com\\\/wp-content\\\/uploads\\\/2025\\\/07\\\/1ef300354b89b5ca67b36db8458ce941.webp\",\"width\":800,\"height\":800},{\"@type\":\"BreadcrumbList\",\"@id\":\"https:\\\/\\\/badbuddhashop.com\\\/product\\\/green-small-bodhi-leaf-incense-holder\\\/#breadcrumb\",\"itemListElement\":[{\"@type\":\"ListItem\",\"position\":1,\"name\":\"Home\",\"item\":\"https:\\\/\\\/badbuddhashop.com\\\/\"},{\"@type\":\"ListItem\",\"position\":2,\"name\":\"Take Your Adventure To The Next Level\",\"item\":\"https:\\\/\\\/badbuddhashop.com\\\/shop1\\\/\"},{\"@type\":\"ListItem\",\"position\":3,\"name\":\"Green Bodhi Leaf Incense Holder \u2013 Because Even Your Incense Deserves a Zen Throne\"}]},{\"@type\":\"WebSite\",\"@id\":\"https:\\\/\\\/badbuddhashop.com\\\/#website\",\"url\":\"https:\\\/\\\/badbuddhashop.com\\\/\",\"name\":\"Bad Buddha Shop\",\"description\":\"\",\"publisher\":{\"@id\":\"https:\\\/\\\/badbuddhashop.com\\\/#organization\"},\"potentialAction\":[{\"@type\":\"SearchAction\",\"target\":{\"@type\":\"EntryPoint\",\"urlTemplate\":\"https:\\\/\\\/badbuddhashop.com\\\/?s={search_term_string}\"},\"query-input\":{\"@type\":\"PropertyValueSpecification\",\"valueRequired\":true,\"valueName\":\"search_term_string\"}}],\"inLanguage\":\"fr-CA\"},{\"@type\":\"Organization\",\"@id\":\"https:\\\/\\\/badbuddhashop.com\\\/#organization\",\"name\":\"Bad Buddha Shop\",\"url\":\"https:\\\/\\\/badbuddhashop.com\\\/\",\"logo\":{\"@type\":\"ImageObject\",\"inLanguage\":\"fr-CA\",\"@id\":\"https:\\\/\\\/badbuddhashop.com\\\/#\\\/schema\\\/logo\\\/image\\\/\",\"url\":\"https:\\\/\\\/badbuddhashop.com\\\/wp-content\\\/uploads\\\/2025\\\/06\\\/logo-cropped.png\",\"contentUrl\":\"https:\\\/\\\/badbuddhashop.com\\\/wp-content\\\/uploads\\\/2025\\\/06\\\/logo-cropped.png\",\"width\":1024,\"height\":1024,\"caption\":\"Bad Buddha Shop\"},\"image\":{\"@id\":\"https:\\\/\\\/badbuddhashop.com\\\/#\\\/schema\\\/logo\\\/image\\\/\"},\"sameAs\":[\"https:\\\/\\\/www.facebook.com\\\/profile.php?id=61577341044750\",\"https:\\\/\\\/www.instagram.com\\\/bad_buddha_shop\\\/\"]}]}<\/script>\n<!-- \/ Yoast SEO plugin. -->","yoast_head_json":{"title":"Green Bodhi Leaf Incense Holder \u2013 Because Even Your Incense Deserves a Zen Throne - Bad Buddha Shop","robots":{"index":"index","follow":"follow","max-snippet":"max-snippet:-1","max-image-preview":"max-image-preview:large","max-video-preview":"max-video-preview:-1"},"canonical":"https:\/\/badbuddhashop.com\/fr\/produit\/green-small-bodhi-leaf-incense-holder\/","og_locale":"fr_CA","og_type":"article","og_title":"Green Bodhi Leaf Incense Holder \u2013 Because Even Your Incense Deserves a Zen Throne - Bad Buddha Shop","og_description":"Green Small Bodhi Leaf Incense Holder","og_url":"https:\/\/badbuddhashop.com\/fr\/produit\/green-small-bodhi-leaf-incense-holder\/","og_site_name":"Bad Buddha Shop","article_publisher":"https:\/\/www.facebook.com\/profile.php?id=61577341044750","article_modified_time":"2025-08-07T22:25:04+00:00","og_image":[{"width":800,"height":800,"url":"https:\/\/badbuddhashop.com\/wp-content\/uploads\/2025\/07\/1ef300354b89b5ca67b36db8458ce941.webp","type":"image\/webp"}],"twitter_card":"summary_large_image","twitter_misc":{"Estimation du temps de lecture":"1 minute"},"schema":{"@context":"https:\/\/schema.org","@graph":[{"@type":"WebPage","@id":"https:\/\/badbuddhashop.com\/product\/green-small-bodhi-leaf-incense-holder\/","url":"https:\/\/badbuddhashop.com\/product\/green-small-bodhi-leaf-incense-holder\/","name":"Green Bodhi Leaf Incense Holder \u2013 Because Even Your Incense Deserves a Zen Throne - Bad Buddha Shop","isPartOf":{"@id":"https:\/\/badbuddhashop.com\/#website"},"primaryImageOfPage":{"@id":"https:\/\/badbuddhashop.com\/product\/green-small-bodhi-leaf-incense-holder\/#primaryimage"},"image":{"@id":"https:\/\/badbuddhashop.com\/product\/green-small-bodhi-leaf-incense-holder\/#primaryimage"},"thumbnailUrl":"https:\/\/badbuddhashop.com\/wp-content\/uploads\/2025\/07\/1ef300354b89b5ca67b36db8458ce941.webp","datePublished":"2025-07-18T23:42:50+00:00","dateModified":"2025-08-07T22:25:04+00:00","breadcrumb":{"@id":"https:\/\/badbuddhashop.com\/product\/green-small-bodhi-leaf-incense-holder\/#breadcrumb"},"inLanguage":"fr-CA","potentialAction":[{"@type":"ReadAction","target":["https:\/\/badbuddhashop.com\/product\/green-small-bodhi-leaf-incense-holder\/"]}]},{"@type":"ImageObject","inLanguage":"fr-CA","@id":"https:\/\/badbuddhashop.com\/product\/green-small-bodhi-leaf-incense-holder\/#primaryimage","url":"https:\/\/badbuddhashop.com\/wp-content\/uploads\/2025\/07\/1ef300354b89b5ca67b36db8458ce941.webp","contentUrl":"https:\/\/badbuddhashop.com\/wp-content\/uploads\/2025\/07\/1ef300354b89b5ca67b36db8458ce941.webp","width":800,"height":800},{"@type":"BreadcrumbList","@id":"https:\/\/badbuddhashop.com\/product\/green-small-bodhi-leaf-incense-holder\/#breadcrumb","itemListElement":[{"@type":"ListItem","position":1,"name":"Home","item":"https:\/\/badbuddhashop.com\/"},{"@type":"ListItem","position":2,"name":"Take Your Adventure To The Next Level","item":"https:\/\/badbuddhashop.com\/shop1\/"},{"@type":"ListItem","position":3,"name":"Green Bodhi Leaf Incense Holder \u2013 Because Even Your Incense Deserves a Zen Throne"}]},{"@type":"WebSite","@id":"https:\/\/badbuddhashop.com\/#website","url":"https:\/\/badbuddhashop.com\/","name":"Bad Buddha Shop","description":"","publisher":{"@id":"https:\/\/badbuddhashop.com\/#organization"},"potentialAction":[{"@type":"SearchAction","target":{"@type":"EntryPoint","urlTemplate":"https:\/\/badbuddhashop.com\/?s={search_term_string}"},"query-input":{"@type":"PropertyValueSpecification","valueRequired":true,"valueName":"search_term_string"}}],"inLanguage":"fr-CA"},{"@type":"Organization","@id":"https:\/\/badbuddhashop.com\/#organization","name":"Bad Buddha Shop","url":"https:\/\/badbuddhashop.com\/","logo":{"@type":"ImageObject","inLanguage":"fr-CA","@id":"https:\/\/badbuddhashop.com\/#\/schema\/logo\/image\/","url":"https:\/\/badbuddhashop.com\/wp-content\/uploads\/2025\/06\/logo-cropped.png","contentUrl":"https:\/\/badbuddhashop.com\/wp-content\/uploads\/2025\/06\/logo-cropped.png","width":1024,"height":1024,"caption":"Bad Buddha Shop"},"image":{"@id":"https:\/\/badbuddhashop.com\/#\/schema\/logo\/image\/"},"sameAs":["https:\/\/www.facebook.com\/profile.php?id=61577341044750","https:\/\/www.instagram.com\/bad_buddha_shop\/"]}]}},"_links":{"self":[{"href":"https:\/\/badbuddhashop.com\/fr\/wp-json\/wp\/v2\/product\/3873","targetHints":{"allow":["GET"]}}],"collection":[{"href":"https:\/\/badbuddhashop.com\/fr\/wp-json\/wp\/v2\/product"}],"about":[{"href":"https:\/\/badbuddhashop.com\/fr\/wp-json\/wp\/v2\/types\/product"}],"replies":[{"embeddable":true,"href":"https:\/\/badbuddhashop.com\/fr\/wp-json\/wp\/v2\/comments?post=3873"}],"wp:featuredmedia":[{"embeddable":true,"href":"https:\/\/badbuddhashop.com\/fr\/wp-json\/wp\/v2\/media\/3875"}],"wp:attachment":[{"href":"https:\/\/badbuddhashop.com\/fr\/wp-json\/wp\/v2\/media?parent=3873"}],"wp:term":[{"taxonomy":"product_brand","embeddable":true,"href":"https:\/\/badbuddhashop.com\/fr\/wp-json\/wp\/v2\/product_brand?post=3873"},{"taxonomy":"product_cat","embeddable":true,"href":"https:\/\/badbuddhashop.com\/fr\/wp-json\/wp\/v2\/product_cat?post=3873"},{"taxonomy":"product_tag","embeddable":true,"href":"https:\/\/badbuddhashop.com\/fr\/wp-json\/wp\/v2\/product_tag?post=3873"}],"curies":[{"name":"wp","href":"https:\/\/api.w.org\/{rel}","templated":true}]}}