{"id":3941,"date":"2025-07-19T15:39:20","date_gmt":"2025-07-19T15:39:20","guid":{"rendered":"https:\/\/badbuddhashop.com\/product\/unisex-classic-tee-2\/"},"modified":"2025-07-19T15:42:04","modified_gmt":"2025-07-19T15:42:04","slug":"unisex-classic-tee-2","status":"publish","type":"product","link":"https:\/\/badbuddhashop.com\/fr\/produit\/unisex-classic-tee-2\/","title":{"rendered":"Spirituel\u00b7le, Mais \u00c7a Jure Quand M\u00eame \u2013 T-shirt Unisexe \u00ab Manifest That Sh*t \u2013 Bad Buddha"},"content":{"rendered":"<p>Spirituel\u00b7le, Mais \u00c7a Jure Quand M\u00eame \u2013 T-shirt Unisexe \u00ab Manifest That Sh*t \u2013 Bad Buddha<br \/>\nBecause enlightenment doesn\u2019t mean you can\u2019t have a little attitude.<\/p>\n<p>Ce n\u2019est pas ton t-shirt spirituel habituel.\nC\u2019est pour les audacieux, les conscients\u2026 et les l\u00e9g\u00e8rement d\u00e9jant\u00e9s. Que tu sois en train d\u2019aligner tes chakras ou simplement d\u2019essayer de survivre \u00e0 Mercure r\u00e9trograde, ce t-shirt rappelle \u00e0 l\u2019univers (et \u00e0 tout le monde autour) que tu n\u2019es pas l\u00e0 pour faire de la figuration.<\/p>\n<p>\u2728 Caract\u00e9ristiques du produit :<\/p>\n<p>100 % coton peign\u00e9 \u00e0 fil de cha\u00eene, assez doux pour apaiser ton chaos int\u00e9rieur.<br \/>\nConception sans coutures pour un look \u00e9veill\u00e9 sans effort<br \/>\nBande de renfort aux \u00e9paules pour que tout reste en place \u2014 contrairement \u00e0 ta derni\u00e8re relation.<br \/>\nFabriqu\u00e9 de fa\u00e7on \u00e9thique \u2014 parce que le karma a l\u2019\u0153il.<br \/>\nParfait pour le yoga, le brunch ou jeter un sort \u00e0 ton ex (avec amour, bien s\u00fbr).<br \/>\nConseils d'entretien<br \/>\nTraite-le comme ton \u00e9nergie : lave-le avec douceur, garde-le au frais, et ne d\u00e9colore pas les bonnes vibes.<\/p>\n<p>Ce produit est fabriqu\u00e9 sp\u00e9cialement pour vous d\u00e8s que vous passez commande, c\u2019est pourquoi la livraison peut prendre un peu plus de temps. Produire \u00e0 la demande plut\u00f4t qu\u2019en grande quantit\u00e9 permet de r\u00e9duire la surproduction \u2014 merci de faire des choix d\u2019achat r\u00e9fl\u00e9chis\u202f!<\/p>","protected":false},"excerpt":{"rendered":"<p>Manifest That Sh*t \u2013 Bad Buddha Unisex Tee Because enlightenment doesn\u2019t mean you can\u2019t have a little attitude. This isn\u2019t your average spiritual tee. It\u2019s for the bold, the mindful, and the slightly unhinged. Whether you&#8217;re aligning your chakras or just trying to survive Mercury in retrograde, this shirt reminds the universe (and everyone else) [&hellip;]<\/p>\n","protected":false},"featured_media":3966,"comment_status":"open","ping_status":"closed","template":"","meta":[],"product_brand":[],"product_cat":[25,32],"product_tag":[],"class_list":{"0":"post-3941","1":"product","2":"type-product","3":"status-publish","4":"has-post-thumbnail","6":"product_cat-best-sellers","7":"product_cat-clothing-canada","9":"first","10":"instock","11":"shipping-taxable","12":"purchasable","13":"product-type-variable"},"yoast_head":"<!-- This site is optimized with the Yoast SEO plugin v27.4 - https:\/\/yoast.com\/product\/yoast-seo-wordpress\/ -->\n<title>Spiritual, But Still Swears. &quot;Manifest That Sh*t \u2013 Bad Buddha&quot; unisex tee - Bad Buddha Shop<\/title>\n<meta name=\"robots\" content=\"index, follow, max-snippet:-1, max-image-preview:large, max-video-preview:-1\" \/>\n<link rel=\"canonical\" href=\"https:\/\/badbuddhashop.com\/fr\/produit\/unisex-classic-tee-2\/\" \/>\n<meta property=\"og:locale\" content=\"fr_CA\" \/>\n<meta property=\"og:type\" content=\"article\" \/>\n<meta property=\"og:title\" content=\"Spiritual, But Still Swears. &quot;Manifest That Sh*t \u2013 Bad Buddha&quot; unisex tee - Bad Buddha Shop\" \/>\n<meta property=\"og:description\" content=\"Manifest That Sh*t \u2013 Bad Buddha Unisex Tee Because enlightenment doesn\u2019t mean you can\u2019t have a little attitude. This isn\u2019t your average spiritual tee. It\u2019s for the bold, the mindful, and the slightly unhinged. Whether you&#8217;re aligning your chakras or just trying to survive Mercury in retrograde, this shirt reminds the universe (and everyone else) [&hellip;]\" \/>\n<meta property=\"og:url\" content=\"https:\/\/badbuddhashop.com\/fr\/produit\/unisex-classic-tee-2\/\" \/>\n<meta property=\"og:site_name\" content=\"Bad Buddha Shop\" \/>\n<meta property=\"article:publisher\" content=\"https:\/\/www.facebook.com\/profile.php?id=61577341044750\" \/>\n<meta property=\"article:modified_time\" content=\"2025-07-19T15:42:04+00:00\" \/>\n<meta property=\"og:image\" content=\"https:\/\/badbuddhashop.com\/wp-content\/uploads\/2025\/07\/unisex-classic-tee-natural-front-2-687bbc1b721e6.jpg\" \/>\n\t<meta property=\"og:image:width\" content=\"2000\" \/>\n\t<meta property=\"og:image:height\" content=\"2000\" \/>\n\t<meta property=\"og:image:type\" content=\"image\/jpeg\" \/>\n<meta name=\"twitter:card\" content=\"summary_large_image\" \/>\n<meta name=\"twitter:label1\" content=\"Estimation du temps de lecture\" \/>\n\t<meta name=\"twitter:data1\" content=\"1 minute\" \/>\n<script type=\"application\/ld+json\" class=\"yoast-schema-graph\">{\"@context\":\"https:\\\/\\\/schema.org\",\"@graph\":[{\"@type\":\"WebPage\",\"@id\":\"https:\\\/\\\/badbuddhashop.com\\\/product\\\/unisex-classic-tee-2\\\/\",\"url\":\"https:\\\/\\\/badbuddhashop.com\\\/product\\\/unisex-classic-tee-2\\\/\",\"name\":\"Spiritual, But Still Swears. \\\"Manifest That Sh*t \u2013 Bad Buddha\\\" unisex tee - Bad Buddha Shop\",\"isPartOf\":{\"@id\":\"https:\\\/\\\/badbuddhashop.com\\\/#website\"},\"primaryImageOfPage\":{\"@id\":\"https:\\\/\\\/badbuddhashop.com\\\/product\\\/unisex-classic-tee-2\\\/#primaryimage\"},\"image\":{\"@id\":\"https:\\\/\\\/badbuddhashop.com\\\/product\\\/unisex-classic-tee-2\\\/#primaryimage\"},\"thumbnailUrl\":\"https:\\\/\\\/badbuddhashop.com\\\/wp-content\\\/uploads\\\/2025\\\/07\\\/unisex-classic-tee-natural-front-2-687bbc1b721e6.jpg\",\"datePublished\":\"2025-07-19T15:39:20+00:00\",\"dateModified\":\"2025-07-19T15:42:04+00:00\",\"breadcrumb\":{\"@id\":\"https:\\\/\\\/badbuddhashop.com\\\/product\\\/unisex-classic-tee-2\\\/#breadcrumb\"},\"inLanguage\":\"fr-CA\",\"potentialAction\":[{\"@type\":\"ReadAction\",\"target\":[\"https:\\\/\\\/badbuddhashop.com\\\/product\\\/unisex-classic-tee-2\\\/\"]}]},{\"@type\":\"ImageObject\",\"inLanguage\":\"fr-CA\",\"@id\":\"https:\\\/\\\/badbuddhashop.com\\\/product\\\/unisex-classic-tee-2\\\/#primaryimage\",\"url\":\"https:\\\/\\\/badbuddhashop.com\\\/wp-content\\\/uploads\\\/2025\\\/07\\\/unisex-classic-tee-natural-front-2-687bbc1b721e6.jpg\",\"contentUrl\":\"https:\\\/\\\/badbuddhashop.com\\\/wp-content\\\/uploads\\\/2025\\\/07\\\/unisex-classic-tee-natural-front-2-687bbc1b721e6.jpg\",\"width\":2000,\"height\":2000},{\"@type\":\"BreadcrumbList\",\"@id\":\"https:\\\/\\\/badbuddhashop.com\\\/product\\\/unisex-classic-tee-2\\\/#breadcrumb\",\"itemListElement\":[{\"@type\":\"ListItem\",\"position\":1,\"name\":\"Home\",\"item\":\"https:\\\/\\\/badbuddhashop.com\\\/\"},{\"@type\":\"ListItem\",\"position\":2,\"name\":\"Take Your Adventure To The Next Level\",\"item\":\"https:\\\/\\\/badbuddhashop.com\\\/shop1\\\/\"},{\"@type\":\"ListItem\",\"position\":3,\"name\":\"Spiritual, But Still Swears. &#8220;Manifest That Sh*t \u2013 Bad Buddha&#8221; unisex tee\"}]},{\"@type\":\"WebSite\",\"@id\":\"https:\\\/\\\/badbuddhashop.com\\\/#website\",\"url\":\"https:\\\/\\\/badbuddhashop.com\\\/\",\"name\":\"Bad Buddha Shop\",\"description\":\"\",\"publisher\":{\"@id\":\"https:\\\/\\\/badbuddhashop.com\\\/#organization\"},\"potentialAction\":[{\"@type\":\"SearchAction\",\"target\":{\"@type\":\"EntryPoint\",\"urlTemplate\":\"https:\\\/\\\/badbuddhashop.com\\\/?s={search_term_string}\"},\"query-input\":{\"@type\":\"PropertyValueSpecification\",\"valueRequired\":true,\"valueName\":\"search_term_string\"}}],\"inLanguage\":\"fr-CA\"},{\"@type\":\"Organization\",\"@id\":\"https:\\\/\\\/badbuddhashop.com\\\/#organization\",\"name\":\"Bad Buddha Shop\",\"url\":\"https:\\\/\\\/badbuddhashop.com\\\/\",\"logo\":{\"@type\":\"ImageObject\",\"inLanguage\":\"fr-CA\",\"@id\":\"https:\\\/\\\/badbuddhashop.com\\\/#\\\/schema\\\/logo\\\/image\\\/\",\"url\":\"https:\\\/\\\/badbuddhashop.com\\\/wp-content\\\/uploads\\\/2025\\\/06\\\/logo-cropped.png\",\"contentUrl\":\"https:\\\/\\\/badbuddhashop.com\\\/wp-content\\\/uploads\\\/2025\\\/06\\\/logo-cropped.png\",\"width\":1024,\"height\":1024,\"caption\":\"Bad Buddha Shop\"},\"image\":{\"@id\":\"https:\\\/\\\/badbuddhashop.com\\\/#\\\/schema\\\/logo\\\/image\\\/\"},\"sameAs\":[\"https:\\\/\\\/www.facebook.com\\\/profile.php?id=61577341044750\",\"https:\\\/\\\/www.instagram.com\\\/bad_buddha_shop\\\/\"]}]}<\/script>\n<!-- \/ Yoast SEO plugin. -->","yoast_head_json":{"title":"Spiritual, But Still Swears. \"Manifest That Sh*t \u2013 Bad Buddha\" unisex tee - Bad Buddha Shop","robots":{"index":"index","follow":"follow","max-snippet":"max-snippet:-1","max-image-preview":"max-image-preview:large","max-video-preview":"max-video-preview:-1"},"canonical":"https:\/\/badbuddhashop.com\/fr\/produit\/unisex-classic-tee-2\/","og_locale":"fr_CA","og_type":"article","og_title":"Spiritual, But Still Swears. \"Manifest That Sh*t \u2013 Bad Buddha\" unisex tee - Bad Buddha Shop","og_description":"Manifest That Sh*t \u2013 Bad Buddha Unisex Tee Because enlightenment doesn\u2019t mean you can\u2019t have a little attitude. This isn\u2019t your average spiritual tee. It\u2019s for the bold, the mindful, and the slightly unhinged. Whether you&#8217;re aligning your chakras or just trying to survive Mercury in retrograde, this shirt reminds the universe (and everyone else) [&hellip;]","og_url":"https:\/\/badbuddhashop.com\/fr\/produit\/unisex-classic-tee-2\/","og_site_name":"Bad Buddha Shop","article_publisher":"https:\/\/www.facebook.com\/profile.php?id=61577341044750","article_modified_time":"2025-07-19T15:42:04+00:00","og_image":[{"width":2000,"height":2000,"url":"https:\/\/badbuddhashop.com\/wp-content\/uploads\/2025\/07\/unisex-classic-tee-natural-front-2-687bbc1b721e6.jpg","type":"image\/jpeg"}],"twitter_card":"summary_large_image","twitter_misc":{"Estimation du temps de lecture":"1 minute"},"schema":{"@context":"https:\/\/schema.org","@graph":[{"@type":"WebPage","@id":"https:\/\/badbuddhashop.com\/product\/unisex-classic-tee-2\/","url":"https:\/\/badbuddhashop.com\/product\/unisex-classic-tee-2\/","name":"Spiritual, But Still Swears. \"Manifest That Sh*t \u2013 Bad Buddha\" unisex tee - Bad Buddha Shop","isPartOf":{"@id":"https:\/\/badbuddhashop.com\/#website"},"primaryImageOfPage":{"@id":"https:\/\/badbuddhashop.com\/product\/unisex-classic-tee-2\/#primaryimage"},"image":{"@id":"https:\/\/badbuddhashop.com\/product\/unisex-classic-tee-2\/#primaryimage"},"thumbnailUrl":"https:\/\/badbuddhashop.com\/wp-content\/uploads\/2025\/07\/unisex-classic-tee-natural-front-2-687bbc1b721e6.jpg","datePublished":"2025-07-19T15:39:20+00:00","dateModified":"2025-07-19T15:42:04+00:00","breadcrumb":{"@id":"https:\/\/badbuddhashop.com\/product\/unisex-classic-tee-2\/#breadcrumb"},"inLanguage":"fr-CA","potentialAction":[{"@type":"ReadAction","target":["https:\/\/badbuddhashop.com\/product\/unisex-classic-tee-2\/"]}]},{"@type":"ImageObject","inLanguage":"fr-CA","@id":"https:\/\/badbuddhashop.com\/product\/unisex-classic-tee-2\/#primaryimage","url":"https:\/\/badbuddhashop.com\/wp-content\/uploads\/2025\/07\/unisex-classic-tee-natural-front-2-687bbc1b721e6.jpg","contentUrl":"https:\/\/badbuddhashop.com\/wp-content\/uploads\/2025\/07\/unisex-classic-tee-natural-front-2-687bbc1b721e6.jpg","width":2000,"height":2000},{"@type":"BreadcrumbList","@id":"https:\/\/badbuddhashop.com\/product\/unisex-classic-tee-2\/#breadcrumb","itemListElement":[{"@type":"ListItem","position":1,"name":"Home","item":"https:\/\/badbuddhashop.com\/"},{"@type":"ListItem","position":2,"name":"Take Your Adventure To The Next Level","item":"https:\/\/badbuddhashop.com\/shop1\/"},{"@type":"ListItem","position":3,"name":"Spiritual, But Still Swears. &#8220;Manifest That Sh*t \u2013 Bad Buddha&#8221; unisex tee"}]},{"@type":"WebSite","@id":"https:\/\/badbuddhashop.com\/#website","url":"https:\/\/badbuddhashop.com\/","name":"Bad Buddha Shop","description":"","publisher":{"@id":"https:\/\/badbuddhashop.com\/#organization"},"potentialAction":[{"@type":"SearchAction","target":{"@type":"EntryPoint","urlTemplate":"https:\/\/badbuddhashop.com\/?s={search_term_string}"},"query-input":{"@type":"PropertyValueSpecification","valueRequired":true,"valueName":"search_term_string"}}],"inLanguage":"fr-CA"},{"@type":"Organization","@id":"https:\/\/badbuddhashop.com\/#organization","name":"Bad Buddha Shop","url":"https:\/\/badbuddhashop.com\/","logo":{"@type":"ImageObject","inLanguage":"fr-CA","@id":"https:\/\/badbuddhashop.com\/#\/schema\/logo\/image\/","url":"https:\/\/badbuddhashop.com\/wp-content\/uploads\/2025\/06\/logo-cropped.png","contentUrl":"https:\/\/badbuddhashop.com\/wp-content\/uploads\/2025\/06\/logo-cropped.png","width":1024,"height":1024,"caption":"Bad Buddha Shop"},"image":{"@id":"https:\/\/badbuddhashop.com\/#\/schema\/logo\/image\/"},"sameAs":["https:\/\/www.facebook.com\/profile.php?id=61577341044750","https:\/\/www.instagram.com\/bad_buddha_shop\/"]}]}},"_links":{"self":[{"href":"https:\/\/badbuddhashop.com\/fr\/wp-json\/wp\/v2\/product\/3941","targetHints":{"allow":["GET"]}}],"collection":[{"href":"https:\/\/badbuddhashop.com\/fr\/wp-json\/wp\/v2\/product"}],"about":[{"href":"https:\/\/badbuddhashop.com\/fr\/wp-json\/wp\/v2\/types\/product"}],"replies":[{"embeddable":true,"href":"https:\/\/badbuddhashop.com\/fr\/wp-json\/wp\/v2\/comments?post=3941"}],"wp:featuredmedia":[{"embeddable":true,"href":"https:\/\/badbuddhashop.com\/fr\/wp-json\/wp\/v2\/media\/3966"}],"wp:attachment":[{"href":"https:\/\/badbuddhashop.com\/fr\/wp-json\/wp\/v2\/media?parent=3941"}],"wp:term":[{"taxonomy":"product_brand","embeddable":true,"href":"https:\/\/badbuddhashop.com\/fr\/wp-json\/wp\/v2\/product_brand?post=3941"},{"taxonomy":"product_cat","embeddable":true,"href":"https:\/\/badbuddhashop.com\/fr\/wp-json\/wp\/v2\/product_cat?post=3941"},{"taxonomy":"product_tag","embeddable":true,"href":"https:\/\/badbuddhashop.com\/fr\/wp-json\/wp\/v2\/product_tag?post=3941"}],"curies":[{"name":"wp","href":"https:\/\/api.w.org\/{rel}","templated":true}]}}