{"id":3972,"date":"2025-07-19T16:06:09","date_gmt":"2025-07-19T16:06:09","guid":{"rendered":"https:\/\/badbuddhashop.com\/?post_type=product&#038;p=3972"},"modified":"2025-09-02T14:51:07","modified_gmt":"2025-09-02T14:51:07","slug":"sassy-scents-6oz-of-aromatherapy-with-attitude","status":"publish","type":"product","link":"https:\/\/badbuddhashop.com\/fr\/produit\/sassy-scents-6oz-of-aromatherapy-with-attitude\/","title":{"rendered":"Chandelles avec du Caract\u00e8re \u2013 Pour illuminer ton espace (et ton attitude)"},"content":{"rendered":"<p>Chandelles avec du Caract\u00e8re \u2013 Pour illuminer ton espace (et ton attitude)<br \/>\nBesoin d\u2019un peu de paix, d\u2019un soup\u00e7on d\u2019impertinence ou carr\u00e9ment d\u2019un reset spirituel ? Ces bougies de 170g sont l\u00e0 pour illuminer ton espace \u2014 et ton humeur. Coul\u00e9es \u00e0 la main avec amour (et peut-\u00eatre un brin de sarcasme), elles sont disponibles en plusieurs parfums et couleurs pour s\u2019accorder \u00e0 ton \u00e9nergie, ta d\u00e9co ou ton \u00e9tat \u00e9motionnel du moment.<\/p>\n<p>\u2728 Choisis ton \u00e9tiquette selon ton humeur :<\/p>\n<p>Zen AF \u2013 Pour quand tu es calme\u2026 ou que tu fais semblant.<br \/>\nCalm the F*ck Down \u2013 Parce que la lavande et une grande inspiration r\u00e8glent (presque) tout.<br \/>\nManifest That Sh*t  \u2013 Allume-la et montre \u00e0 l\u2019univers qui commande.<br \/>\nCleanse That F*cking Space \u2013 Adieu mauvaises ondes, bonjour lavande.<br \/>\nSacred Glow \u2013 Pour te sentir comme une d\u00e9esse lumineuse dans un temple \u00e0 la bougie.<br \/>\nSpiritually Salty \u2013 \u00c9veill\u00e9e, mais toujours un peu piquante.<br \/>\nPaix Int\u00e9rieure \u2013 \u00c7a sent les limites saines et les textos ignor\u00e9s.<\/p>\n<p>Que ce soit pour offrir, te r\u00e9conforter ou juste faire en sorte que ton appart sente moins la crise existentielle, ces bougies sont ton alli\u00e9 parfait.<\/p>","protected":false},"excerpt":{"rendered":"<p>Sassy Scents \u2013 6oz of Aromatherapy with Attitude Need a little peace, a little sass, or a full-on spiritual reset? These 6oz candles are here to light up your space\u2014and your mood. Hand-poured with love (and maybe a little sarcasm), they come in a variety of fragrances and colors to match your vibe, your room, [&hellip;]<\/p>\n","protected":false},"featured_media":4074,"comment_status":"open","ping_status":"closed","template":"","meta":[],"product_brand":[],"product_cat":[34],"product_tag":[],"class_list":{"0":"post-3972","1":"product","2":"type-product","3":"status-publish","4":"has-post-thumbnail","6":"product_cat-home-living-canada","7":"product_shipping_class-dieppe-products","9":"first","10":"instock","11":"shipping-taxable","12":"purchasable","13":"product-type-variable"},"yoast_head":"<!-- This site is optimized with the Yoast SEO plugin v27.4 - https:\/\/yoast.com\/product\/yoast-seo-wordpress\/ -->\n<title>Sassy Scents \u2013 6oz of Aromatherapy with Attitude - Bad Buddha Shop<\/title>\n<meta name=\"robots\" content=\"index, follow, max-snippet:-1, max-image-preview:large, max-video-preview:-1\" \/>\n<link rel=\"canonical\" href=\"https:\/\/badbuddhashop.com\/fr\/produit\/sassy-scents-6oz-of-aromatherapy-with-attitude\/\" \/>\n<meta property=\"og:locale\" content=\"fr_CA\" \/>\n<meta property=\"og:type\" content=\"article\" \/>\n<meta property=\"og:title\" content=\"Sassy Scents \u2013 6oz of Aromatherapy with Attitude - Bad Buddha Shop\" \/>\n<meta property=\"og:description\" content=\"Sassy Scents \u2013 6oz of Aromatherapy with Attitude Need a little peace, a little sass, or a full-on spiritual reset? These 6oz candles are here to light up your space\u2014and your mood. Hand-poured with love (and maybe a little sarcasm), they come in a variety of fragrances and colors to match your vibe, your room, [&hellip;]\" \/>\n<meta property=\"og:url\" content=\"https:\/\/badbuddhashop.com\/fr\/produit\/sassy-scents-6oz-of-aromatherapy-with-attitude\/\" \/>\n<meta property=\"og:site_name\" content=\"Bad Buddha Shop\" \/>\n<meta property=\"article:publisher\" content=\"https:\/\/www.facebook.com\/profile.php?id=61577341044750\" \/>\n<meta property=\"article:modified_time\" content=\"2025-09-02T14:51:07+00:00\" \/>\n<meta property=\"og:image\" content=\"https:\/\/badbuddhashop.com\/wp-content\/uploads\/2025\/07\/D438A039-FCDA-4174-B37A-312FD6BE2DCF-1-683x1024.png\" \/>\n\t<meta property=\"og:image:width\" content=\"683\" \/>\n\t<meta property=\"og:image:height\" content=\"1024\" \/>\n\t<meta property=\"og:image:type\" content=\"image\/png\" \/>\n<meta name=\"twitter:card\" content=\"summary_large_image\" \/>\n<meta name=\"twitter:label1\" content=\"Estimation du temps de lecture\" \/>\n\t<meta name=\"twitter:data1\" content=\"1 minute\" \/>\n<script type=\"application\/ld+json\" class=\"yoast-schema-graph\">{\"@context\":\"https:\\\/\\\/schema.org\",\"@graph\":[{\"@type\":\"WebPage\",\"@id\":\"https:\\\/\\\/badbuddhashop.com\\\/product\\\/sassy-scents-6oz-of-aromatherapy-with-attitude\\\/\",\"url\":\"https:\\\/\\\/badbuddhashop.com\\\/product\\\/sassy-scents-6oz-of-aromatherapy-with-attitude\\\/\",\"name\":\"Sassy Scents \u2013 6oz of Aromatherapy with Attitude - Bad Buddha Shop\",\"isPartOf\":{\"@id\":\"https:\\\/\\\/badbuddhashop.com\\\/#website\"},\"primaryImageOfPage\":{\"@id\":\"https:\\\/\\\/badbuddhashop.com\\\/product\\\/sassy-scents-6oz-of-aromatherapy-with-attitude\\\/#primaryimage\"},\"image\":{\"@id\":\"https:\\\/\\\/badbuddhashop.com\\\/product\\\/sassy-scents-6oz-of-aromatherapy-with-attitude\\\/#primaryimage\"},\"thumbnailUrl\":\"https:\\\/\\\/badbuddhashop.com\\\/wp-content\\\/uploads\\\/2025\\\/07\\\/D438A039-FCDA-4174-B37A-312FD6BE2DCF-1.png\",\"datePublished\":\"2025-07-19T16:06:09+00:00\",\"dateModified\":\"2025-09-02T14:51:07+00:00\",\"breadcrumb\":{\"@id\":\"https:\\\/\\\/badbuddhashop.com\\\/product\\\/sassy-scents-6oz-of-aromatherapy-with-attitude\\\/#breadcrumb\"},\"inLanguage\":\"fr-CA\",\"potentialAction\":[{\"@type\":\"ReadAction\",\"target\":[\"https:\\\/\\\/badbuddhashop.com\\\/product\\\/sassy-scents-6oz-of-aromatherapy-with-attitude\\\/\"]}]},{\"@type\":\"ImageObject\",\"inLanguage\":\"fr-CA\",\"@id\":\"https:\\\/\\\/badbuddhashop.com\\\/product\\\/sassy-scents-6oz-of-aromatherapy-with-attitude\\\/#primaryimage\",\"url\":\"https:\\\/\\\/badbuddhashop.com\\\/wp-content\\\/uploads\\\/2025\\\/07\\\/D438A039-FCDA-4174-B37A-312FD6BE2DCF-1.png\",\"contentUrl\":\"https:\\\/\\\/badbuddhashop.com\\\/wp-content\\\/uploads\\\/2025\\\/07\\\/D438A039-FCDA-4174-B37A-312FD6BE2DCF-1.png\",\"width\":1024,\"height\":1536},{\"@type\":\"BreadcrumbList\",\"@id\":\"https:\\\/\\\/badbuddhashop.com\\\/product\\\/sassy-scents-6oz-of-aromatherapy-with-attitude\\\/#breadcrumb\",\"itemListElement\":[{\"@type\":\"ListItem\",\"position\":1,\"name\":\"Home\",\"item\":\"https:\\\/\\\/badbuddhashop.com\\\/\"},{\"@type\":\"ListItem\",\"position\":2,\"name\":\"Take Your Adventure To The Next Level\",\"item\":\"https:\\\/\\\/badbuddhashop.com\\\/shop1\\\/\"},{\"@type\":\"ListItem\",\"position\":3,\"name\":\"Sassy Scents \u2013 6oz of Aromatherapy with Attitude\"}]},{\"@type\":\"WebSite\",\"@id\":\"https:\\\/\\\/badbuddhashop.com\\\/#website\",\"url\":\"https:\\\/\\\/badbuddhashop.com\\\/\",\"name\":\"Bad Buddha Shop\",\"description\":\"\",\"publisher\":{\"@id\":\"https:\\\/\\\/badbuddhashop.com\\\/#organization\"},\"potentialAction\":[{\"@type\":\"SearchAction\",\"target\":{\"@type\":\"EntryPoint\",\"urlTemplate\":\"https:\\\/\\\/badbuddhashop.com\\\/?s={search_term_string}\"},\"query-input\":{\"@type\":\"PropertyValueSpecification\",\"valueRequired\":true,\"valueName\":\"search_term_string\"}}],\"inLanguage\":\"fr-CA\"},{\"@type\":\"Organization\",\"@id\":\"https:\\\/\\\/badbuddhashop.com\\\/#organization\",\"name\":\"Bad Buddha Shop\",\"url\":\"https:\\\/\\\/badbuddhashop.com\\\/\",\"logo\":{\"@type\":\"ImageObject\",\"inLanguage\":\"fr-CA\",\"@id\":\"https:\\\/\\\/badbuddhashop.com\\\/#\\\/schema\\\/logo\\\/image\\\/\",\"url\":\"https:\\\/\\\/badbuddhashop.com\\\/wp-content\\\/uploads\\\/2025\\\/06\\\/logo-cropped.png\",\"contentUrl\":\"https:\\\/\\\/badbuddhashop.com\\\/wp-content\\\/uploads\\\/2025\\\/06\\\/logo-cropped.png\",\"width\":1024,\"height\":1024,\"caption\":\"Bad Buddha Shop\"},\"image\":{\"@id\":\"https:\\\/\\\/badbuddhashop.com\\\/#\\\/schema\\\/logo\\\/image\\\/\"},\"sameAs\":[\"https:\\\/\\\/www.facebook.com\\\/profile.php?id=61577341044750\",\"https:\\\/\\\/www.instagram.com\\\/bad_buddha_shop\\\/\"]}]}<\/script>\n<!-- \/ Yoast SEO plugin. -->","yoast_head_json":{"title":"Sassy Scents \u2013 6oz of Aromatherapy with Attitude - Bad Buddha Shop","robots":{"index":"index","follow":"follow","max-snippet":"max-snippet:-1","max-image-preview":"max-image-preview:large","max-video-preview":"max-video-preview:-1"},"canonical":"https:\/\/badbuddhashop.com\/fr\/produit\/sassy-scents-6oz-of-aromatherapy-with-attitude\/","og_locale":"fr_CA","og_type":"article","og_title":"Sassy Scents \u2013 6oz of Aromatherapy with Attitude - Bad Buddha Shop","og_description":"Sassy Scents \u2013 6oz of Aromatherapy with Attitude Need a little peace, a little sass, or a full-on spiritual reset? These 6oz candles are here to light up your space\u2014and your mood. Hand-poured with love (and maybe a little sarcasm), they come in a variety of fragrances and colors to match your vibe, your room, [&hellip;]","og_url":"https:\/\/badbuddhashop.com\/fr\/produit\/sassy-scents-6oz-of-aromatherapy-with-attitude\/","og_site_name":"Bad Buddha Shop","article_publisher":"https:\/\/www.facebook.com\/profile.php?id=61577341044750","article_modified_time":"2025-09-02T14:51:07+00:00","og_image":[{"width":683,"height":1024,"url":"https:\/\/badbuddhashop.com\/wp-content\/uploads\/2025\/07\/D438A039-FCDA-4174-B37A-312FD6BE2DCF-1-683x1024.png","type":"image\/png"}],"twitter_card":"summary_large_image","twitter_misc":{"Estimation du temps de lecture":"1 minute"},"schema":{"@context":"https:\/\/schema.org","@graph":[{"@type":"WebPage","@id":"https:\/\/badbuddhashop.com\/product\/sassy-scents-6oz-of-aromatherapy-with-attitude\/","url":"https:\/\/badbuddhashop.com\/product\/sassy-scents-6oz-of-aromatherapy-with-attitude\/","name":"Sassy Scents \u2013 6oz of Aromatherapy with Attitude - Bad Buddha Shop","isPartOf":{"@id":"https:\/\/badbuddhashop.com\/#website"},"primaryImageOfPage":{"@id":"https:\/\/badbuddhashop.com\/product\/sassy-scents-6oz-of-aromatherapy-with-attitude\/#primaryimage"},"image":{"@id":"https:\/\/badbuddhashop.com\/product\/sassy-scents-6oz-of-aromatherapy-with-attitude\/#primaryimage"},"thumbnailUrl":"https:\/\/badbuddhashop.com\/wp-content\/uploads\/2025\/07\/D438A039-FCDA-4174-B37A-312FD6BE2DCF-1.png","datePublished":"2025-07-19T16:06:09+00:00","dateModified":"2025-09-02T14:51:07+00:00","breadcrumb":{"@id":"https:\/\/badbuddhashop.com\/product\/sassy-scents-6oz-of-aromatherapy-with-attitude\/#breadcrumb"},"inLanguage":"fr-CA","potentialAction":[{"@type":"ReadAction","target":["https:\/\/badbuddhashop.com\/product\/sassy-scents-6oz-of-aromatherapy-with-attitude\/"]}]},{"@type":"ImageObject","inLanguage":"fr-CA","@id":"https:\/\/badbuddhashop.com\/product\/sassy-scents-6oz-of-aromatherapy-with-attitude\/#primaryimage","url":"https:\/\/badbuddhashop.com\/wp-content\/uploads\/2025\/07\/D438A039-FCDA-4174-B37A-312FD6BE2DCF-1.png","contentUrl":"https:\/\/badbuddhashop.com\/wp-content\/uploads\/2025\/07\/D438A039-FCDA-4174-B37A-312FD6BE2DCF-1.png","width":1024,"height":1536},{"@type":"BreadcrumbList","@id":"https:\/\/badbuddhashop.com\/product\/sassy-scents-6oz-of-aromatherapy-with-attitude\/#breadcrumb","itemListElement":[{"@type":"ListItem","position":1,"name":"Home","item":"https:\/\/badbuddhashop.com\/"},{"@type":"ListItem","position":2,"name":"Take Your Adventure To The Next Level","item":"https:\/\/badbuddhashop.com\/shop1\/"},{"@type":"ListItem","position":3,"name":"Sassy Scents \u2013 6oz of Aromatherapy with Attitude"}]},{"@type":"WebSite","@id":"https:\/\/badbuddhashop.com\/#website","url":"https:\/\/badbuddhashop.com\/","name":"Bad Buddha Shop","description":"","publisher":{"@id":"https:\/\/badbuddhashop.com\/#organization"},"potentialAction":[{"@type":"SearchAction","target":{"@type":"EntryPoint","urlTemplate":"https:\/\/badbuddhashop.com\/?s={search_term_string}"},"query-input":{"@type":"PropertyValueSpecification","valueRequired":true,"valueName":"search_term_string"}}],"inLanguage":"fr-CA"},{"@type":"Organization","@id":"https:\/\/badbuddhashop.com\/#organization","name":"Bad Buddha Shop","url":"https:\/\/badbuddhashop.com\/","logo":{"@type":"ImageObject","inLanguage":"fr-CA","@id":"https:\/\/badbuddhashop.com\/#\/schema\/logo\/image\/","url":"https:\/\/badbuddhashop.com\/wp-content\/uploads\/2025\/06\/logo-cropped.png","contentUrl":"https:\/\/badbuddhashop.com\/wp-content\/uploads\/2025\/06\/logo-cropped.png","width":1024,"height":1024,"caption":"Bad Buddha Shop"},"image":{"@id":"https:\/\/badbuddhashop.com\/#\/schema\/logo\/image\/"},"sameAs":["https:\/\/www.facebook.com\/profile.php?id=61577341044750","https:\/\/www.instagram.com\/bad_buddha_shop\/"]}]}},"_links":{"self":[{"href":"https:\/\/badbuddhashop.com\/fr\/wp-json\/wp\/v2\/product\/3972","targetHints":{"allow":["GET"]}}],"collection":[{"href":"https:\/\/badbuddhashop.com\/fr\/wp-json\/wp\/v2\/product"}],"about":[{"href":"https:\/\/badbuddhashop.com\/fr\/wp-json\/wp\/v2\/types\/product"}],"replies":[{"embeddable":true,"href":"https:\/\/badbuddhashop.com\/fr\/wp-json\/wp\/v2\/comments?post=3972"}],"wp:featuredmedia":[{"embeddable":true,"href":"https:\/\/badbuddhashop.com\/fr\/wp-json\/wp\/v2\/media\/4074"}],"wp:attachment":[{"href":"https:\/\/badbuddhashop.com\/fr\/wp-json\/wp\/v2\/media?parent=3972"}],"wp:term":[{"taxonomy":"product_brand","embeddable":true,"href":"https:\/\/badbuddhashop.com\/fr\/wp-json\/wp\/v2\/product_brand?post=3972"},{"taxonomy":"product_cat","embeddable":true,"href":"https:\/\/badbuddhashop.com\/fr\/wp-json\/wp\/v2\/product_cat?post=3972"},{"taxonomy":"product_tag","embeddable":true,"href":"https:\/\/badbuddhashop.com\/fr\/wp-json\/wp\/v2\/product_tag?post=3972"}],"curies":[{"name":"wp","href":"https:\/\/api.w.org\/{rel}","templated":true}]}}