{"id":4075,"date":"2025-07-19T17:01:02","date_gmt":"2025-07-19T17:01:02","guid":{"rendered":"https:\/\/badbuddhashop.com\/?post_type=product&#038;p=4075"},"modified":"2025-07-19T17:52:56","modified_gmt":"2025-07-19T17:52:56","slug":"moai-mood-ancient-vibes-modern-flames","status":"publish","type":"product","link":"https:\/\/badbuddhashop.com\/fr\/produit\/moai-mood-ancient-vibes-modern-flames\/","title":{"rendered":"Ambiance Moai \u2013 Des ondes anciennes, une flamme bien actuelle"},"content":{"rendered":"<p>\ud83d\uddff Ambiance Moai \u2013 Des ondes anciennes, une flamme bien actuelle<br \/>\nApporte une touche de myst\u00e8re (et beaucoup de style) \u00e0 ton espace avec cette bougie inspir\u00e9e des statues de l\u2019\u00eele de P\u00e2ques. En forme de mini Moai, elle incarne l\u2019\u00e9quilibre parfait entre sagesse ancestrale et attitude moderne. Que tu sois en pleine s\u00e9ance de m\u00e9ditation ou que tu veuilles juste que ta d\u00e9co ait l\u2019air spirituellement styl\u00e9e, cette bougie est l\u00e0 pour faire sensation \u2014 et sentir bon.<\/p>\n<p>Coul\u00e9e \u00e0 la main, disponible en plusieurs parfums et couleurs, elle est parfaite \u00e0 offrir, \u00e0 allumer pour se recentrer\u2026 ou simplement pour juger tes invit\u00e9s en silence, fa\u00e7on Moai.<\/p>\n<p>Souhaites-tu aussi une suggestion d\u2019\u00e9tiquette ou un visuel pour accompagner cette bougie<\/p>\n<p>10cm x 8.5cm<\/p>","protected":false},"excerpt":{"rendered":"<p>\ud83d\uddff &#8220;Moai Mood \u2013 Ancient Vibes, Modern Flames&#8221; Bring a little mystery and a whole lot of mood to your space with this Easter Island-inspired candle. Shaped like a mini Moai statue, it\u2019s the perfect blend of ancient wisdom and modern sass. Whether you&#8217;re manifesting island energy or just want your shelf to look culturally [&hellip;]<\/p>\n","protected":false},"featured_media":4136,"comment_status":"open","ping_status":"closed","template":"","meta":[],"product_brand":[],"product_cat":[34],"product_tag":[],"class_list":{"0":"post-4075","1":"product","2":"type-product","3":"status-publish","4":"has-post-thumbnail","6":"product_cat-home-living-canada","7":"product_shipping_class-dieppe-products","9":"first","10":"instock","11":"shipping-taxable","12":"purchasable","13":"product-type-variable"},"yoast_head":"<!-- This site is optimized with the Yoast SEO plugin v27.4 - https:\/\/yoast.com\/product\/yoast-seo-wordpress\/ -->\n<title>Moai Mood \u2013 Ancient Vibes, Modern Flames - Bad Buddha Shop<\/title>\n<meta name=\"robots\" content=\"index, follow, max-snippet:-1, max-image-preview:large, max-video-preview:-1\" \/>\n<link rel=\"canonical\" href=\"https:\/\/badbuddhashop.com\/fr\/produit\/moai-mood-ancient-vibes-modern-flames\/\" \/>\n<meta property=\"og:locale\" content=\"fr_CA\" \/>\n<meta property=\"og:type\" content=\"article\" \/>\n<meta property=\"og:title\" content=\"Moai Mood \u2013 Ancient Vibes, Modern Flames - Bad Buddha Shop\" \/>\n<meta property=\"og:description\" content=\"\ud83d\uddff &#8220;Moai Mood \u2013 Ancient Vibes, Modern Flames&#8221; Bring a little mystery and a whole lot of mood to your space with this Easter Island-inspired candle. Shaped like a mini Moai statue, it\u2019s the perfect blend of ancient wisdom and modern sass. Whether you&#8217;re manifesting island energy or just want your shelf to look culturally [&hellip;]\" \/>\n<meta property=\"og:url\" content=\"https:\/\/badbuddhashop.com\/fr\/produit\/moai-mood-ancient-vibes-modern-flames\/\" \/>\n<meta property=\"og:site_name\" content=\"Bad Buddha Shop\" \/>\n<meta property=\"article:publisher\" content=\"https:\/\/www.facebook.com\/profile.php?id=61577341044750\" \/>\n<meta property=\"article:modified_time\" content=\"2025-07-19T17:52:56+00:00\" \/>\n<meta property=\"og:image\" content=\"https:\/\/badbuddhashop.com\/wp-content\/uploads\/2025\/07\/D438A039-FCDA-4174-B37A-312FD6BE2DCF-2-683x1024.png\" \/>\n\t<meta property=\"og:image:width\" content=\"683\" \/>\n\t<meta property=\"og:image:height\" content=\"1024\" \/>\n\t<meta property=\"og:image:type\" content=\"image\/png\" \/>\n<meta name=\"twitter:card\" content=\"summary_large_image\" \/>\n<script type=\"application\/ld+json\" class=\"yoast-schema-graph\">{\"@context\":\"https:\\\/\\\/schema.org\",\"@graph\":[{\"@type\":\"WebPage\",\"@id\":\"https:\\\/\\\/badbuddhashop.com\\\/product\\\/moai-mood-ancient-vibes-modern-flames\\\/\",\"url\":\"https:\\\/\\\/badbuddhashop.com\\\/product\\\/moai-mood-ancient-vibes-modern-flames\\\/\",\"name\":\"Moai Mood \u2013 Ancient Vibes, Modern Flames - Bad Buddha Shop\",\"isPartOf\":{\"@id\":\"https:\\\/\\\/badbuddhashop.com\\\/#website\"},\"primaryImageOfPage\":{\"@id\":\"https:\\\/\\\/badbuddhashop.com\\\/product\\\/moai-mood-ancient-vibes-modern-flames\\\/#primaryimage\"},\"image\":{\"@id\":\"https:\\\/\\\/badbuddhashop.com\\\/product\\\/moai-mood-ancient-vibes-modern-flames\\\/#primaryimage\"},\"thumbnailUrl\":\"https:\\\/\\\/badbuddhashop.com\\\/wp-content\\\/uploads\\\/2025\\\/07\\\/D438A039-FCDA-4174-B37A-312FD6BE2DCF-2.png\",\"datePublished\":\"2025-07-19T17:01:02+00:00\",\"dateModified\":\"2025-07-19T17:52:56+00:00\",\"breadcrumb\":{\"@id\":\"https:\\\/\\\/badbuddhashop.com\\\/product\\\/moai-mood-ancient-vibes-modern-flames\\\/#breadcrumb\"},\"inLanguage\":\"fr-CA\",\"potentialAction\":[{\"@type\":\"ReadAction\",\"target\":[\"https:\\\/\\\/badbuddhashop.com\\\/product\\\/moai-mood-ancient-vibes-modern-flames\\\/\"]}]},{\"@type\":\"ImageObject\",\"inLanguage\":\"fr-CA\",\"@id\":\"https:\\\/\\\/badbuddhashop.com\\\/product\\\/moai-mood-ancient-vibes-modern-flames\\\/#primaryimage\",\"url\":\"https:\\\/\\\/badbuddhashop.com\\\/wp-content\\\/uploads\\\/2025\\\/07\\\/D438A039-FCDA-4174-B37A-312FD6BE2DCF-2.png\",\"contentUrl\":\"https:\\\/\\\/badbuddhashop.com\\\/wp-content\\\/uploads\\\/2025\\\/07\\\/D438A039-FCDA-4174-B37A-312FD6BE2DCF-2.png\",\"width\":1024,\"height\":1536},{\"@type\":\"BreadcrumbList\",\"@id\":\"https:\\\/\\\/badbuddhashop.com\\\/product\\\/moai-mood-ancient-vibes-modern-flames\\\/#breadcrumb\",\"itemListElement\":[{\"@type\":\"ListItem\",\"position\":1,\"name\":\"Home\",\"item\":\"https:\\\/\\\/badbuddhashop.com\\\/\"},{\"@type\":\"ListItem\",\"position\":2,\"name\":\"Take Your Adventure To The Next Level\",\"item\":\"https:\\\/\\\/badbuddhashop.com\\\/shop1\\\/\"},{\"@type\":\"ListItem\",\"position\":3,\"name\":\"Moai Mood \u2013 Ancient Vibes, Modern Flames\"}]},{\"@type\":\"WebSite\",\"@id\":\"https:\\\/\\\/badbuddhashop.com\\\/#website\",\"url\":\"https:\\\/\\\/badbuddhashop.com\\\/\",\"name\":\"Bad Buddha Shop\",\"description\":\"\",\"publisher\":{\"@id\":\"https:\\\/\\\/badbuddhashop.com\\\/#organization\"},\"potentialAction\":[{\"@type\":\"SearchAction\",\"target\":{\"@type\":\"EntryPoint\",\"urlTemplate\":\"https:\\\/\\\/badbuddhashop.com\\\/?s={search_term_string}\"},\"query-input\":{\"@type\":\"PropertyValueSpecification\",\"valueRequired\":true,\"valueName\":\"search_term_string\"}}],\"inLanguage\":\"fr-CA\"},{\"@type\":\"Organization\",\"@id\":\"https:\\\/\\\/badbuddhashop.com\\\/#organization\",\"name\":\"Bad Buddha Shop\",\"url\":\"https:\\\/\\\/badbuddhashop.com\\\/\",\"logo\":{\"@type\":\"ImageObject\",\"inLanguage\":\"fr-CA\",\"@id\":\"https:\\\/\\\/badbuddhashop.com\\\/#\\\/schema\\\/logo\\\/image\\\/\",\"url\":\"https:\\\/\\\/badbuddhashop.com\\\/wp-content\\\/uploads\\\/2025\\\/06\\\/logo-cropped.png\",\"contentUrl\":\"https:\\\/\\\/badbuddhashop.com\\\/wp-content\\\/uploads\\\/2025\\\/06\\\/logo-cropped.png\",\"width\":1024,\"height\":1024,\"caption\":\"Bad Buddha Shop\"},\"image\":{\"@id\":\"https:\\\/\\\/badbuddhashop.com\\\/#\\\/schema\\\/logo\\\/image\\\/\"},\"sameAs\":[\"https:\\\/\\\/www.facebook.com\\\/profile.php?id=61577341044750\",\"https:\\\/\\\/www.instagram.com\\\/bad_buddha_shop\\\/\"]}]}<\/script>\n<!-- \/ Yoast SEO plugin. -->","yoast_head_json":{"title":"Moai Mood \u2013 Ancient Vibes, Modern Flames - Bad Buddha Shop","robots":{"index":"index","follow":"follow","max-snippet":"max-snippet:-1","max-image-preview":"max-image-preview:large","max-video-preview":"max-video-preview:-1"},"canonical":"https:\/\/badbuddhashop.com\/fr\/produit\/moai-mood-ancient-vibes-modern-flames\/","og_locale":"fr_CA","og_type":"article","og_title":"Moai Mood \u2013 Ancient Vibes, Modern Flames - Bad Buddha Shop","og_description":"\ud83d\uddff &#8220;Moai Mood \u2013 Ancient Vibes, Modern Flames&#8221; Bring a little mystery and a whole lot of mood to your space with this Easter Island-inspired candle. Shaped like a mini Moai statue, it\u2019s the perfect blend of ancient wisdom and modern sass. Whether you&#8217;re manifesting island energy or just want your shelf to look culturally [&hellip;]","og_url":"https:\/\/badbuddhashop.com\/fr\/produit\/moai-mood-ancient-vibes-modern-flames\/","og_site_name":"Bad Buddha Shop","article_publisher":"https:\/\/www.facebook.com\/profile.php?id=61577341044750","article_modified_time":"2025-07-19T17:52:56+00:00","og_image":[{"width":683,"height":1024,"url":"https:\/\/badbuddhashop.com\/wp-content\/uploads\/2025\/07\/D438A039-FCDA-4174-B37A-312FD6BE2DCF-2-683x1024.png","type":"image\/png"}],"twitter_card":"summary_large_image","schema":{"@context":"https:\/\/schema.org","@graph":[{"@type":"WebPage","@id":"https:\/\/badbuddhashop.com\/product\/moai-mood-ancient-vibes-modern-flames\/","url":"https:\/\/badbuddhashop.com\/product\/moai-mood-ancient-vibes-modern-flames\/","name":"Moai Mood \u2013 Ancient Vibes, Modern Flames - Bad Buddha Shop","isPartOf":{"@id":"https:\/\/badbuddhashop.com\/#website"},"primaryImageOfPage":{"@id":"https:\/\/badbuddhashop.com\/product\/moai-mood-ancient-vibes-modern-flames\/#primaryimage"},"image":{"@id":"https:\/\/badbuddhashop.com\/product\/moai-mood-ancient-vibes-modern-flames\/#primaryimage"},"thumbnailUrl":"https:\/\/badbuddhashop.com\/wp-content\/uploads\/2025\/07\/D438A039-FCDA-4174-B37A-312FD6BE2DCF-2.png","datePublished":"2025-07-19T17:01:02+00:00","dateModified":"2025-07-19T17:52:56+00:00","breadcrumb":{"@id":"https:\/\/badbuddhashop.com\/product\/moai-mood-ancient-vibes-modern-flames\/#breadcrumb"},"inLanguage":"fr-CA","potentialAction":[{"@type":"ReadAction","target":["https:\/\/badbuddhashop.com\/product\/moai-mood-ancient-vibes-modern-flames\/"]}]},{"@type":"ImageObject","inLanguage":"fr-CA","@id":"https:\/\/badbuddhashop.com\/product\/moai-mood-ancient-vibes-modern-flames\/#primaryimage","url":"https:\/\/badbuddhashop.com\/wp-content\/uploads\/2025\/07\/D438A039-FCDA-4174-B37A-312FD6BE2DCF-2.png","contentUrl":"https:\/\/badbuddhashop.com\/wp-content\/uploads\/2025\/07\/D438A039-FCDA-4174-B37A-312FD6BE2DCF-2.png","width":1024,"height":1536},{"@type":"BreadcrumbList","@id":"https:\/\/badbuddhashop.com\/product\/moai-mood-ancient-vibes-modern-flames\/#breadcrumb","itemListElement":[{"@type":"ListItem","position":1,"name":"Home","item":"https:\/\/badbuddhashop.com\/"},{"@type":"ListItem","position":2,"name":"Take Your Adventure To The Next Level","item":"https:\/\/badbuddhashop.com\/shop1\/"},{"@type":"ListItem","position":3,"name":"Moai Mood \u2013 Ancient Vibes, Modern Flames"}]},{"@type":"WebSite","@id":"https:\/\/badbuddhashop.com\/#website","url":"https:\/\/badbuddhashop.com\/","name":"Bad Buddha Shop","description":"","publisher":{"@id":"https:\/\/badbuddhashop.com\/#organization"},"potentialAction":[{"@type":"SearchAction","target":{"@type":"EntryPoint","urlTemplate":"https:\/\/badbuddhashop.com\/?s={search_term_string}"},"query-input":{"@type":"PropertyValueSpecification","valueRequired":true,"valueName":"search_term_string"}}],"inLanguage":"fr-CA"},{"@type":"Organization","@id":"https:\/\/badbuddhashop.com\/#organization","name":"Bad Buddha Shop","url":"https:\/\/badbuddhashop.com\/","logo":{"@type":"ImageObject","inLanguage":"fr-CA","@id":"https:\/\/badbuddhashop.com\/#\/schema\/logo\/image\/","url":"https:\/\/badbuddhashop.com\/wp-content\/uploads\/2025\/06\/logo-cropped.png","contentUrl":"https:\/\/badbuddhashop.com\/wp-content\/uploads\/2025\/06\/logo-cropped.png","width":1024,"height":1024,"caption":"Bad Buddha Shop"},"image":{"@id":"https:\/\/badbuddhashop.com\/#\/schema\/logo\/image\/"},"sameAs":["https:\/\/www.facebook.com\/profile.php?id=61577341044750","https:\/\/www.instagram.com\/bad_buddha_shop\/"]}]}},"_links":{"self":[{"href":"https:\/\/badbuddhashop.com\/fr\/wp-json\/wp\/v2\/product\/4075","targetHints":{"allow":["GET"]}}],"collection":[{"href":"https:\/\/badbuddhashop.com\/fr\/wp-json\/wp\/v2\/product"}],"about":[{"href":"https:\/\/badbuddhashop.com\/fr\/wp-json\/wp\/v2\/types\/product"}],"replies":[{"embeddable":true,"href":"https:\/\/badbuddhashop.com\/fr\/wp-json\/wp\/v2\/comments?post=4075"}],"wp:featuredmedia":[{"embeddable":true,"href":"https:\/\/badbuddhashop.com\/fr\/wp-json\/wp\/v2\/media\/4136"}],"wp:attachment":[{"href":"https:\/\/badbuddhashop.com\/fr\/wp-json\/wp\/v2\/media?parent=4075"}],"wp:term":[{"taxonomy":"product_brand","embeddable":true,"href":"https:\/\/badbuddhashop.com\/fr\/wp-json\/wp\/v2\/product_brand?post=4075"},{"taxonomy":"product_cat","embeddable":true,"href":"https:\/\/badbuddhashop.com\/fr\/wp-json\/wp\/v2\/product_cat?post=4075"},{"taxonomy":"product_tag","embeddable":true,"href":"https:\/\/badbuddhashop.com\/fr\/wp-json\/wp\/v2\/product_tag?post=4075"}],"curies":[{"name":"wp","href":"https:\/\/api.w.org\/{rel}","templated":true}]}}