{"id":4277,"date":"2025-07-20T13:46:30","date_gmt":"2025-07-20T13:46:30","guid":{"rendered":"https:\/\/badbuddhashop.com\/?post_type=product&#038;p=4277"},"modified":"2025-07-22T12:38:48","modified_gmt":"2025-07-22T12:38:48","slug":"angel-protection-incense-because-your-sage-stick-called-in-sick","status":"publish","type":"product","link":"https:\/\/badbuddhashop.com\/fr\/produit\/angel-protection-incense-because-your-sage-stick-called-in-sick\/","title":{"rendered":"B\u00e2tons d'encens Protection Ang\u00e9lique \u2013 Parce que ton b\u00e2ton de sauge a pris un jour de cong\u00e9"},"content":{"rendered":"<p>Tu sens une pr\u00e9sence \u00e9trange ? C\u2019est peut-\u00eatre juste ton anxi\u00e9t\u00e9\u2026 ou ton ex. Dans tous les cas, allume un b\u00e2ton d\u2019Encens Angel Protection \u2013 Premium, et laisse les anges g\u00e9rer pendant que toi, tu respires (ou tu fais semblant).<\/p>\n<p>Fabriqu\u00e9 avec des ingr\u00e9dients c\u00e9lestes (et un soup\u00e7on de drama cosmique), cet encens premium invoque la paix, la protection, et une odeur divine qui dit : \u201cPas aujourd\u2019hui, \u00e9nergies toxiques.\u201d<\/p>\n<p>\u2728 Effets secondaires possibles :<\/p>\n<p>Sensation de s\u00e9curit\u00e9 spirituelle (ou illusion bienveillante)<br \/>\nAmbiance sacr\u00e9e instantan\u00e9e (m\u00eame dans un studio en bordel)<br \/>\nUn parfum si ang\u00e9lique que m\u00eame ton chat pourrait se mettre \u00e0 m\u00e9diter<br \/>\n\u00c0 br\u00fbler quand tu as besoin de protection, de purification, ou simplement d\u2019une pause face aux caprices de Mercure cette semaine<\/p>","protected":false},"excerpt":{"rendered":"<p>Feeling a little haunted by bad vibes? Not sure if it\u2019s negative energy or just your inbox? Light up a stick of Angel Protection Premium Incense and let the celestial squad handle it. Handcrafted with divine ingredients and a sprinkle of \u201cplease no more chaos,\u201d this incense is your go-to for spiritual shielding, emotional detoxing, [&hellip;]<\/p>\n","protected":false},"featured_media":4278,"comment_status":"open","ping_status":"closed","template":"","meta":[],"product_brand":[],"product_cat":[122],"product_tag":[],"class_list":{"0":"post-4277","1":"product","2":"type-product","3":"status-publish","4":"has-post-thumbnail","6":"product_cat-incense","7":"product_shipping_class-dieppe-products","9":"first","10":"instock","11":"shipping-taxable","12":"purchasable","13":"product-type-simple"},"yoast_head":"<!-- This site is optimized with the Yoast SEO plugin v27.4 - https:\/\/yoast.com\/product\/yoast-seo-wordpress\/ -->\n<title>Angel Protection Incense \u2013 Because Your Sage Stick Called in Sick - Bad Buddha Shop<\/title>\n<meta name=\"robots\" content=\"index, follow, max-snippet:-1, max-image-preview:large, max-video-preview:-1\" \/>\n<link rel=\"canonical\" href=\"https:\/\/badbuddhashop.com\/fr\/produit\/angel-protection-incense-because-your-sage-stick-called-in-sick\/\" \/>\n<meta property=\"og:locale\" content=\"fr_CA\" \/>\n<meta property=\"og:type\" content=\"article\" \/>\n<meta property=\"og:title\" content=\"Angel Protection Incense \u2013 Because Your Sage Stick Called in Sick - Bad Buddha Shop\" \/>\n<meta property=\"og:description\" content=\"Feeling a little haunted by bad vibes? Not sure if it\u2019s negative energy or just your inbox? Light up a stick of Angel Protection Premium Incense and let the celestial squad handle it. Handcrafted with divine ingredients and a sprinkle of \u201cplease no more chaos,\u201d this incense is your go-to for spiritual shielding, emotional detoxing, [&hellip;]\" \/>\n<meta property=\"og:url\" content=\"https:\/\/badbuddhashop.com\/fr\/produit\/angel-protection-incense-because-your-sage-stick-called-in-sick\/\" \/>\n<meta property=\"og:site_name\" content=\"Bad Buddha Shop\" \/>\n<meta property=\"article:publisher\" content=\"https:\/\/www.facebook.com\/profile.php?id=61577341044750\" \/>\n<meta property=\"article:modified_time\" content=\"2025-07-22T12:38:48+00:00\" \/>\n<meta property=\"og:image\" content=\"https:\/\/badbuddhashop.com\/wp-content\/uploads\/2025\/07\/angel.jpeg\" \/>\n\t<meta property=\"og:image:width\" content=\"700\" \/>\n\t<meta property=\"og:image:height\" content=\"700\" \/>\n\t<meta property=\"og:image:type\" content=\"image\/jpeg\" \/>\n<meta name=\"twitter:card\" content=\"summary_large_image\" \/>\n<meta name=\"twitter:label1\" content=\"Estimation du temps de lecture\" \/>\n\t<meta name=\"twitter:data1\" content=\"1 minute\" \/>\n<script type=\"application\/ld+json\" class=\"yoast-schema-graph\">{\"@context\":\"https:\\\/\\\/schema.org\",\"@graph\":[{\"@type\":\"WebPage\",\"@id\":\"https:\\\/\\\/badbuddhashop.com\\\/product\\\/angel-protection-incense-because-your-sage-stick-called-in-sick\\\/\",\"url\":\"https:\\\/\\\/badbuddhashop.com\\\/product\\\/angel-protection-incense-because-your-sage-stick-called-in-sick\\\/\",\"name\":\"Angel Protection Incense \u2013 Because Your Sage Stick Called in Sick - Bad Buddha Shop\",\"isPartOf\":{\"@id\":\"https:\\\/\\\/badbuddhashop.com\\\/#website\"},\"primaryImageOfPage\":{\"@id\":\"https:\\\/\\\/badbuddhashop.com\\\/product\\\/angel-protection-incense-because-your-sage-stick-called-in-sick\\\/#primaryimage\"},\"image\":{\"@id\":\"https:\\\/\\\/badbuddhashop.com\\\/product\\\/angel-protection-incense-because-your-sage-stick-called-in-sick\\\/#primaryimage\"},\"thumbnailUrl\":\"https:\\\/\\\/badbuddhashop.com\\\/wp-content\\\/uploads\\\/2025\\\/07\\\/angel.jpeg\",\"datePublished\":\"2025-07-20T13:46:30+00:00\",\"dateModified\":\"2025-07-22T12:38:48+00:00\",\"breadcrumb\":{\"@id\":\"https:\\\/\\\/badbuddhashop.com\\\/product\\\/angel-protection-incense-because-your-sage-stick-called-in-sick\\\/#breadcrumb\"},\"inLanguage\":\"fr-CA\",\"potentialAction\":[{\"@type\":\"ReadAction\",\"target\":[\"https:\\\/\\\/badbuddhashop.com\\\/product\\\/angel-protection-incense-because-your-sage-stick-called-in-sick\\\/\"]}]},{\"@type\":\"ImageObject\",\"inLanguage\":\"fr-CA\",\"@id\":\"https:\\\/\\\/badbuddhashop.com\\\/product\\\/angel-protection-incense-because-your-sage-stick-called-in-sick\\\/#primaryimage\",\"url\":\"https:\\\/\\\/badbuddhashop.com\\\/wp-content\\\/uploads\\\/2025\\\/07\\\/angel.jpeg\",\"contentUrl\":\"https:\\\/\\\/badbuddhashop.com\\\/wp-content\\\/uploads\\\/2025\\\/07\\\/angel.jpeg\",\"width\":700,\"height\":700},{\"@type\":\"BreadcrumbList\",\"@id\":\"https:\\\/\\\/badbuddhashop.com\\\/product\\\/angel-protection-incense-because-your-sage-stick-called-in-sick\\\/#breadcrumb\",\"itemListElement\":[{\"@type\":\"ListItem\",\"position\":1,\"name\":\"Home\",\"item\":\"https:\\\/\\\/badbuddhashop.com\\\/\"},{\"@type\":\"ListItem\",\"position\":2,\"name\":\"Take Your Adventure To The Next Level\",\"item\":\"https:\\\/\\\/badbuddhashop.com\\\/shop1\\\/\"},{\"@type\":\"ListItem\",\"position\":3,\"name\":\"Angel Protection Incense \u2013 Because Your Sage Stick Called in Sick\"}]},{\"@type\":\"WebSite\",\"@id\":\"https:\\\/\\\/badbuddhashop.com\\\/#website\",\"url\":\"https:\\\/\\\/badbuddhashop.com\\\/\",\"name\":\"Bad Buddha Shop\",\"description\":\"\",\"publisher\":{\"@id\":\"https:\\\/\\\/badbuddhashop.com\\\/#organization\"},\"potentialAction\":[{\"@type\":\"SearchAction\",\"target\":{\"@type\":\"EntryPoint\",\"urlTemplate\":\"https:\\\/\\\/badbuddhashop.com\\\/?s={search_term_string}\"},\"query-input\":{\"@type\":\"PropertyValueSpecification\",\"valueRequired\":true,\"valueName\":\"search_term_string\"}}],\"inLanguage\":\"fr-CA\"},{\"@type\":\"Organization\",\"@id\":\"https:\\\/\\\/badbuddhashop.com\\\/#organization\",\"name\":\"Bad Buddha Shop\",\"url\":\"https:\\\/\\\/badbuddhashop.com\\\/\",\"logo\":{\"@type\":\"ImageObject\",\"inLanguage\":\"fr-CA\",\"@id\":\"https:\\\/\\\/badbuddhashop.com\\\/#\\\/schema\\\/logo\\\/image\\\/\",\"url\":\"https:\\\/\\\/badbuddhashop.com\\\/wp-content\\\/uploads\\\/2025\\\/06\\\/logo-cropped.png\",\"contentUrl\":\"https:\\\/\\\/badbuddhashop.com\\\/wp-content\\\/uploads\\\/2025\\\/06\\\/logo-cropped.png\",\"width\":1024,\"height\":1024,\"caption\":\"Bad Buddha Shop\"},\"image\":{\"@id\":\"https:\\\/\\\/badbuddhashop.com\\\/#\\\/schema\\\/logo\\\/image\\\/\"},\"sameAs\":[\"https:\\\/\\\/www.facebook.com\\\/profile.php?id=61577341044750\",\"https:\\\/\\\/www.instagram.com\\\/bad_buddha_shop\\\/\"]}]}<\/script>\n<!-- \/ Yoast SEO plugin. -->","yoast_head_json":{"title":"Angel Protection Incense \u2013 Because Your Sage Stick Called in Sick - Bad Buddha Shop","robots":{"index":"index","follow":"follow","max-snippet":"max-snippet:-1","max-image-preview":"max-image-preview:large","max-video-preview":"max-video-preview:-1"},"canonical":"https:\/\/badbuddhashop.com\/fr\/produit\/angel-protection-incense-because-your-sage-stick-called-in-sick\/","og_locale":"fr_CA","og_type":"article","og_title":"Angel Protection Incense \u2013 Because Your Sage Stick Called in Sick - Bad Buddha Shop","og_description":"Feeling a little haunted by bad vibes? Not sure if it\u2019s negative energy or just your inbox? Light up a stick of Angel Protection Premium Incense and let the celestial squad handle it. Handcrafted with divine ingredients and a sprinkle of \u201cplease no more chaos,\u201d this incense is your go-to for spiritual shielding, emotional detoxing, [&hellip;]","og_url":"https:\/\/badbuddhashop.com\/fr\/produit\/angel-protection-incense-because-your-sage-stick-called-in-sick\/","og_site_name":"Bad Buddha Shop","article_publisher":"https:\/\/www.facebook.com\/profile.php?id=61577341044750","article_modified_time":"2025-07-22T12:38:48+00:00","og_image":[{"width":700,"height":700,"url":"https:\/\/badbuddhashop.com\/wp-content\/uploads\/2025\/07\/angel.jpeg","type":"image\/jpeg"}],"twitter_card":"summary_large_image","twitter_misc":{"Estimation du temps de lecture":"1 minute"},"schema":{"@context":"https:\/\/schema.org","@graph":[{"@type":"WebPage","@id":"https:\/\/badbuddhashop.com\/product\/angel-protection-incense-because-your-sage-stick-called-in-sick\/","url":"https:\/\/badbuddhashop.com\/product\/angel-protection-incense-because-your-sage-stick-called-in-sick\/","name":"Angel Protection Incense \u2013 Because Your Sage Stick Called in Sick - Bad Buddha Shop","isPartOf":{"@id":"https:\/\/badbuddhashop.com\/#website"},"primaryImageOfPage":{"@id":"https:\/\/badbuddhashop.com\/product\/angel-protection-incense-because-your-sage-stick-called-in-sick\/#primaryimage"},"image":{"@id":"https:\/\/badbuddhashop.com\/product\/angel-protection-incense-because-your-sage-stick-called-in-sick\/#primaryimage"},"thumbnailUrl":"https:\/\/badbuddhashop.com\/wp-content\/uploads\/2025\/07\/angel.jpeg","datePublished":"2025-07-20T13:46:30+00:00","dateModified":"2025-07-22T12:38:48+00:00","breadcrumb":{"@id":"https:\/\/badbuddhashop.com\/product\/angel-protection-incense-because-your-sage-stick-called-in-sick\/#breadcrumb"},"inLanguage":"fr-CA","potentialAction":[{"@type":"ReadAction","target":["https:\/\/badbuddhashop.com\/product\/angel-protection-incense-because-your-sage-stick-called-in-sick\/"]}]},{"@type":"ImageObject","inLanguage":"fr-CA","@id":"https:\/\/badbuddhashop.com\/product\/angel-protection-incense-because-your-sage-stick-called-in-sick\/#primaryimage","url":"https:\/\/badbuddhashop.com\/wp-content\/uploads\/2025\/07\/angel.jpeg","contentUrl":"https:\/\/badbuddhashop.com\/wp-content\/uploads\/2025\/07\/angel.jpeg","width":700,"height":700},{"@type":"BreadcrumbList","@id":"https:\/\/badbuddhashop.com\/product\/angel-protection-incense-because-your-sage-stick-called-in-sick\/#breadcrumb","itemListElement":[{"@type":"ListItem","position":1,"name":"Home","item":"https:\/\/badbuddhashop.com\/"},{"@type":"ListItem","position":2,"name":"Take Your Adventure To The Next Level","item":"https:\/\/badbuddhashop.com\/shop1\/"},{"@type":"ListItem","position":3,"name":"Angel Protection Incense \u2013 Because Your Sage Stick Called in Sick"}]},{"@type":"WebSite","@id":"https:\/\/badbuddhashop.com\/#website","url":"https:\/\/badbuddhashop.com\/","name":"Bad Buddha Shop","description":"","publisher":{"@id":"https:\/\/badbuddhashop.com\/#organization"},"potentialAction":[{"@type":"SearchAction","target":{"@type":"EntryPoint","urlTemplate":"https:\/\/badbuddhashop.com\/?s={search_term_string}"},"query-input":{"@type":"PropertyValueSpecification","valueRequired":true,"valueName":"search_term_string"}}],"inLanguage":"fr-CA"},{"@type":"Organization","@id":"https:\/\/badbuddhashop.com\/#organization","name":"Bad Buddha Shop","url":"https:\/\/badbuddhashop.com\/","logo":{"@type":"ImageObject","inLanguage":"fr-CA","@id":"https:\/\/badbuddhashop.com\/#\/schema\/logo\/image\/","url":"https:\/\/badbuddhashop.com\/wp-content\/uploads\/2025\/06\/logo-cropped.png","contentUrl":"https:\/\/badbuddhashop.com\/wp-content\/uploads\/2025\/06\/logo-cropped.png","width":1024,"height":1024,"caption":"Bad Buddha Shop"},"image":{"@id":"https:\/\/badbuddhashop.com\/#\/schema\/logo\/image\/"},"sameAs":["https:\/\/www.facebook.com\/profile.php?id=61577341044750","https:\/\/www.instagram.com\/bad_buddha_shop\/"]}]}},"_links":{"self":[{"href":"https:\/\/badbuddhashop.com\/fr\/wp-json\/wp\/v2\/product\/4277","targetHints":{"allow":["GET"]}}],"collection":[{"href":"https:\/\/badbuddhashop.com\/fr\/wp-json\/wp\/v2\/product"}],"about":[{"href":"https:\/\/badbuddhashop.com\/fr\/wp-json\/wp\/v2\/types\/product"}],"replies":[{"embeddable":true,"href":"https:\/\/badbuddhashop.com\/fr\/wp-json\/wp\/v2\/comments?post=4277"}],"wp:featuredmedia":[{"embeddable":true,"href":"https:\/\/badbuddhashop.com\/fr\/wp-json\/wp\/v2\/media\/4278"}],"wp:attachment":[{"href":"https:\/\/badbuddhashop.com\/fr\/wp-json\/wp\/v2\/media?parent=4277"}],"wp:term":[{"taxonomy":"product_brand","embeddable":true,"href":"https:\/\/badbuddhashop.com\/fr\/wp-json\/wp\/v2\/product_brand?post=4277"},{"taxonomy":"product_cat","embeddable":true,"href":"https:\/\/badbuddhashop.com\/fr\/wp-json\/wp\/v2\/product_cat?post=4277"},{"taxonomy":"product_tag","embeddable":true,"href":"https:\/\/badbuddhashop.com\/fr\/wp-json\/wp\/v2\/product_tag?post=4277"}],"curies":[{"name":"wp","href":"https:\/\/api.w.org\/{rel}","templated":true}]}}