{"id":4293,"date":"2025-07-20T14:24:32","date_gmt":"2025-07-20T14:24:32","guid":{"rendered":"https:\/\/badbuddhashop.com\/?post_type=product&#038;p=4293"},"modified":"2025-07-22T12:36:17","modified_gmt":"2025-07-22T12:36:17","slug":"the-cleanse-combo-sage-the-space-santo-the-soul","status":"publish","type":"product","link":"https:\/\/badbuddhashop.com\/fr\/produit\/the-cleanse-combo-sage-the-space-santo-the-soul\/","title":{"rendered":"Le Duo Purifiant \u2013 Sauge Blanche pour l\u2019espace, Palo Santo pour l\u2019\u00e2me"},"content":{"rendered":"<p>\ud83d\udd25 Le Duo Purifiant \u2013 Sauge Blanche pour l\u2019espace, Palo Santo pour l\u2019\u00e2me \ud83c\udf3f<\/p>\n<p>Quand ton \u00e9nergie ressemble \u00e0 un lundi sans caf\u00e9, il est temps de sortir le grand jeu : Sauge Blanche + Palo Santo.<\/p>\n<p>Ce m\u00e9lange d\u2019encens Native Soul unit deux plantes sacr\u00e9es. La sauge chasse le chaos, le Palo Santo invite la paix. Ensemble, c\u2019est l\u2019\u00e9quivalent olfactif d\u2019un grand souffle de soulagement.<\/p>\n<p>\u2728 Pourquoi tu vas l\u2019adorer :<\/p>\n<p>Parfum de clart\u00e9, de calme, et de for\u00eat bienveillante<br \/>\nId\u00e9al pour les rituels, la m\u00e9ditation, ou juste survivre \u00e0 ta journ\u00e9e<br \/>\nPr\u00e9sent\u00e9 dans un emballage aux airs rustiques qui transforme ton espace en sanctuaire, pas en liste de choses \u00e0 faire<\/p>\n<p>\u00c0 br\u00fbler quand tu veux purifier ton espace, apaiser ton esprit, ou r\u00e9initialiser ton karma.<\/p>","protected":false},"excerpt":{"rendered":"<p>\ud83d\udd25 \u201cThe Cleanse Combo \u2013 Sage the Space, Santo the Soul\u201d \ud83c\udf3f When your energy feels like it\u2019s been through three retrogrades and a group text meltdown, it\u2019s time for the ultimate spiritual reset: White Sage + Palo Santo. This Native Soul incense blend brings together two legendary plant allies. White Sage clears the chaos, [&hellip;]<\/p>\n","protected":false},"featured_media":4294,"comment_status":"open","ping_status":"closed","template":"","meta":[],"product_brand":[],"product_cat":[122],"product_tag":[],"class_list":{"0":"post-4293","1":"product","2":"type-product","3":"status-publish","4":"has-post-thumbnail","6":"product_cat-incense","7":"product_shipping_class-dieppe-products","9":"first","10":"instock","11":"shipping-taxable","12":"purchasable","13":"product-type-simple"},"yoast_head":"<!-- This site is optimized with the Yoast SEO plugin v27.4 - https:\/\/yoast.com\/product\/yoast-seo-wordpress\/ -->\n<title>The Cleanse Combo \u2013 Sage the Space, Santo the Soul - Bad Buddha Shop<\/title>\n<meta name=\"robots\" content=\"index, follow, max-snippet:-1, max-image-preview:large, max-video-preview:-1\" \/>\n<link rel=\"canonical\" href=\"https:\/\/badbuddhashop.com\/fr\/produit\/the-cleanse-combo-sage-the-space-santo-the-soul\/\" \/>\n<meta property=\"og:locale\" content=\"fr_CA\" \/>\n<meta property=\"og:type\" content=\"article\" \/>\n<meta property=\"og:title\" content=\"The Cleanse Combo \u2013 Sage the Space, Santo the Soul - Bad Buddha Shop\" \/>\n<meta property=\"og:description\" content=\"\ud83d\udd25 \u201cThe Cleanse Combo \u2013 Sage the Space, Santo the Soul\u201d \ud83c\udf3f When your energy feels like it\u2019s been through three retrogrades and a group text meltdown, it\u2019s time for the ultimate spiritual reset: White Sage + Palo Santo. This Native Soul incense blend brings together two legendary plant allies. White Sage clears the chaos, [&hellip;]\" \/>\n<meta property=\"og:url\" content=\"https:\/\/badbuddhashop.com\/fr\/produit\/the-cleanse-combo-sage-the-space-santo-the-soul\/\" \/>\n<meta property=\"og:site_name\" content=\"Bad Buddha Shop\" \/>\n<meta property=\"article:publisher\" content=\"https:\/\/www.facebook.com\/profile.php?id=61577341044750\" \/>\n<meta property=\"article:modified_time\" content=\"2025-07-22T12:36:17+00:00\" \/>\n<meta property=\"og:image\" content=\"https:\/\/badbuddhashop.com\/wp-content\/uploads\/2025\/07\/psws.jpeg\" \/>\n\t<meta property=\"og:image:width\" content=\"700\" \/>\n\t<meta property=\"og:image:height\" content=\"700\" \/>\n\t<meta property=\"og:image:type\" content=\"image\/jpeg\" \/>\n<meta name=\"twitter:card\" content=\"summary_large_image\" \/>\n<meta name=\"twitter:label1\" content=\"Estimation du temps de lecture\" \/>\n\t<meta name=\"twitter:data1\" content=\"1 minute\" \/>\n<script type=\"application\/ld+json\" class=\"yoast-schema-graph\">{\"@context\":\"https:\\\/\\\/schema.org\",\"@graph\":[{\"@type\":\"WebPage\",\"@id\":\"https:\\\/\\\/badbuddhashop.com\\\/product\\\/the-cleanse-combo-sage-the-space-santo-the-soul\\\/\",\"url\":\"https:\\\/\\\/badbuddhashop.com\\\/product\\\/the-cleanse-combo-sage-the-space-santo-the-soul\\\/\",\"name\":\"The Cleanse Combo \u2013 Sage the Space, Santo the Soul - Bad Buddha Shop\",\"isPartOf\":{\"@id\":\"https:\\\/\\\/badbuddhashop.com\\\/#website\"},\"primaryImageOfPage\":{\"@id\":\"https:\\\/\\\/badbuddhashop.com\\\/product\\\/the-cleanse-combo-sage-the-space-santo-the-soul\\\/#primaryimage\"},\"image\":{\"@id\":\"https:\\\/\\\/badbuddhashop.com\\\/product\\\/the-cleanse-combo-sage-the-space-santo-the-soul\\\/#primaryimage\"},\"thumbnailUrl\":\"https:\\\/\\\/badbuddhashop.com\\\/wp-content\\\/uploads\\\/2025\\\/07\\\/psws.jpeg\",\"datePublished\":\"2025-07-20T14:24:32+00:00\",\"dateModified\":\"2025-07-22T12:36:17+00:00\",\"breadcrumb\":{\"@id\":\"https:\\\/\\\/badbuddhashop.com\\\/product\\\/the-cleanse-combo-sage-the-space-santo-the-soul\\\/#breadcrumb\"},\"inLanguage\":\"fr-CA\",\"potentialAction\":[{\"@type\":\"ReadAction\",\"target\":[\"https:\\\/\\\/badbuddhashop.com\\\/product\\\/the-cleanse-combo-sage-the-space-santo-the-soul\\\/\"]}]},{\"@type\":\"ImageObject\",\"inLanguage\":\"fr-CA\",\"@id\":\"https:\\\/\\\/badbuddhashop.com\\\/product\\\/the-cleanse-combo-sage-the-space-santo-the-soul\\\/#primaryimage\",\"url\":\"https:\\\/\\\/badbuddhashop.com\\\/wp-content\\\/uploads\\\/2025\\\/07\\\/psws.jpeg\",\"contentUrl\":\"https:\\\/\\\/badbuddhashop.com\\\/wp-content\\\/uploads\\\/2025\\\/07\\\/psws.jpeg\",\"width\":700,\"height\":700},{\"@type\":\"BreadcrumbList\",\"@id\":\"https:\\\/\\\/badbuddhashop.com\\\/product\\\/the-cleanse-combo-sage-the-space-santo-the-soul\\\/#breadcrumb\",\"itemListElement\":[{\"@type\":\"ListItem\",\"position\":1,\"name\":\"Home\",\"item\":\"https:\\\/\\\/badbuddhashop.com\\\/\"},{\"@type\":\"ListItem\",\"position\":2,\"name\":\"Take Your Adventure To The Next Level\",\"item\":\"https:\\\/\\\/badbuddhashop.com\\\/shop1\\\/\"},{\"@type\":\"ListItem\",\"position\":3,\"name\":\"The Cleanse Combo \u2013 Sage the Space, Santo the Soul\"}]},{\"@type\":\"WebSite\",\"@id\":\"https:\\\/\\\/badbuddhashop.com\\\/#website\",\"url\":\"https:\\\/\\\/badbuddhashop.com\\\/\",\"name\":\"Bad Buddha Shop\",\"description\":\"\",\"publisher\":{\"@id\":\"https:\\\/\\\/badbuddhashop.com\\\/#organization\"},\"potentialAction\":[{\"@type\":\"SearchAction\",\"target\":{\"@type\":\"EntryPoint\",\"urlTemplate\":\"https:\\\/\\\/badbuddhashop.com\\\/?s={search_term_string}\"},\"query-input\":{\"@type\":\"PropertyValueSpecification\",\"valueRequired\":true,\"valueName\":\"search_term_string\"}}],\"inLanguage\":\"fr-CA\"},{\"@type\":\"Organization\",\"@id\":\"https:\\\/\\\/badbuddhashop.com\\\/#organization\",\"name\":\"Bad Buddha Shop\",\"url\":\"https:\\\/\\\/badbuddhashop.com\\\/\",\"logo\":{\"@type\":\"ImageObject\",\"inLanguage\":\"fr-CA\",\"@id\":\"https:\\\/\\\/badbuddhashop.com\\\/#\\\/schema\\\/logo\\\/image\\\/\",\"url\":\"https:\\\/\\\/badbuddhashop.com\\\/wp-content\\\/uploads\\\/2025\\\/06\\\/logo-cropped.png\",\"contentUrl\":\"https:\\\/\\\/badbuddhashop.com\\\/wp-content\\\/uploads\\\/2025\\\/06\\\/logo-cropped.png\",\"width\":1024,\"height\":1024,\"caption\":\"Bad Buddha Shop\"},\"image\":{\"@id\":\"https:\\\/\\\/badbuddhashop.com\\\/#\\\/schema\\\/logo\\\/image\\\/\"},\"sameAs\":[\"https:\\\/\\\/www.facebook.com\\\/profile.php?id=61577341044750\",\"https:\\\/\\\/www.instagram.com\\\/bad_buddha_shop\\\/\"]}]}<\/script>\n<!-- \/ Yoast SEO plugin. -->","yoast_head_json":{"title":"The Cleanse Combo \u2013 Sage the Space, Santo the Soul - Bad Buddha Shop","robots":{"index":"index","follow":"follow","max-snippet":"max-snippet:-1","max-image-preview":"max-image-preview:large","max-video-preview":"max-video-preview:-1"},"canonical":"https:\/\/badbuddhashop.com\/fr\/produit\/the-cleanse-combo-sage-the-space-santo-the-soul\/","og_locale":"fr_CA","og_type":"article","og_title":"The Cleanse Combo \u2013 Sage the Space, Santo the Soul - Bad Buddha Shop","og_description":"\ud83d\udd25 \u201cThe Cleanse Combo \u2013 Sage the Space, Santo the Soul\u201d \ud83c\udf3f When your energy feels like it\u2019s been through three retrogrades and a group text meltdown, it\u2019s time for the ultimate spiritual reset: White Sage + Palo Santo. This Native Soul incense blend brings together two legendary plant allies. White Sage clears the chaos, [&hellip;]","og_url":"https:\/\/badbuddhashop.com\/fr\/produit\/the-cleanse-combo-sage-the-space-santo-the-soul\/","og_site_name":"Bad Buddha Shop","article_publisher":"https:\/\/www.facebook.com\/profile.php?id=61577341044750","article_modified_time":"2025-07-22T12:36:17+00:00","og_image":[{"width":700,"height":700,"url":"https:\/\/badbuddhashop.com\/wp-content\/uploads\/2025\/07\/psws.jpeg","type":"image\/jpeg"}],"twitter_card":"summary_large_image","twitter_misc":{"Estimation du temps de lecture":"1 minute"},"schema":{"@context":"https:\/\/schema.org","@graph":[{"@type":"WebPage","@id":"https:\/\/badbuddhashop.com\/product\/the-cleanse-combo-sage-the-space-santo-the-soul\/","url":"https:\/\/badbuddhashop.com\/product\/the-cleanse-combo-sage-the-space-santo-the-soul\/","name":"The Cleanse Combo \u2013 Sage the Space, Santo the Soul - Bad Buddha Shop","isPartOf":{"@id":"https:\/\/badbuddhashop.com\/#website"},"primaryImageOfPage":{"@id":"https:\/\/badbuddhashop.com\/product\/the-cleanse-combo-sage-the-space-santo-the-soul\/#primaryimage"},"image":{"@id":"https:\/\/badbuddhashop.com\/product\/the-cleanse-combo-sage-the-space-santo-the-soul\/#primaryimage"},"thumbnailUrl":"https:\/\/badbuddhashop.com\/wp-content\/uploads\/2025\/07\/psws.jpeg","datePublished":"2025-07-20T14:24:32+00:00","dateModified":"2025-07-22T12:36:17+00:00","breadcrumb":{"@id":"https:\/\/badbuddhashop.com\/product\/the-cleanse-combo-sage-the-space-santo-the-soul\/#breadcrumb"},"inLanguage":"fr-CA","potentialAction":[{"@type":"ReadAction","target":["https:\/\/badbuddhashop.com\/product\/the-cleanse-combo-sage-the-space-santo-the-soul\/"]}]},{"@type":"ImageObject","inLanguage":"fr-CA","@id":"https:\/\/badbuddhashop.com\/product\/the-cleanse-combo-sage-the-space-santo-the-soul\/#primaryimage","url":"https:\/\/badbuddhashop.com\/wp-content\/uploads\/2025\/07\/psws.jpeg","contentUrl":"https:\/\/badbuddhashop.com\/wp-content\/uploads\/2025\/07\/psws.jpeg","width":700,"height":700},{"@type":"BreadcrumbList","@id":"https:\/\/badbuddhashop.com\/product\/the-cleanse-combo-sage-the-space-santo-the-soul\/#breadcrumb","itemListElement":[{"@type":"ListItem","position":1,"name":"Home","item":"https:\/\/badbuddhashop.com\/"},{"@type":"ListItem","position":2,"name":"Take Your Adventure To The Next Level","item":"https:\/\/badbuddhashop.com\/shop1\/"},{"@type":"ListItem","position":3,"name":"The Cleanse Combo \u2013 Sage the Space, Santo the Soul"}]},{"@type":"WebSite","@id":"https:\/\/badbuddhashop.com\/#website","url":"https:\/\/badbuddhashop.com\/","name":"Bad Buddha Shop","description":"","publisher":{"@id":"https:\/\/badbuddhashop.com\/#organization"},"potentialAction":[{"@type":"SearchAction","target":{"@type":"EntryPoint","urlTemplate":"https:\/\/badbuddhashop.com\/?s={search_term_string}"},"query-input":{"@type":"PropertyValueSpecification","valueRequired":true,"valueName":"search_term_string"}}],"inLanguage":"fr-CA"},{"@type":"Organization","@id":"https:\/\/badbuddhashop.com\/#organization","name":"Bad Buddha Shop","url":"https:\/\/badbuddhashop.com\/","logo":{"@type":"ImageObject","inLanguage":"fr-CA","@id":"https:\/\/badbuddhashop.com\/#\/schema\/logo\/image\/","url":"https:\/\/badbuddhashop.com\/wp-content\/uploads\/2025\/06\/logo-cropped.png","contentUrl":"https:\/\/badbuddhashop.com\/wp-content\/uploads\/2025\/06\/logo-cropped.png","width":1024,"height":1024,"caption":"Bad Buddha Shop"},"image":{"@id":"https:\/\/badbuddhashop.com\/#\/schema\/logo\/image\/"},"sameAs":["https:\/\/www.facebook.com\/profile.php?id=61577341044750","https:\/\/www.instagram.com\/bad_buddha_shop\/"]}]}},"_links":{"self":[{"href":"https:\/\/badbuddhashop.com\/fr\/wp-json\/wp\/v2\/product\/4293","targetHints":{"allow":["GET"]}}],"collection":[{"href":"https:\/\/badbuddhashop.com\/fr\/wp-json\/wp\/v2\/product"}],"about":[{"href":"https:\/\/badbuddhashop.com\/fr\/wp-json\/wp\/v2\/types\/product"}],"replies":[{"embeddable":true,"href":"https:\/\/badbuddhashop.com\/fr\/wp-json\/wp\/v2\/comments?post=4293"}],"wp:featuredmedia":[{"embeddable":true,"href":"https:\/\/badbuddhashop.com\/fr\/wp-json\/wp\/v2\/media\/4294"}],"wp:attachment":[{"href":"https:\/\/badbuddhashop.com\/fr\/wp-json\/wp\/v2\/media?parent=4293"}],"wp:term":[{"taxonomy":"product_brand","embeddable":true,"href":"https:\/\/badbuddhashop.com\/fr\/wp-json\/wp\/v2\/product_brand?post=4293"},{"taxonomy":"product_cat","embeddable":true,"href":"https:\/\/badbuddhashop.com\/fr\/wp-json\/wp\/v2\/product_cat?post=4293"},{"taxonomy":"product_tag","embeddable":true,"href":"https:\/\/badbuddhashop.com\/fr\/wp-json\/wp\/v2\/product_tag?post=4293"}],"curies":[{"name":"wp","href":"https:\/\/api.w.org\/{rel}","templated":true}]}}