{"id":4297,"date":"2025-07-20T14:32:15","date_gmt":"2025-07-20T14:32:15","guid":{"rendered":"https:\/\/badbuddhashop.com\/?post_type=product&#038;p=4297"},"modified":"2025-07-22T12:35:01","modified_gmt":"2025-07-22T12:35:01","slug":"reiki-the-incense-that-aligns-your-chakras-while-you-fluff-your-cushions","status":"publish","type":"product","link":"https:\/\/badbuddhashop.com\/fr\/produit\/reiki-the-incense-that-aligns-your-chakras-while-you-fluff-your-cushions\/","title":{"rendered":"Reiki \u2013 L\u2019encens qui aligne vos chakras pendant que vous alignez vos coussins"},"content":{"rendered":"<p>\ud83c\udf3f Reiki \u2013 L\u2019encens qui aligne vos chakras pendant que vous alignez vos coussins<\/p>\n<p>Vous cherchez \u00e0 canaliser l\u2019\u00e9nergie universelle sans quitter votre salon ? Cet encens Reiki est l\u00e0 pour \u00e7a. Avec ses 45 minutes de combustion zen, il vous transporte directement dans un \u00e9tat de relaxation profonde \u2013 ou du moins jusqu\u2019\u00e0 ce que votre chat saute sur vous.<\/p>\n<p>Fabriqu\u00e9 \u00e0 la main selon des traditions ancestrales (et probablement un peu de magie), ce b\u00e2tonnet diffuse un parfum riche, l\u00e9g\u00e8rement masculin, avec des notes oc\u00e9aniques qui sentent bon la libert\u00e9\u2026 et un peu le spa de luxe.<\/p>\n<p>Parfait pour vos s\u00e9ances de Reiki, vos m\u00e9ditations ou simplement pour impressionner vos amis avec votre \u201cambiance \u00e9nerg\u00e9tique\u201d.<\/p>\n<p>Bonus : Peut provoquer des envies soudaines de r\u00e9organiser vos cristaux ou de parler \u00e0 vos plantes.<\/p>","protected":false},"excerpt":{"rendered":"<p>\ud83c\udf3f Reiki \u2013 The Incense That Aligns Your Chakras While You Fluff Your Cushions Looking to channel universal energy without leaving your living room? This Reiki incense has got you covered. With 45 minutes of zen-like burn time, it\u2019ll transport you straight into a state of deep relaxation\u2014or at least until your cat jumps on [&hellip;]<\/p>\n","protected":false},"featured_media":4298,"comment_status":"open","ping_status":"closed","template":"","meta":[],"product_brand":[],"product_cat":[122],"product_tag":[],"class_list":{"0":"post-4297","1":"product","2":"type-product","3":"status-publish","4":"has-post-thumbnail","6":"product_cat-incense","7":"product_shipping_class-dieppe-products","9":"first","10":"instock","11":"shipping-taxable","12":"purchasable","13":"product-type-simple"},"yoast_head":"<!-- This site is optimized with the Yoast SEO plugin v27.4 - https:\/\/yoast.com\/product\/yoast-seo-wordpress\/ -->\n<title>Reiki \u2013 The Incense That Aligns Your Chakras While You Fluff Your Cushions - Bad Buddha Shop<\/title>\n<meta name=\"robots\" content=\"index, follow, max-snippet:-1, max-image-preview:large, max-video-preview:-1\" \/>\n<link rel=\"canonical\" href=\"https:\/\/badbuddhashop.com\/fr\/produit\/reiki-the-incense-that-aligns-your-chakras-while-you-fluff-your-cushions\/\" \/>\n<meta property=\"og:locale\" content=\"fr_CA\" \/>\n<meta property=\"og:type\" content=\"article\" \/>\n<meta property=\"og:title\" content=\"Reiki \u2013 The Incense That Aligns Your Chakras While You Fluff Your Cushions - Bad Buddha Shop\" \/>\n<meta property=\"og:description\" content=\"\ud83c\udf3f Reiki \u2013 The Incense That Aligns Your Chakras While You Fluff Your Cushions Looking to channel universal energy without leaving your living room? This Reiki incense has got you covered. With 45 minutes of zen-like burn time, it\u2019ll transport you straight into a state of deep relaxation\u2014or at least until your cat jumps on [&hellip;]\" \/>\n<meta property=\"og:url\" content=\"https:\/\/badbuddhashop.com\/fr\/produit\/reiki-the-incense-that-aligns-your-chakras-while-you-fluff-your-cushions\/\" \/>\n<meta property=\"og:site_name\" content=\"Bad Buddha Shop\" \/>\n<meta property=\"article:publisher\" content=\"https:\/\/www.facebook.com\/profile.php?id=61577341044750\" \/>\n<meta property=\"article:modified_time\" content=\"2025-07-22T12:35:01+00:00\" \/>\n<meta property=\"og:image\" content=\"https:\/\/badbuddhashop.com\/wp-content\/uploads\/2025\/07\/reiki.jpeg\" \/>\n\t<meta property=\"og:image:width\" content=\"700\" \/>\n\t<meta property=\"og:image:height\" content=\"700\" \/>\n\t<meta property=\"og:image:type\" content=\"image\/jpeg\" \/>\n<meta name=\"twitter:card\" content=\"summary_large_image\" \/>\n<meta name=\"twitter:label1\" content=\"Estimation du temps de lecture\" \/>\n\t<meta name=\"twitter:data1\" content=\"1 minute\" \/>\n<script type=\"application\/ld+json\" class=\"yoast-schema-graph\">{\"@context\":\"https:\\\/\\\/schema.org\",\"@graph\":[{\"@type\":\"WebPage\",\"@id\":\"https:\\\/\\\/badbuddhashop.com\\\/product\\\/reiki-the-incense-that-aligns-your-chakras-while-you-fluff-your-cushions\\\/\",\"url\":\"https:\\\/\\\/badbuddhashop.com\\\/product\\\/reiki-the-incense-that-aligns-your-chakras-while-you-fluff-your-cushions\\\/\",\"name\":\"Reiki \u2013 The Incense That Aligns Your Chakras While You Fluff Your Cushions - Bad Buddha Shop\",\"isPartOf\":{\"@id\":\"https:\\\/\\\/badbuddhashop.com\\\/#website\"},\"primaryImageOfPage\":{\"@id\":\"https:\\\/\\\/badbuddhashop.com\\\/product\\\/reiki-the-incense-that-aligns-your-chakras-while-you-fluff-your-cushions\\\/#primaryimage\"},\"image\":{\"@id\":\"https:\\\/\\\/badbuddhashop.com\\\/product\\\/reiki-the-incense-that-aligns-your-chakras-while-you-fluff-your-cushions\\\/#primaryimage\"},\"thumbnailUrl\":\"https:\\\/\\\/badbuddhashop.com\\\/wp-content\\\/uploads\\\/2025\\\/07\\\/reiki.jpeg\",\"datePublished\":\"2025-07-20T14:32:15+00:00\",\"dateModified\":\"2025-07-22T12:35:01+00:00\",\"breadcrumb\":{\"@id\":\"https:\\\/\\\/badbuddhashop.com\\\/product\\\/reiki-the-incense-that-aligns-your-chakras-while-you-fluff-your-cushions\\\/#breadcrumb\"},\"inLanguage\":\"fr-CA\",\"potentialAction\":[{\"@type\":\"ReadAction\",\"target\":[\"https:\\\/\\\/badbuddhashop.com\\\/product\\\/reiki-the-incense-that-aligns-your-chakras-while-you-fluff-your-cushions\\\/\"]}]},{\"@type\":\"ImageObject\",\"inLanguage\":\"fr-CA\",\"@id\":\"https:\\\/\\\/badbuddhashop.com\\\/product\\\/reiki-the-incense-that-aligns-your-chakras-while-you-fluff-your-cushions\\\/#primaryimage\",\"url\":\"https:\\\/\\\/badbuddhashop.com\\\/wp-content\\\/uploads\\\/2025\\\/07\\\/reiki.jpeg\",\"contentUrl\":\"https:\\\/\\\/badbuddhashop.com\\\/wp-content\\\/uploads\\\/2025\\\/07\\\/reiki.jpeg\",\"width\":700,\"height\":700},{\"@type\":\"BreadcrumbList\",\"@id\":\"https:\\\/\\\/badbuddhashop.com\\\/product\\\/reiki-the-incense-that-aligns-your-chakras-while-you-fluff-your-cushions\\\/#breadcrumb\",\"itemListElement\":[{\"@type\":\"ListItem\",\"position\":1,\"name\":\"Home\",\"item\":\"https:\\\/\\\/badbuddhashop.com\\\/\"},{\"@type\":\"ListItem\",\"position\":2,\"name\":\"Take Your Adventure To The Next Level\",\"item\":\"https:\\\/\\\/badbuddhashop.com\\\/shop1\\\/\"},{\"@type\":\"ListItem\",\"position\":3,\"name\":\"Reiki \u2013 The Incense That Aligns Your Chakras While You Fluff Your Cushions\"}]},{\"@type\":\"WebSite\",\"@id\":\"https:\\\/\\\/badbuddhashop.com\\\/#website\",\"url\":\"https:\\\/\\\/badbuddhashop.com\\\/\",\"name\":\"Bad Buddha Shop\",\"description\":\"\",\"publisher\":{\"@id\":\"https:\\\/\\\/badbuddhashop.com\\\/#organization\"},\"potentialAction\":[{\"@type\":\"SearchAction\",\"target\":{\"@type\":\"EntryPoint\",\"urlTemplate\":\"https:\\\/\\\/badbuddhashop.com\\\/?s={search_term_string}\"},\"query-input\":{\"@type\":\"PropertyValueSpecification\",\"valueRequired\":true,\"valueName\":\"search_term_string\"}}],\"inLanguage\":\"fr-CA\"},{\"@type\":\"Organization\",\"@id\":\"https:\\\/\\\/badbuddhashop.com\\\/#organization\",\"name\":\"Bad Buddha Shop\",\"url\":\"https:\\\/\\\/badbuddhashop.com\\\/\",\"logo\":{\"@type\":\"ImageObject\",\"inLanguage\":\"fr-CA\",\"@id\":\"https:\\\/\\\/badbuddhashop.com\\\/#\\\/schema\\\/logo\\\/image\\\/\",\"url\":\"https:\\\/\\\/badbuddhashop.com\\\/wp-content\\\/uploads\\\/2025\\\/06\\\/logo-cropped.png\",\"contentUrl\":\"https:\\\/\\\/badbuddhashop.com\\\/wp-content\\\/uploads\\\/2025\\\/06\\\/logo-cropped.png\",\"width\":1024,\"height\":1024,\"caption\":\"Bad Buddha Shop\"},\"image\":{\"@id\":\"https:\\\/\\\/badbuddhashop.com\\\/#\\\/schema\\\/logo\\\/image\\\/\"},\"sameAs\":[\"https:\\\/\\\/www.facebook.com\\\/profile.php?id=61577341044750\",\"https:\\\/\\\/www.instagram.com\\\/bad_buddha_shop\\\/\"]}]}<\/script>\n<!-- \/ Yoast SEO plugin. -->","yoast_head_json":{"title":"Reiki \u2013 The Incense That Aligns Your Chakras While You Fluff Your Cushions - Bad Buddha Shop","robots":{"index":"index","follow":"follow","max-snippet":"max-snippet:-1","max-image-preview":"max-image-preview:large","max-video-preview":"max-video-preview:-1"},"canonical":"https:\/\/badbuddhashop.com\/fr\/produit\/reiki-the-incense-that-aligns-your-chakras-while-you-fluff-your-cushions\/","og_locale":"fr_CA","og_type":"article","og_title":"Reiki \u2013 The Incense That Aligns Your Chakras While You Fluff Your Cushions - Bad Buddha Shop","og_description":"\ud83c\udf3f Reiki \u2013 The Incense That Aligns Your Chakras While You Fluff Your Cushions Looking to channel universal energy without leaving your living room? This Reiki incense has got you covered. With 45 minutes of zen-like burn time, it\u2019ll transport you straight into a state of deep relaxation\u2014or at least until your cat jumps on [&hellip;]","og_url":"https:\/\/badbuddhashop.com\/fr\/produit\/reiki-the-incense-that-aligns-your-chakras-while-you-fluff-your-cushions\/","og_site_name":"Bad Buddha Shop","article_publisher":"https:\/\/www.facebook.com\/profile.php?id=61577341044750","article_modified_time":"2025-07-22T12:35:01+00:00","og_image":[{"width":700,"height":700,"url":"https:\/\/badbuddhashop.com\/wp-content\/uploads\/2025\/07\/reiki.jpeg","type":"image\/jpeg"}],"twitter_card":"summary_large_image","twitter_misc":{"Estimation du temps de lecture":"1 minute"},"schema":{"@context":"https:\/\/schema.org","@graph":[{"@type":"WebPage","@id":"https:\/\/badbuddhashop.com\/product\/reiki-the-incense-that-aligns-your-chakras-while-you-fluff-your-cushions\/","url":"https:\/\/badbuddhashop.com\/product\/reiki-the-incense-that-aligns-your-chakras-while-you-fluff-your-cushions\/","name":"Reiki \u2013 The Incense That Aligns Your Chakras While You Fluff Your Cushions - Bad Buddha Shop","isPartOf":{"@id":"https:\/\/badbuddhashop.com\/#website"},"primaryImageOfPage":{"@id":"https:\/\/badbuddhashop.com\/product\/reiki-the-incense-that-aligns-your-chakras-while-you-fluff-your-cushions\/#primaryimage"},"image":{"@id":"https:\/\/badbuddhashop.com\/product\/reiki-the-incense-that-aligns-your-chakras-while-you-fluff-your-cushions\/#primaryimage"},"thumbnailUrl":"https:\/\/badbuddhashop.com\/wp-content\/uploads\/2025\/07\/reiki.jpeg","datePublished":"2025-07-20T14:32:15+00:00","dateModified":"2025-07-22T12:35:01+00:00","breadcrumb":{"@id":"https:\/\/badbuddhashop.com\/product\/reiki-the-incense-that-aligns-your-chakras-while-you-fluff-your-cushions\/#breadcrumb"},"inLanguage":"fr-CA","potentialAction":[{"@type":"ReadAction","target":["https:\/\/badbuddhashop.com\/product\/reiki-the-incense-that-aligns-your-chakras-while-you-fluff-your-cushions\/"]}]},{"@type":"ImageObject","inLanguage":"fr-CA","@id":"https:\/\/badbuddhashop.com\/product\/reiki-the-incense-that-aligns-your-chakras-while-you-fluff-your-cushions\/#primaryimage","url":"https:\/\/badbuddhashop.com\/wp-content\/uploads\/2025\/07\/reiki.jpeg","contentUrl":"https:\/\/badbuddhashop.com\/wp-content\/uploads\/2025\/07\/reiki.jpeg","width":700,"height":700},{"@type":"BreadcrumbList","@id":"https:\/\/badbuddhashop.com\/product\/reiki-the-incense-that-aligns-your-chakras-while-you-fluff-your-cushions\/#breadcrumb","itemListElement":[{"@type":"ListItem","position":1,"name":"Home","item":"https:\/\/badbuddhashop.com\/"},{"@type":"ListItem","position":2,"name":"Take Your Adventure To The Next Level","item":"https:\/\/badbuddhashop.com\/shop1\/"},{"@type":"ListItem","position":3,"name":"Reiki \u2013 The Incense That Aligns Your Chakras While You Fluff Your Cushions"}]},{"@type":"WebSite","@id":"https:\/\/badbuddhashop.com\/#website","url":"https:\/\/badbuddhashop.com\/","name":"Bad Buddha Shop","description":"","publisher":{"@id":"https:\/\/badbuddhashop.com\/#organization"},"potentialAction":[{"@type":"SearchAction","target":{"@type":"EntryPoint","urlTemplate":"https:\/\/badbuddhashop.com\/?s={search_term_string}"},"query-input":{"@type":"PropertyValueSpecification","valueRequired":true,"valueName":"search_term_string"}}],"inLanguage":"fr-CA"},{"@type":"Organization","@id":"https:\/\/badbuddhashop.com\/#organization","name":"Bad Buddha Shop","url":"https:\/\/badbuddhashop.com\/","logo":{"@type":"ImageObject","inLanguage":"fr-CA","@id":"https:\/\/badbuddhashop.com\/#\/schema\/logo\/image\/","url":"https:\/\/badbuddhashop.com\/wp-content\/uploads\/2025\/06\/logo-cropped.png","contentUrl":"https:\/\/badbuddhashop.com\/wp-content\/uploads\/2025\/06\/logo-cropped.png","width":1024,"height":1024,"caption":"Bad Buddha Shop"},"image":{"@id":"https:\/\/badbuddhashop.com\/#\/schema\/logo\/image\/"},"sameAs":["https:\/\/www.facebook.com\/profile.php?id=61577341044750","https:\/\/www.instagram.com\/bad_buddha_shop\/"]}]}},"_links":{"self":[{"href":"https:\/\/badbuddhashop.com\/fr\/wp-json\/wp\/v2\/product\/4297","targetHints":{"allow":["GET"]}}],"collection":[{"href":"https:\/\/badbuddhashop.com\/fr\/wp-json\/wp\/v2\/product"}],"about":[{"href":"https:\/\/badbuddhashop.com\/fr\/wp-json\/wp\/v2\/types\/product"}],"replies":[{"embeddable":true,"href":"https:\/\/badbuddhashop.com\/fr\/wp-json\/wp\/v2\/comments?post=4297"}],"wp:featuredmedia":[{"embeddable":true,"href":"https:\/\/badbuddhashop.com\/fr\/wp-json\/wp\/v2\/media\/4298"}],"wp:attachment":[{"href":"https:\/\/badbuddhashop.com\/fr\/wp-json\/wp\/v2\/media?parent=4297"}],"wp:term":[{"taxonomy":"product_brand","embeddable":true,"href":"https:\/\/badbuddhashop.com\/fr\/wp-json\/wp\/v2\/product_brand?post=4297"},{"taxonomy":"product_cat","embeddable":true,"href":"https:\/\/badbuddhashop.com\/fr\/wp-json\/wp\/v2\/product_cat?post=4297"},{"taxonomy":"product_tag","embeddable":true,"href":"https:\/\/badbuddhashop.com\/fr\/wp-json\/wp\/v2\/product_tag?post=4297"}],"curies":[{"name":"wp","href":"https:\/\/api.w.org\/{rel}","templated":true}]}}