{"id":4316,"date":"2025-07-20T14:55:50","date_gmt":"2025-07-20T14:55:50","guid":{"rendered":"https:\/\/badbuddhashop.com\/product\/drama-queen-tarot-card-mug-11-oz\/"},"modified":"2025-07-25T15:43:16","modified_gmt":"2025-07-25T15:43:16","slug":"drama-queen-tarot-card-mug-11-oz","status":"publish","type":"product","link":"https:\/\/badbuddhashop.com\/fr\/produit\/drama-queen-tarot-card-mug-11-oz\/","title":{"rendered":"Tasse \"Drama Queen\" \u2013 Carte de Tarot 11 oz"},"content":{"rendered":"<p>Tasse \"Drama Queen\" \u2013 Carte de Tarot 11 oz<br \/>\nParce que ton caf\u00e9 m\u00e9rite une tasse aussi th\u00e9\u00e2trale que toi.<\/p>\n<p>Commence ta journ\u00e9e avec une bonne dose de \u201cje le savais\u201d gr\u00e2ce \u00e0 cette tasse en c\u00e9ramique aussi dramatique qu\u2019un \u00e9pisode de t\u00e9l\u00e9r\u00e9alit\u00e9. Avec son design de carte de tarot qui hurle \u00ab j\u2019ai vu \u00e7a venir \u00bb (\u00e9videmment), elle est parfaite pour celles et ceux qui aiment leur th\u00e9 br\u00fblant et leur vie pleine de rebondissements.<\/p>\n<p>Avec son anse, son int\u00e9rieur et son rebord color\u00e9s, c\u2019est un peu la robe de gala des tasses \u2013 sans les talons. Que tu y verses du caf\u00e9, du th\u00e9 ou les larmes de tes ennemis, cette diva de 325 ml passe au micro-ondes et au lave-vaisselle, parce que m\u00eame les reines du drame ont besoin de praticit\u00e9.<\/p>\n<p>Caract\u00e9ristiques :<\/p>\n<p>C\u00e9ramique (parce que le plastique, c\u2019est non)<br \/>\n11 oz d\u2019attitude pure<br \/>\nSans plomb ni BPA (dramatique, oui \u2013 toxique, jamais)<br \/>\nPasse au lave-vaisselle et au micro-ondes (tu n\u2019as pas sign\u00e9 pour souffrir)<br \/>\nD\u00e9tails color\u00e9s pour matcher ton humeur du jour<br \/>\nAjoute-la \u00e0 ta collection et rappelle au monde : tu ne lis pas les cartes\u2026 tu es la carte.<\/p>","protected":false},"excerpt":{"rendered":"<p>Drama Queen Tarot Card Mug Because your coffee deserves a mug as extra as you are. Start your day with a steaming cup of \u201cI told you so\u201d in this gloriously dramatic ceramic masterpiece. Featuring a tarot card design that screams \u201cI saw this coming\u201d (because of course you did), this mug is perfect for [&hellip;]<\/p>\n","protected":false},"featured_media":4351,"comment_status":"open","ping_status":"closed","template":"","meta":[],"product_brand":[],"product_cat":[23],"product_tag":[],"class_list":{"0":"post-4316","1":"product","2":"type-product","3":"status-publish","4":"has-post-thumbnail","6":"product_cat-home-living","7":"product_shipping_class-printify-shipping","9":"first","10":"instock","11":"shipping-taxable","12":"purchasable","13":"product-type-variable","14":"has-default-attributes"},"yoast_head":"<!-- This site is optimized with the Yoast SEO plugin v27.4 - https:\/\/yoast.com\/product\/yoast-seo-wordpress\/ -->\n<title>Drama Queen Tarot Card Mug 11 oz - Bad Buddha Shop<\/title>\n<meta name=\"robots\" content=\"index, follow, max-snippet:-1, max-image-preview:large, max-video-preview:-1\" \/>\n<link rel=\"canonical\" href=\"https:\/\/badbuddhashop.com\/fr\/produit\/drama-queen-tarot-card-mug-11-oz\/\" \/>\n<meta property=\"og:locale\" content=\"fr_CA\" \/>\n<meta property=\"og:type\" content=\"article\" \/>\n<meta property=\"og:title\" content=\"Drama Queen Tarot Card Mug 11 oz - Bad Buddha Shop\" \/>\n<meta property=\"og:description\" content=\"Drama Queen Tarot Card Mug Because your coffee deserves a mug as extra as you are. Start your day with a steaming cup of \u201cI told you so\u201d in this gloriously dramatic ceramic masterpiece. Featuring a tarot card design that screams \u201cI saw this coming\u201d (because of course you did), this mug is perfect for [&hellip;]\" \/>\n<meta property=\"og:url\" content=\"https:\/\/badbuddhashop.com\/fr\/produit\/drama-queen-tarot-card-mug-11-oz\/\" \/>\n<meta property=\"og:site_name\" content=\"Bad Buddha Shop\" \/>\n<meta property=\"article:publisher\" content=\"https:\/\/www.facebook.com\/profile.php?id=61577341044750\" \/>\n<meta property=\"article:modified_time\" content=\"2025-07-25T15:43:16+00:00\" \/>\n<meta property=\"og:image\" content=\"https:\/\/badbuddhashop.com\/wp-content\/uploads\/2025\/07\/11248080312602227798_2048.jpeg\" \/>\n\t<meta property=\"og:image:width\" content=\"2048\" \/>\n\t<meta property=\"og:image:height\" content=\"2048\" \/>\n\t<meta property=\"og:image:type\" content=\"image\/jpeg\" \/>\n<meta name=\"twitter:card\" content=\"summary_large_image\" \/>\n<meta name=\"twitter:label1\" content=\"Estimation du temps de lecture\" \/>\n\t<meta name=\"twitter:data1\" content=\"1 minute\" \/>\n<script type=\"application\/ld+json\" class=\"yoast-schema-graph\">{\"@context\":\"https:\\\/\\\/schema.org\",\"@graph\":[{\"@type\":\"WebPage\",\"@id\":\"https:\\\/\\\/badbuddhashop.com\\\/product\\\/drama-queen-tarot-card-mug-11-oz\\\/\",\"url\":\"https:\\\/\\\/badbuddhashop.com\\\/product\\\/drama-queen-tarot-card-mug-11-oz\\\/\",\"name\":\"Drama Queen Tarot Card Mug 11 oz - Bad Buddha Shop\",\"isPartOf\":{\"@id\":\"https:\\\/\\\/badbuddhashop.com\\\/#website\"},\"primaryImageOfPage\":{\"@id\":\"https:\\\/\\\/badbuddhashop.com\\\/product\\\/drama-queen-tarot-card-mug-11-oz\\\/#primaryimage\"},\"image\":{\"@id\":\"https:\\\/\\\/badbuddhashop.com\\\/product\\\/drama-queen-tarot-card-mug-11-oz\\\/#primaryimage\"},\"thumbnailUrl\":\"https:\\\/\\\/badbuddhashop.com\\\/wp-content\\\/uploads\\\/2025\\\/07\\\/11248080312602227798_2048.jpeg\",\"datePublished\":\"2025-07-20T14:55:50+00:00\",\"dateModified\":\"2025-07-25T15:43:16+00:00\",\"breadcrumb\":{\"@id\":\"https:\\\/\\\/badbuddhashop.com\\\/product\\\/drama-queen-tarot-card-mug-11-oz\\\/#breadcrumb\"},\"inLanguage\":\"fr-CA\",\"potentialAction\":[{\"@type\":\"ReadAction\",\"target\":[\"https:\\\/\\\/badbuddhashop.com\\\/product\\\/drama-queen-tarot-card-mug-11-oz\\\/\"]}]},{\"@type\":\"ImageObject\",\"inLanguage\":\"fr-CA\",\"@id\":\"https:\\\/\\\/badbuddhashop.com\\\/product\\\/drama-queen-tarot-card-mug-11-oz\\\/#primaryimage\",\"url\":\"https:\\\/\\\/badbuddhashop.com\\\/wp-content\\\/uploads\\\/2025\\\/07\\\/11248080312602227798_2048.jpeg\",\"contentUrl\":\"https:\\\/\\\/badbuddhashop.com\\\/wp-content\\\/uploads\\\/2025\\\/07\\\/11248080312602227798_2048.jpeg\",\"width\":2048,\"height\":2048},{\"@type\":\"BreadcrumbList\",\"@id\":\"https:\\\/\\\/badbuddhashop.com\\\/product\\\/drama-queen-tarot-card-mug-11-oz\\\/#breadcrumb\",\"itemListElement\":[{\"@type\":\"ListItem\",\"position\":1,\"name\":\"Home\",\"item\":\"https:\\\/\\\/badbuddhashop.com\\\/\"},{\"@type\":\"ListItem\",\"position\":2,\"name\":\"Take Your Adventure To The Next Level\",\"item\":\"https:\\\/\\\/badbuddhashop.com\\\/shop1\\\/\"},{\"@type\":\"ListItem\",\"position\":3,\"name\":\"Drama Queen Tarot Card Mug 11 oz\"}]},{\"@type\":\"WebSite\",\"@id\":\"https:\\\/\\\/badbuddhashop.com\\\/#website\",\"url\":\"https:\\\/\\\/badbuddhashop.com\\\/\",\"name\":\"Bad Buddha Shop\",\"description\":\"\",\"publisher\":{\"@id\":\"https:\\\/\\\/badbuddhashop.com\\\/#organization\"},\"potentialAction\":[{\"@type\":\"SearchAction\",\"target\":{\"@type\":\"EntryPoint\",\"urlTemplate\":\"https:\\\/\\\/badbuddhashop.com\\\/?s={search_term_string}\"},\"query-input\":{\"@type\":\"PropertyValueSpecification\",\"valueRequired\":true,\"valueName\":\"search_term_string\"}}],\"inLanguage\":\"fr-CA\"},{\"@type\":\"Organization\",\"@id\":\"https:\\\/\\\/badbuddhashop.com\\\/#organization\",\"name\":\"Bad Buddha Shop\",\"url\":\"https:\\\/\\\/badbuddhashop.com\\\/\",\"logo\":{\"@type\":\"ImageObject\",\"inLanguage\":\"fr-CA\",\"@id\":\"https:\\\/\\\/badbuddhashop.com\\\/#\\\/schema\\\/logo\\\/image\\\/\",\"url\":\"https:\\\/\\\/badbuddhashop.com\\\/wp-content\\\/uploads\\\/2025\\\/06\\\/logo-cropped.png\",\"contentUrl\":\"https:\\\/\\\/badbuddhashop.com\\\/wp-content\\\/uploads\\\/2025\\\/06\\\/logo-cropped.png\",\"width\":1024,\"height\":1024,\"caption\":\"Bad Buddha Shop\"},\"image\":{\"@id\":\"https:\\\/\\\/badbuddhashop.com\\\/#\\\/schema\\\/logo\\\/image\\\/\"},\"sameAs\":[\"https:\\\/\\\/www.facebook.com\\\/profile.php?id=61577341044750\",\"https:\\\/\\\/www.instagram.com\\\/bad_buddha_shop\\\/\"]}]}<\/script>\n<!-- \/ Yoast SEO plugin. -->","yoast_head_json":{"title":"Drama Queen Tarot Card Mug 11 oz - Bad Buddha Shop","robots":{"index":"index","follow":"follow","max-snippet":"max-snippet:-1","max-image-preview":"max-image-preview:large","max-video-preview":"max-video-preview:-1"},"canonical":"https:\/\/badbuddhashop.com\/fr\/produit\/drama-queen-tarot-card-mug-11-oz\/","og_locale":"fr_CA","og_type":"article","og_title":"Drama Queen Tarot Card Mug 11 oz - Bad Buddha Shop","og_description":"Drama Queen Tarot Card Mug Because your coffee deserves a mug as extra as you are. Start your day with a steaming cup of \u201cI told you so\u201d in this gloriously dramatic ceramic masterpiece. Featuring a tarot card design that screams \u201cI saw this coming\u201d (because of course you did), this mug is perfect for [&hellip;]","og_url":"https:\/\/badbuddhashop.com\/fr\/produit\/drama-queen-tarot-card-mug-11-oz\/","og_site_name":"Bad Buddha Shop","article_publisher":"https:\/\/www.facebook.com\/profile.php?id=61577341044750","article_modified_time":"2025-07-25T15:43:16+00:00","og_image":[{"width":2048,"height":2048,"url":"https:\/\/badbuddhashop.com\/wp-content\/uploads\/2025\/07\/11248080312602227798_2048.jpeg","type":"image\/jpeg"}],"twitter_card":"summary_large_image","twitter_misc":{"Estimation du temps de lecture":"1 minute"},"schema":{"@context":"https:\/\/schema.org","@graph":[{"@type":"WebPage","@id":"https:\/\/badbuddhashop.com\/product\/drama-queen-tarot-card-mug-11-oz\/","url":"https:\/\/badbuddhashop.com\/product\/drama-queen-tarot-card-mug-11-oz\/","name":"Drama Queen Tarot Card Mug 11 oz - Bad Buddha Shop","isPartOf":{"@id":"https:\/\/badbuddhashop.com\/#website"},"primaryImageOfPage":{"@id":"https:\/\/badbuddhashop.com\/product\/drama-queen-tarot-card-mug-11-oz\/#primaryimage"},"image":{"@id":"https:\/\/badbuddhashop.com\/product\/drama-queen-tarot-card-mug-11-oz\/#primaryimage"},"thumbnailUrl":"https:\/\/badbuddhashop.com\/wp-content\/uploads\/2025\/07\/11248080312602227798_2048.jpeg","datePublished":"2025-07-20T14:55:50+00:00","dateModified":"2025-07-25T15:43:16+00:00","breadcrumb":{"@id":"https:\/\/badbuddhashop.com\/product\/drama-queen-tarot-card-mug-11-oz\/#breadcrumb"},"inLanguage":"fr-CA","potentialAction":[{"@type":"ReadAction","target":["https:\/\/badbuddhashop.com\/product\/drama-queen-tarot-card-mug-11-oz\/"]}]},{"@type":"ImageObject","inLanguage":"fr-CA","@id":"https:\/\/badbuddhashop.com\/product\/drama-queen-tarot-card-mug-11-oz\/#primaryimage","url":"https:\/\/badbuddhashop.com\/wp-content\/uploads\/2025\/07\/11248080312602227798_2048.jpeg","contentUrl":"https:\/\/badbuddhashop.com\/wp-content\/uploads\/2025\/07\/11248080312602227798_2048.jpeg","width":2048,"height":2048},{"@type":"BreadcrumbList","@id":"https:\/\/badbuddhashop.com\/product\/drama-queen-tarot-card-mug-11-oz\/#breadcrumb","itemListElement":[{"@type":"ListItem","position":1,"name":"Home","item":"https:\/\/badbuddhashop.com\/"},{"@type":"ListItem","position":2,"name":"Take Your Adventure To The Next Level","item":"https:\/\/badbuddhashop.com\/shop1\/"},{"@type":"ListItem","position":3,"name":"Drama Queen Tarot Card Mug 11 oz"}]},{"@type":"WebSite","@id":"https:\/\/badbuddhashop.com\/#website","url":"https:\/\/badbuddhashop.com\/","name":"Bad Buddha Shop","description":"","publisher":{"@id":"https:\/\/badbuddhashop.com\/#organization"},"potentialAction":[{"@type":"SearchAction","target":{"@type":"EntryPoint","urlTemplate":"https:\/\/badbuddhashop.com\/?s={search_term_string}"},"query-input":{"@type":"PropertyValueSpecification","valueRequired":true,"valueName":"search_term_string"}}],"inLanguage":"fr-CA"},{"@type":"Organization","@id":"https:\/\/badbuddhashop.com\/#organization","name":"Bad Buddha Shop","url":"https:\/\/badbuddhashop.com\/","logo":{"@type":"ImageObject","inLanguage":"fr-CA","@id":"https:\/\/badbuddhashop.com\/#\/schema\/logo\/image\/","url":"https:\/\/badbuddhashop.com\/wp-content\/uploads\/2025\/06\/logo-cropped.png","contentUrl":"https:\/\/badbuddhashop.com\/wp-content\/uploads\/2025\/06\/logo-cropped.png","width":1024,"height":1024,"caption":"Bad Buddha Shop"},"image":{"@id":"https:\/\/badbuddhashop.com\/#\/schema\/logo\/image\/"},"sameAs":["https:\/\/www.facebook.com\/profile.php?id=61577341044750","https:\/\/www.instagram.com\/bad_buddha_shop\/"]}]}},"_links":{"self":[{"href":"https:\/\/badbuddhashop.com\/fr\/wp-json\/wp\/v2\/product\/4316","targetHints":{"allow":["GET"]}}],"collection":[{"href":"https:\/\/badbuddhashop.com\/fr\/wp-json\/wp\/v2\/product"}],"about":[{"href":"https:\/\/badbuddhashop.com\/fr\/wp-json\/wp\/v2\/types\/product"}],"replies":[{"embeddable":true,"href":"https:\/\/badbuddhashop.com\/fr\/wp-json\/wp\/v2\/comments?post=4316"}],"wp:featuredmedia":[{"embeddable":true,"href":"https:\/\/badbuddhashop.com\/fr\/wp-json\/wp\/v2\/media\/4351"}],"wp:attachment":[{"href":"https:\/\/badbuddhashop.com\/fr\/wp-json\/wp\/v2\/media?parent=4316"}],"wp:term":[{"taxonomy":"product_brand","embeddable":true,"href":"https:\/\/badbuddhashop.com\/fr\/wp-json\/wp\/v2\/product_brand?post=4316"},{"taxonomy":"product_cat","embeddable":true,"href":"https:\/\/badbuddhashop.com\/fr\/wp-json\/wp\/v2\/product_cat?post=4316"},{"taxonomy":"product_tag","embeddable":true,"href":"https:\/\/badbuddhashop.com\/fr\/wp-json\/wp\/v2\/product_tag?post=4316"}],"curies":[{"name":"wp","href":"https:\/\/api.w.org\/{rel}","templated":true}]}}