{"id":4357,"date":"2025-07-20T15:09:58","date_gmt":"2025-07-20T15:09:58","guid":{"rendered":"https:\/\/badbuddhashop.com\/product\/hot-coffee-cold-cases-true-crime-junkie-tarot-card-mug\/"},"modified":"2025-07-21T13:33:06","modified_gmt":"2025-07-21T13:33:06","slug":"hot-coffee-cold-cases-true-crime-junkie-tarot-card-mug","status":"publish","type":"product","link":"https:\/\/badbuddhashop.com\/fr\/produit\/hot-coffee-cold-cases-true-crime-junkie-tarot-card-mug\/","title":{"rendered":"Caf\u00e9 Br\u00fblant, Affaires Glac\u00e9es. Tasse \"True Crime Junkie\" \u2013 Carte de Tarot"},"content":{"rendered":"<p>Caf\u00e9 Br\u00fblant, Affaires Glac\u00e9es. Tasse \"True Crime Junkie\" \u2013 Carte de Tarot<\/p>\n<p>Parce que rien ne dit \"bonne humeur matinale\" comme un bon vieux meurtre non r\u00e9solu.<\/p>\n<p>Tu es du genre \u00e0 t\u2019endormir avec un podcast sur un serial killer ? \u00c0 deviner le coupable avant la pause pub ? Alors cette tasse est faite pour toi, d\u00e9tective de canap\u00e9. Avec son design fa\u00e7on carte de tarot, elle te rappelle que ton sixi\u00e8me sens est toujours en alerte \u2013 surtout apr\u00e8s ton troisi\u00e8me caf\u00e9.<\/p>\n<p>Avec ses touches de couleur et son style mystique, elle est parfaite pour siroter ton breuvage pr\u00e9f\u00e9r\u00e9 pendant que tu juges silencieusement les d\u00e9cisions douteuses des enqu\u00eateurs.<\/p>\n<p>Caract\u00e9ristiques :<\/p>\n<p>C\u00e9ramique (parce que le sang ne part pas sur du plastique)<br \/>\n11 oz de pur suspense<br \/>\nSans plomb ni BPA (on laisse les poisons aux tueurs en s\u00e9rie)<br \/>\nPasse au lave-vaisselle et au micro-ondes (parce que tu as une enqu\u00eate \u00e0 r\u00e9soudre, pas une vaisselle \u00e0 faire)<br \/>\nD\u00e9tails color\u00e9s pour matcher ton obsession morbide avec style<br \/>\nAjoute-la \u00e0 ta collection et montre au monde que tu ne bois pas juste du caf\u00e9\u2026 tu bois des preuves.<\/p>\n<p>Ce produit est fabriqu\u00e9 sp\u00e9cialement pour vous d\u00e8s que vous passez commande, c\u2019est pourquoi la livraison peut prendre un peu plus de temps. Produire \u00e0 la demande plut\u00f4t qu\u2019en grande quantit\u00e9 permet de r\u00e9duire la surproduction \u2014 merci de faire des choix d\u2019achat r\u00e9fl\u00e9chis\u202f!<\/p>","protected":false},"excerpt":{"rendered":"<p>Hot Coffee, Cold Cases &#8211; True Crime Junkie Tarot Card Mug Because nothing says \u201cgood morning\u201d like a double homicide and a hot cup of coffee. This mug is for the ones who fall asleep to murder documentaries and wake up ready to solve cold cases before breakfast. Featuring a tarot card design that practically [&hellip;]<\/p>\n","protected":false},"featured_media":4362,"comment_status":"open","ping_status":"closed","template":"","meta":[],"product_brand":[],"product_cat":[34],"product_tag":[],"class_list":{"0":"post-4357","1":"product","2":"type-product","3":"status-publish","4":"has-post-thumbnail","6":"product_cat-home-living-canada","8":"first","9":"instock","10":"shipping-taxable","11":"purchasable","12":"product-type-variable"},"yoast_head":"<!-- This site is optimized with the Yoast SEO plugin v27.4 - https:\/\/yoast.com\/product\/yoast-seo-wordpress\/ -->\n<title>Hot Coffee, Cold Cases - True Crime Junkie Tarot Card Mug - Bad Buddha Shop<\/title>\n<meta name=\"robots\" content=\"index, follow, max-snippet:-1, max-image-preview:large, max-video-preview:-1\" \/>\n<link rel=\"canonical\" href=\"https:\/\/badbuddhashop.com\/fr\/produit\/hot-coffee-cold-cases-true-crime-junkie-tarot-card-mug\/\" \/>\n<meta property=\"og:locale\" content=\"fr_CA\" \/>\n<meta property=\"og:type\" content=\"article\" \/>\n<meta property=\"og:title\" content=\"Hot Coffee, Cold Cases - True Crime Junkie Tarot Card Mug - Bad Buddha Shop\" \/>\n<meta property=\"og:description\" content=\"Hot Coffee, Cold Cases &#8211; True Crime Junkie Tarot Card Mug Because nothing says \u201cgood morning\u201d like a double homicide and a hot cup of coffee. This mug is for the ones who fall asleep to murder documentaries and wake up ready to solve cold cases before breakfast. Featuring a tarot card design that practically [&hellip;]\" \/>\n<meta property=\"og:url\" content=\"https:\/\/badbuddhashop.com\/fr\/produit\/hot-coffee-cold-cases-true-crime-junkie-tarot-card-mug\/\" \/>\n<meta property=\"og:site_name\" content=\"Bad Buddha Shop\" \/>\n<meta property=\"article:publisher\" content=\"https:\/\/www.facebook.com\/profile.php?id=61577341044750\" \/>\n<meta property=\"article:modified_time\" content=\"2025-07-21T13:33:06+00:00\" \/>\n<meta property=\"og:image\" content=\"https:\/\/badbuddhashop.com\/wp-content\/uploads\/2025\/07\/white-ceramic-mug-with-color-inside-red-11-oz-left-687d06bbdbd5a.jpg\" \/>\n\t<meta property=\"og:image:width\" content=\"2000\" \/>\n\t<meta property=\"og:image:height\" content=\"2000\" \/>\n\t<meta property=\"og:image:type\" content=\"image\/jpeg\" \/>\n<meta name=\"twitter:card\" content=\"summary_large_image\" \/>\n<meta name=\"twitter:label1\" content=\"Estimation du temps de lecture\" \/>\n\t<meta name=\"twitter:data1\" content=\"1 minute\" \/>\n<script type=\"application\/ld+json\" class=\"yoast-schema-graph\">{\"@context\":\"https:\\\/\\\/schema.org\",\"@graph\":[{\"@type\":\"WebPage\",\"@id\":\"https:\\\/\\\/badbuddhashop.com\\\/product\\\/hot-coffee-cold-cases-true-crime-junkie-tarot-card-mug\\\/\",\"url\":\"https:\\\/\\\/badbuddhashop.com\\\/product\\\/hot-coffee-cold-cases-true-crime-junkie-tarot-card-mug\\\/\",\"name\":\"Hot Coffee, Cold Cases - True Crime Junkie Tarot Card Mug - Bad Buddha Shop\",\"isPartOf\":{\"@id\":\"https:\\\/\\\/badbuddhashop.com\\\/#website\"},\"primaryImageOfPage\":{\"@id\":\"https:\\\/\\\/badbuddhashop.com\\\/product\\\/hot-coffee-cold-cases-true-crime-junkie-tarot-card-mug\\\/#primaryimage\"},\"image\":{\"@id\":\"https:\\\/\\\/badbuddhashop.com\\\/product\\\/hot-coffee-cold-cases-true-crime-junkie-tarot-card-mug\\\/#primaryimage\"},\"thumbnailUrl\":\"https:\\\/\\\/badbuddhashop.com\\\/wp-content\\\/uploads\\\/2025\\\/07\\\/white-ceramic-mug-with-color-inside-red-11-oz-left-687d06bbdbd5a.jpg\",\"datePublished\":\"2025-07-20T15:09:58+00:00\",\"dateModified\":\"2025-07-21T13:33:06+00:00\",\"breadcrumb\":{\"@id\":\"https:\\\/\\\/badbuddhashop.com\\\/product\\\/hot-coffee-cold-cases-true-crime-junkie-tarot-card-mug\\\/#breadcrumb\"},\"inLanguage\":\"fr-CA\",\"potentialAction\":[{\"@type\":\"ReadAction\",\"target\":[\"https:\\\/\\\/badbuddhashop.com\\\/product\\\/hot-coffee-cold-cases-true-crime-junkie-tarot-card-mug\\\/\"]}]},{\"@type\":\"ImageObject\",\"inLanguage\":\"fr-CA\",\"@id\":\"https:\\\/\\\/badbuddhashop.com\\\/product\\\/hot-coffee-cold-cases-true-crime-junkie-tarot-card-mug\\\/#primaryimage\",\"url\":\"https:\\\/\\\/badbuddhashop.com\\\/wp-content\\\/uploads\\\/2025\\\/07\\\/white-ceramic-mug-with-color-inside-red-11-oz-left-687d06bbdbd5a.jpg\",\"contentUrl\":\"https:\\\/\\\/badbuddhashop.com\\\/wp-content\\\/uploads\\\/2025\\\/07\\\/white-ceramic-mug-with-color-inside-red-11-oz-left-687d06bbdbd5a.jpg\",\"width\":2000,\"height\":2000},{\"@type\":\"BreadcrumbList\",\"@id\":\"https:\\\/\\\/badbuddhashop.com\\\/product\\\/hot-coffee-cold-cases-true-crime-junkie-tarot-card-mug\\\/#breadcrumb\",\"itemListElement\":[{\"@type\":\"ListItem\",\"position\":1,\"name\":\"Home\",\"item\":\"https:\\\/\\\/badbuddhashop.com\\\/\"},{\"@type\":\"ListItem\",\"position\":2,\"name\":\"Take Your Adventure To The Next Level\",\"item\":\"https:\\\/\\\/badbuddhashop.com\\\/shop1\\\/\"},{\"@type\":\"ListItem\",\"position\":3,\"name\":\"Hot Coffee, Cold Cases &#8211; True Crime Junkie Tarot Card Mug\"}]},{\"@type\":\"WebSite\",\"@id\":\"https:\\\/\\\/badbuddhashop.com\\\/#website\",\"url\":\"https:\\\/\\\/badbuddhashop.com\\\/\",\"name\":\"Bad Buddha Shop\",\"description\":\"\",\"publisher\":{\"@id\":\"https:\\\/\\\/badbuddhashop.com\\\/#organization\"},\"potentialAction\":[{\"@type\":\"SearchAction\",\"target\":{\"@type\":\"EntryPoint\",\"urlTemplate\":\"https:\\\/\\\/badbuddhashop.com\\\/?s={search_term_string}\"},\"query-input\":{\"@type\":\"PropertyValueSpecification\",\"valueRequired\":true,\"valueName\":\"search_term_string\"}}],\"inLanguage\":\"fr-CA\"},{\"@type\":\"Organization\",\"@id\":\"https:\\\/\\\/badbuddhashop.com\\\/#organization\",\"name\":\"Bad Buddha Shop\",\"url\":\"https:\\\/\\\/badbuddhashop.com\\\/\",\"logo\":{\"@type\":\"ImageObject\",\"inLanguage\":\"fr-CA\",\"@id\":\"https:\\\/\\\/badbuddhashop.com\\\/#\\\/schema\\\/logo\\\/image\\\/\",\"url\":\"https:\\\/\\\/badbuddhashop.com\\\/wp-content\\\/uploads\\\/2025\\\/06\\\/logo-cropped.png\",\"contentUrl\":\"https:\\\/\\\/badbuddhashop.com\\\/wp-content\\\/uploads\\\/2025\\\/06\\\/logo-cropped.png\",\"width\":1024,\"height\":1024,\"caption\":\"Bad Buddha Shop\"},\"image\":{\"@id\":\"https:\\\/\\\/badbuddhashop.com\\\/#\\\/schema\\\/logo\\\/image\\\/\"},\"sameAs\":[\"https:\\\/\\\/www.facebook.com\\\/profile.php?id=61577341044750\",\"https:\\\/\\\/www.instagram.com\\\/bad_buddha_shop\\\/\"]}]}<\/script>\n<!-- \/ Yoast SEO plugin. -->","yoast_head_json":{"title":"Hot Coffee, Cold Cases - True Crime Junkie Tarot Card Mug - Bad Buddha Shop","robots":{"index":"index","follow":"follow","max-snippet":"max-snippet:-1","max-image-preview":"max-image-preview:large","max-video-preview":"max-video-preview:-1"},"canonical":"https:\/\/badbuddhashop.com\/fr\/produit\/hot-coffee-cold-cases-true-crime-junkie-tarot-card-mug\/","og_locale":"fr_CA","og_type":"article","og_title":"Hot Coffee, Cold Cases - True Crime Junkie Tarot Card Mug - Bad Buddha Shop","og_description":"Hot Coffee, Cold Cases &#8211; True Crime Junkie Tarot Card Mug Because nothing says \u201cgood morning\u201d like a double homicide and a hot cup of coffee. This mug is for the ones who fall asleep to murder documentaries and wake up ready to solve cold cases before breakfast. Featuring a tarot card design that practically [&hellip;]","og_url":"https:\/\/badbuddhashop.com\/fr\/produit\/hot-coffee-cold-cases-true-crime-junkie-tarot-card-mug\/","og_site_name":"Bad Buddha Shop","article_publisher":"https:\/\/www.facebook.com\/profile.php?id=61577341044750","article_modified_time":"2025-07-21T13:33:06+00:00","og_image":[{"width":2000,"height":2000,"url":"https:\/\/badbuddhashop.com\/wp-content\/uploads\/2025\/07\/white-ceramic-mug-with-color-inside-red-11-oz-left-687d06bbdbd5a.jpg","type":"image\/jpeg"}],"twitter_card":"summary_large_image","twitter_misc":{"Estimation du temps de lecture":"1 minute"},"schema":{"@context":"https:\/\/schema.org","@graph":[{"@type":"WebPage","@id":"https:\/\/badbuddhashop.com\/product\/hot-coffee-cold-cases-true-crime-junkie-tarot-card-mug\/","url":"https:\/\/badbuddhashop.com\/product\/hot-coffee-cold-cases-true-crime-junkie-tarot-card-mug\/","name":"Hot Coffee, Cold Cases - True Crime Junkie Tarot Card Mug - Bad Buddha Shop","isPartOf":{"@id":"https:\/\/badbuddhashop.com\/#website"},"primaryImageOfPage":{"@id":"https:\/\/badbuddhashop.com\/product\/hot-coffee-cold-cases-true-crime-junkie-tarot-card-mug\/#primaryimage"},"image":{"@id":"https:\/\/badbuddhashop.com\/product\/hot-coffee-cold-cases-true-crime-junkie-tarot-card-mug\/#primaryimage"},"thumbnailUrl":"https:\/\/badbuddhashop.com\/wp-content\/uploads\/2025\/07\/white-ceramic-mug-with-color-inside-red-11-oz-left-687d06bbdbd5a.jpg","datePublished":"2025-07-20T15:09:58+00:00","dateModified":"2025-07-21T13:33:06+00:00","breadcrumb":{"@id":"https:\/\/badbuddhashop.com\/product\/hot-coffee-cold-cases-true-crime-junkie-tarot-card-mug\/#breadcrumb"},"inLanguage":"fr-CA","potentialAction":[{"@type":"ReadAction","target":["https:\/\/badbuddhashop.com\/product\/hot-coffee-cold-cases-true-crime-junkie-tarot-card-mug\/"]}]},{"@type":"ImageObject","inLanguage":"fr-CA","@id":"https:\/\/badbuddhashop.com\/product\/hot-coffee-cold-cases-true-crime-junkie-tarot-card-mug\/#primaryimage","url":"https:\/\/badbuddhashop.com\/wp-content\/uploads\/2025\/07\/white-ceramic-mug-with-color-inside-red-11-oz-left-687d06bbdbd5a.jpg","contentUrl":"https:\/\/badbuddhashop.com\/wp-content\/uploads\/2025\/07\/white-ceramic-mug-with-color-inside-red-11-oz-left-687d06bbdbd5a.jpg","width":2000,"height":2000},{"@type":"BreadcrumbList","@id":"https:\/\/badbuddhashop.com\/product\/hot-coffee-cold-cases-true-crime-junkie-tarot-card-mug\/#breadcrumb","itemListElement":[{"@type":"ListItem","position":1,"name":"Home","item":"https:\/\/badbuddhashop.com\/"},{"@type":"ListItem","position":2,"name":"Take Your Adventure To The Next Level","item":"https:\/\/badbuddhashop.com\/shop1\/"},{"@type":"ListItem","position":3,"name":"Hot Coffee, Cold Cases &#8211; True Crime Junkie Tarot Card Mug"}]},{"@type":"WebSite","@id":"https:\/\/badbuddhashop.com\/#website","url":"https:\/\/badbuddhashop.com\/","name":"Bad Buddha Shop","description":"","publisher":{"@id":"https:\/\/badbuddhashop.com\/#organization"},"potentialAction":[{"@type":"SearchAction","target":{"@type":"EntryPoint","urlTemplate":"https:\/\/badbuddhashop.com\/?s={search_term_string}"},"query-input":{"@type":"PropertyValueSpecification","valueRequired":true,"valueName":"search_term_string"}}],"inLanguage":"fr-CA"},{"@type":"Organization","@id":"https:\/\/badbuddhashop.com\/#organization","name":"Bad Buddha Shop","url":"https:\/\/badbuddhashop.com\/","logo":{"@type":"ImageObject","inLanguage":"fr-CA","@id":"https:\/\/badbuddhashop.com\/#\/schema\/logo\/image\/","url":"https:\/\/badbuddhashop.com\/wp-content\/uploads\/2025\/06\/logo-cropped.png","contentUrl":"https:\/\/badbuddhashop.com\/wp-content\/uploads\/2025\/06\/logo-cropped.png","width":1024,"height":1024,"caption":"Bad Buddha Shop"},"image":{"@id":"https:\/\/badbuddhashop.com\/#\/schema\/logo\/image\/"},"sameAs":["https:\/\/www.facebook.com\/profile.php?id=61577341044750","https:\/\/www.instagram.com\/bad_buddha_shop\/"]}]}},"_links":{"self":[{"href":"https:\/\/badbuddhashop.com\/fr\/wp-json\/wp\/v2\/product\/4357","targetHints":{"allow":["GET"]}}],"collection":[{"href":"https:\/\/badbuddhashop.com\/fr\/wp-json\/wp\/v2\/product"}],"about":[{"href":"https:\/\/badbuddhashop.com\/fr\/wp-json\/wp\/v2\/types\/product"}],"replies":[{"embeddable":true,"href":"https:\/\/badbuddhashop.com\/fr\/wp-json\/wp\/v2\/comments?post=4357"}],"wp:featuredmedia":[{"embeddable":true,"href":"https:\/\/badbuddhashop.com\/fr\/wp-json\/wp\/v2\/media\/4362"}],"wp:attachment":[{"href":"https:\/\/badbuddhashop.com\/fr\/wp-json\/wp\/v2\/media?parent=4357"}],"wp:term":[{"taxonomy":"product_brand","embeddable":true,"href":"https:\/\/badbuddhashop.com\/fr\/wp-json\/wp\/v2\/product_brand?post=4357"},{"taxonomy":"product_cat","embeddable":true,"href":"https:\/\/badbuddhashop.com\/fr\/wp-json\/wp\/v2\/product_cat?post=4357"},{"taxonomy":"product_tag","embeddable":true,"href":"https:\/\/badbuddhashop.com\/fr\/wp-json\/wp\/v2\/product_tag?post=4357"}],"curies":[{"name":"wp","href":"https:\/\/api.w.org\/{rel}","templated":true}]}}