{"id":4416,"date":"2025-07-20T15:29:52","date_gmt":"2025-07-20T15:29:52","guid":{"rendered":"https:\/\/badbuddhashop.com\/product\/tarot-tea-zero-tolerance-spiritual-btch-tarot-card-mug\/"},"modified":"2025-07-21T13:32:35","modified_gmt":"2025-07-21T13:32:35","slug":"tarot-tea-zero-tolerance-spiritual-btch-tarot-card-mug","status":"publish","type":"product","link":"https:\/\/badbuddhashop.com\/fr\/produit\/tarot-tea-zero-tolerance-spiritual-btch-tarot-card-mug\/","title":{"rendered":"Tarot, Th\u00e9 et Tol\u00e9rance Z\u00e9ro. Tasse Carte de Tarot Spiritual B*tch"},"content":{"rendered":"<p>Tasse Carte de Tarot Spiritual B*tch \u2013 11 oz<\/p>\n<p>Pour celle qui recharge ses cristaux, lit ses cartes\u2026 et balance un peu de sarcasme au passage.<\/p>\n<p>Cette tasse est faite pour les \u00e2mes lumineuses avec une tol\u00e9rance tr\u00e8s limit\u00e9e pour les b\u00eatises. Avec son design audacieux fa\u00e7on carte de tarot et juste ce qu\u2019il faut d\u2019attitude, elle est parfaite pour siroter ta potion matinale pendant que tu r\u00e9alignes tes chakras \u2014 ou que tu jettes un petit sort \u00e0 ton ex (on ne juge pas).<\/p>\n<p>Avec son rebord, sa anse et son int\u00e9rieur color\u00e9s, elle est aussi vibrante que ton aura et aussi assum\u00e9e que ton \u00e9nergie. Que tu boives une tisane, de l\u2019eau de lune ou un espresso bien cors\u00e9, cette tasse en c\u00e9ramique de 325 ml passe au micro-ondes et au lave-vaisselle \u2014 parce que m\u00eame les spiritual b*tches ont besoin de praticit\u00e9.<\/p>\n<p>Caract\u00e9ristiques :<\/p>\n<p>C\u00e9ramique (parce que ton \u00e9nergie m\u00e9rite de la qualit\u00e9)<br \/>\n11 oz d\u2019attitude cosmique<br \/>\nSans plomb ni BPA (on ne plaisante pas avec les bonnes vibrations)<br \/>\nVa au lave-vaisselle et au micro-ondes (tu es trop \u00e9veill\u00e9e pour faire la vaisselle \u00e0 la main)<br \/>\nD\u00e9tails color\u00e9s pour matcher ton esth\u00e9tique du troisi\u00e8me \u0153il<br \/>\nBois avec intention. Manifeste avec caf\u00e9ine. Recommence.<\/p>\n<p>Ce produit est fabriqu\u00e9 sp\u00e9cialement pour vous d\u00e8s que vous passez commande, c\u2019est pourquoi la livraison peut prendre un peu plus de temps. Produire \u00e0 la demande plut\u00f4t qu\u2019en grande quantit\u00e9 permet de r\u00e9duire la surproduction \u2014 merci de faire des choix d\u2019achat r\u00e9fl\u00e9chis\u202f!<\/p>","protected":false},"excerpt":{"rendered":"<p>Spiritual B*tch Tarot Card Mug \u2013 11 oz For the one who charges their crystals, reads their cards, and still throws a little shade. This mug is for the high-vibe soul with low tolerance for nonsense. Featuring a bold tarot card design and just the right amount of sass, it\u2019s perfect for sipping your morning [&hellip;]<\/p>\n","protected":false},"featured_media":4421,"comment_status":"open","ping_status":"closed","template":"","meta":[],"product_brand":[],"product_cat":[34],"product_tag":[],"class_list":{"0":"post-4416","1":"product","2":"type-product","3":"status-publish","4":"has-post-thumbnail","6":"product_cat-home-living-canada","8":"first","9":"instock","10":"shipping-taxable","11":"purchasable","12":"product-type-variable"},"yoast_head":"<!-- This site is optimized with the Yoast SEO plugin v27.4 - https:\/\/yoast.com\/product\/yoast-seo-wordpress\/ -->\n<title>Tarot, Tea &amp; Zero Tolerance - Spiritual B*tch Tarot Card Mug - Bad Buddha Shop<\/title>\n<meta name=\"robots\" content=\"index, follow, max-snippet:-1, max-image-preview:large, max-video-preview:-1\" \/>\n<link rel=\"canonical\" href=\"https:\/\/badbuddhashop.com\/fr\/produit\/tarot-tea-zero-tolerance-spiritual-btch-tarot-card-mug\/\" \/>\n<meta property=\"og:locale\" content=\"fr_CA\" \/>\n<meta property=\"og:type\" content=\"article\" \/>\n<meta property=\"og:title\" content=\"Tarot, Tea &amp; Zero Tolerance - Spiritual B*tch Tarot Card Mug - Bad Buddha Shop\" \/>\n<meta property=\"og:description\" content=\"Spiritual B*tch Tarot Card Mug \u2013 11 oz For the one who charges their crystals, reads their cards, and still throws a little shade. This mug is for the high-vibe soul with low tolerance for nonsense. Featuring a bold tarot card design and just the right amount of sass, it\u2019s perfect for sipping your morning [&hellip;]\" \/>\n<meta property=\"og:url\" content=\"https:\/\/badbuddhashop.com\/fr\/produit\/tarot-tea-zero-tolerance-spiritual-btch-tarot-card-mug\/\" \/>\n<meta property=\"og:site_name\" content=\"Bad Buddha Shop\" \/>\n<meta property=\"article:publisher\" content=\"https:\/\/www.facebook.com\/profile.php?id=61577341044750\" \/>\n<meta property=\"article:modified_time\" content=\"2025-07-21T13:32:35+00:00\" \/>\n<meta property=\"og:image\" content=\"https:\/\/badbuddhashop.com\/wp-content\/uploads\/2025\/07\/white-ceramic-mug-with-color-inside-black-11-oz-left-687d0b66dd139.jpg\" \/>\n\t<meta property=\"og:image:width\" content=\"2000\" \/>\n\t<meta property=\"og:image:height\" content=\"2000\" \/>\n\t<meta property=\"og:image:type\" content=\"image\/jpeg\" \/>\n<meta name=\"twitter:card\" content=\"summary_large_image\" \/>\n<meta name=\"twitter:label1\" content=\"Estimation du temps de lecture\" \/>\n\t<meta name=\"twitter:data1\" content=\"1 minute\" \/>\n<script type=\"application\/ld+json\" class=\"yoast-schema-graph\">{\"@context\":\"https:\\\/\\\/schema.org\",\"@graph\":[{\"@type\":\"WebPage\",\"@id\":\"https:\\\/\\\/badbuddhashop.com\\\/product\\\/tarot-tea-zero-tolerance-spiritual-btch-tarot-card-mug\\\/\",\"url\":\"https:\\\/\\\/badbuddhashop.com\\\/product\\\/tarot-tea-zero-tolerance-spiritual-btch-tarot-card-mug\\\/\",\"name\":\"Tarot, Tea &amp; Zero Tolerance - Spiritual B*tch Tarot Card Mug - Bad Buddha Shop\",\"isPartOf\":{\"@id\":\"https:\\\/\\\/badbuddhashop.com\\\/#website\"},\"primaryImageOfPage\":{\"@id\":\"https:\\\/\\\/badbuddhashop.com\\\/product\\\/tarot-tea-zero-tolerance-spiritual-btch-tarot-card-mug\\\/#primaryimage\"},\"image\":{\"@id\":\"https:\\\/\\\/badbuddhashop.com\\\/product\\\/tarot-tea-zero-tolerance-spiritual-btch-tarot-card-mug\\\/#primaryimage\"},\"thumbnailUrl\":\"https:\\\/\\\/badbuddhashop.com\\\/wp-content\\\/uploads\\\/2025\\\/07\\\/white-ceramic-mug-with-color-inside-black-11-oz-left-687d0b66dd139.jpg\",\"datePublished\":\"2025-07-20T15:29:52+00:00\",\"dateModified\":\"2025-07-21T13:32:35+00:00\",\"breadcrumb\":{\"@id\":\"https:\\\/\\\/badbuddhashop.com\\\/product\\\/tarot-tea-zero-tolerance-spiritual-btch-tarot-card-mug\\\/#breadcrumb\"},\"inLanguage\":\"fr-CA\",\"potentialAction\":[{\"@type\":\"ReadAction\",\"target\":[\"https:\\\/\\\/badbuddhashop.com\\\/product\\\/tarot-tea-zero-tolerance-spiritual-btch-tarot-card-mug\\\/\"]}]},{\"@type\":\"ImageObject\",\"inLanguage\":\"fr-CA\",\"@id\":\"https:\\\/\\\/badbuddhashop.com\\\/product\\\/tarot-tea-zero-tolerance-spiritual-btch-tarot-card-mug\\\/#primaryimage\",\"url\":\"https:\\\/\\\/badbuddhashop.com\\\/wp-content\\\/uploads\\\/2025\\\/07\\\/white-ceramic-mug-with-color-inside-black-11-oz-left-687d0b66dd139.jpg\",\"contentUrl\":\"https:\\\/\\\/badbuddhashop.com\\\/wp-content\\\/uploads\\\/2025\\\/07\\\/white-ceramic-mug-with-color-inside-black-11-oz-left-687d0b66dd139.jpg\",\"width\":2000,\"height\":2000},{\"@type\":\"BreadcrumbList\",\"@id\":\"https:\\\/\\\/badbuddhashop.com\\\/product\\\/tarot-tea-zero-tolerance-spiritual-btch-tarot-card-mug\\\/#breadcrumb\",\"itemListElement\":[{\"@type\":\"ListItem\",\"position\":1,\"name\":\"Home\",\"item\":\"https:\\\/\\\/badbuddhashop.com\\\/\"},{\"@type\":\"ListItem\",\"position\":2,\"name\":\"Take Your Adventure To The Next Level\",\"item\":\"https:\\\/\\\/badbuddhashop.com\\\/shop1\\\/\"},{\"@type\":\"ListItem\",\"position\":3,\"name\":\"Tarot, Tea &amp; Zero Tolerance &#8211; Spiritual B*tch Tarot Card Mug\"}]},{\"@type\":\"WebSite\",\"@id\":\"https:\\\/\\\/badbuddhashop.com\\\/#website\",\"url\":\"https:\\\/\\\/badbuddhashop.com\\\/\",\"name\":\"Bad Buddha Shop\",\"description\":\"\",\"publisher\":{\"@id\":\"https:\\\/\\\/badbuddhashop.com\\\/#organization\"},\"potentialAction\":[{\"@type\":\"SearchAction\",\"target\":{\"@type\":\"EntryPoint\",\"urlTemplate\":\"https:\\\/\\\/badbuddhashop.com\\\/?s={search_term_string}\"},\"query-input\":{\"@type\":\"PropertyValueSpecification\",\"valueRequired\":true,\"valueName\":\"search_term_string\"}}],\"inLanguage\":\"fr-CA\"},{\"@type\":\"Organization\",\"@id\":\"https:\\\/\\\/badbuddhashop.com\\\/#organization\",\"name\":\"Bad Buddha Shop\",\"url\":\"https:\\\/\\\/badbuddhashop.com\\\/\",\"logo\":{\"@type\":\"ImageObject\",\"inLanguage\":\"fr-CA\",\"@id\":\"https:\\\/\\\/badbuddhashop.com\\\/#\\\/schema\\\/logo\\\/image\\\/\",\"url\":\"https:\\\/\\\/badbuddhashop.com\\\/wp-content\\\/uploads\\\/2025\\\/06\\\/logo-cropped.png\",\"contentUrl\":\"https:\\\/\\\/badbuddhashop.com\\\/wp-content\\\/uploads\\\/2025\\\/06\\\/logo-cropped.png\",\"width\":1024,\"height\":1024,\"caption\":\"Bad Buddha Shop\"},\"image\":{\"@id\":\"https:\\\/\\\/badbuddhashop.com\\\/#\\\/schema\\\/logo\\\/image\\\/\"},\"sameAs\":[\"https:\\\/\\\/www.facebook.com\\\/profile.php?id=61577341044750\",\"https:\\\/\\\/www.instagram.com\\\/bad_buddha_shop\\\/\"]}]}<\/script>\n<!-- \/ Yoast SEO plugin. -->","yoast_head_json":{"title":"Tarot, Tea &amp; Zero Tolerance - Spiritual B*tch Tarot Card Mug - Bad Buddha Shop","robots":{"index":"index","follow":"follow","max-snippet":"max-snippet:-1","max-image-preview":"max-image-preview:large","max-video-preview":"max-video-preview:-1"},"canonical":"https:\/\/badbuddhashop.com\/fr\/produit\/tarot-tea-zero-tolerance-spiritual-btch-tarot-card-mug\/","og_locale":"fr_CA","og_type":"article","og_title":"Tarot, Tea &amp; Zero Tolerance - Spiritual B*tch Tarot Card Mug - Bad Buddha Shop","og_description":"Spiritual B*tch Tarot Card Mug \u2013 11 oz For the one who charges their crystals, reads their cards, and still throws a little shade. This mug is for the high-vibe soul with low tolerance for nonsense. Featuring a bold tarot card design and just the right amount of sass, it\u2019s perfect for sipping your morning [&hellip;]","og_url":"https:\/\/badbuddhashop.com\/fr\/produit\/tarot-tea-zero-tolerance-spiritual-btch-tarot-card-mug\/","og_site_name":"Bad Buddha Shop","article_publisher":"https:\/\/www.facebook.com\/profile.php?id=61577341044750","article_modified_time":"2025-07-21T13:32:35+00:00","og_image":[{"width":2000,"height":2000,"url":"https:\/\/badbuddhashop.com\/wp-content\/uploads\/2025\/07\/white-ceramic-mug-with-color-inside-black-11-oz-left-687d0b66dd139.jpg","type":"image\/jpeg"}],"twitter_card":"summary_large_image","twitter_misc":{"Estimation du temps de lecture":"1 minute"},"schema":{"@context":"https:\/\/schema.org","@graph":[{"@type":"WebPage","@id":"https:\/\/badbuddhashop.com\/product\/tarot-tea-zero-tolerance-spiritual-btch-tarot-card-mug\/","url":"https:\/\/badbuddhashop.com\/product\/tarot-tea-zero-tolerance-spiritual-btch-tarot-card-mug\/","name":"Tarot, Tea &amp; Zero Tolerance - Spiritual B*tch Tarot Card Mug - Bad Buddha Shop","isPartOf":{"@id":"https:\/\/badbuddhashop.com\/#website"},"primaryImageOfPage":{"@id":"https:\/\/badbuddhashop.com\/product\/tarot-tea-zero-tolerance-spiritual-btch-tarot-card-mug\/#primaryimage"},"image":{"@id":"https:\/\/badbuddhashop.com\/product\/tarot-tea-zero-tolerance-spiritual-btch-tarot-card-mug\/#primaryimage"},"thumbnailUrl":"https:\/\/badbuddhashop.com\/wp-content\/uploads\/2025\/07\/white-ceramic-mug-with-color-inside-black-11-oz-left-687d0b66dd139.jpg","datePublished":"2025-07-20T15:29:52+00:00","dateModified":"2025-07-21T13:32:35+00:00","breadcrumb":{"@id":"https:\/\/badbuddhashop.com\/product\/tarot-tea-zero-tolerance-spiritual-btch-tarot-card-mug\/#breadcrumb"},"inLanguage":"fr-CA","potentialAction":[{"@type":"ReadAction","target":["https:\/\/badbuddhashop.com\/product\/tarot-tea-zero-tolerance-spiritual-btch-tarot-card-mug\/"]}]},{"@type":"ImageObject","inLanguage":"fr-CA","@id":"https:\/\/badbuddhashop.com\/product\/tarot-tea-zero-tolerance-spiritual-btch-tarot-card-mug\/#primaryimage","url":"https:\/\/badbuddhashop.com\/wp-content\/uploads\/2025\/07\/white-ceramic-mug-with-color-inside-black-11-oz-left-687d0b66dd139.jpg","contentUrl":"https:\/\/badbuddhashop.com\/wp-content\/uploads\/2025\/07\/white-ceramic-mug-with-color-inside-black-11-oz-left-687d0b66dd139.jpg","width":2000,"height":2000},{"@type":"BreadcrumbList","@id":"https:\/\/badbuddhashop.com\/product\/tarot-tea-zero-tolerance-spiritual-btch-tarot-card-mug\/#breadcrumb","itemListElement":[{"@type":"ListItem","position":1,"name":"Home","item":"https:\/\/badbuddhashop.com\/"},{"@type":"ListItem","position":2,"name":"Take Your Adventure To The Next Level","item":"https:\/\/badbuddhashop.com\/shop1\/"},{"@type":"ListItem","position":3,"name":"Tarot, Tea &amp; Zero Tolerance &#8211; Spiritual B*tch Tarot Card Mug"}]},{"@type":"WebSite","@id":"https:\/\/badbuddhashop.com\/#website","url":"https:\/\/badbuddhashop.com\/","name":"Bad Buddha Shop","description":"","publisher":{"@id":"https:\/\/badbuddhashop.com\/#organization"},"potentialAction":[{"@type":"SearchAction","target":{"@type":"EntryPoint","urlTemplate":"https:\/\/badbuddhashop.com\/?s={search_term_string}"},"query-input":{"@type":"PropertyValueSpecification","valueRequired":true,"valueName":"search_term_string"}}],"inLanguage":"fr-CA"},{"@type":"Organization","@id":"https:\/\/badbuddhashop.com\/#organization","name":"Bad Buddha Shop","url":"https:\/\/badbuddhashop.com\/","logo":{"@type":"ImageObject","inLanguage":"fr-CA","@id":"https:\/\/badbuddhashop.com\/#\/schema\/logo\/image\/","url":"https:\/\/badbuddhashop.com\/wp-content\/uploads\/2025\/06\/logo-cropped.png","contentUrl":"https:\/\/badbuddhashop.com\/wp-content\/uploads\/2025\/06\/logo-cropped.png","width":1024,"height":1024,"caption":"Bad Buddha Shop"},"image":{"@id":"https:\/\/badbuddhashop.com\/#\/schema\/logo\/image\/"},"sameAs":["https:\/\/www.facebook.com\/profile.php?id=61577341044750","https:\/\/www.instagram.com\/bad_buddha_shop\/"]}]}},"_links":{"self":[{"href":"https:\/\/badbuddhashop.com\/fr\/wp-json\/wp\/v2\/product\/4416","targetHints":{"allow":["GET"]}}],"collection":[{"href":"https:\/\/badbuddhashop.com\/fr\/wp-json\/wp\/v2\/product"}],"about":[{"href":"https:\/\/badbuddhashop.com\/fr\/wp-json\/wp\/v2\/types\/product"}],"replies":[{"embeddable":true,"href":"https:\/\/badbuddhashop.com\/fr\/wp-json\/wp\/v2\/comments?post=4416"}],"wp:featuredmedia":[{"embeddable":true,"href":"https:\/\/badbuddhashop.com\/fr\/wp-json\/wp\/v2\/media\/4421"}],"wp:attachment":[{"href":"https:\/\/badbuddhashop.com\/fr\/wp-json\/wp\/v2\/media?parent=4416"}],"wp:term":[{"taxonomy":"product_brand","embeddable":true,"href":"https:\/\/badbuddhashop.com\/fr\/wp-json\/wp\/v2\/product_brand?post=4416"},{"taxonomy":"product_cat","embeddable":true,"href":"https:\/\/badbuddhashop.com\/fr\/wp-json\/wp\/v2\/product_cat?post=4416"},{"taxonomy":"product_tag","embeddable":true,"href":"https:\/\/badbuddhashop.com\/fr\/wp-json\/wp\/v2\/product_tag?post=4416"}],"curies":[{"name":"wp","href":"https:\/\/api.w.org\/{rel}","templated":true}]}}