{"id":4619,"date":"2025-07-24T16:11:07","date_gmt":"2025-07-24T16:11:07","guid":{"rendered":"https:\/\/badbuddhashop.com\/?post_type=product&#038;p=4619"},"modified":"2025-07-25T16:56:10","modified_gmt":"2025-07-25T16:56:10","slug":"listen-btch-affirmation-cards-50-daily-affirmations-to-remind-you-who-the-fck-you","status":"publish","type":"product","link":"https:\/\/badbuddhashop.com\/fr\/produit\/listen-btch-affirmation-cards-50-daily-affirmations-to-remind-you-who-the-fck-you\/","title":{"rendered":"Listen B*tch Cartes d'affirmation | 50 affirmations quotidiennes pour vous rappeler qui vous \u00eates"},"content":{"rendered":"<h1 id=\"title\" class=\"a-size-large a-spacing-none\"><span id=\"productTitle\" class=\"a-size-large product-title-word-break\">Listen B*tch Cartes d'affirmation | 50 affirmations quotidiennes pour vous rappeler qui vous \u00eates<\/span><\/h1>\n<ul class=\"a-unordered-list a-vertical a-spacing-mini\">\n<li class=\"a-spacing-mini\"><span class=\"a-list-item\">Parfois, m\u00eame les personnes les plus fortes ont besoin d'un peu d'\u00e9veil. Utilisez ces cinquante cartes d'affirmation positive pour vous rappeler ce dont vous \u00eates capable et l'amour que vous m\u00e9ritez. Elles peuvent \u00eatre un peu grossi\u00e8res, mais ces cartes d'affirmation sont con\u00e7ues pour vous \u00e9lever et vous propulser vers l'avant avec un amour et un soutien inconditionnels. Lisez lentement. R\u00e9p\u00e9tez-les \u00e0 haute voix. Et puis continuez comme la l\u00e9gende que vous \u00eates.<\/span><\/li>\n<li class=\"a-spacing-mini\"><span class=\"a-list-item\">Illustrations personnalis\u00e9es : ces cartes d'affirmation pour femmes comportent de belles illustrations personnalis\u00e9es d'artistes canadiens.<\/span><\/li>\n<li class=\"a-spacing-mini\"><span class=\"a-list-item\">Cartes de qualit\u00e9 : ces cartes d'affirmation positive sont fabriqu\u00e9es avec du papier cartonn\u00e9 300 g\/m\u00b2 de qualit\u00e9 sup\u00e9rieure et disposent d'\u00e9l\u00e9gants bords arrondis et d'une belle finition mate. Le jeu de cartes d'affirmation est livr\u00e9 dans un bel \u00e9tui, ce qui en fait le cadeau parfait.<\/span><\/li>\n<li class=\"a-spacing-mini\"><span class=\"a-list-item\">Cadeau significatif : ce jeu de cartes d'affirmation personnalis\u00e9 est parfait pour ceux qui recherchent un cadeau significatif.<\/span><\/li>\n<li class=\"a-spacing-mini\"><span class=\"a-list-item\">Fabriqu\u00e9es avec soin : nos cartes d'affirmation sont fabriqu\u00e9es avec du papier recycl\u00e9, certifi\u00e9 par le FSC.<\/span><\/li>\n<\/ul>","protected":false},"excerpt":{"rendered":"<p>Listen B*tch Affirmation Cards | 50 Daily Affirmations To Remind You Who The F*ck You Sometimes even the strongest people need some uplifting. Use these fifty positive affirmation cards to remind you of what you\u2019re capable of and the love that you f*cking deserve. They may be a little crass, but these affirmation cards are [&hellip;]<\/p>\n","protected":false},"featured_media":4620,"comment_status":"open","ping_status":"closed","template":"","meta":[],"product_brand":[],"product_cat":[27],"product_tag":[],"class_list":{"0":"post-4619","1":"product","2":"type-product","3":"status-publish","4":"has-post-thumbnail","6":"product_cat-spiritual-corner","7":"product_shipping_class-dieppe-products","9":"first","10":"instock","11":"shipping-taxable","12":"purchasable","13":"product-type-simple"},"yoast_head":"<!-- This site is optimized with the Yoast SEO plugin v27.4 - https:\/\/yoast.com\/product\/yoast-seo-wordpress\/ -->\n<title>Listen B*tch Affirmation Cards | 50 Daily Affirmations To Remind You Who The F*ck You - Bad Buddha Shop<\/title>\n<meta name=\"robots\" content=\"index, follow, max-snippet:-1, max-image-preview:large, max-video-preview:-1\" \/>\n<link rel=\"canonical\" href=\"https:\/\/badbuddhashop.com\/fr\/produit\/listen-btch-affirmation-cards-50-daily-affirmations-to-remind-you-who-the-fck-you\/\" \/>\n<meta property=\"og:locale\" content=\"fr_CA\" \/>\n<meta property=\"og:type\" content=\"article\" \/>\n<meta property=\"og:title\" content=\"Listen B*tch Affirmation Cards | 50 Daily Affirmations To Remind You Who The F*ck You - Bad Buddha Shop\" \/>\n<meta property=\"og:description\" content=\"Listen B*tch Affirmation Cards | 50 Daily Affirmations To Remind You Who The F*ck You Sometimes even the strongest people need some uplifting. Use these fifty positive affirmation cards to remind you of what you\u2019re capable of and the love that you f*cking deserve. They may be a little crass, but these affirmation cards are [&hellip;]\" \/>\n<meta property=\"og:url\" content=\"https:\/\/badbuddhashop.com\/fr\/produit\/listen-btch-affirmation-cards-50-daily-affirmations-to-remind-you-who-the-fck-you\/\" \/>\n<meta property=\"og:site_name\" content=\"Bad Buddha Shop\" \/>\n<meta property=\"article:publisher\" content=\"https:\/\/www.facebook.com\/profile.php?id=61577341044750\" \/>\n<meta property=\"article:modified_time\" content=\"2025-07-25T16:56:10+00:00\" \/>\n<meta property=\"og:image\" content=\"https:\/\/badbuddhashop.com\/wp-content\/uploads\/2025\/07\/61J6YWZPWfL._AC_SL1500_.jpg\" \/>\n\t<meta property=\"og:image:width\" content=\"1500\" \/>\n\t<meta property=\"og:image:height\" content=\"1353\" \/>\n\t<meta property=\"og:image:type\" content=\"image\/jpeg\" \/>\n<meta name=\"twitter:card\" content=\"summary_large_image\" \/>\n<meta name=\"twitter:label1\" content=\"Estimation du temps de lecture\" \/>\n\t<meta name=\"twitter:data1\" content=\"1 minute\" \/>\n<script type=\"application\/ld+json\" class=\"yoast-schema-graph\">{\"@context\":\"https:\\\/\\\/schema.org\",\"@graph\":[{\"@type\":\"WebPage\",\"@id\":\"https:\\\/\\\/badbuddhashop.com\\\/product\\\/listen-btch-affirmation-cards-50-daily-affirmations-to-remind-you-who-the-fck-you\\\/\",\"url\":\"https:\\\/\\\/badbuddhashop.com\\\/product\\\/listen-btch-affirmation-cards-50-daily-affirmations-to-remind-you-who-the-fck-you\\\/\",\"name\":\"Listen B*tch Affirmation Cards | 50 Daily Affirmations To Remind You Who The F*ck You - Bad Buddha Shop\",\"isPartOf\":{\"@id\":\"https:\\\/\\\/badbuddhashop.com\\\/#website\"},\"primaryImageOfPage\":{\"@id\":\"https:\\\/\\\/badbuddhashop.com\\\/product\\\/listen-btch-affirmation-cards-50-daily-affirmations-to-remind-you-who-the-fck-you\\\/#primaryimage\"},\"image\":{\"@id\":\"https:\\\/\\\/badbuddhashop.com\\\/product\\\/listen-btch-affirmation-cards-50-daily-affirmations-to-remind-you-who-the-fck-you\\\/#primaryimage\"},\"thumbnailUrl\":\"https:\\\/\\\/badbuddhashop.com\\\/wp-content\\\/uploads\\\/2025\\\/07\\\/61J6YWZPWfL._AC_SL1500_.jpg\",\"datePublished\":\"2025-07-24T16:11:07+00:00\",\"dateModified\":\"2025-07-25T16:56:10+00:00\",\"breadcrumb\":{\"@id\":\"https:\\\/\\\/badbuddhashop.com\\\/product\\\/listen-btch-affirmation-cards-50-daily-affirmations-to-remind-you-who-the-fck-you\\\/#breadcrumb\"},\"inLanguage\":\"fr-CA\",\"potentialAction\":[{\"@type\":\"ReadAction\",\"target\":[\"https:\\\/\\\/badbuddhashop.com\\\/product\\\/listen-btch-affirmation-cards-50-daily-affirmations-to-remind-you-who-the-fck-you\\\/\"]}]},{\"@type\":\"ImageObject\",\"inLanguage\":\"fr-CA\",\"@id\":\"https:\\\/\\\/badbuddhashop.com\\\/product\\\/listen-btch-affirmation-cards-50-daily-affirmations-to-remind-you-who-the-fck-you\\\/#primaryimage\",\"url\":\"https:\\\/\\\/badbuddhashop.com\\\/wp-content\\\/uploads\\\/2025\\\/07\\\/61J6YWZPWfL._AC_SL1500_.jpg\",\"contentUrl\":\"https:\\\/\\\/badbuddhashop.com\\\/wp-content\\\/uploads\\\/2025\\\/07\\\/61J6YWZPWfL._AC_SL1500_.jpg\",\"width\":1500,\"height\":1353},{\"@type\":\"BreadcrumbList\",\"@id\":\"https:\\\/\\\/badbuddhashop.com\\\/product\\\/listen-btch-affirmation-cards-50-daily-affirmations-to-remind-you-who-the-fck-you\\\/#breadcrumb\",\"itemListElement\":[{\"@type\":\"ListItem\",\"position\":1,\"name\":\"Home\",\"item\":\"https:\\\/\\\/badbuddhashop.com\\\/\"},{\"@type\":\"ListItem\",\"position\":2,\"name\":\"Take Your Adventure To The Next Level\",\"item\":\"https:\\\/\\\/badbuddhashop.com\\\/shop1\\\/\"},{\"@type\":\"ListItem\",\"position\":3,\"name\":\"Listen B*tch Affirmation Cards | 50 Daily Affirmations To Remind You Who The F*ck You\"}]},{\"@type\":\"WebSite\",\"@id\":\"https:\\\/\\\/badbuddhashop.com\\\/#website\",\"url\":\"https:\\\/\\\/badbuddhashop.com\\\/\",\"name\":\"Bad Buddha Shop\",\"description\":\"\",\"publisher\":{\"@id\":\"https:\\\/\\\/badbuddhashop.com\\\/#organization\"},\"potentialAction\":[{\"@type\":\"SearchAction\",\"target\":{\"@type\":\"EntryPoint\",\"urlTemplate\":\"https:\\\/\\\/badbuddhashop.com\\\/?s={search_term_string}\"},\"query-input\":{\"@type\":\"PropertyValueSpecification\",\"valueRequired\":true,\"valueName\":\"search_term_string\"}}],\"inLanguage\":\"fr-CA\"},{\"@type\":\"Organization\",\"@id\":\"https:\\\/\\\/badbuddhashop.com\\\/#organization\",\"name\":\"Bad Buddha Shop\",\"url\":\"https:\\\/\\\/badbuddhashop.com\\\/\",\"logo\":{\"@type\":\"ImageObject\",\"inLanguage\":\"fr-CA\",\"@id\":\"https:\\\/\\\/badbuddhashop.com\\\/#\\\/schema\\\/logo\\\/image\\\/\",\"url\":\"https:\\\/\\\/badbuddhashop.com\\\/wp-content\\\/uploads\\\/2025\\\/06\\\/logo-cropped.png\",\"contentUrl\":\"https:\\\/\\\/badbuddhashop.com\\\/wp-content\\\/uploads\\\/2025\\\/06\\\/logo-cropped.png\",\"width\":1024,\"height\":1024,\"caption\":\"Bad Buddha Shop\"},\"image\":{\"@id\":\"https:\\\/\\\/badbuddhashop.com\\\/#\\\/schema\\\/logo\\\/image\\\/\"},\"sameAs\":[\"https:\\\/\\\/www.facebook.com\\\/profile.php?id=61577341044750\",\"https:\\\/\\\/www.instagram.com\\\/bad_buddha_shop\\\/\"]}]}<\/script>\n<!-- \/ Yoast SEO plugin. -->","yoast_head_json":{"title":"Listen B*tch Affirmation Cards | 50 Daily Affirmations To Remind You Who The F*ck You - Bad Buddha Shop","robots":{"index":"index","follow":"follow","max-snippet":"max-snippet:-1","max-image-preview":"max-image-preview:large","max-video-preview":"max-video-preview:-1"},"canonical":"https:\/\/badbuddhashop.com\/fr\/produit\/listen-btch-affirmation-cards-50-daily-affirmations-to-remind-you-who-the-fck-you\/","og_locale":"fr_CA","og_type":"article","og_title":"Listen B*tch Affirmation Cards | 50 Daily Affirmations To Remind You Who The F*ck You - Bad Buddha Shop","og_description":"Listen B*tch Affirmation Cards | 50 Daily Affirmations To Remind You Who The F*ck You Sometimes even the strongest people need some uplifting. Use these fifty positive affirmation cards to remind you of what you\u2019re capable of and the love that you f*cking deserve. They may be a little crass, but these affirmation cards are [&hellip;]","og_url":"https:\/\/badbuddhashop.com\/fr\/produit\/listen-btch-affirmation-cards-50-daily-affirmations-to-remind-you-who-the-fck-you\/","og_site_name":"Bad Buddha Shop","article_publisher":"https:\/\/www.facebook.com\/profile.php?id=61577341044750","article_modified_time":"2025-07-25T16:56:10+00:00","og_image":[{"width":1500,"height":1353,"url":"https:\/\/badbuddhashop.com\/wp-content\/uploads\/2025\/07\/61J6YWZPWfL._AC_SL1500_.jpg","type":"image\/jpeg"}],"twitter_card":"summary_large_image","twitter_misc":{"Estimation du temps de lecture":"1 minute"},"schema":{"@context":"https:\/\/schema.org","@graph":[{"@type":"WebPage","@id":"https:\/\/badbuddhashop.com\/product\/listen-btch-affirmation-cards-50-daily-affirmations-to-remind-you-who-the-fck-you\/","url":"https:\/\/badbuddhashop.com\/product\/listen-btch-affirmation-cards-50-daily-affirmations-to-remind-you-who-the-fck-you\/","name":"Listen B*tch Affirmation Cards | 50 Daily Affirmations To Remind You Who The F*ck You - Bad Buddha Shop","isPartOf":{"@id":"https:\/\/badbuddhashop.com\/#website"},"primaryImageOfPage":{"@id":"https:\/\/badbuddhashop.com\/product\/listen-btch-affirmation-cards-50-daily-affirmations-to-remind-you-who-the-fck-you\/#primaryimage"},"image":{"@id":"https:\/\/badbuddhashop.com\/product\/listen-btch-affirmation-cards-50-daily-affirmations-to-remind-you-who-the-fck-you\/#primaryimage"},"thumbnailUrl":"https:\/\/badbuddhashop.com\/wp-content\/uploads\/2025\/07\/61J6YWZPWfL._AC_SL1500_.jpg","datePublished":"2025-07-24T16:11:07+00:00","dateModified":"2025-07-25T16:56:10+00:00","breadcrumb":{"@id":"https:\/\/badbuddhashop.com\/product\/listen-btch-affirmation-cards-50-daily-affirmations-to-remind-you-who-the-fck-you\/#breadcrumb"},"inLanguage":"fr-CA","potentialAction":[{"@type":"ReadAction","target":["https:\/\/badbuddhashop.com\/product\/listen-btch-affirmation-cards-50-daily-affirmations-to-remind-you-who-the-fck-you\/"]}]},{"@type":"ImageObject","inLanguage":"fr-CA","@id":"https:\/\/badbuddhashop.com\/product\/listen-btch-affirmation-cards-50-daily-affirmations-to-remind-you-who-the-fck-you\/#primaryimage","url":"https:\/\/badbuddhashop.com\/wp-content\/uploads\/2025\/07\/61J6YWZPWfL._AC_SL1500_.jpg","contentUrl":"https:\/\/badbuddhashop.com\/wp-content\/uploads\/2025\/07\/61J6YWZPWfL._AC_SL1500_.jpg","width":1500,"height":1353},{"@type":"BreadcrumbList","@id":"https:\/\/badbuddhashop.com\/product\/listen-btch-affirmation-cards-50-daily-affirmations-to-remind-you-who-the-fck-you\/#breadcrumb","itemListElement":[{"@type":"ListItem","position":1,"name":"Home","item":"https:\/\/badbuddhashop.com\/"},{"@type":"ListItem","position":2,"name":"Take Your Adventure To The Next Level","item":"https:\/\/badbuddhashop.com\/shop1\/"},{"@type":"ListItem","position":3,"name":"Listen B*tch Affirmation Cards | 50 Daily Affirmations To Remind You Who The F*ck You"}]},{"@type":"WebSite","@id":"https:\/\/badbuddhashop.com\/#website","url":"https:\/\/badbuddhashop.com\/","name":"Bad Buddha Shop","description":"","publisher":{"@id":"https:\/\/badbuddhashop.com\/#organization"},"potentialAction":[{"@type":"SearchAction","target":{"@type":"EntryPoint","urlTemplate":"https:\/\/badbuddhashop.com\/?s={search_term_string}"},"query-input":{"@type":"PropertyValueSpecification","valueRequired":true,"valueName":"search_term_string"}}],"inLanguage":"fr-CA"},{"@type":"Organization","@id":"https:\/\/badbuddhashop.com\/#organization","name":"Bad Buddha Shop","url":"https:\/\/badbuddhashop.com\/","logo":{"@type":"ImageObject","inLanguage":"fr-CA","@id":"https:\/\/badbuddhashop.com\/#\/schema\/logo\/image\/","url":"https:\/\/badbuddhashop.com\/wp-content\/uploads\/2025\/06\/logo-cropped.png","contentUrl":"https:\/\/badbuddhashop.com\/wp-content\/uploads\/2025\/06\/logo-cropped.png","width":1024,"height":1024,"caption":"Bad Buddha Shop"},"image":{"@id":"https:\/\/badbuddhashop.com\/#\/schema\/logo\/image\/"},"sameAs":["https:\/\/www.facebook.com\/profile.php?id=61577341044750","https:\/\/www.instagram.com\/bad_buddha_shop\/"]}]}},"_links":{"self":[{"href":"https:\/\/badbuddhashop.com\/fr\/wp-json\/wp\/v2\/product\/4619","targetHints":{"allow":["GET"]}}],"collection":[{"href":"https:\/\/badbuddhashop.com\/fr\/wp-json\/wp\/v2\/product"}],"about":[{"href":"https:\/\/badbuddhashop.com\/fr\/wp-json\/wp\/v2\/types\/product"}],"replies":[{"embeddable":true,"href":"https:\/\/badbuddhashop.com\/fr\/wp-json\/wp\/v2\/comments?post=4619"}],"wp:featuredmedia":[{"embeddable":true,"href":"https:\/\/badbuddhashop.com\/fr\/wp-json\/wp\/v2\/media\/4620"}],"wp:attachment":[{"href":"https:\/\/badbuddhashop.com\/fr\/wp-json\/wp\/v2\/media?parent=4619"}],"wp:term":[{"taxonomy":"product_brand","embeddable":true,"href":"https:\/\/badbuddhashop.com\/fr\/wp-json\/wp\/v2\/product_brand?post=4619"},{"taxonomy":"product_cat","embeddable":true,"href":"https:\/\/badbuddhashop.com\/fr\/wp-json\/wp\/v2\/product_cat?post=4619"},{"taxonomy":"product_tag","embeddable":true,"href":"https:\/\/badbuddhashop.com\/fr\/wp-json\/wp\/v2\/product_tag?post=4619"}],"curies":[{"name":"wp","href":"https:\/\/api.w.org\/{rel}","templated":true}]}}