{"id":5056,"date":"2025-08-07T22:23:08","date_gmt":"2025-08-07T22:23:08","guid":{"rendered":"https:\/\/badbuddhashop.com\/?post_type=product&#038;p=5056"},"modified":"2025-08-07T22:44:53","modified_gmt":"2025-08-07T22:44:53","slug":"set-sail-for-the-afterlife-in-style-skeleton-incense-holder","status":"publish","type":"product","link":"https:\/\/badbuddhashop.com\/fr\/produit\/set-sail-for-the-afterlife-in-style-skeleton-incense-holder\/","title":{"rendered":"Navigue vers l\u2019au-del\u00e0\u2026 avec panache -Porte-encens en forme de squelette"},"content":{"rendered":"<p>Tu sens que ton chemin spirituel manque un peu de\u00a0<em>charpente osseuse<\/em>? Ce br\u00fbleur d\u2019encens en forme de bateau de squelettes est l\u00e0 pour te guider \u00e0 travers les vagues d\u2019\u00e9nergie douteuse et les d\u00e9cisions de vie discutables. Avec un \u00e9quipage mort-vivant mais motiv\u00e9 et un navire clairement pas conforme aux normes de s\u00e9curit\u00e9, ce bijou transforme ton encens en une brume mystique de \u00ab j\u2019ai fait de mon mieux \u00bb.<\/p>\n<p>Parfait pour invoquer la paix, chasser les mauvaises vibes ou juste impressionner tes anc\u00eatres avec ton go\u00fbt douteux mais assum\u00e9 en d\u00e9co \u00e9sot\u00e9rique. Allume-le, regarde la fum\u00e9e couler comme des vagues fantomatiques, et laisse ton pirate int\u00e9rieur squelettique te murmurer : \u00ab Namast\u00e9\u2026 mais dramatique. \u00bb<\/p>","protected":false},"excerpt":{"rendered":"<p>Ever feel like your spiritual journey needs a little more&#8230;\u00a0bone structure? This Cute Skeleton Ship Backflow Incense Burner is here to guide your soul through turbulent vibes and questionable life choices. With a crew of dead-but-dedicated skeletons and a ship that\u2019s clearly not OSHA-approved, this burner turns your incense into a mystical fog of \u201cI [&hellip;]<\/p>\n","protected":false},"featured_media":5059,"comment_status":"open","ping_status":"closed","template":"","meta":[],"product_brand":[],"product_cat":[122],"product_tag":[],"class_list":{"0":"post-5056","1":"product","2":"type-product","3":"status-publish","4":"has-post-thumbnail","6":"product_cat-incense","7":"product_shipping_class-dieppe-products","9":"first","10":"instock","11":"shipping-taxable","12":"purchasable","13":"product-type-simple"},"yoast_head":"<!-- This site is optimized with the Yoast SEO plugin v27.4 - https:\/\/yoast.com\/product\/yoast-seo-wordpress\/ -->\n<title>Set Sail for the Afterlife (in Style) - Skeleton Incense Holder - Bad Buddha Shop<\/title>\n<meta name=\"robots\" content=\"index, follow, max-snippet:-1, max-image-preview:large, max-video-preview:-1\" \/>\n<link rel=\"canonical\" href=\"https:\/\/badbuddhashop.com\/fr\/produit\/set-sail-for-the-afterlife-in-style-skeleton-incense-holder\/\" \/>\n<meta property=\"og:locale\" content=\"fr_CA\" \/>\n<meta property=\"og:type\" content=\"article\" \/>\n<meta property=\"og:title\" content=\"Set Sail for the Afterlife (in Style) - Skeleton Incense Holder - Bad Buddha Shop\" \/>\n<meta property=\"og:description\" content=\"Ever feel like your spiritual journey needs a little more&#8230;\u00a0bone structure? This Cute Skeleton Ship Backflow Incense Burner is here to guide your soul through turbulent vibes and questionable life choices. With a crew of dead-but-dedicated skeletons and a ship that\u2019s clearly not OSHA-approved, this burner turns your incense into a mystical fog of \u201cI [&hellip;]\" \/>\n<meta property=\"og:url\" content=\"https:\/\/badbuddhashop.com\/fr\/produit\/set-sail-for-the-afterlife-in-style-skeleton-incense-holder\/\" \/>\n<meta property=\"og:site_name\" content=\"Bad Buddha Shop\" \/>\n<meta property=\"article:publisher\" content=\"https:\/\/www.facebook.com\/profile.php?id=61577341044750\" \/>\n<meta property=\"article:modified_time\" content=\"2025-08-07T22:44:53+00:00\" \/>\n<meta property=\"og:image\" content=\"https:\/\/badbuddhashop.com\/wp-content\/uploads\/2025\/08\/30366900-375d-48cb-a070-de23e051b78f.webp\" \/>\n\t<meta property=\"og:image:width\" content=\"800\" \/>\n\t<meta property=\"og:image:height\" content=\"800\" \/>\n\t<meta property=\"og:image:type\" content=\"image\/webp\" \/>\n<meta name=\"twitter:card\" content=\"summary_large_image\" \/>\n<meta name=\"twitter:label1\" content=\"Estimation du temps de lecture\" \/>\n\t<meta name=\"twitter:data1\" content=\"1 minute\" \/>\n<script type=\"application\/ld+json\" class=\"yoast-schema-graph\">{\"@context\":\"https:\\\/\\\/schema.org\",\"@graph\":[{\"@type\":\"WebPage\",\"@id\":\"https:\\\/\\\/badbuddhashop.com\\\/product\\\/set-sail-for-the-afterlife-in-style-skeleton-incense-holder\\\/\",\"url\":\"https:\\\/\\\/badbuddhashop.com\\\/product\\\/set-sail-for-the-afterlife-in-style-skeleton-incense-holder\\\/\",\"name\":\"Set Sail for the Afterlife (in Style) - Skeleton Incense Holder - Bad Buddha Shop\",\"isPartOf\":{\"@id\":\"https:\\\/\\\/badbuddhashop.com\\\/#website\"},\"primaryImageOfPage\":{\"@id\":\"https:\\\/\\\/badbuddhashop.com\\\/product\\\/set-sail-for-the-afterlife-in-style-skeleton-incense-holder\\\/#primaryimage\"},\"image\":{\"@id\":\"https:\\\/\\\/badbuddhashop.com\\\/product\\\/set-sail-for-the-afterlife-in-style-skeleton-incense-holder\\\/#primaryimage\"},\"thumbnailUrl\":\"https:\\\/\\\/badbuddhashop.com\\\/wp-content\\\/uploads\\\/2025\\\/08\\\/30366900-375d-48cb-a070-de23e051b78f.webp\",\"datePublished\":\"2025-08-07T22:23:08+00:00\",\"dateModified\":\"2025-08-07T22:44:53+00:00\",\"breadcrumb\":{\"@id\":\"https:\\\/\\\/badbuddhashop.com\\\/product\\\/set-sail-for-the-afterlife-in-style-skeleton-incense-holder\\\/#breadcrumb\"},\"inLanguage\":\"fr-CA\",\"potentialAction\":[{\"@type\":\"ReadAction\",\"target\":[\"https:\\\/\\\/badbuddhashop.com\\\/product\\\/set-sail-for-the-afterlife-in-style-skeleton-incense-holder\\\/\"]}]},{\"@type\":\"ImageObject\",\"inLanguage\":\"fr-CA\",\"@id\":\"https:\\\/\\\/badbuddhashop.com\\\/product\\\/set-sail-for-the-afterlife-in-style-skeleton-incense-holder\\\/#primaryimage\",\"url\":\"https:\\\/\\\/badbuddhashop.com\\\/wp-content\\\/uploads\\\/2025\\\/08\\\/30366900-375d-48cb-a070-de23e051b78f.webp\",\"contentUrl\":\"https:\\\/\\\/badbuddhashop.com\\\/wp-content\\\/uploads\\\/2025\\\/08\\\/30366900-375d-48cb-a070-de23e051b78f.webp\",\"width\":800,\"height\":800},{\"@type\":\"BreadcrumbList\",\"@id\":\"https:\\\/\\\/badbuddhashop.com\\\/product\\\/set-sail-for-the-afterlife-in-style-skeleton-incense-holder\\\/#breadcrumb\",\"itemListElement\":[{\"@type\":\"ListItem\",\"position\":1,\"name\":\"Home\",\"item\":\"https:\\\/\\\/badbuddhashop.com\\\/\"},{\"@type\":\"ListItem\",\"position\":2,\"name\":\"Take Your Adventure To The Next Level\",\"item\":\"https:\\\/\\\/badbuddhashop.com\\\/shop1\\\/\"},{\"@type\":\"ListItem\",\"position\":3,\"name\":\"Set Sail for the Afterlife (in Style) &#8211; Skeleton Incense Holder\"}]},{\"@type\":\"WebSite\",\"@id\":\"https:\\\/\\\/badbuddhashop.com\\\/#website\",\"url\":\"https:\\\/\\\/badbuddhashop.com\\\/\",\"name\":\"Bad Buddha Shop\",\"description\":\"\",\"publisher\":{\"@id\":\"https:\\\/\\\/badbuddhashop.com\\\/#organization\"},\"potentialAction\":[{\"@type\":\"SearchAction\",\"target\":{\"@type\":\"EntryPoint\",\"urlTemplate\":\"https:\\\/\\\/badbuddhashop.com\\\/?s={search_term_string}\"},\"query-input\":{\"@type\":\"PropertyValueSpecification\",\"valueRequired\":true,\"valueName\":\"search_term_string\"}}],\"inLanguage\":\"fr-CA\"},{\"@type\":\"Organization\",\"@id\":\"https:\\\/\\\/badbuddhashop.com\\\/#organization\",\"name\":\"Bad Buddha Shop\",\"url\":\"https:\\\/\\\/badbuddhashop.com\\\/\",\"logo\":{\"@type\":\"ImageObject\",\"inLanguage\":\"fr-CA\",\"@id\":\"https:\\\/\\\/badbuddhashop.com\\\/#\\\/schema\\\/logo\\\/image\\\/\",\"url\":\"https:\\\/\\\/badbuddhashop.com\\\/wp-content\\\/uploads\\\/2025\\\/06\\\/logo-cropped.png\",\"contentUrl\":\"https:\\\/\\\/badbuddhashop.com\\\/wp-content\\\/uploads\\\/2025\\\/06\\\/logo-cropped.png\",\"width\":1024,\"height\":1024,\"caption\":\"Bad Buddha Shop\"},\"image\":{\"@id\":\"https:\\\/\\\/badbuddhashop.com\\\/#\\\/schema\\\/logo\\\/image\\\/\"},\"sameAs\":[\"https:\\\/\\\/www.facebook.com\\\/profile.php?id=61577341044750\",\"https:\\\/\\\/www.instagram.com\\\/bad_buddha_shop\\\/\"]}]}<\/script>\n<!-- \/ Yoast SEO plugin. -->","yoast_head_json":{"title":"Set Sail for the Afterlife (in Style) - Skeleton Incense Holder - Bad Buddha Shop","robots":{"index":"index","follow":"follow","max-snippet":"max-snippet:-1","max-image-preview":"max-image-preview:large","max-video-preview":"max-video-preview:-1"},"canonical":"https:\/\/badbuddhashop.com\/fr\/produit\/set-sail-for-the-afterlife-in-style-skeleton-incense-holder\/","og_locale":"fr_CA","og_type":"article","og_title":"Set Sail for the Afterlife (in Style) - Skeleton Incense Holder - Bad Buddha Shop","og_description":"Ever feel like your spiritual journey needs a little more&#8230;\u00a0bone structure? This Cute Skeleton Ship Backflow Incense Burner is here to guide your soul through turbulent vibes and questionable life choices. With a crew of dead-but-dedicated skeletons and a ship that\u2019s clearly not OSHA-approved, this burner turns your incense into a mystical fog of \u201cI [&hellip;]","og_url":"https:\/\/badbuddhashop.com\/fr\/produit\/set-sail-for-the-afterlife-in-style-skeleton-incense-holder\/","og_site_name":"Bad Buddha Shop","article_publisher":"https:\/\/www.facebook.com\/profile.php?id=61577341044750","article_modified_time":"2025-08-07T22:44:53+00:00","og_image":[{"width":800,"height":800,"url":"https:\/\/badbuddhashop.com\/wp-content\/uploads\/2025\/08\/30366900-375d-48cb-a070-de23e051b78f.webp","type":"image\/webp"}],"twitter_card":"summary_large_image","twitter_misc":{"Estimation du temps de lecture":"1 minute"},"schema":{"@context":"https:\/\/schema.org","@graph":[{"@type":"WebPage","@id":"https:\/\/badbuddhashop.com\/product\/set-sail-for-the-afterlife-in-style-skeleton-incense-holder\/","url":"https:\/\/badbuddhashop.com\/product\/set-sail-for-the-afterlife-in-style-skeleton-incense-holder\/","name":"Set Sail for the Afterlife (in Style) - Skeleton Incense Holder - Bad Buddha Shop","isPartOf":{"@id":"https:\/\/badbuddhashop.com\/#website"},"primaryImageOfPage":{"@id":"https:\/\/badbuddhashop.com\/product\/set-sail-for-the-afterlife-in-style-skeleton-incense-holder\/#primaryimage"},"image":{"@id":"https:\/\/badbuddhashop.com\/product\/set-sail-for-the-afterlife-in-style-skeleton-incense-holder\/#primaryimage"},"thumbnailUrl":"https:\/\/badbuddhashop.com\/wp-content\/uploads\/2025\/08\/30366900-375d-48cb-a070-de23e051b78f.webp","datePublished":"2025-08-07T22:23:08+00:00","dateModified":"2025-08-07T22:44:53+00:00","breadcrumb":{"@id":"https:\/\/badbuddhashop.com\/product\/set-sail-for-the-afterlife-in-style-skeleton-incense-holder\/#breadcrumb"},"inLanguage":"fr-CA","potentialAction":[{"@type":"ReadAction","target":["https:\/\/badbuddhashop.com\/product\/set-sail-for-the-afterlife-in-style-skeleton-incense-holder\/"]}]},{"@type":"ImageObject","inLanguage":"fr-CA","@id":"https:\/\/badbuddhashop.com\/product\/set-sail-for-the-afterlife-in-style-skeleton-incense-holder\/#primaryimage","url":"https:\/\/badbuddhashop.com\/wp-content\/uploads\/2025\/08\/30366900-375d-48cb-a070-de23e051b78f.webp","contentUrl":"https:\/\/badbuddhashop.com\/wp-content\/uploads\/2025\/08\/30366900-375d-48cb-a070-de23e051b78f.webp","width":800,"height":800},{"@type":"BreadcrumbList","@id":"https:\/\/badbuddhashop.com\/product\/set-sail-for-the-afterlife-in-style-skeleton-incense-holder\/#breadcrumb","itemListElement":[{"@type":"ListItem","position":1,"name":"Home","item":"https:\/\/badbuddhashop.com\/"},{"@type":"ListItem","position":2,"name":"Take Your Adventure To The Next Level","item":"https:\/\/badbuddhashop.com\/shop1\/"},{"@type":"ListItem","position":3,"name":"Set Sail for the Afterlife (in Style) &#8211; Skeleton Incense Holder"}]},{"@type":"WebSite","@id":"https:\/\/badbuddhashop.com\/#website","url":"https:\/\/badbuddhashop.com\/","name":"Bad Buddha Shop","description":"","publisher":{"@id":"https:\/\/badbuddhashop.com\/#organization"},"potentialAction":[{"@type":"SearchAction","target":{"@type":"EntryPoint","urlTemplate":"https:\/\/badbuddhashop.com\/?s={search_term_string}"},"query-input":{"@type":"PropertyValueSpecification","valueRequired":true,"valueName":"search_term_string"}}],"inLanguage":"fr-CA"},{"@type":"Organization","@id":"https:\/\/badbuddhashop.com\/#organization","name":"Bad Buddha Shop","url":"https:\/\/badbuddhashop.com\/","logo":{"@type":"ImageObject","inLanguage":"fr-CA","@id":"https:\/\/badbuddhashop.com\/#\/schema\/logo\/image\/","url":"https:\/\/badbuddhashop.com\/wp-content\/uploads\/2025\/06\/logo-cropped.png","contentUrl":"https:\/\/badbuddhashop.com\/wp-content\/uploads\/2025\/06\/logo-cropped.png","width":1024,"height":1024,"caption":"Bad Buddha Shop"},"image":{"@id":"https:\/\/badbuddhashop.com\/#\/schema\/logo\/image\/"},"sameAs":["https:\/\/www.facebook.com\/profile.php?id=61577341044750","https:\/\/www.instagram.com\/bad_buddha_shop\/"]}]}},"_links":{"self":[{"href":"https:\/\/badbuddhashop.com\/fr\/wp-json\/wp\/v2\/product\/5056","targetHints":{"allow":["GET"]}}],"collection":[{"href":"https:\/\/badbuddhashop.com\/fr\/wp-json\/wp\/v2\/product"}],"about":[{"href":"https:\/\/badbuddhashop.com\/fr\/wp-json\/wp\/v2\/types\/product"}],"replies":[{"embeddable":true,"href":"https:\/\/badbuddhashop.com\/fr\/wp-json\/wp\/v2\/comments?post=5056"}],"wp:featuredmedia":[{"embeddable":true,"href":"https:\/\/badbuddhashop.com\/fr\/wp-json\/wp\/v2\/media\/5059"}],"wp:attachment":[{"href":"https:\/\/badbuddhashop.com\/fr\/wp-json\/wp\/v2\/media?parent=5056"}],"wp:term":[{"taxonomy":"product_brand","embeddable":true,"href":"https:\/\/badbuddhashop.com\/fr\/wp-json\/wp\/v2\/product_brand?post=5056"},{"taxonomy":"product_cat","embeddable":true,"href":"https:\/\/badbuddhashop.com\/fr\/wp-json\/wp\/v2\/product_cat?post=5056"},{"taxonomy":"product_tag","embeddable":true,"href":"https:\/\/badbuddhashop.com\/fr\/wp-json\/wp\/v2\/product_tag?post=5056"}],"curies":[{"name":"wp","href":"https:\/\/api.w.org\/{rel}","templated":true}]}}