{"id":5062,"date":"2025-08-07T22:31:41","date_gmt":"2025-08-07T22:31:41","guid":{"rendered":"https:\/\/badbuddhashop.com\/?post_type=product&#038;p=5062"},"modified":"2025-08-07T22:44:25","modified_gmt":"2025-08-07T22:44:25","slug":"chill-to-the-bone","status":"publish","type":"product","link":"https:\/\/badbuddhashop.com\/fr\/produit\/chill-to-the-bone\/","title":{"rendered":"Zen jusqu\u2019\u00e0 l\u2019os"},"content":{"rendered":"<p>Voici ton nouveau gourou du chill : un squelette tellement d\u00e9tendu qu\u2019il a litt\u00e9ralement les bras derri\u00e8re la t\u00eate\u2026 parce que quand t\u2019as plus de muscles, autant relaxer \u00e0 fond. Ce porte-encens squelette ne chasse pas juste les mauvaises \u00e9nergies \u2014 il les regarde passer avec un air de \u201cmeh, pas mon probl\u00e8me\u201d.<\/p>\n<p>Allume ton encens, regarde la fum\u00e9e s\u2019\u00e9lever comme tes attentes en mati\u00e8re de paix int\u00e9rieure, et laisse ce roi du l\u00e2cher-prise t\u2019inspirer \u00e0 ne rien faire\u2026 spirituellement, bien s\u00fbr.<\/p>","protected":false},"excerpt":{"rendered":"<p>Meet your new spiritual role model: a skeleton so relaxed, he\u2019s literally got his hands behind his head. Because when you\u2019ve got no muscles left, you might as well lean into the chill. This incense holder doesn\u2019t just clear the air \u2014 it silently judges your stress while radiating \u201cI\u2019m unbothered\u201d energy. Light it up, [&hellip;]<\/p>\n","protected":false},"featured_media":5063,"comment_status":"open","ping_status":"closed","template":"","meta":[],"product_brand":[],"product_cat":[122],"product_tag":[],"class_list":{"0":"post-5062","1":"product","2":"type-product","3":"status-publish","4":"has-post-thumbnail","6":"product_cat-incense","7":"product_shipping_class-dieppe-products","9":"first","10":"instock","11":"shipping-taxable","12":"purchasable","13":"product-type-simple"},"yoast_head":"<!-- This site is optimized with the Yoast SEO plugin v27.4 - https:\/\/yoast.com\/product\/yoast-seo-wordpress\/ -->\n<title>Chill to the Bone - Bad Buddha Shop<\/title>\n<meta name=\"robots\" content=\"index, follow, max-snippet:-1, max-image-preview:large, max-video-preview:-1\" \/>\n<link rel=\"canonical\" href=\"https:\/\/badbuddhashop.com\/fr\/produit\/chill-to-the-bone\/\" \/>\n<meta property=\"og:locale\" content=\"fr_CA\" \/>\n<meta property=\"og:type\" content=\"article\" \/>\n<meta property=\"og:title\" content=\"Chill to the Bone - Bad Buddha Shop\" \/>\n<meta property=\"og:description\" content=\"Meet your new spiritual role model: a skeleton so relaxed, he\u2019s literally got his hands behind his head. Because when you\u2019ve got no muscles left, you might as well lean into the chill. This incense holder doesn\u2019t just clear the air \u2014 it silently judges your stress while radiating \u201cI\u2019m unbothered\u201d energy. Light it up, [&hellip;]\" \/>\n<meta property=\"og:url\" content=\"https:\/\/badbuddhashop.com\/fr\/produit\/chill-to-the-bone\/\" \/>\n<meta property=\"og:site_name\" content=\"Bad Buddha Shop\" \/>\n<meta property=\"article:publisher\" content=\"https:\/\/www.facebook.com\/profile.php?id=61577341044750\" \/>\n<meta property=\"article:modified_time\" content=\"2025-08-07T22:44:25+00:00\" \/>\n<meta property=\"og:image\" content=\"https:\/\/badbuddhashop.com\/wp-content\/uploads\/2025\/08\/0a32b436-1f4c-427c-95ee-7e646e2e7a63.webp\" \/>\n\t<meta property=\"og:image:width\" content=\"800\" \/>\n\t<meta property=\"og:image:height\" content=\"800\" \/>\n\t<meta property=\"og:image:type\" content=\"image\/webp\" \/>\n<meta name=\"twitter:card\" content=\"summary_large_image\" \/>\n<meta name=\"twitter:label1\" content=\"Estimation du temps de lecture\" \/>\n\t<meta name=\"twitter:data1\" content=\"1 minute\" \/>\n<script type=\"application\/ld+json\" class=\"yoast-schema-graph\">{\"@context\":\"https:\\\/\\\/schema.org\",\"@graph\":[{\"@type\":\"WebPage\",\"@id\":\"https:\\\/\\\/badbuddhashop.com\\\/product\\\/chill-to-the-bone\\\/\",\"url\":\"https:\\\/\\\/badbuddhashop.com\\\/product\\\/chill-to-the-bone\\\/\",\"name\":\"Chill to the Bone - Bad Buddha Shop\",\"isPartOf\":{\"@id\":\"https:\\\/\\\/badbuddhashop.com\\\/#website\"},\"primaryImageOfPage\":{\"@id\":\"https:\\\/\\\/badbuddhashop.com\\\/product\\\/chill-to-the-bone\\\/#primaryimage\"},\"image\":{\"@id\":\"https:\\\/\\\/badbuddhashop.com\\\/product\\\/chill-to-the-bone\\\/#primaryimage\"},\"thumbnailUrl\":\"https:\\\/\\\/badbuddhashop.com\\\/wp-content\\\/uploads\\\/2025\\\/08\\\/0a32b436-1f4c-427c-95ee-7e646e2e7a63.webp\",\"datePublished\":\"2025-08-07T22:31:41+00:00\",\"dateModified\":\"2025-08-07T22:44:25+00:00\",\"breadcrumb\":{\"@id\":\"https:\\\/\\\/badbuddhashop.com\\\/product\\\/chill-to-the-bone\\\/#breadcrumb\"},\"inLanguage\":\"fr-CA\",\"potentialAction\":[{\"@type\":\"ReadAction\",\"target\":[\"https:\\\/\\\/badbuddhashop.com\\\/product\\\/chill-to-the-bone\\\/\"]}]},{\"@type\":\"ImageObject\",\"inLanguage\":\"fr-CA\",\"@id\":\"https:\\\/\\\/badbuddhashop.com\\\/product\\\/chill-to-the-bone\\\/#primaryimage\",\"url\":\"https:\\\/\\\/badbuddhashop.com\\\/wp-content\\\/uploads\\\/2025\\\/08\\\/0a32b436-1f4c-427c-95ee-7e646e2e7a63.webp\",\"contentUrl\":\"https:\\\/\\\/badbuddhashop.com\\\/wp-content\\\/uploads\\\/2025\\\/08\\\/0a32b436-1f4c-427c-95ee-7e646e2e7a63.webp\",\"width\":800,\"height\":800},{\"@type\":\"BreadcrumbList\",\"@id\":\"https:\\\/\\\/badbuddhashop.com\\\/product\\\/chill-to-the-bone\\\/#breadcrumb\",\"itemListElement\":[{\"@type\":\"ListItem\",\"position\":1,\"name\":\"Home\",\"item\":\"https:\\\/\\\/badbuddhashop.com\\\/\"},{\"@type\":\"ListItem\",\"position\":2,\"name\":\"Take Your Adventure To The Next Level\",\"item\":\"https:\\\/\\\/badbuddhashop.com\\\/shop1\\\/\"},{\"@type\":\"ListItem\",\"position\":3,\"name\":\"Chill to the Bone\"}]},{\"@type\":\"WebSite\",\"@id\":\"https:\\\/\\\/badbuddhashop.com\\\/#website\",\"url\":\"https:\\\/\\\/badbuddhashop.com\\\/\",\"name\":\"Bad Buddha Shop\",\"description\":\"\",\"publisher\":{\"@id\":\"https:\\\/\\\/badbuddhashop.com\\\/#organization\"},\"potentialAction\":[{\"@type\":\"SearchAction\",\"target\":{\"@type\":\"EntryPoint\",\"urlTemplate\":\"https:\\\/\\\/badbuddhashop.com\\\/?s={search_term_string}\"},\"query-input\":{\"@type\":\"PropertyValueSpecification\",\"valueRequired\":true,\"valueName\":\"search_term_string\"}}],\"inLanguage\":\"fr-CA\"},{\"@type\":\"Organization\",\"@id\":\"https:\\\/\\\/badbuddhashop.com\\\/#organization\",\"name\":\"Bad Buddha Shop\",\"url\":\"https:\\\/\\\/badbuddhashop.com\\\/\",\"logo\":{\"@type\":\"ImageObject\",\"inLanguage\":\"fr-CA\",\"@id\":\"https:\\\/\\\/badbuddhashop.com\\\/#\\\/schema\\\/logo\\\/image\\\/\",\"url\":\"https:\\\/\\\/badbuddhashop.com\\\/wp-content\\\/uploads\\\/2025\\\/06\\\/logo-cropped.png\",\"contentUrl\":\"https:\\\/\\\/badbuddhashop.com\\\/wp-content\\\/uploads\\\/2025\\\/06\\\/logo-cropped.png\",\"width\":1024,\"height\":1024,\"caption\":\"Bad Buddha Shop\"},\"image\":{\"@id\":\"https:\\\/\\\/badbuddhashop.com\\\/#\\\/schema\\\/logo\\\/image\\\/\"},\"sameAs\":[\"https:\\\/\\\/www.facebook.com\\\/profile.php?id=61577341044750\",\"https:\\\/\\\/www.instagram.com\\\/bad_buddha_shop\\\/\"]}]}<\/script>\n<!-- \/ Yoast SEO plugin. -->","yoast_head_json":{"title":"Chill to the Bone - Bad Buddha Shop","robots":{"index":"index","follow":"follow","max-snippet":"max-snippet:-1","max-image-preview":"max-image-preview:large","max-video-preview":"max-video-preview:-1"},"canonical":"https:\/\/badbuddhashop.com\/fr\/produit\/chill-to-the-bone\/","og_locale":"fr_CA","og_type":"article","og_title":"Chill to the Bone - Bad Buddha Shop","og_description":"Meet your new spiritual role model: a skeleton so relaxed, he\u2019s literally got his hands behind his head. Because when you\u2019ve got no muscles left, you might as well lean into the chill. This incense holder doesn\u2019t just clear the air \u2014 it silently judges your stress while radiating \u201cI\u2019m unbothered\u201d energy. Light it up, [&hellip;]","og_url":"https:\/\/badbuddhashop.com\/fr\/produit\/chill-to-the-bone\/","og_site_name":"Bad Buddha Shop","article_publisher":"https:\/\/www.facebook.com\/profile.php?id=61577341044750","article_modified_time":"2025-08-07T22:44:25+00:00","og_image":[{"width":800,"height":800,"url":"https:\/\/badbuddhashop.com\/wp-content\/uploads\/2025\/08\/0a32b436-1f4c-427c-95ee-7e646e2e7a63.webp","type":"image\/webp"}],"twitter_card":"summary_large_image","twitter_misc":{"Estimation du temps de lecture":"1 minute"},"schema":{"@context":"https:\/\/schema.org","@graph":[{"@type":"WebPage","@id":"https:\/\/badbuddhashop.com\/product\/chill-to-the-bone\/","url":"https:\/\/badbuddhashop.com\/product\/chill-to-the-bone\/","name":"Chill to the Bone - Bad Buddha Shop","isPartOf":{"@id":"https:\/\/badbuddhashop.com\/#website"},"primaryImageOfPage":{"@id":"https:\/\/badbuddhashop.com\/product\/chill-to-the-bone\/#primaryimage"},"image":{"@id":"https:\/\/badbuddhashop.com\/product\/chill-to-the-bone\/#primaryimage"},"thumbnailUrl":"https:\/\/badbuddhashop.com\/wp-content\/uploads\/2025\/08\/0a32b436-1f4c-427c-95ee-7e646e2e7a63.webp","datePublished":"2025-08-07T22:31:41+00:00","dateModified":"2025-08-07T22:44:25+00:00","breadcrumb":{"@id":"https:\/\/badbuddhashop.com\/product\/chill-to-the-bone\/#breadcrumb"},"inLanguage":"fr-CA","potentialAction":[{"@type":"ReadAction","target":["https:\/\/badbuddhashop.com\/product\/chill-to-the-bone\/"]}]},{"@type":"ImageObject","inLanguage":"fr-CA","@id":"https:\/\/badbuddhashop.com\/product\/chill-to-the-bone\/#primaryimage","url":"https:\/\/badbuddhashop.com\/wp-content\/uploads\/2025\/08\/0a32b436-1f4c-427c-95ee-7e646e2e7a63.webp","contentUrl":"https:\/\/badbuddhashop.com\/wp-content\/uploads\/2025\/08\/0a32b436-1f4c-427c-95ee-7e646e2e7a63.webp","width":800,"height":800},{"@type":"BreadcrumbList","@id":"https:\/\/badbuddhashop.com\/product\/chill-to-the-bone\/#breadcrumb","itemListElement":[{"@type":"ListItem","position":1,"name":"Home","item":"https:\/\/badbuddhashop.com\/"},{"@type":"ListItem","position":2,"name":"Take Your Adventure To The Next Level","item":"https:\/\/badbuddhashop.com\/shop1\/"},{"@type":"ListItem","position":3,"name":"Chill to the Bone"}]},{"@type":"WebSite","@id":"https:\/\/badbuddhashop.com\/#website","url":"https:\/\/badbuddhashop.com\/","name":"Bad Buddha Shop","description":"","publisher":{"@id":"https:\/\/badbuddhashop.com\/#organization"},"potentialAction":[{"@type":"SearchAction","target":{"@type":"EntryPoint","urlTemplate":"https:\/\/badbuddhashop.com\/?s={search_term_string}"},"query-input":{"@type":"PropertyValueSpecification","valueRequired":true,"valueName":"search_term_string"}}],"inLanguage":"fr-CA"},{"@type":"Organization","@id":"https:\/\/badbuddhashop.com\/#organization","name":"Bad Buddha Shop","url":"https:\/\/badbuddhashop.com\/","logo":{"@type":"ImageObject","inLanguage":"fr-CA","@id":"https:\/\/badbuddhashop.com\/#\/schema\/logo\/image\/","url":"https:\/\/badbuddhashop.com\/wp-content\/uploads\/2025\/06\/logo-cropped.png","contentUrl":"https:\/\/badbuddhashop.com\/wp-content\/uploads\/2025\/06\/logo-cropped.png","width":1024,"height":1024,"caption":"Bad Buddha Shop"},"image":{"@id":"https:\/\/badbuddhashop.com\/#\/schema\/logo\/image\/"},"sameAs":["https:\/\/www.facebook.com\/profile.php?id=61577341044750","https:\/\/www.instagram.com\/bad_buddha_shop\/"]}]}},"_links":{"self":[{"href":"https:\/\/badbuddhashop.com\/fr\/wp-json\/wp\/v2\/product\/5062","targetHints":{"allow":["GET"]}}],"collection":[{"href":"https:\/\/badbuddhashop.com\/fr\/wp-json\/wp\/v2\/product"}],"about":[{"href":"https:\/\/badbuddhashop.com\/fr\/wp-json\/wp\/v2\/types\/product"}],"replies":[{"embeddable":true,"href":"https:\/\/badbuddhashop.com\/fr\/wp-json\/wp\/v2\/comments?post=5062"}],"wp:featuredmedia":[{"embeddable":true,"href":"https:\/\/badbuddhashop.com\/fr\/wp-json\/wp\/v2\/media\/5063"}],"wp:attachment":[{"href":"https:\/\/badbuddhashop.com\/fr\/wp-json\/wp\/v2\/media?parent=5062"}],"wp:term":[{"taxonomy":"product_brand","embeddable":true,"href":"https:\/\/badbuddhashop.com\/fr\/wp-json\/wp\/v2\/product_brand?post=5062"},{"taxonomy":"product_cat","embeddable":true,"href":"https:\/\/badbuddhashop.com\/fr\/wp-json\/wp\/v2\/product_cat?post=5062"},{"taxonomy":"product_tag","embeddable":true,"href":"https:\/\/badbuddhashop.com\/fr\/wp-json\/wp\/v2\/product_tag?post=5062"}],"curies":[{"name":"wp","href":"https:\/\/api.w.org\/{rel}","templated":true}]}}