{"id":5072,"date":"2025-08-11T17:15:30","date_gmt":"2025-08-11T17:15:30","guid":{"rendered":"https:\/\/badbuddhashop.com\/product\/mug-with-color-inside-2\/"},"modified":"2025-08-21T22:42:26","modified_gmt":"2025-08-21T22:42:26","slug":"mug-with-color-inside-2","status":"publish","type":"product","link":"https:\/\/badbuddhashop.com\/fr\/produit\/mug-with-color-inside-2\/","title":{"rendered":"Tasse Bad Buddha\u2122 \u2013 11oz de sagesse sarcastique"},"content":{"rendered":"<p>Commence ta journ\u00e9e avec une dose de caf\u00e9ine et une claque cosmique. Cette tasse de 11oz est parfaite pour les \u00e2mes spirituelles qui m\u00e9ditent... mais avec un petit doigt lev\u00e9 \u00e0 l\u2019univers. Avec le logo Bad Buddha et l\u2019inscription \u00ab Manifest that shit \u00bb, elle te rappelle que la manifestation, c\u2019est bien beau \u2014 mais faut aussi bouger ton derri\u00e8re.\u00a0<em>might<\/em>\u00a0be listening\u2026 but only if you yell your intentions loud enough and caffeinate first. Featuring the iconic Bad Buddha logo, this mug is perfect for spiritual rebels who believe in chakras, crystals, and calling out cosmic BS.<\/p>\n<p>Que tu manifestes la paix int\u00e9rieure ou juste un stationnement devant le caf\u00e9, cette tasse est l\u00e0 pour te soutenir (et te juger un peu). Va au lave-vaisselle sans chialer, mais ne garantit pas que tes chakras vont s\u2019aligner.<\/p>\n<p><strong>Namast\u00e9, ma belle gang de crinqu\u00e9s.<\/strong><\/p>","protected":false},"excerpt":{"rendered":"<p>Sip serenity with a side of sarcasm. This 11oz ceramic vessel is your daily reminder that the universe\u00a0might\u00a0be listening\u2026 but only if you yell your intentions loud enough and caffeinate first. Featuring the iconic Bad Buddha logo, this mug is perfect for spiritual rebels who believe in chakras, crystals, and calling out cosmic BS. Whether [&hellip;]<\/p>\n","protected":false},"featured_media":5118,"comment_status":"open","ping_status":"closed","template":"","meta":[],"product_brand":[],"product_cat":[34],"product_tag":[],"class_list":{"0":"post-5072","1":"product","2":"type-product","3":"status-publish","4":"has-post-thumbnail","6":"product_cat-home-living-canada","8":"first","9":"instock","10":"shipping-taxable","11":"purchasable","12":"product-type-variable"},"yoast_head":"<!-- This site is optimized with the Yoast SEO plugin v27.4 - https:\/\/yoast.com\/product\/yoast-seo-wordpress\/ -->\n<title>Bad Buddha\u2122 Manifestation Mug \u2013 11oz of Enlightened Sass - Bad Buddha Shop<\/title>\n<meta name=\"robots\" content=\"index, follow, max-snippet:-1, max-image-preview:large, max-video-preview:-1\" \/>\n<link rel=\"canonical\" href=\"https:\/\/badbuddhashop.com\/fr\/produit\/mug-with-color-inside-2\/\" \/>\n<meta property=\"og:locale\" content=\"fr_CA\" \/>\n<meta property=\"og:type\" content=\"article\" \/>\n<meta property=\"og:title\" content=\"Bad Buddha\u2122 Manifestation Mug \u2013 11oz of Enlightened Sass - Bad Buddha Shop\" \/>\n<meta property=\"og:description\" content=\"Sip serenity with a side of sarcasm. This 11oz ceramic vessel is your daily reminder that the universe\u00a0might\u00a0be listening\u2026 but only if you yell your intentions loud enough and caffeinate first. Featuring the iconic Bad Buddha logo, this mug is perfect for spiritual rebels who believe in chakras, crystals, and calling out cosmic BS. Whether [&hellip;]\" \/>\n<meta property=\"og:url\" content=\"https:\/\/badbuddhashop.com\/fr\/produit\/mug-with-color-inside-2\/\" \/>\n<meta property=\"og:site_name\" content=\"Bad Buddha Shop\" \/>\n<meta property=\"article:publisher\" content=\"https:\/\/www.facebook.com\/profile.php?id=61577341044750\" \/>\n<meta property=\"article:modified_time\" content=\"2025-08-21T22:42:26+00:00\" \/>\n<meta property=\"og:image\" content=\"https:\/\/badbuddhashop.com\/wp-content\/uploads\/2025\/08\/white-ceramic-mug-with-color-inside-black-11-oz-front-68a79a5f190d7.jpg\" \/>\n\t<meta property=\"og:image:width\" content=\"2000\" \/>\n\t<meta property=\"og:image:height\" content=\"2000\" \/>\n\t<meta property=\"og:image:type\" content=\"image\/jpeg\" \/>\n<meta name=\"twitter:card\" content=\"summary_large_image\" \/>\n<meta name=\"twitter:label1\" content=\"Estimation du temps de lecture\" \/>\n\t<meta name=\"twitter:data1\" content=\"1 minute\" \/>\n<script type=\"application\/ld+json\" class=\"yoast-schema-graph\">{\"@context\":\"https:\\\/\\\/schema.org\",\"@graph\":[{\"@type\":\"WebPage\",\"@id\":\"https:\\\/\\\/badbuddhashop.com\\\/product\\\/mug-with-color-inside-2\\\/\",\"url\":\"https:\\\/\\\/badbuddhashop.com\\\/product\\\/mug-with-color-inside-2\\\/\",\"name\":\"Bad Buddha\u2122 Manifestation Mug \u2013 11oz of Enlightened Sass - Bad Buddha Shop\",\"isPartOf\":{\"@id\":\"https:\\\/\\\/badbuddhashop.com\\\/#website\"},\"primaryImageOfPage\":{\"@id\":\"https:\\\/\\\/badbuddhashop.com\\\/product\\\/mug-with-color-inside-2\\\/#primaryimage\"},\"image\":{\"@id\":\"https:\\\/\\\/badbuddhashop.com\\\/product\\\/mug-with-color-inside-2\\\/#primaryimage\"},\"thumbnailUrl\":\"https:\\\/\\\/badbuddhashop.com\\\/wp-content\\\/uploads\\\/2025\\\/08\\\/white-ceramic-mug-with-color-inside-black-11-oz-front-68a79a5f190d7.jpg\",\"datePublished\":\"2025-08-11T17:15:30+00:00\",\"dateModified\":\"2025-08-21T22:42:26+00:00\",\"breadcrumb\":{\"@id\":\"https:\\\/\\\/badbuddhashop.com\\\/product\\\/mug-with-color-inside-2\\\/#breadcrumb\"},\"inLanguage\":\"fr-CA\",\"potentialAction\":[{\"@type\":\"ReadAction\",\"target\":[\"https:\\\/\\\/badbuddhashop.com\\\/product\\\/mug-with-color-inside-2\\\/\"]}]},{\"@type\":\"ImageObject\",\"inLanguage\":\"fr-CA\",\"@id\":\"https:\\\/\\\/badbuddhashop.com\\\/product\\\/mug-with-color-inside-2\\\/#primaryimage\",\"url\":\"https:\\\/\\\/badbuddhashop.com\\\/wp-content\\\/uploads\\\/2025\\\/08\\\/white-ceramic-mug-with-color-inside-black-11-oz-front-68a79a5f190d7.jpg\",\"contentUrl\":\"https:\\\/\\\/badbuddhashop.com\\\/wp-content\\\/uploads\\\/2025\\\/08\\\/white-ceramic-mug-with-color-inside-black-11-oz-front-68a79a5f190d7.jpg\",\"width\":2000,\"height\":2000},{\"@type\":\"BreadcrumbList\",\"@id\":\"https:\\\/\\\/badbuddhashop.com\\\/product\\\/mug-with-color-inside-2\\\/#breadcrumb\",\"itemListElement\":[{\"@type\":\"ListItem\",\"position\":1,\"name\":\"Home\",\"item\":\"https:\\\/\\\/badbuddhashop.com\\\/\"},{\"@type\":\"ListItem\",\"position\":2,\"name\":\"Take Your Adventure To The Next Level\",\"item\":\"https:\\\/\\\/badbuddhashop.com\\\/shop1\\\/\"},{\"@type\":\"ListItem\",\"position\":3,\"name\":\"Bad Buddha\u2122 Manifestation Mug \u2013 11oz of Enlightened Sass\"}]},{\"@type\":\"WebSite\",\"@id\":\"https:\\\/\\\/badbuddhashop.com\\\/#website\",\"url\":\"https:\\\/\\\/badbuddhashop.com\\\/\",\"name\":\"Bad Buddha Shop\",\"description\":\"\",\"publisher\":{\"@id\":\"https:\\\/\\\/badbuddhashop.com\\\/#organization\"},\"potentialAction\":[{\"@type\":\"SearchAction\",\"target\":{\"@type\":\"EntryPoint\",\"urlTemplate\":\"https:\\\/\\\/badbuddhashop.com\\\/?s={search_term_string}\"},\"query-input\":{\"@type\":\"PropertyValueSpecification\",\"valueRequired\":true,\"valueName\":\"search_term_string\"}}],\"inLanguage\":\"fr-CA\"},{\"@type\":\"Organization\",\"@id\":\"https:\\\/\\\/badbuddhashop.com\\\/#organization\",\"name\":\"Bad Buddha Shop\",\"url\":\"https:\\\/\\\/badbuddhashop.com\\\/\",\"logo\":{\"@type\":\"ImageObject\",\"inLanguage\":\"fr-CA\",\"@id\":\"https:\\\/\\\/badbuddhashop.com\\\/#\\\/schema\\\/logo\\\/image\\\/\",\"url\":\"https:\\\/\\\/badbuddhashop.com\\\/wp-content\\\/uploads\\\/2025\\\/06\\\/logo-cropped.png\",\"contentUrl\":\"https:\\\/\\\/badbuddhashop.com\\\/wp-content\\\/uploads\\\/2025\\\/06\\\/logo-cropped.png\",\"width\":1024,\"height\":1024,\"caption\":\"Bad Buddha Shop\"},\"image\":{\"@id\":\"https:\\\/\\\/badbuddhashop.com\\\/#\\\/schema\\\/logo\\\/image\\\/\"},\"sameAs\":[\"https:\\\/\\\/www.facebook.com\\\/profile.php?id=61577341044750\",\"https:\\\/\\\/www.instagram.com\\\/bad_buddha_shop\\\/\"]}]}<\/script>\n<!-- \/ Yoast SEO plugin. -->","yoast_head_json":{"title":"Bad Buddha\u2122 Manifestation Mug \u2013 11oz of Enlightened Sass - Bad Buddha Shop","robots":{"index":"index","follow":"follow","max-snippet":"max-snippet:-1","max-image-preview":"max-image-preview:large","max-video-preview":"max-video-preview:-1"},"canonical":"https:\/\/badbuddhashop.com\/fr\/produit\/mug-with-color-inside-2\/","og_locale":"fr_CA","og_type":"article","og_title":"Bad Buddha\u2122 Manifestation Mug \u2013 11oz of Enlightened Sass - Bad Buddha Shop","og_description":"Sip serenity with a side of sarcasm. This 11oz ceramic vessel is your daily reminder that the universe\u00a0might\u00a0be listening\u2026 but only if you yell your intentions loud enough and caffeinate first. Featuring the iconic Bad Buddha logo, this mug is perfect for spiritual rebels who believe in chakras, crystals, and calling out cosmic BS. Whether [&hellip;]","og_url":"https:\/\/badbuddhashop.com\/fr\/produit\/mug-with-color-inside-2\/","og_site_name":"Bad Buddha Shop","article_publisher":"https:\/\/www.facebook.com\/profile.php?id=61577341044750","article_modified_time":"2025-08-21T22:42:26+00:00","og_image":[{"width":2000,"height":2000,"url":"https:\/\/badbuddhashop.com\/wp-content\/uploads\/2025\/08\/white-ceramic-mug-with-color-inside-black-11-oz-front-68a79a5f190d7.jpg","type":"image\/jpeg"}],"twitter_card":"summary_large_image","twitter_misc":{"Estimation du temps de lecture":"1 minute"},"schema":{"@context":"https:\/\/schema.org","@graph":[{"@type":"WebPage","@id":"https:\/\/badbuddhashop.com\/product\/mug-with-color-inside-2\/","url":"https:\/\/badbuddhashop.com\/product\/mug-with-color-inside-2\/","name":"Bad Buddha\u2122 Manifestation Mug \u2013 11oz of Enlightened Sass - Bad Buddha Shop","isPartOf":{"@id":"https:\/\/badbuddhashop.com\/#website"},"primaryImageOfPage":{"@id":"https:\/\/badbuddhashop.com\/product\/mug-with-color-inside-2\/#primaryimage"},"image":{"@id":"https:\/\/badbuddhashop.com\/product\/mug-with-color-inside-2\/#primaryimage"},"thumbnailUrl":"https:\/\/badbuddhashop.com\/wp-content\/uploads\/2025\/08\/white-ceramic-mug-with-color-inside-black-11-oz-front-68a79a5f190d7.jpg","datePublished":"2025-08-11T17:15:30+00:00","dateModified":"2025-08-21T22:42:26+00:00","breadcrumb":{"@id":"https:\/\/badbuddhashop.com\/product\/mug-with-color-inside-2\/#breadcrumb"},"inLanguage":"fr-CA","potentialAction":[{"@type":"ReadAction","target":["https:\/\/badbuddhashop.com\/product\/mug-with-color-inside-2\/"]}]},{"@type":"ImageObject","inLanguage":"fr-CA","@id":"https:\/\/badbuddhashop.com\/product\/mug-with-color-inside-2\/#primaryimage","url":"https:\/\/badbuddhashop.com\/wp-content\/uploads\/2025\/08\/white-ceramic-mug-with-color-inside-black-11-oz-front-68a79a5f190d7.jpg","contentUrl":"https:\/\/badbuddhashop.com\/wp-content\/uploads\/2025\/08\/white-ceramic-mug-with-color-inside-black-11-oz-front-68a79a5f190d7.jpg","width":2000,"height":2000},{"@type":"BreadcrumbList","@id":"https:\/\/badbuddhashop.com\/product\/mug-with-color-inside-2\/#breadcrumb","itemListElement":[{"@type":"ListItem","position":1,"name":"Home","item":"https:\/\/badbuddhashop.com\/"},{"@type":"ListItem","position":2,"name":"Take Your Adventure To The Next Level","item":"https:\/\/badbuddhashop.com\/shop1\/"},{"@type":"ListItem","position":3,"name":"Bad Buddha\u2122 Manifestation Mug \u2013 11oz of Enlightened Sass"}]},{"@type":"WebSite","@id":"https:\/\/badbuddhashop.com\/#website","url":"https:\/\/badbuddhashop.com\/","name":"Bad Buddha Shop","description":"","publisher":{"@id":"https:\/\/badbuddhashop.com\/#organization"},"potentialAction":[{"@type":"SearchAction","target":{"@type":"EntryPoint","urlTemplate":"https:\/\/badbuddhashop.com\/?s={search_term_string}"},"query-input":{"@type":"PropertyValueSpecification","valueRequired":true,"valueName":"search_term_string"}}],"inLanguage":"fr-CA"},{"@type":"Organization","@id":"https:\/\/badbuddhashop.com\/#organization","name":"Bad Buddha Shop","url":"https:\/\/badbuddhashop.com\/","logo":{"@type":"ImageObject","inLanguage":"fr-CA","@id":"https:\/\/badbuddhashop.com\/#\/schema\/logo\/image\/","url":"https:\/\/badbuddhashop.com\/wp-content\/uploads\/2025\/06\/logo-cropped.png","contentUrl":"https:\/\/badbuddhashop.com\/wp-content\/uploads\/2025\/06\/logo-cropped.png","width":1024,"height":1024,"caption":"Bad Buddha Shop"},"image":{"@id":"https:\/\/badbuddhashop.com\/#\/schema\/logo\/image\/"},"sameAs":["https:\/\/www.facebook.com\/profile.php?id=61577341044750","https:\/\/www.instagram.com\/bad_buddha_shop\/"]}]}},"_links":{"self":[{"href":"https:\/\/badbuddhashop.com\/fr\/wp-json\/wp\/v2\/product\/5072","targetHints":{"allow":["GET"]}}],"collection":[{"href":"https:\/\/badbuddhashop.com\/fr\/wp-json\/wp\/v2\/product"}],"about":[{"href":"https:\/\/badbuddhashop.com\/fr\/wp-json\/wp\/v2\/types\/product"}],"replies":[{"embeddable":true,"href":"https:\/\/badbuddhashop.com\/fr\/wp-json\/wp\/v2\/comments?post=5072"}],"wp:featuredmedia":[{"embeddable":true,"href":"https:\/\/badbuddhashop.com\/fr\/wp-json\/wp\/v2\/media\/5118"}],"wp:attachment":[{"href":"https:\/\/badbuddhashop.com\/fr\/wp-json\/wp\/v2\/media?parent=5072"}],"wp:term":[{"taxonomy":"product_brand","embeddable":true,"href":"https:\/\/badbuddhashop.com\/fr\/wp-json\/wp\/v2\/product_brand?post=5072"},{"taxonomy":"product_cat","embeddable":true,"href":"https:\/\/badbuddhashop.com\/fr\/wp-json\/wp\/v2\/product_cat?post=5072"},{"taxonomy":"product_tag","embeddable":true,"href":"https:\/\/badbuddhashop.com\/fr\/wp-json\/wp\/v2\/product_tag?post=5072"}],"curies":[{"name":"wp","href":"https:\/\/api.w.org\/{rel}","templated":true}]}}