{"id":525,"date":"2025-06-30T03:06:01","date_gmt":"2025-06-30T03:06:01","guid":{"rendered":"https:\/\/badbuddhashop.com\/product\/manifest-that-shit-car-air-freshener-bad-buddha-design\/"},"modified":"2025-07-26T13:37:20","modified_gmt":"2025-07-26T13:37:20","slug":"manifest-that-shit-car-air-freshener-bad-buddha-design","status":"publish","type":"product","link":"https:\/\/badbuddhashop.com\/fr\/produit\/manifest-that-shit-car-air-freshener-bad-buddha-design\/","title":{"rendered":"Saintes Odeurs &amp; Pens\u00e9es Impures. D\u00e9sodorisant de Voiture Manifest That Shit Bad Buddha"},"content":{"rendered":"<p>Ce n\u2019est pas juste un d\u00e9sodorisant \u2014 c\u2019est un mini boost d\u2019humeur accroch\u00e9 \u00e0 ton r\u00e9troviseur. Que tu sois pris dans le trafic ou en route vers l\u2019aventure, il garde ton char frais et ton \u00e9nergie encore plus fra\u00eeche. En plus, il est cute.<\/p>","protected":false},"excerpt":{"rendered":"<p>Ce n\u2019est pas juste un d\u00e9sodorisant \u2014 c\u2019est un mini boost d\u2019humeur accroch\u00e9 \u00e0 ton r\u00e9troviseur. Que tu sois pris dans le trafic ou en route vers l\u2019aventure, il garde ton char frais et ton \u00e9nergie encore plus fra\u00eeche. En plus, il est cute.<\/p>","protected":false},"featured_media":1066,"comment_status":"open","ping_status":"closed","template":"","meta":[],"product_brand":[],"product_cat":[24],"product_tag":[],"class_list":{"0":"post-525","1":"product","2":"type-product","3":"status-publish","4":"has-post-thumbnail","6":"product_cat-accessories","7":"product_shipping_class-printify-shipping","9":"first","10":"instock","11":"shipping-taxable","12":"purchasable","13":"product-type-variable","14":"has-default-attributes"},"yoast_head":"<!-- This site is optimized with the Yoast SEO plugin v27.4 - https:\/\/yoast.com\/product\/yoast-seo-wordpress\/ -->\n<title>Holy Smells &amp; Unholy Thoughts. Manifest That Shit - Car Air Freshener - Bad Buddha Design - Bad Buddha Shop<\/title>\n<meta name=\"robots\" content=\"index, follow, max-snippet:-1, max-image-preview:large, max-video-preview:-1\" \/>\n<link rel=\"canonical\" href=\"https:\/\/badbuddhashop.com\/fr\/produit\/manifest-that-shit-car-air-freshener-bad-buddha-design\/\" \/>\n<meta property=\"og:locale\" content=\"fr_CA\" \/>\n<meta property=\"og:type\" content=\"article\" \/>\n<meta property=\"og:title\" content=\"Holy Smells &amp; Unholy Thoughts. Manifest That Shit - Car Air Freshener - Bad Buddha Design - Bad Buddha Shop\" \/>\n<meta property=\"og:description\" content=\"This isn\u2019t just an air freshener \u2014 it\u2019s a tiny mood booster for your dashboard. Whether you&#8217;re stuck in traffic or cruising toward your next adventure, it keeps your car smelling fresh and your energy even fresher. Bonus: it looks cute while doing it.\" \/>\n<meta property=\"og:url\" content=\"https:\/\/badbuddhashop.com\/fr\/produit\/manifest-that-shit-car-air-freshener-bad-buddha-design\/\" \/>\n<meta property=\"og:site_name\" content=\"Bad Buddha Shop\" \/>\n<meta property=\"article:publisher\" content=\"https:\/\/www.facebook.com\/profile.php?id=61577341044750\" \/>\n<meta property=\"article:modified_time\" content=\"2025-07-26T13:37:20+00:00\" \/>\n<meta property=\"og:image\" content=\"https:\/\/badbuddhashop.com\/wp-content\/uploads\/2025\/07\/17095340335939999296_2048.jpeg\" \/>\n\t<meta property=\"og:image:width\" content=\"2048\" \/>\n\t<meta property=\"og:image:height\" content=\"2048\" \/>\n\t<meta property=\"og:image:type\" content=\"image\/jpeg\" \/>\n<meta name=\"twitter:card\" content=\"summary_large_image\" \/>\n<meta name=\"twitter:label1\" content=\"Estimation du temps de lecture\" \/>\n\t<meta name=\"twitter:data1\" content=\"1 minute\" \/>\n<script type=\"application\/ld+json\" class=\"yoast-schema-graph\">{\"@context\":\"https:\\\/\\\/schema.org\",\"@graph\":[{\"@type\":\"WebPage\",\"@id\":\"https:\\\/\\\/badbuddhashop.com\\\/product\\\/manifest-that-shit-car-air-freshener-bad-buddha-design\\\/\",\"url\":\"https:\\\/\\\/badbuddhashop.com\\\/product\\\/manifest-that-shit-car-air-freshener-bad-buddha-design\\\/\",\"name\":\"Holy Smells & Unholy Thoughts. Manifest That Shit - Car Air Freshener - Bad Buddha Design - Bad Buddha Shop\",\"isPartOf\":{\"@id\":\"https:\\\/\\\/badbuddhashop.com\\\/#website\"},\"primaryImageOfPage\":{\"@id\":\"https:\\\/\\\/badbuddhashop.com\\\/product\\\/manifest-that-shit-car-air-freshener-bad-buddha-design\\\/#primaryimage\"},\"image\":{\"@id\":\"https:\\\/\\\/badbuddhashop.com\\\/product\\\/manifest-that-shit-car-air-freshener-bad-buddha-design\\\/#primaryimage\"},\"thumbnailUrl\":\"https:\\\/\\\/badbuddhashop.com\\\/wp-content\\\/uploads\\\/2025\\\/07\\\/17095340335939999296_2048.jpeg\",\"datePublished\":\"2025-06-30T03:06:01+00:00\",\"dateModified\":\"2025-07-26T13:37:20+00:00\",\"breadcrumb\":{\"@id\":\"https:\\\/\\\/badbuddhashop.com\\\/product\\\/manifest-that-shit-car-air-freshener-bad-buddha-design\\\/#breadcrumb\"},\"inLanguage\":\"fr-CA\",\"potentialAction\":[{\"@type\":\"ReadAction\",\"target\":[\"https:\\\/\\\/badbuddhashop.com\\\/product\\\/manifest-that-shit-car-air-freshener-bad-buddha-design\\\/\"]}]},{\"@type\":\"ImageObject\",\"inLanguage\":\"fr-CA\",\"@id\":\"https:\\\/\\\/badbuddhashop.com\\\/product\\\/manifest-that-shit-car-air-freshener-bad-buddha-design\\\/#primaryimage\",\"url\":\"https:\\\/\\\/badbuddhashop.com\\\/wp-content\\\/uploads\\\/2025\\\/07\\\/17095340335939999296_2048.jpeg\",\"contentUrl\":\"https:\\\/\\\/badbuddhashop.com\\\/wp-content\\\/uploads\\\/2025\\\/07\\\/17095340335939999296_2048.jpeg\",\"width\":2048,\"height\":2048},{\"@type\":\"BreadcrumbList\",\"@id\":\"https:\\\/\\\/badbuddhashop.com\\\/product\\\/manifest-that-shit-car-air-freshener-bad-buddha-design\\\/#breadcrumb\",\"itemListElement\":[{\"@type\":\"ListItem\",\"position\":1,\"name\":\"Home\",\"item\":\"https:\\\/\\\/badbuddhashop.com\\\/\"},{\"@type\":\"ListItem\",\"position\":2,\"name\":\"Take Your Adventure To The Next Level\",\"item\":\"https:\\\/\\\/badbuddhashop.com\\\/shop1\\\/\"},{\"@type\":\"ListItem\",\"position\":3,\"name\":\"Holy Smells &#038; Unholy Thoughts. Manifest That Shit &#8211; Car Air Freshener &#8211; Bad Buddha Design\"}]},{\"@type\":\"WebSite\",\"@id\":\"https:\\\/\\\/badbuddhashop.com\\\/#website\",\"url\":\"https:\\\/\\\/badbuddhashop.com\\\/\",\"name\":\"Bad Buddha Shop\",\"description\":\"\",\"publisher\":{\"@id\":\"https:\\\/\\\/badbuddhashop.com\\\/#organization\"},\"potentialAction\":[{\"@type\":\"SearchAction\",\"target\":{\"@type\":\"EntryPoint\",\"urlTemplate\":\"https:\\\/\\\/badbuddhashop.com\\\/?s={search_term_string}\"},\"query-input\":{\"@type\":\"PropertyValueSpecification\",\"valueRequired\":true,\"valueName\":\"search_term_string\"}}],\"inLanguage\":\"fr-CA\"},{\"@type\":\"Organization\",\"@id\":\"https:\\\/\\\/badbuddhashop.com\\\/#organization\",\"name\":\"Bad Buddha Shop\",\"url\":\"https:\\\/\\\/badbuddhashop.com\\\/\",\"logo\":{\"@type\":\"ImageObject\",\"inLanguage\":\"fr-CA\",\"@id\":\"https:\\\/\\\/badbuddhashop.com\\\/#\\\/schema\\\/logo\\\/image\\\/\",\"url\":\"https:\\\/\\\/badbuddhashop.com\\\/wp-content\\\/uploads\\\/2025\\\/06\\\/logo-cropped.png\",\"contentUrl\":\"https:\\\/\\\/badbuddhashop.com\\\/wp-content\\\/uploads\\\/2025\\\/06\\\/logo-cropped.png\",\"width\":1024,\"height\":1024,\"caption\":\"Bad Buddha Shop\"},\"image\":{\"@id\":\"https:\\\/\\\/badbuddhashop.com\\\/#\\\/schema\\\/logo\\\/image\\\/\"},\"sameAs\":[\"https:\\\/\\\/www.facebook.com\\\/profile.php?id=61577341044750\",\"https:\\\/\\\/www.instagram.com\\\/bad_buddha_shop\\\/\"]}]}<\/script>\n<!-- \/ Yoast SEO plugin. -->","yoast_head_json":{"title":"Holy Smells & Unholy Thoughts. Manifest That Shit - Car Air Freshener - Bad Buddha Design - Bad Buddha Shop","robots":{"index":"index","follow":"follow","max-snippet":"max-snippet:-1","max-image-preview":"max-image-preview:large","max-video-preview":"max-video-preview:-1"},"canonical":"https:\/\/badbuddhashop.com\/fr\/produit\/manifest-that-shit-car-air-freshener-bad-buddha-design\/","og_locale":"fr_CA","og_type":"article","og_title":"Holy Smells & Unholy Thoughts. Manifest That Shit - Car Air Freshener - Bad Buddha Design - Bad Buddha Shop","og_description":"This isn\u2019t just an air freshener \u2014 it\u2019s a tiny mood booster for your dashboard. Whether you&#8217;re stuck in traffic or cruising toward your next adventure, it keeps your car smelling fresh and your energy even fresher. Bonus: it looks cute while doing it.","og_url":"https:\/\/badbuddhashop.com\/fr\/produit\/manifest-that-shit-car-air-freshener-bad-buddha-design\/","og_site_name":"Bad Buddha Shop","article_publisher":"https:\/\/www.facebook.com\/profile.php?id=61577341044750","article_modified_time":"2025-07-26T13:37:20+00:00","og_image":[{"width":2048,"height":2048,"url":"https:\/\/badbuddhashop.com\/wp-content\/uploads\/2025\/07\/17095340335939999296_2048.jpeg","type":"image\/jpeg"}],"twitter_card":"summary_large_image","twitter_misc":{"Estimation du temps de lecture":"1 minute"},"schema":{"@context":"https:\/\/schema.org","@graph":[{"@type":"WebPage","@id":"https:\/\/badbuddhashop.com\/product\/manifest-that-shit-car-air-freshener-bad-buddha-design\/","url":"https:\/\/badbuddhashop.com\/product\/manifest-that-shit-car-air-freshener-bad-buddha-design\/","name":"Holy Smells & Unholy Thoughts. Manifest That Shit - Car Air Freshener - Bad Buddha Design - Bad Buddha Shop","isPartOf":{"@id":"https:\/\/badbuddhashop.com\/#website"},"primaryImageOfPage":{"@id":"https:\/\/badbuddhashop.com\/product\/manifest-that-shit-car-air-freshener-bad-buddha-design\/#primaryimage"},"image":{"@id":"https:\/\/badbuddhashop.com\/product\/manifest-that-shit-car-air-freshener-bad-buddha-design\/#primaryimage"},"thumbnailUrl":"https:\/\/badbuddhashop.com\/wp-content\/uploads\/2025\/07\/17095340335939999296_2048.jpeg","datePublished":"2025-06-30T03:06:01+00:00","dateModified":"2025-07-26T13:37:20+00:00","breadcrumb":{"@id":"https:\/\/badbuddhashop.com\/product\/manifest-that-shit-car-air-freshener-bad-buddha-design\/#breadcrumb"},"inLanguage":"fr-CA","potentialAction":[{"@type":"ReadAction","target":["https:\/\/badbuddhashop.com\/product\/manifest-that-shit-car-air-freshener-bad-buddha-design\/"]}]},{"@type":"ImageObject","inLanguage":"fr-CA","@id":"https:\/\/badbuddhashop.com\/product\/manifest-that-shit-car-air-freshener-bad-buddha-design\/#primaryimage","url":"https:\/\/badbuddhashop.com\/wp-content\/uploads\/2025\/07\/17095340335939999296_2048.jpeg","contentUrl":"https:\/\/badbuddhashop.com\/wp-content\/uploads\/2025\/07\/17095340335939999296_2048.jpeg","width":2048,"height":2048},{"@type":"BreadcrumbList","@id":"https:\/\/badbuddhashop.com\/product\/manifest-that-shit-car-air-freshener-bad-buddha-design\/#breadcrumb","itemListElement":[{"@type":"ListItem","position":1,"name":"Home","item":"https:\/\/badbuddhashop.com\/"},{"@type":"ListItem","position":2,"name":"Take Your Adventure To The Next Level","item":"https:\/\/badbuddhashop.com\/shop1\/"},{"@type":"ListItem","position":3,"name":"Holy Smells &#038; Unholy Thoughts. Manifest That Shit &#8211; Car Air Freshener &#8211; Bad Buddha Design"}]},{"@type":"WebSite","@id":"https:\/\/badbuddhashop.com\/#website","url":"https:\/\/badbuddhashop.com\/","name":"Bad Buddha Shop","description":"","publisher":{"@id":"https:\/\/badbuddhashop.com\/#organization"},"potentialAction":[{"@type":"SearchAction","target":{"@type":"EntryPoint","urlTemplate":"https:\/\/badbuddhashop.com\/?s={search_term_string}"},"query-input":{"@type":"PropertyValueSpecification","valueRequired":true,"valueName":"search_term_string"}}],"inLanguage":"fr-CA"},{"@type":"Organization","@id":"https:\/\/badbuddhashop.com\/#organization","name":"Bad Buddha Shop","url":"https:\/\/badbuddhashop.com\/","logo":{"@type":"ImageObject","inLanguage":"fr-CA","@id":"https:\/\/badbuddhashop.com\/#\/schema\/logo\/image\/","url":"https:\/\/badbuddhashop.com\/wp-content\/uploads\/2025\/06\/logo-cropped.png","contentUrl":"https:\/\/badbuddhashop.com\/wp-content\/uploads\/2025\/06\/logo-cropped.png","width":1024,"height":1024,"caption":"Bad Buddha Shop"},"image":{"@id":"https:\/\/badbuddhashop.com\/#\/schema\/logo\/image\/"},"sameAs":["https:\/\/www.facebook.com\/profile.php?id=61577341044750","https:\/\/www.instagram.com\/bad_buddha_shop\/"]}]}},"_links":{"self":[{"href":"https:\/\/badbuddhashop.com\/fr\/wp-json\/wp\/v2\/product\/525","targetHints":{"allow":["GET"]}}],"collection":[{"href":"https:\/\/badbuddhashop.com\/fr\/wp-json\/wp\/v2\/product"}],"about":[{"href":"https:\/\/badbuddhashop.com\/fr\/wp-json\/wp\/v2\/types\/product"}],"replies":[{"embeddable":true,"href":"https:\/\/badbuddhashop.com\/fr\/wp-json\/wp\/v2\/comments?post=525"}],"wp:featuredmedia":[{"embeddable":true,"href":"https:\/\/badbuddhashop.com\/fr\/wp-json\/wp\/v2\/media\/1066"}],"wp:attachment":[{"href":"https:\/\/badbuddhashop.com\/fr\/wp-json\/wp\/v2\/media?parent=525"}],"wp:term":[{"taxonomy":"product_brand","embeddable":true,"href":"https:\/\/badbuddhashop.com\/fr\/wp-json\/wp\/v2\/product_brand?post=525"},{"taxonomy":"product_cat","embeddable":true,"href":"https:\/\/badbuddhashop.com\/fr\/wp-json\/wp\/v2\/product_cat?post=525"},{"taxonomy":"product_tag","embeddable":true,"href":"https:\/\/badbuddhashop.com\/fr\/wp-json\/wp\/v2\/product_tag?post=525"}],"curies":[{"name":"wp","href":"https:\/\/api.w.org\/{rel}","templated":true}]}}