{"id":588,"date":"2025-07-01T06:12:08","date_gmt":"2025-07-01T06:12:08","guid":{"rendered":"https:\/\/badbuddhashop.com\/product\/fun-bad-buddha-apron-kitchen-gift-chef-apron-bbq-accessories-cooking-gear-foodie-gift-cookware\/"},"modified":"2025-07-26T13:51:16","modified_gmt":"2025-07-26T13:51:16","slug":"fun-bad-buddha-apron-kitchen-gift-chef-apron-bbq-accessories-cooking-gear-foodie-gift-cookware","status":"publish","type":"product","link":"https:\/\/badbuddhashop.com\/fr\/produit\/fun-bad-buddha-apron-kitchen-gift-chef-apron-bbq-accessories-cooking-gear-foodie-gift-cookware\/","title":{"rendered":"Tablier karmique pour wok spirituel \u2013 Bad Buddha"},"content":{"rendered":"<p>Ajoutez une pinc\u00e9e de karma \u00e0 vos recettes ! Ce tablier color\u00e9 est parfait pour les chefs zen, les cuistots du dimanche et les pros du g\u00e2teau rigolo. R\u00e9sistant, ajustable et pr\u00eat \u00e0 affronter toutes vos aventures culinaires avec style (et sans \u00e9claboussures karmiques).<\/p>","protected":false},"excerpt":{"rendered":"<p>Ajoutez une pinc\u00e9e de karma \u00e0 vos recettes ! Ce tablier color\u00e9 est parfait pour les chefs zen, les cuistots du dimanche et les pros du g\u00e2teau rigolo. R\u00e9sistant, ajustable et pr\u00eat \u00e0 affronter toutes vos aventures culinaires avec style (et sans \u00e9claboussures karmiques).<\/p>","protected":false},"featured_media":2121,"comment_status":"open","ping_status":"closed","template":"","meta":[],"product_brand":[],"product_cat":[23],"product_tag":[],"class_list":{"0":"post-588","1":"product","2":"type-product","3":"status-publish","4":"has-post-thumbnail","6":"product_cat-home-living","7":"product_shipping_class-printify-shipping","9":"first","10":"instock","11":"shipping-taxable","12":"purchasable","13":"product-type-variable","14":"has-default-attributes"},"yoast_head":"<!-- This site is optimized with the Yoast SEO plugin v27.4 - https:\/\/yoast.com\/product\/yoast-seo-wordpress\/ -->\n<title>Wok This Way! Fun Bad Buddha Apron - Bad Buddha Shop<\/title>\n<meta name=\"robots\" content=\"index, follow, max-snippet:-1, max-image-preview:large, max-video-preview:-1\" \/>\n<link rel=\"canonical\" href=\"https:\/\/badbuddhashop.com\/fr\/produit\/fun-bad-buddha-apron-kitchen-gift-chef-apron-bbq-accessories-cooking-gear-foodie-gift-cookware\/\" \/>\n<meta property=\"og:locale\" content=\"fr_CA\" \/>\n<meta property=\"og:type\" content=\"article\" \/>\n<meta property=\"og:title\" content=\"Wok This Way! Fun Bad Buddha Apron - Bad Buddha Shop\" \/>\n<meta property=\"og:description\" content=\"Spice up your kitchen karma! This playful apron is perfect for chefs who stir with love, flip with flair, and laugh at their own recipes. Durable, adjustable, and ready for culinary chaos\u2014with style.\" \/>\n<meta property=\"og:url\" content=\"https:\/\/badbuddhashop.com\/fr\/produit\/fun-bad-buddha-apron-kitchen-gift-chef-apron-bbq-accessories-cooking-gear-foodie-gift-cookware\/\" \/>\n<meta property=\"og:site_name\" content=\"Bad Buddha Shop\" \/>\n<meta property=\"article:publisher\" content=\"https:\/\/www.facebook.com\/profile.php?id=61577341044750\" \/>\n<meta property=\"article:modified_time\" content=\"2025-07-26T13:51:16+00:00\" \/>\n<meta property=\"og:image\" content=\"https:\/\/badbuddhashop.com\/wp-content\/uploads\/2025\/07\/4593700928548511664_2048-2.jpeg\" \/>\n\t<meta property=\"og:image:width\" content=\"2048\" \/>\n\t<meta property=\"og:image:height\" content=\"2048\" \/>\n\t<meta property=\"og:image:type\" content=\"image\/jpeg\" \/>\n<meta name=\"twitter:card\" content=\"summary_large_image\" \/>\n<meta name=\"twitter:label1\" content=\"Estimation du temps de lecture\" \/>\n\t<meta name=\"twitter:data1\" content=\"1 minute\" \/>\n<script type=\"application\/ld+json\" class=\"yoast-schema-graph\">{\"@context\":\"https:\\\/\\\/schema.org\",\"@graph\":[{\"@type\":\"WebPage\",\"@id\":\"https:\\\/\\\/badbuddhashop.com\\\/product\\\/fun-bad-buddha-apron-kitchen-gift-chef-apron-bbq-accessories-cooking-gear-foodie-gift-cookware\\\/\",\"url\":\"https:\\\/\\\/badbuddhashop.com\\\/product\\\/fun-bad-buddha-apron-kitchen-gift-chef-apron-bbq-accessories-cooking-gear-foodie-gift-cookware\\\/\",\"name\":\"Wok This Way! Fun Bad Buddha Apron - Bad Buddha Shop\",\"isPartOf\":{\"@id\":\"https:\\\/\\\/badbuddhashop.com\\\/#website\"},\"primaryImageOfPage\":{\"@id\":\"https:\\\/\\\/badbuddhashop.com\\\/product\\\/fun-bad-buddha-apron-kitchen-gift-chef-apron-bbq-accessories-cooking-gear-foodie-gift-cookware\\\/#primaryimage\"},\"image\":{\"@id\":\"https:\\\/\\\/badbuddhashop.com\\\/product\\\/fun-bad-buddha-apron-kitchen-gift-chef-apron-bbq-accessories-cooking-gear-foodie-gift-cookware\\\/#primaryimage\"},\"thumbnailUrl\":\"https:\\\/\\\/badbuddhashop.com\\\/wp-content\\\/uploads\\\/2025\\\/07\\\/4593700928548511664_2048-2.jpeg\",\"datePublished\":\"2025-07-01T06:12:08+00:00\",\"dateModified\":\"2025-07-26T13:51:16+00:00\",\"breadcrumb\":{\"@id\":\"https:\\\/\\\/badbuddhashop.com\\\/product\\\/fun-bad-buddha-apron-kitchen-gift-chef-apron-bbq-accessories-cooking-gear-foodie-gift-cookware\\\/#breadcrumb\"},\"inLanguage\":\"fr-CA\",\"potentialAction\":[{\"@type\":\"ReadAction\",\"target\":[\"https:\\\/\\\/badbuddhashop.com\\\/product\\\/fun-bad-buddha-apron-kitchen-gift-chef-apron-bbq-accessories-cooking-gear-foodie-gift-cookware\\\/\"]}]},{\"@type\":\"ImageObject\",\"inLanguage\":\"fr-CA\",\"@id\":\"https:\\\/\\\/badbuddhashop.com\\\/product\\\/fun-bad-buddha-apron-kitchen-gift-chef-apron-bbq-accessories-cooking-gear-foodie-gift-cookware\\\/#primaryimage\",\"url\":\"https:\\\/\\\/badbuddhashop.com\\\/wp-content\\\/uploads\\\/2025\\\/07\\\/4593700928548511664_2048-2.jpeg\",\"contentUrl\":\"https:\\\/\\\/badbuddhashop.com\\\/wp-content\\\/uploads\\\/2025\\\/07\\\/4593700928548511664_2048-2.jpeg\",\"width\":2048,\"height\":2048},{\"@type\":\"BreadcrumbList\",\"@id\":\"https:\\\/\\\/badbuddhashop.com\\\/product\\\/fun-bad-buddha-apron-kitchen-gift-chef-apron-bbq-accessories-cooking-gear-foodie-gift-cookware\\\/#breadcrumb\",\"itemListElement\":[{\"@type\":\"ListItem\",\"position\":1,\"name\":\"Home\",\"item\":\"https:\\\/\\\/badbuddhashop.com\\\/\"},{\"@type\":\"ListItem\",\"position\":2,\"name\":\"Take Your Adventure To The Next Level\",\"item\":\"https:\\\/\\\/badbuddhashop.com\\\/shop1\\\/\"},{\"@type\":\"ListItem\",\"position\":3,\"name\":\"Wok This Way! Fun Bad Buddha Apron\"}]},{\"@type\":\"WebSite\",\"@id\":\"https:\\\/\\\/badbuddhashop.com\\\/#website\",\"url\":\"https:\\\/\\\/badbuddhashop.com\\\/\",\"name\":\"Bad Buddha Shop\",\"description\":\"\",\"publisher\":{\"@id\":\"https:\\\/\\\/badbuddhashop.com\\\/#organization\"},\"potentialAction\":[{\"@type\":\"SearchAction\",\"target\":{\"@type\":\"EntryPoint\",\"urlTemplate\":\"https:\\\/\\\/badbuddhashop.com\\\/?s={search_term_string}\"},\"query-input\":{\"@type\":\"PropertyValueSpecification\",\"valueRequired\":true,\"valueName\":\"search_term_string\"}}],\"inLanguage\":\"fr-CA\"},{\"@type\":\"Organization\",\"@id\":\"https:\\\/\\\/badbuddhashop.com\\\/#organization\",\"name\":\"Bad Buddha Shop\",\"url\":\"https:\\\/\\\/badbuddhashop.com\\\/\",\"logo\":{\"@type\":\"ImageObject\",\"inLanguage\":\"fr-CA\",\"@id\":\"https:\\\/\\\/badbuddhashop.com\\\/#\\\/schema\\\/logo\\\/image\\\/\",\"url\":\"https:\\\/\\\/badbuddhashop.com\\\/wp-content\\\/uploads\\\/2025\\\/06\\\/logo-cropped.png\",\"contentUrl\":\"https:\\\/\\\/badbuddhashop.com\\\/wp-content\\\/uploads\\\/2025\\\/06\\\/logo-cropped.png\",\"width\":1024,\"height\":1024,\"caption\":\"Bad Buddha Shop\"},\"image\":{\"@id\":\"https:\\\/\\\/badbuddhashop.com\\\/#\\\/schema\\\/logo\\\/image\\\/\"},\"sameAs\":[\"https:\\\/\\\/www.facebook.com\\\/profile.php?id=61577341044750\",\"https:\\\/\\\/www.instagram.com\\\/bad_buddha_shop\\\/\"]}]}<\/script>\n<!-- \/ Yoast SEO plugin. -->","yoast_head_json":{"title":"Wok This Way! Fun Bad Buddha Apron - Bad Buddha Shop","robots":{"index":"index","follow":"follow","max-snippet":"max-snippet:-1","max-image-preview":"max-image-preview:large","max-video-preview":"max-video-preview:-1"},"canonical":"https:\/\/badbuddhashop.com\/fr\/produit\/fun-bad-buddha-apron-kitchen-gift-chef-apron-bbq-accessories-cooking-gear-foodie-gift-cookware\/","og_locale":"fr_CA","og_type":"article","og_title":"Wok This Way! Fun Bad Buddha Apron - Bad Buddha Shop","og_description":"Spice up your kitchen karma! This playful apron is perfect for chefs who stir with love, flip with flair, and laugh at their own recipes. Durable, adjustable, and ready for culinary chaos\u2014with style.","og_url":"https:\/\/badbuddhashop.com\/fr\/produit\/fun-bad-buddha-apron-kitchen-gift-chef-apron-bbq-accessories-cooking-gear-foodie-gift-cookware\/","og_site_name":"Bad Buddha Shop","article_publisher":"https:\/\/www.facebook.com\/profile.php?id=61577341044750","article_modified_time":"2025-07-26T13:51:16+00:00","og_image":[{"width":2048,"height":2048,"url":"https:\/\/badbuddhashop.com\/wp-content\/uploads\/2025\/07\/4593700928548511664_2048-2.jpeg","type":"image\/jpeg"}],"twitter_card":"summary_large_image","twitter_misc":{"Estimation du temps de lecture":"1 minute"},"schema":{"@context":"https:\/\/schema.org","@graph":[{"@type":"WebPage","@id":"https:\/\/badbuddhashop.com\/product\/fun-bad-buddha-apron-kitchen-gift-chef-apron-bbq-accessories-cooking-gear-foodie-gift-cookware\/","url":"https:\/\/badbuddhashop.com\/product\/fun-bad-buddha-apron-kitchen-gift-chef-apron-bbq-accessories-cooking-gear-foodie-gift-cookware\/","name":"Wok This Way! Fun Bad Buddha Apron - Bad Buddha Shop","isPartOf":{"@id":"https:\/\/badbuddhashop.com\/#website"},"primaryImageOfPage":{"@id":"https:\/\/badbuddhashop.com\/product\/fun-bad-buddha-apron-kitchen-gift-chef-apron-bbq-accessories-cooking-gear-foodie-gift-cookware\/#primaryimage"},"image":{"@id":"https:\/\/badbuddhashop.com\/product\/fun-bad-buddha-apron-kitchen-gift-chef-apron-bbq-accessories-cooking-gear-foodie-gift-cookware\/#primaryimage"},"thumbnailUrl":"https:\/\/badbuddhashop.com\/wp-content\/uploads\/2025\/07\/4593700928548511664_2048-2.jpeg","datePublished":"2025-07-01T06:12:08+00:00","dateModified":"2025-07-26T13:51:16+00:00","breadcrumb":{"@id":"https:\/\/badbuddhashop.com\/product\/fun-bad-buddha-apron-kitchen-gift-chef-apron-bbq-accessories-cooking-gear-foodie-gift-cookware\/#breadcrumb"},"inLanguage":"fr-CA","potentialAction":[{"@type":"ReadAction","target":["https:\/\/badbuddhashop.com\/product\/fun-bad-buddha-apron-kitchen-gift-chef-apron-bbq-accessories-cooking-gear-foodie-gift-cookware\/"]}]},{"@type":"ImageObject","inLanguage":"fr-CA","@id":"https:\/\/badbuddhashop.com\/product\/fun-bad-buddha-apron-kitchen-gift-chef-apron-bbq-accessories-cooking-gear-foodie-gift-cookware\/#primaryimage","url":"https:\/\/badbuddhashop.com\/wp-content\/uploads\/2025\/07\/4593700928548511664_2048-2.jpeg","contentUrl":"https:\/\/badbuddhashop.com\/wp-content\/uploads\/2025\/07\/4593700928548511664_2048-2.jpeg","width":2048,"height":2048},{"@type":"BreadcrumbList","@id":"https:\/\/badbuddhashop.com\/product\/fun-bad-buddha-apron-kitchen-gift-chef-apron-bbq-accessories-cooking-gear-foodie-gift-cookware\/#breadcrumb","itemListElement":[{"@type":"ListItem","position":1,"name":"Home","item":"https:\/\/badbuddhashop.com\/"},{"@type":"ListItem","position":2,"name":"Take Your Adventure To The Next Level","item":"https:\/\/badbuddhashop.com\/shop1\/"},{"@type":"ListItem","position":3,"name":"Wok This Way! Fun Bad Buddha Apron"}]},{"@type":"WebSite","@id":"https:\/\/badbuddhashop.com\/#website","url":"https:\/\/badbuddhashop.com\/","name":"Bad Buddha Shop","description":"","publisher":{"@id":"https:\/\/badbuddhashop.com\/#organization"},"potentialAction":[{"@type":"SearchAction","target":{"@type":"EntryPoint","urlTemplate":"https:\/\/badbuddhashop.com\/?s={search_term_string}"},"query-input":{"@type":"PropertyValueSpecification","valueRequired":true,"valueName":"search_term_string"}}],"inLanguage":"fr-CA"},{"@type":"Organization","@id":"https:\/\/badbuddhashop.com\/#organization","name":"Bad Buddha Shop","url":"https:\/\/badbuddhashop.com\/","logo":{"@type":"ImageObject","inLanguage":"fr-CA","@id":"https:\/\/badbuddhashop.com\/#\/schema\/logo\/image\/","url":"https:\/\/badbuddhashop.com\/wp-content\/uploads\/2025\/06\/logo-cropped.png","contentUrl":"https:\/\/badbuddhashop.com\/wp-content\/uploads\/2025\/06\/logo-cropped.png","width":1024,"height":1024,"caption":"Bad Buddha Shop"},"image":{"@id":"https:\/\/badbuddhashop.com\/#\/schema\/logo\/image\/"},"sameAs":["https:\/\/www.facebook.com\/profile.php?id=61577341044750","https:\/\/www.instagram.com\/bad_buddha_shop\/"]}]}},"_links":{"self":[{"href":"https:\/\/badbuddhashop.com\/fr\/wp-json\/wp\/v2\/product\/588","targetHints":{"allow":["GET"]}}],"collection":[{"href":"https:\/\/badbuddhashop.com\/fr\/wp-json\/wp\/v2\/product"}],"about":[{"href":"https:\/\/badbuddhashop.com\/fr\/wp-json\/wp\/v2\/types\/product"}],"replies":[{"embeddable":true,"href":"https:\/\/badbuddhashop.com\/fr\/wp-json\/wp\/v2\/comments?post=588"}],"wp:featuredmedia":[{"embeddable":true,"href":"https:\/\/badbuddhashop.com\/fr\/wp-json\/wp\/v2\/media\/2121"}],"wp:attachment":[{"href":"https:\/\/badbuddhashop.com\/fr\/wp-json\/wp\/v2\/media?parent=588"}],"wp:term":[{"taxonomy":"product_brand","embeddable":true,"href":"https:\/\/badbuddhashop.com\/fr\/wp-json\/wp\/v2\/product_brand?post=588"},{"taxonomy":"product_cat","embeddable":true,"href":"https:\/\/badbuddhashop.com\/fr\/wp-json\/wp\/v2\/product_cat?post=588"},{"taxonomy":"product_tag","embeddable":true,"href":"https:\/\/badbuddhashop.com\/fr\/wp-json\/wp\/v2\/product_tag?post=588"}],"curies":[{"name":"wp","href":"https:\/\/api.w.org\/{rel}","templated":true}]}}