{"id":601,"date":"2025-07-01T06:12:19","date_gmt":"2025-07-01T06:12:19","guid":{"rendered":"https:\/\/badbuddhashop.com\/product\/rock-creek-coffee-blend-medium-roast\/"},"modified":"2025-07-25T15:50:19","modified_gmt":"2025-07-25T15:50:19","slug":"rock-creek-coffee-blend-medium-roast","status":"publish","type":"product","link":"https:\/\/badbuddhashop.com\/fr\/produit\/rock-creek-coffee-blend-medium-roast\/","title":{"rendered":"M\u00e9diter plus tard, caf\u00e9iner maintenant \u2013 M\u00e9lange Rock Creek (Torr\u00e9faction moyenne)"},"content":{"rendered":"<p>Le m\u00e9lange de caf\u00e9 Rock Creek est con\u00e7u pour devenir votre nouveau remontant quotidien ! Ce paquet de 340 g (12 oz) offre une torr\u00e9faction moyenne, r\u00e9v\u00e9lant une d\u00e9licieuse fusion de saveurs de caramel, de chocolat noir et d\u2019agrumes. Avec des notes de d\u00e9gustation rappelant l\u2019orange sucr\u00e9e, le chocolat et la cassonade. Issu de la luxuriante r\u00e9gion d\u2019Am\u00e9rique centrale, ce m\u00e9lange est parfait pour une pr\u00e9paration avec votre cafeti\u00e8re filtre, m\u00e9thode pour-over, machine \u00e0 espresso, cafeti\u00e8re Moka ou m\u00eame en caf\u00e9 infus\u00e9 \u00e0 froid. Que vous le pr\u00e9f\u00e9riez en grains entiers ou moulu, nous avons ce qu\u2019il vous faut.<\/p>\n<p>Veuillez noter : Ce produit n\u2019est pas \u00e9ligible \u00e0 la publication sur Etsy, eBay ou Amazon US. Plus d\u2019infos. <a href=\"https:\/\/help.printify.com\/hc\/en-us\/articles\/22075577394833-Why-am-I-not-able-to-publish-POD-skincare-products-to-my-Etsy-store\">here<\/a>.<\/p>\n<p>&nbsp;<\/p>\n<p>- Taille : 12 oz (340 g)<br \/>\n- Torr\u00e9faction moyenne<br \/>\n- Notes de d\u00e9gustation de caramel, chocolat noir et agrumes<br \/>\n- R\u00e9gion de culture : Am\u00e9rique Centrale<br \/>\n- Disponible en grains entiers ou moulu<br \/>\n- Torr\u00e9fi\u00e9 aux \u00c9tats-Unis<br \/>\n- Torr\u00e9fi\u00e9 en petites quantit\u00e9s par des experts pour une qualit\u00e9, une constance et une fra\u00eecheur sup\u00e9rieures.<br \/>\n- Class\u00e9 et certifi\u00e9 comme 'Caf\u00e9 artisanal de sp\u00e9cialit\u00e9' selon les directives de la Specialty Coffee Association (SCA).<br \/>\n- Veuillez noter : Ce produit est exp\u00e9di\u00e9 uniquement aux \u00c9tats-Unis, dans leurs territoires, ainsi qu\u2019au Canada.<br \/>\n.: Please note: This product is not eligible for publishing on Etsy, eBay, or Amazon US<\/p>","protected":false},"excerpt":{"rendered":"<p>The Rock Creek Coffee Blend was made to be your new daily pick-me-up! This 12oz pack boasts a medium roast, delivering a delightful fusion of toffee, dark chocolate, and citrus flavors. With tasting notes reminiscent of sweet orange, chocolate, and brown sugar. Sourced from the lush region of Central America, this blend is perfect for [&hellip;]<\/p>\n","protected":false},"featured_media":4128,"comment_status":"open","ping_status":"closed","template":"","meta":[],"product_brand":[],"product_cat":[23],"product_tag":[],"class_list":{"0":"post-601","1":"product","2":"type-product","3":"status-publish","4":"has-post-thumbnail","6":"product_cat-home-living","7":"product_shipping_class-printify-shipping","9":"first","10":"instock","11":"shipping-taxable","12":"purchasable","13":"product-type-variable","14":"has-default-attributes"},"yoast_head":"<!-- This site is optimized with the Yoast SEO plugin v27.4 - https:\/\/yoast.com\/product\/yoast-seo-wordpress\/ -->\n<title>Meditate Later, Caffeinate Now. Rock Creek Coffee Blend (Medium Roast) - Bad Buddha Shop<\/title>\n<meta name=\"robots\" content=\"index, follow, max-snippet:-1, max-image-preview:large, max-video-preview:-1\" \/>\n<link rel=\"canonical\" href=\"https:\/\/badbuddhashop.com\/fr\/produit\/rock-creek-coffee-blend-medium-roast\/\" \/>\n<meta property=\"og:locale\" content=\"fr_CA\" \/>\n<meta property=\"og:type\" content=\"article\" \/>\n<meta property=\"og:title\" content=\"Meditate Later, Caffeinate Now. Rock Creek Coffee Blend (Medium Roast) - Bad Buddha Shop\" \/>\n<meta property=\"og:description\" content=\"The Rock Creek Coffee Blend was made to be your new daily pick-me-up! This 12oz pack boasts a medium roast, delivering a delightful fusion of toffee, dark chocolate, and citrus flavors. With tasting notes reminiscent of sweet orange, chocolate, and brown sugar. Sourced from the lush region of Central America, this blend is perfect for [&hellip;]\" \/>\n<meta property=\"og:url\" content=\"https:\/\/badbuddhashop.com\/fr\/produit\/rock-creek-coffee-blend-medium-roast\/\" \/>\n<meta property=\"og:site_name\" content=\"Bad Buddha Shop\" \/>\n<meta property=\"article:publisher\" content=\"https:\/\/www.facebook.com\/profile.php?id=61577341044750\" \/>\n<meta property=\"article:modified_time\" content=\"2025-07-25T15:50:19+00:00\" \/>\n<meta property=\"og:image\" content=\"https:\/\/badbuddhashop.com\/wp-content\/uploads\/2025\/07\/6828406713380610844_2048-1.jpeg\" \/>\n\t<meta property=\"og:image:width\" content=\"2048\" \/>\n\t<meta property=\"og:image:height\" content=\"2048\" \/>\n\t<meta property=\"og:image:type\" content=\"image\/jpeg\" \/>\n<meta name=\"twitter:card\" content=\"summary_large_image\" \/>\n<meta name=\"twitter:label1\" content=\"Estimation du temps de lecture\" \/>\n\t<meta name=\"twitter:data1\" content=\"2 minutes\" \/>\n<script type=\"application\/ld+json\" class=\"yoast-schema-graph\">{\"@context\":\"https:\\\/\\\/schema.org\",\"@graph\":[{\"@type\":\"WebPage\",\"@id\":\"https:\\\/\\\/badbuddhashop.com\\\/product\\\/rock-creek-coffee-blend-medium-roast\\\/\",\"url\":\"https:\\\/\\\/badbuddhashop.com\\\/product\\\/rock-creek-coffee-blend-medium-roast\\\/\",\"name\":\"Meditate Later, Caffeinate Now. Rock Creek Coffee Blend (Medium Roast) - Bad Buddha Shop\",\"isPartOf\":{\"@id\":\"https:\\\/\\\/badbuddhashop.com\\\/#website\"},\"primaryImageOfPage\":{\"@id\":\"https:\\\/\\\/badbuddhashop.com\\\/product\\\/rock-creek-coffee-blend-medium-roast\\\/#primaryimage\"},\"image\":{\"@id\":\"https:\\\/\\\/badbuddhashop.com\\\/product\\\/rock-creek-coffee-blend-medium-roast\\\/#primaryimage\"},\"thumbnailUrl\":\"https:\\\/\\\/badbuddhashop.com\\\/wp-content\\\/uploads\\\/2025\\\/07\\\/6828406713380610844_2048-1.jpeg\",\"datePublished\":\"2025-07-01T06:12:19+00:00\",\"dateModified\":\"2025-07-25T15:50:19+00:00\",\"breadcrumb\":{\"@id\":\"https:\\\/\\\/badbuddhashop.com\\\/product\\\/rock-creek-coffee-blend-medium-roast\\\/#breadcrumb\"},\"inLanguage\":\"fr-CA\",\"potentialAction\":[{\"@type\":\"ReadAction\",\"target\":[\"https:\\\/\\\/badbuddhashop.com\\\/product\\\/rock-creek-coffee-blend-medium-roast\\\/\"]}]},{\"@type\":\"ImageObject\",\"inLanguage\":\"fr-CA\",\"@id\":\"https:\\\/\\\/badbuddhashop.com\\\/product\\\/rock-creek-coffee-blend-medium-roast\\\/#primaryimage\",\"url\":\"https:\\\/\\\/badbuddhashop.com\\\/wp-content\\\/uploads\\\/2025\\\/07\\\/6828406713380610844_2048-1.jpeg\",\"contentUrl\":\"https:\\\/\\\/badbuddhashop.com\\\/wp-content\\\/uploads\\\/2025\\\/07\\\/6828406713380610844_2048-1.jpeg\",\"width\":2048,\"height\":2048},{\"@type\":\"BreadcrumbList\",\"@id\":\"https:\\\/\\\/badbuddhashop.com\\\/product\\\/rock-creek-coffee-blend-medium-roast\\\/#breadcrumb\",\"itemListElement\":[{\"@type\":\"ListItem\",\"position\":1,\"name\":\"Home\",\"item\":\"https:\\\/\\\/badbuddhashop.com\\\/\"},{\"@type\":\"ListItem\",\"position\":2,\"name\":\"Take Your Adventure To The Next Level\",\"item\":\"https:\\\/\\\/badbuddhashop.com\\\/shop1\\\/\"},{\"@type\":\"ListItem\",\"position\":3,\"name\":\"Meditate Later, Caffeinate Now. Rock Creek Coffee Blend (Medium Roast)\"}]},{\"@type\":\"WebSite\",\"@id\":\"https:\\\/\\\/badbuddhashop.com\\\/#website\",\"url\":\"https:\\\/\\\/badbuddhashop.com\\\/\",\"name\":\"Bad Buddha Shop\",\"description\":\"\",\"publisher\":{\"@id\":\"https:\\\/\\\/badbuddhashop.com\\\/#organization\"},\"potentialAction\":[{\"@type\":\"SearchAction\",\"target\":{\"@type\":\"EntryPoint\",\"urlTemplate\":\"https:\\\/\\\/badbuddhashop.com\\\/?s={search_term_string}\"},\"query-input\":{\"@type\":\"PropertyValueSpecification\",\"valueRequired\":true,\"valueName\":\"search_term_string\"}}],\"inLanguage\":\"fr-CA\"},{\"@type\":\"Organization\",\"@id\":\"https:\\\/\\\/badbuddhashop.com\\\/#organization\",\"name\":\"Bad Buddha Shop\",\"url\":\"https:\\\/\\\/badbuddhashop.com\\\/\",\"logo\":{\"@type\":\"ImageObject\",\"inLanguage\":\"fr-CA\",\"@id\":\"https:\\\/\\\/badbuddhashop.com\\\/#\\\/schema\\\/logo\\\/image\\\/\",\"url\":\"https:\\\/\\\/badbuddhashop.com\\\/wp-content\\\/uploads\\\/2025\\\/06\\\/logo-cropped.png\",\"contentUrl\":\"https:\\\/\\\/badbuddhashop.com\\\/wp-content\\\/uploads\\\/2025\\\/06\\\/logo-cropped.png\",\"width\":1024,\"height\":1024,\"caption\":\"Bad Buddha Shop\"},\"image\":{\"@id\":\"https:\\\/\\\/badbuddhashop.com\\\/#\\\/schema\\\/logo\\\/image\\\/\"},\"sameAs\":[\"https:\\\/\\\/www.facebook.com\\\/profile.php?id=61577341044750\",\"https:\\\/\\\/www.instagram.com\\\/bad_buddha_shop\\\/\"]}]}<\/script>\n<!-- \/ Yoast SEO plugin. -->","yoast_head_json":{"title":"Meditate Later, Caffeinate Now. Rock Creek Coffee Blend (Medium Roast) - Bad Buddha Shop","robots":{"index":"index","follow":"follow","max-snippet":"max-snippet:-1","max-image-preview":"max-image-preview:large","max-video-preview":"max-video-preview:-1"},"canonical":"https:\/\/badbuddhashop.com\/fr\/produit\/rock-creek-coffee-blend-medium-roast\/","og_locale":"fr_CA","og_type":"article","og_title":"Meditate Later, Caffeinate Now. Rock Creek Coffee Blend (Medium Roast) - Bad Buddha Shop","og_description":"The Rock Creek Coffee Blend was made to be your new daily pick-me-up! This 12oz pack boasts a medium roast, delivering a delightful fusion of toffee, dark chocolate, and citrus flavors. With tasting notes reminiscent of sweet orange, chocolate, and brown sugar. Sourced from the lush region of Central America, this blend is perfect for [&hellip;]","og_url":"https:\/\/badbuddhashop.com\/fr\/produit\/rock-creek-coffee-blend-medium-roast\/","og_site_name":"Bad Buddha Shop","article_publisher":"https:\/\/www.facebook.com\/profile.php?id=61577341044750","article_modified_time":"2025-07-25T15:50:19+00:00","og_image":[{"width":2048,"height":2048,"url":"https:\/\/badbuddhashop.com\/wp-content\/uploads\/2025\/07\/6828406713380610844_2048-1.jpeg","type":"image\/jpeg"}],"twitter_card":"summary_large_image","twitter_misc":{"Estimation du temps de lecture":"2 minutes"},"schema":{"@context":"https:\/\/schema.org","@graph":[{"@type":"WebPage","@id":"https:\/\/badbuddhashop.com\/product\/rock-creek-coffee-blend-medium-roast\/","url":"https:\/\/badbuddhashop.com\/product\/rock-creek-coffee-blend-medium-roast\/","name":"Meditate Later, Caffeinate Now. Rock Creek Coffee Blend (Medium Roast) - Bad Buddha Shop","isPartOf":{"@id":"https:\/\/badbuddhashop.com\/#website"},"primaryImageOfPage":{"@id":"https:\/\/badbuddhashop.com\/product\/rock-creek-coffee-blend-medium-roast\/#primaryimage"},"image":{"@id":"https:\/\/badbuddhashop.com\/product\/rock-creek-coffee-blend-medium-roast\/#primaryimage"},"thumbnailUrl":"https:\/\/badbuddhashop.com\/wp-content\/uploads\/2025\/07\/6828406713380610844_2048-1.jpeg","datePublished":"2025-07-01T06:12:19+00:00","dateModified":"2025-07-25T15:50:19+00:00","breadcrumb":{"@id":"https:\/\/badbuddhashop.com\/product\/rock-creek-coffee-blend-medium-roast\/#breadcrumb"},"inLanguage":"fr-CA","potentialAction":[{"@type":"ReadAction","target":["https:\/\/badbuddhashop.com\/product\/rock-creek-coffee-blend-medium-roast\/"]}]},{"@type":"ImageObject","inLanguage":"fr-CA","@id":"https:\/\/badbuddhashop.com\/product\/rock-creek-coffee-blend-medium-roast\/#primaryimage","url":"https:\/\/badbuddhashop.com\/wp-content\/uploads\/2025\/07\/6828406713380610844_2048-1.jpeg","contentUrl":"https:\/\/badbuddhashop.com\/wp-content\/uploads\/2025\/07\/6828406713380610844_2048-1.jpeg","width":2048,"height":2048},{"@type":"BreadcrumbList","@id":"https:\/\/badbuddhashop.com\/product\/rock-creek-coffee-blend-medium-roast\/#breadcrumb","itemListElement":[{"@type":"ListItem","position":1,"name":"Home","item":"https:\/\/badbuddhashop.com\/"},{"@type":"ListItem","position":2,"name":"Take Your Adventure To The Next Level","item":"https:\/\/badbuddhashop.com\/shop1\/"},{"@type":"ListItem","position":3,"name":"Meditate Later, Caffeinate Now. Rock Creek Coffee Blend (Medium Roast)"}]},{"@type":"WebSite","@id":"https:\/\/badbuddhashop.com\/#website","url":"https:\/\/badbuddhashop.com\/","name":"Bad Buddha Shop","description":"","publisher":{"@id":"https:\/\/badbuddhashop.com\/#organization"},"potentialAction":[{"@type":"SearchAction","target":{"@type":"EntryPoint","urlTemplate":"https:\/\/badbuddhashop.com\/?s={search_term_string}"},"query-input":{"@type":"PropertyValueSpecification","valueRequired":true,"valueName":"search_term_string"}}],"inLanguage":"fr-CA"},{"@type":"Organization","@id":"https:\/\/badbuddhashop.com\/#organization","name":"Bad Buddha Shop","url":"https:\/\/badbuddhashop.com\/","logo":{"@type":"ImageObject","inLanguage":"fr-CA","@id":"https:\/\/badbuddhashop.com\/#\/schema\/logo\/image\/","url":"https:\/\/badbuddhashop.com\/wp-content\/uploads\/2025\/06\/logo-cropped.png","contentUrl":"https:\/\/badbuddhashop.com\/wp-content\/uploads\/2025\/06\/logo-cropped.png","width":1024,"height":1024,"caption":"Bad Buddha Shop"},"image":{"@id":"https:\/\/badbuddhashop.com\/#\/schema\/logo\/image\/"},"sameAs":["https:\/\/www.facebook.com\/profile.php?id=61577341044750","https:\/\/www.instagram.com\/bad_buddha_shop\/"]}]}},"_links":{"self":[{"href":"https:\/\/badbuddhashop.com\/fr\/wp-json\/wp\/v2\/product\/601","targetHints":{"allow":["GET"]}}],"collection":[{"href":"https:\/\/badbuddhashop.com\/fr\/wp-json\/wp\/v2\/product"}],"about":[{"href":"https:\/\/badbuddhashop.com\/fr\/wp-json\/wp\/v2\/types\/product"}],"replies":[{"embeddable":true,"href":"https:\/\/badbuddhashop.com\/fr\/wp-json\/wp\/v2\/comments?post=601"}],"wp:featuredmedia":[{"embeddable":true,"href":"https:\/\/badbuddhashop.com\/fr\/wp-json\/wp\/v2\/media\/4128"}],"wp:attachment":[{"href":"https:\/\/badbuddhashop.com\/fr\/wp-json\/wp\/v2\/media?parent=601"}],"wp:term":[{"taxonomy":"product_brand","embeddable":true,"href":"https:\/\/badbuddhashop.com\/fr\/wp-json\/wp\/v2\/product_brand?post=601"},{"taxonomy":"product_cat","embeddable":true,"href":"https:\/\/badbuddhashop.com\/fr\/wp-json\/wp\/v2\/product_cat?post=601"},{"taxonomy":"product_tag","embeddable":true,"href":"https:\/\/badbuddhashop.com\/fr\/wp-json\/wp\/v2\/product_tag?post=601"}],"curies":[{"name":"wp","href":"https:\/\/api.w.org\/{rel}","templated":true}]}}