{"id":603,"date":"2025-07-01T06:12:24","date_gmt":"2025-07-01T06:12:24","guid":{"rendered":"https:\/\/badbuddhashop.com\/product\/bitterroot-coffee-blend-dark-french-roast\/"},"modified":"2025-07-25T15:51:03","modified_gmt":"2025-07-25T15:51:03","slug":"bitterroot-coffee-blend-dark-french-roast","status":"publish","type":"product","link":"https:\/\/badbuddhashop.com\/fr\/produit\/bitterroot-coffee-blend-dark-french-roast\/","title":{"rendered":"Amer mais b\u00e9ni. Les grains que vous vouliez faire pousser. M\u00e9lange de caf\u00e9 Bitterroot (torr\u00e9faction fran\u00e7aise fonc\u00e9e)"},"content":{"rendered":"<p>Tu te sens spirituellement d\u00e9c\u00e9d\u00e9 avant 9h du matin ? Tu as besoin d\u2019un caf\u00e9 qui te gifle le troisi\u00e8me \u0153il et te murmure :\u00a0<em>\u00ab Tu n\u2019es pas fatigu\u00e9, tu manques juste de caf\u00e9ine \u00bb ?<\/em>\u00a0Alors bienvenue, cher chercheur, dans les terres sacr\u00e9es du\u00a0<strong>Bitterroot<\/strong>\u2014 la torr\u00e9faction fran\u00e7aise fonc\u00e9e qui ne te r\u00e9veille pas, elle\u00a0<em>te<\/em>\u00a0r\u00e9incarne.<\/p>\n<p>Infus\u00e9 avec la sagesse am\u00e8re du cacao et l\u2019illumination grill\u00e9e des noix torr\u00e9fi\u00e9es, cet oracle de 340g est n\u00e9 dans les montagnes mystiques d\u2019Am\u00e9rique du Sud et torr\u00e9fi\u00e9 aux \u00c9tats-Unis par des moines du grain (bon, des experts en torr\u00e9faction, mais c\u2019est presque pareil). Que tu sois adepte du filtre, de la presse fran\u00e7aise ou du percolateur, cette infusion te guidera vers le nirvana caf\u00e9in\u00e9 \u2014 une gorg\u00e9e intens\u00e9ment savoureuse \u00e0 la fois.<\/p>\n<p>Choisis les grains entiers si tu veux moudre ton propre karma, ou moulu si tu pr\u00e9f\u00e8res ton \u00e9veil spirituel pr\u00eat-\u00e0-l\u2019emploi.<\/p>","protected":false},"excerpt":{"rendered":"<p>Are you spiritually dead before 9 a.m.? Do you crave a brew that slaps your third eye wide open and whispers,\u00a0\u201cYou\u2019re not tired, you\u2019re just under-caffeinated\u201d?\u00a0Then welcome, seeker, to the sacred grounds of\u00a0Bitterroot\u2014the dark French roast that doesn\u2019t just wake you up, it\u00a0reincarnates\u00a0you. Infused with the bittersweet wisdom of cocoa and the toasty enlightenment of [&hellip;]<\/p>\n","protected":false},"featured_media":3823,"comment_status":"open","ping_status":"closed","template":"","meta":[],"product_brand":[],"product_cat":[23],"product_tag":[],"class_list":{"0":"post-603","1":"product","2":"type-product","3":"status-publish","4":"has-post-thumbnail","6":"product_cat-home-living","7":"product_shipping_class-printify-shipping","9":"first","10":"instock","11":"shipping-taxable","12":"purchasable","13":"product-type-variable","14":"has-default-attributes"},"yoast_head":"<!-- This site is optimized with the Yoast SEO plugin v27.4 - https:\/\/yoast.com\/product\/yoast-seo-wordpress\/ -->\n<title>Bitter But Blessed. The Beans You Meant to Grow. Bitterroot Coffee Blend (Dark French Roast) - Bad Buddha Shop<\/title>\n<meta name=\"robots\" content=\"index, follow, max-snippet:-1, max-image-preview:large, max-video-preview:-1\" \/>\n<link rel=\"canonical\" href=\"https:\/\/badbuddhashop.com\/fr\/produit\/bitterroot-coffee-blend-dark-french-roast\/\" \/>\n<meta property=\"og:locale\" content=\"fr_CA\" \/>\n<meta property=\"og:type\" content=\"article\" \/>\n<meta property=\"og:title\" content=\"Bitter But Blessed. The Beans You Meant to Grow. Bitterroot Coffee Blend (Dark French Roast) - Bad Buddha Shop\" \/>\n<meta property=\"og:description\" content=\"Are you spiritually dead before 9 a.m.? Do you crave a brew that slaps your third eye wide open and whispers,\u00a0\u201cYou\u2019re not tired, you\u2019re just under-caffeinated\u201d?\u00a0Then welcome, seeker, to the sacred grounds of\u00a0Bitterroot\u2014the dark French roast that doesn\u2019t just wake you up, it\u00a0reincarnates\u00a0you. Infused with the bittersweet wisdom of cocoa and the toasty enlightenment of [&hellip;]\" \/>\n<meta property=\"og:url\" content=\"https:\/\/badbuddhashop.com\/fr\/produit\/bitterroot-coffee-blend-dark-french-roast\/\" \/>\n<meta property=\"og:site_name\" content=\"Bad Buddha Shop\" \/>\n<meta property=\"article:publisher\" content=\"https:\/\/www.facebook.com\/profile.php?id=61577341044750\" \/>\n<meta property=\"article:modified_time\" content=\"2025-07-25T15:51:03+00:00\" \/>\n<meta property=\"og:image\" content=\"https:\/\/badbuddhashop.com\/wp-content\/uploads\/2025\/07\/18127837664821814455_2048-1.jpeg\" \/>\n\t<meta property=\"og:image:width\" content=\"2048\" \/>\n\t<meta property=\"og:image:height\" content=\"2048\" \/>\n\t<meta property=\"og:image:type\" content=\"image\/jpeg\" \/>\n<meta name=\"twitter:card\" content=\"summary_large_image\" \/>\n<meta name=\"twitter:label1\" content=\"Estimation du temps de lecture\" \/>\n\t<meta name=\"twitter:data1\" content=\"1 minute\" \/>\n<script type=\"application\/ld+json\" class=\"yoast-schema-graph\">{\"@context\":\"https:\\\/\\\/schema.org\",\"@graph\":[{\"@type\":\"WebPage\",\"@id\":\"https:\\\/\\\/badbuddhashop.com\\\/product\\\/bitterroot-coffee-blend-dark-french-roast\\\/\",\"url\":\"https:\\\/\\\/badbuddhashop.com\\\/product\\\/bitterroot-coffee-blend-dark-french-roast\\\/\",\"name\":\"Bitter But Blessed. The Beans You Meant to Grow. Bitterroot Coffee Blend (Dark French Roast) - Bad Buddha Shop\",\"isPartOf\":{\"@id\":\"https:\\\/\\\/badbuddhashop.com\\\/#website\"},\"primaryImageOfPage\":{\"@id\":\"https:\\\/\\\/badbuddhashop.com\\\/product\\\/bitterroot-coffee-blend-dark-french-roast\\\/#primaryimage\"},\"image\":{\"@id\":\"https:\\\/\\\/badbuddhashop.com\\\/product\\\/bitterroot-coffee-blend-dark-french-roast\\\/#primaryimage\"},\"thumbnailUrl\":\"https:\\\/\\\/badbuddhashop.com\\\/wp-content\\\/uploads\\\/2025\\\/07\\\/18127837664821814455_2048-1.jpeg\",\"datePublished\":\"2025-07-01T06:12:24+00:00\",\"dateModified\":\"2025-07-25T15:51:03+00:00\",\"breadcrumb\":{\"@id\":\"https:\\\/\\\/badbuddhashop.com\\\/product\\\/bitterroot-coffee-blend-dark-french-roast\\\/#breadcrumb\"},\"inLanguage\":\"fr-CA\",\"potentialAction\":[{\"@type\":\"ReadAction\",\"target\":[\"https:\\\/\\\/badbuddhashop.com\\\/product\\\/bitterroot-coffee-blend-dark-french-roast\\\/\"]}]},{\"@type\":\"ImageObject\",\"inLanguage\":\"fr-CA\",\"@id\":\"https:\\\/\\\/badbuddhashop.com\\\/product\\\/bitterroot-coffee-blend-dark-french-roast\\\/#primaryimage\",\"url\":\"https:\\\/\\\/badbuddhashop.com\\\/wp-content\\\/uploads\\\/2025\\\/07\\\/18127837664821814455_2048-1.jpeg\",\"contentUrl\":\"https:\\\/\\\/badbuddhashop.com\\\/wp-content\\\/uploads\\\/2025\\\/07\\\/18127837664821814455_2048-1.jpeg\",\"width\":2048,\"height\":2048},{\"@type\":\"BreadcrumbList\",\"@id\":\"https:\\\/\\\/badbuddhashop.com\\\/product\\\/bitterroot-coffee-blend-dark-french-roast\\\/#breadcrumb\",\"itemListElement\":[{\"@type\":\"ListItem\",\"position\":1,\"name\":\"Home\",\"item\":\"https:\\\/\\\/badbuddhashop.com\\\/\"},{\"@type\":\"ListItem\",\"position\":2,\"name\":\"Take Your Adventure To The Next Level\",\"item\":\"https:\\\/\\\/badbuddhashop.com\\\/shop1\\\/\"},{\"@type\":\"ListItem\",\"position\":3,\"name\":\"Bitter But Blessed. The Beans You Meant to Grow. Bitterroot Coffee Blend (Dark French Roast)\"}]},{\"@type\":\"WebSite\",\"@id\":\"https:\\\/\\\/badbuddhashop.com\\\/#website\",\"url\":\"https:\\\/\\\/badbuddhashop.com\\\/\",\"name\":\"Bad Buddha Shop\",\"description\":\"\",\"publisher\":{\"@id\":\"https:\\\/\\\/badbuddhashop.com\\\/#organization\"},\"potentialAction\":[{\"@type\":\"SearchAction\",\"target\":{\"@type\":\"EntryPoint\",\"urlTemplate\":\"https:\\\/\\\/badbuddhashop.com\\\/?s={search_term_string}\"},\"query-input\":{\"@type\":\"PropertyValueSpecification\",\"valueRequired\":true,\"valueName\":\"search_term_string\"}}],\"inLanguage\":\"fr-CA\"},{\"@type\":\"Organization\",\"@id\":\"https:\\\/\\\/badbuddhashop.com\\\/#organization\",\"name\":\"Bad Buddha Shop\",\"url\":\"https:\\\/\\\/badbuddhashop.com\\\/\",\"logo\":{\"@type\":\"ImageObject\",\"inLanguage\":\"fr-CA\",\"@id\":\"https:\\\/\\\/badbuddhashop.com\\\/#\\\/schema\\\/logo\\\/image\\\/\",\"url\":\"https:\\\/\\\/badbuddhashop.com\\\/wp-content\\\/uploads\\\/2025\\\/06\\\/logo-cropped.png\",\"contentUrl\":\"https:\\\/\\\/badbuddhashop.com\\\/wp-content\\\/uploads\\\/2025\\\/06\\\/logo-cropped.png\",\"width\":1024,\"height\":1024,\"caption\":\"Bad Buddha Shop\"},\"image\":{\"@id\":\"https:\\\/\\\/badbuddhashop.com\\\/#\\\/schema\\\/logo\\\/image\\\/\"},\"sameAs\":[\"https:\\\/\\\/www.facebook.com\\\/profile.php?id=61577341044750\",\"https:\\\/\\\/www.instagram.com\\\/bad_buddha_shop\\\/\"]}]}<\/script>\n<!-- \/ Yoast SEO plugin. -->","yoast_head_json":{"title":"Bitter But Blessed. The Beans You Meant to Grow. Bitterroot Coffee Blend (Dark French Roast) - Bad Buddha Shop","robots":{"index":"index","follow":"follow","max-snippet":"max-snippet:-1","max-image-preview":"max-image-preview:large","max-video-preview":"max-video-preview:-1"},"canonical":"https:\/\/badbuddhashop.com\/fr\/produit\/bitterroot-coffee-blend-dark-french-roast\/","og_locale":"fr_CA","og_type":"article","og_title":"Bitter But Blessed. The Beans You Meant to Grow. Bitterroot Coffee Blend (Dark French Roast) - Bad Buddha Shop","og_description":"Are you spiritually dead before 9 a.m.? Do you crave a brew that slaps your third eye wide open and whispers,\u00a0\u201cYou\u2019re not tired, you\u2019re just under-caffeinated\u201d?\u00a0Then welcome, seeker, to the sacred grounds of\u00a0Bitterroot\u2014the dark French roast that doesn\u2019t just wake you up, it\u00a0reincarnates\u00a0you. Infused with the bittersweet wisdom of cocoa and the toasty enlightenment of [&hellip;]","og_url":"https:\/\/badbuddhashop.com\/fr\/produit\/bitterroot-coffee-blend-dark-french-roast\/","og_site_name":"Bad Buddha Shop","article_publisher":"https:\/\/www.facebook.com\/profile.php?id=61577341044750","article_modified_time":"2025-07-25T15:51:03+00:00","og_image":[{"width":2048,"height":2048,"url":"https:\/\/badbuddhashop.com\/wp-content\/uploads\/2025\/07\/18127837664821814455_2048-1.jpeg","type":"image\/jpeg"}],"twitter_card":"summary_large_image","twitter_misc":{"Estimation du temps de lecture":"1 minute"},"schema":{"@context":"https:\/\/schema.org","@graph":[{"@type":"WebPage","@id":"https:\/\/badbuddhashop.com\/product\/bitterroot-coffee-blend-dark-french-roast\/","url":"https:\/\/badbuddhashop.com\/product\/bitterroot-coffee-blend-dark-french-roast\/","name":"Bitter But Blessed. The Beans You Meant to Grow. Bitterroot Coffee Blend (Dark French Roast) - Bad Buddha Shop","isPartOf":{"@id":"https:\/\/badbuddhashop.com\/#website"},"primaryImageOfPage":{"@id":"https:\/\/badbuddhashop.com\/product\/bitterroot-coffee-blend-dark-french-roast\/#primaryimage"},"image":{"@id":"https:\/\/badbuddhashop.com\/product\/bitterroot-coffee-blend-dark-french-roast\/#primaryimage"},"thumbnailUrl":"https:\/\/badbuddhashop.com\/wp-content\/uploads\/2025\/07\/18127837664821814455_2048-1.jpeg","datePublished":"2025-07-01T06:12:24+00:00","dateModified":"2025-07-25T15:51:03+00:00","breadcrumb":{"@id":"https:\/\/badbuddhashop.com\/product\/bitterroot-coffee-blend-dark-french-roast\/#breadcrumb"},"inLanguage":"fr-CA","potentialAction":[{"@type":"ReadAction","target":["https:\/\/badbuddhashop.com\/product\/bitterroot-coffee-blend-dark-french-roast\/"]}]},{"@type":"ImageObject","inLanguage":"fr-CA","@id":"https:\/\/badbuddhashop.com\/product\/bitterroot-coffee-blend-dark-french-roast\/#primaryimage","url":"https:\/\/badbuddhashop.com\/wp-content\/uploads\/2025\/07\/18127837664821814455_2048-1.jpeg","contentUrl":"https:\/\/badbuddhashop.com\/wp-content\/uploads\/2025\/07\/18127837664821814455_2048-1.jpeg","width":2048,"height":2048},{"@type":"BreadcrumbList","@id":"https:\/\/badbuddhashop.com\/product\/bitterroot-coffee-blend-dark-french-roast\/#breadcrumb","itemListElement":[{"@type":"ListItem","position":1,"name":"Home","item":"https:\/\/badbuddhashop.com\/"},{"@type":"ListItem","position":2,"name":"Take Your Adventure To The Next Level","item":"https:\/\/badbuddhashop.com\/shop1\/"},{"@type":"ListItem","position":3,"name":"Bitter But Blessed. The Beans You Meant to Grow. Bitterroot Coffee Blend (Dark French Roast)"}]},{"@type":"WebSite","@id":"https:\/\/badbuddhashop.com\/#website","url":"https:\/\/badbuddhashop.com\/","name":"Bad Buddha Shop","description":"","publisher":{"@id":"https:\/\/badbuddhashop.com\/#organization"},"potentialAction":[{"@type":"SearchAction","target":{"@type":"EntryPoint","urlTemplate":"https:\/\/badbuddhashop.com\/?s={search_term_string}"},"query-input":{"@type":"PropertyValueSpecification","valueRequired":true,"valueName":"search_term_string"}}],"inLanguage":"fr-CA"},{"@type":"Organization","@id":"https:\/\/badbuddhashop.com\/#organization","name":"Bad Buddha Shop","url":"https:\/\/badbuddhashop.com\/","logo":{"@type":"ImageObject","inLanguage":"fr-CA","@id":"https:\/\/badbuddhashop.com\/#\/schema\/logo\/image\/","url":"https:\/\/badbuddhashop.com\/wp-content\/uploads\/2025\/06\/logo-cropped.png","contentUrl":"https:\/\/badbuddhashop.com\/wp-content\/uploads\/2025\/06\/logo-cropped.png","width":1024,"height":1024,"caption":"Bad Buddha Shop"},"image":{"@id":"https:\/\/badbuddhashop.com\/#\/schema\/logo\/image\/"},"sameAs":["https:\/\/www.facebook.com\/profile.php?id=61577341044750","https:\/\/www.instagram.com\/bad_buddha_shop\/"]}]}},"_links":{"self":[{"href":"https:\/\/badbuddhashop.com\/fr\/wp-json\/wp\/v2\/product\/603","targetHints":{"allow":["GET"]}}],"collection":[{"href":"https:\/\/badbuddhashop.com\/fr\/wp-json\/wp\/v2\/product"}],"about":[{"href":"https:\/\/badbuddhashop.com\/fr\/wp-json\/wp\/v2\/types\/product"}],"replies":[{"embeddable":true,"href":"https:\/\/badbuddhashop.com\/fr\/wp-json\/wp\/v2\/comments?post=603"}],"wp:featuredmedia":[{"embeddable":true,"href":"https:\/\/badbuddhashop.com\/fr\/wp-json\/wp\/v2\/media\/3823"}],"wp:attachment":[{"href":"https:\/\/badbuddhashop.com\/fr\/wp-json\/wp\/v2\/media?parent=603"}],"wp:term":[{"taxonomy":"product_brand","embeddable":true,"href":"https:\/\/badbuddhashop.com\/fr\/wp-json\/wp\/v2\/product_brand?post=603"},{"taxonomy":"product_cat","embeddable":true,"href":"https:\/\/badbuddhashop.com\/fr\/wp-json\/wp\/v2\/product_cat?post=603"},{"taxonomy":"product_tag","embeddable":true,"href":"https:\/\/badbuddhashop.com\/fr\/wp-json\/wp\/v2\/product_tag?post=603"}],"curies":[{"name":"wp","href":"https:\/\/api.w.org\/{rel}","templated":true}]}}