{"id":606,"date":"2025-07-01T06:12:28","date_gmt":"2025-07-01T06:12:28","guid":{"rendered":"https:\/\/badbuddhashop.com\/product\/womens-softstyle-tee\/"},"modified":"2025-07-26T13:14:31","modified_gmt":"2025-07-26T13:14:31","slug":"womens-softstyle-tee","status":"publish","type":"product","link":"https:\/\/badbuddhashop.com\/fr\/produit\/womens-softstyle-tee\/","title":{"rendered":"Impertinente depuis la derni\u00e8re vie \u2013 T-shirt femme Softstyle Bad Buddha"},"content":{"rendered":"<p>Ce t-shirt semi-ajust\u00e9, c\u2019est comme ton ami qui a toujours l\u2019air bien mis, mais qui jure qu\u2019il a rien fait de sp\u00e9cial. Il \u00e9pouse le corps juste assez pour dire \u00ab j\u2019ai une silhouette \u00bb, sans te donner l\u2019impression d\u2019\u00eatre emball\u00e9 sous vide. Doux, l\u00e9ger et parfait en solo ou sous une veste \u2014 c\u2019est le couteau suisse de ta garde-robe.<\/p>\n<p>Fait de coton fil\u00e9 \u00e0 l\u2019anneau si doux qu\u2019il pourrait flatter ta peau en secret, ce chandail est pr\u00eat pour tout : du caf\u00e9 du matin aux d\u00e9bats profonds sur les ananas sur la pizza.<\/p>\n<p>\u2728\u00a0<strong>Caract\u00e9ristiques qui m\u00e9ritent une ovation :<\/strong><\/p>\n<ul>\n<li>100 % coton fil\u00e9 \u00e0 l\u2019anneau \u2014 fil\u00e9 avec amour (et peut-\u00eatre un peu de magie)<\/li>\n<li>Tissu l\u00e9ger qui garde ton style sans alourdir ton karma<\/li>\n<li>Coupe semi-ajust\u00e9e : flatteuse sans \u00eatre collante<\/li>\n<li>Coutures lat\u00e9rales pour un look \u201cj\u2019ai ma vie en ordre\u201d<\/li>\n<li>Col c\u00f4tel\u00e9 \u00e9troit qui dit : \u201cJ\u2019suis chic, mais je sais m\u2019amuser\u201d<\/li>\n<li>Bande au cou et aux \u00e9paules pour survivre aux lavages et aux moves de danse<\/li>\n<\/ul>\n<p>\u26a0\ufe0f\u00a0<strong>Note cosmique :<\/strong>\u00a0La version blanche peut sembler un peu cr\u00e8me. Comme l\u2019illumination, la vraie blancheur prend du temps.<\/p>","protected":false},"excerpt":{"rendered":"<p>This semi-fitted t-shirt is like that friend who\u2019s always put together but swears they didn\u2019t try. It skims your body just enough to say \u201cI have shape,\u201d without screaming \u201clook at me!\u201d Soft, lightweight, and ready to layer \u2014 it\u2019s basically the Swiss Army knife of your wardrobe. Made from ring-spun cotton so smooth it [&hellip;]<\/p>\n","protected":false},"featured_media":4502,"comment_status":"open","ping_status":"closed","template":"","meta":[],"product_brand":[],"product_cat":[22],"product_tag":[],"class_list":{"0":"post-606","1":"product","2":"type-product","3":"status-publish","4":"has-post-thumbnail","6":"product_cat-clothing","7":"product_shipping_class-printify-shipping","9":"first","10":"instock","11":"shipping-taxable","12":"purchasable","13":"product-type-variable","14":"has-default-attributes"},"yoast_head":"<!-- This site is optimized with the Yoast SEO plugin v27.4 - https:\/\/yoast.com\/product\/yoast-seo-wordpress\/ -->\n<title>Sassy Since the Last Lifetime. Women&#039;s Softstyle Tee Bad Buddha - Bad Buddha Shop<\/title>\n<meta name=\"robots\" content=\"index, follow, max-snippet:-1, max-image-preview:large, max-video-preview:-1\" \/>\n<link rel=\"canonical\" href=\"https:\/\/badbuddhashop.com\/fr\/produit\/womens-softstyle-tee\/\" \/>\n<meta property=\"og:locale\" content=\"fr_CA\" \/>\n<meta property=\"og:type\" content=\"article\" \/>\n<meta property=\"og:title\" content=\"Sassy Since the Last Lifetime. Women&#039;s Softstyle Tee Bad Buddha - Bad Buddha Shop\" \/>\n<meta property=\"og:description\" content=\"This semi-fitted t-shirt is like that friend who\u2019s always put together but swears they didn\u2019t try. It skims your body just enough to say \u201cI have shape,\u201d without screaming \u201clook at me!\u201d Soft, lightweight, and ready to layer \u2014 it\u2019s basically the Swiss Army knife of your wardrobe. Made from ring-spun cotton so smooth it [&hellip;]\" \/>\n<meta property=\"og:url\" content=\"https:\/\/badbuddhashop.com\/fr\/produit\/womens-softstyle-tee\/\" \/>\n<meta property=\"og:site_name\" content=\"Bad Buddha Shop\" \/>\n<meta property=\"article:publisher\" content=\"https:\/\/www.facebook.com\/profile.php?id=61577341044750\" \/>\n<meta property=\"article:modified_time\" content=\"2025-07-26T13:14:31+00:00\" \/>\n<meta property=\"og:image\" content=\"https:\/\/badbuddhashop.com\/wp-content\/uploads\/2025\/07\/6720456040310042466_2048-768x768-1.jpeg\" \/>\n\t<meta property=\"og:image:width\" content=\"768\" \/>\n\t<meta property=\"og:image:height\" content=\"768\" \/>\n\t<meta property=\"og:image:type\" content=\"image\/jpeg\" \/>\n<meta name=\"twitter:card\" content=\"summary_large_image\" \/>\n<meta name=\"twitter:label1\" content=\"Estimation du temps de lecture\" \/>\n\t<meta name=\"twitter:data1\" content=\"1 minute\" \/>\n<script type=\"application\/ld+json\" class=\"yoast-schema-graph\">{\"@context\":\"https:\\\/\\\/schema.org\",\"@graph\":[{\"@type\":\"WebPage\",\"@id\":\"https:\\\/\\\/badbuddhashop.com\\\/product\\\/womens-softstyle-tee\\\/\",\"url\":\"https:\\\/\\\/badbuddhashop.com\\\/product\\\/womens-softstyle-tee\\\/\",\"name\":\"Sassy Since the Last Lifetime. Women's Softstyle Tee Bad Buddha - Bad Buddha Shop\",\"isPartOf\":{\"@id\":\"https:\\\/\\\/badbuddhashop.com\\\/#website\"},\"primaryImageOfPage\":{\"@id\":\"https:\\\/\\\/badbuddhashop.com\\\/product\\\/womens-softstyle-tee\\\/#primaryimage\"},\"image\":{\"@id\":\"https:\\\/\\\/badbuddhashop.com\\\/product\\\/womens-softstyle-tee\\\/#primaryimage\"},\"thumbnailUrl\":\"https:\\\/\\\/badbuddhashop.com\\\/wp-content\\\/uploads\\\/2025\\\/07\\\/6720456040310042466_2048-768x768-1.jpeg\",\"datePublished\":\"2025-07-01T06:12:28+00:00\",\"dateModified\":\"2025-07-26T13:14:31+00:00\",\"breadcrumb\":{\"@id\":\"https:\\\/\\\/badbuddhashop.com\\\/product\\\/womens-softstyle-tee\\\/#breadcrumb\"},\"inLanguage\":\"fr-CA\",\"potentialAction\":[{\"@type\":\"ReadAction\",\"target\":[\"https:\\\/\\\/badbuddhashop.com\\\/product\\\/womens-softstyle-tee\\\/\"]}]},{\"@type\":\"ImageObject\",\"inLanguage\":\"fr-CA\",\"@id\":\"https:\\\/\\\/badbuddhashop.com\\\/product\\\/womens-softstyle-tee\\\/#primaryimage\",\"url\":\"https:\\\/\\\/badbuddhashop.com\\\/wp-content\\\/uploads\\\/2025\\\/07\\\/6720456040310042466_2048-768x768-1.jpeg\",\"contentUrl\":\"https:\\\/\\\/badbuddhashop.com\\\/wp-content\\\/uploads\\\/2025\\\/07\\\/6720456040310042466_2048-768x768-1.jpeg\",\"width\":768,\"height\":768},{\"@type\":\"BreadcrumbList\",\"@id\":\"https:\\\/\\\/badbuddhashop.com\\\/product\\\/womens-softstyle-tee\\\/#breadcrumb\",\"itemListElement\":[{\"@type\":\"ListItem\",\"position\":1,\"name\":\"Home\",\"item\":\"https:\\\/\\\/badbuddhashop.com\\\/\"},{\"@type\":\"ListItem\",\"position\":2,\"name\":\"Take Your Adventure To The Next Level\",\"item\":\"https:\\\/\\\/badbuddhashop.com\\\/shop1\\\/\"},{\"@type\":\"ListItem\",\"position\":3,\"name\":\"Sassy Since the Last Lifetime. Women&#8217;s Softstyle Tee Bad Buddha\"}]},{\"@type\":\"WebSite\",\"@id\":\"https:\\\/\\\/badbuddhashop.com\\\/#website\",\"url\":\"https:\\\/\\\/badbuddhashop.com\\\/\",\"name\":\"Bad Buddha Shop\",\"description\":\"\",\"publisher\":{\"@id\":\"https:\\\/\\\/badbuddhashop.com\\\/#organization\"},\"potentialAction\":[{\"@type\":\"SearchAction\",\"target\":{\"@type\":\"EntryPoint\",\"urlTemplate\":\"https:\\\/\\\/badbuddhashop.com\\\/?s={search_term_string}\"},\"query-input\":{\"@type\":\"PropertyValueSpecification\",\"valueRequired\":true,\"valueName\":\"search_term_string\"}}],\"inLanguage\":\"fr-CA\"},{\"@type\":\"Organization\",\"@id\":\"https:\\\/\\\/badbuddhashop.com\\\/#organization\",\"name\":\"Bad Buddha Shop\",\"url\":\"https:\\\/\\\/badbuddhashop.com\\\/\",\"logo\":{\"@type\":\"ImageObject\",\"inLanguage\":\"fr-CA\",\"@id\":\"https:\\\/\\\/badbuddhashop.com\\\/#\\\/schema\\\/logo\\\/image\\\/\",\"url\":\"https:\\\/\\\/badbuddhashop.com\\\/wp-content\\\/uploads\\\/2025\\\/06\\\/logo-cropped.png\",\"contentUrl\":\"https:\\\/\\\/badbuddhashop.com\\\/wp-content\\\/uploads\\\/2025\\\/06\\\/logo-cropped.png\",\"width\":1024,\"height\":1024,\"caption\":\"Bad Buddha Shop\"},\"image\":{\"@id\":\"https:\\\/\\\/badbuddhashop.com\\\/#\\\/schema\\\/logo\\\/image\\\/\"},\"sameAs\":[\"https:\\\/\\\/www.facebook.com\\\/profile.php?id=61577341044750\",\"https:\\\/\\\/www.instagram.com\\\/bad_buddha_shop\\\/\"]}]}<\/script>\n<!-- \/ Yoast SEO plugin. -->","yoast_head_json":{"title":"Sassy Since the Last Lifetime. Women's Softstyle Tee Bad Buddha - Bad Buddha Shop","robots":{"index":"index","follow":"follow","max-snippet":"max-snippet:-1","max-image-preview":"max-image-preview:large","max-video-preview":"max-video-preview:-1"},"canonical":"https:\/\/badbuddhashop.com\/fr\/produit\/womens-softstyle-tee\/","og_locale":"fr_CA","og_type":"article","og_title":"Sassy Since the Last Lifetime. Women's Softstyle Tee Bad Buddha - Bad Buddha Shop","og_description":"This semi-fitted t-shirt is like that friend who\u2019s always put together but swears they didn\u2019t try. It skims your body just enough to say \u201cI have shape,\u201d without screaming \u201clook at me!\u201d Soft, lightweight, and ready to layer \u2014 it\u2019s basically the Swiss Army knife of your wardrobe. Made from ring-spun cotton so smooth it [&hellip;]","og_url":"https:\/\/badbuddhashop.com\/fr\/produit\/womens-softstyle-tee\/","og_site_name":"Bad Buddha Shop","article_publisher":"https:\/\/www.facebook.com\/profile.php?id=61577341044750","article_modified_time":"2025-07-26T13:14:31+00:00","og_image":[{"width":768,"height":768,"url":"https:\/\/badbuddhashop.com\/wp-content\/uploads\/2025\/07\/6720456040310042466_2048-768x768-1.jpeg","type":"image\/jpeg"}],"twitter_card":"summary_large_image","twitter_misc":{"Estimation du temps de lecture":"1 minute"},"schema":{"@context":"https:\/\/schema.org","@graph":[{"@type":"WebPage","@id":"https:\/\/badbuddhashop.com\/product\/womens-softstyle-tee\/","url":"https:\/\/badbuddhashop.com\/product\/womens-softstyle-tee\/","name":"Sassy Since the Last Lifetime. Women's Softstyle Tee Bad Buddha - Bad Buddha Shop","isPartOf":{"@id":"https:\/\/badbuddhashop.com\/#website"},"primaryImageOfPage":{"@id":"https:\/\/badbuddhashop.com\/product\/womens-softstyle-tee\/#primaryimage"},"image":{"@id":"https:\/\/badbuddhashop.com\/product\/womens-softstyle-tee\/#primaryimage"},"thumbnailUrl":"https:\/\/badbuddhashop.com\/wp-content\/uploads\/2025\/07\/6720456040310042466_2048-768x768-1.jpeg","datePublished":"2025-07-01T06:12:28+00:00","dateModified":"2025-07-26T13:14:31+00:00","breadcrumb":{"@id":"https:\/\/badbuddhashop.com\/product\/womens-softstyle-tee\/#breadcrumb"},"inLanguage":"fr-CA","potentialAction":[{"@type":"ReadAction","target":["https:\/\/badbuddhashop.com\/product\/womens-softstyle-tee\/"]}]},{"@type":"ImageObject","inLanguage":"fr-CA","@id":"https:\/\/badbuddhashop.com\/product\/womens-softstyle-tee\/#primaryimage","url":"https:\/\/badbuddhashop.com\/wp-content\/uploads\/2025\/07\/6720456040310042466_2048-768x768-1.jpeg","contentUrl":"https:\/\/badbuddhashop.com\/wp-content\/uploads\/2025\/07\/6720456040310042466_2048-768x768-1.jpeg","width":768,"height":768},{"@type":"BreadcrumbList","@id":"https:\/\/badbuddhashop.com\/product\/womens-softstyle-tee\/#breadcrumb","itemListElement":[{"@type":"ListItem","position":1,"name":"Home","item":"https:\/\/badbuddhashop.com\/"},{"@type":"ListItem","position":2,"name":"Take Your Adventure To The Next Level","item":"https:\/\/badbuddhashop.com\/shop1\/"},{"@type":"ListItem","position":3,"name":"Sassy Since the Last Lifetime. Women&#8217;s Softstyle Tee Bad Buddha"}]},{"@type":"WebSite","@id":"https:\/\/badbuddhashop.com\/#website","url":"https:\/\/badbuddhashop.com\/","name":"Bad Buddha Shop","description":"","publisher":{"@id":"https:\/\/badbuddhashop.com\/#organization"},"potentialAction":[{"@type":"SearchAction","target":{"@type":"EntryPoint","urlTemplate":"https:\/\/badbuddhashop.com\/?s={search_term_string}"},"query-input":{"@type":"PropertyValueSpecification","valueRequired":true,"valueName":"search_term_string"}}],"inLanguage":"fr-CA"},{"@type":"Organization","@id":"https:\/\/badbuddhashop.com\/#organization","name":"Bad Buddha Shop","url":"https:\/\/badbuddhashop.com\/","logo":{"@type":"ImageObject","inLanguage":"fr-CA","@id":"https:\/\/badbuddhashop.com\/#\/schema\/logo\/image\/","url":"https:\/\/badbuddhashop.com\/wp-content\/uploads\/2025\/06\/logo-cropped.png","contentUrl":"https:\/\/badbuddhashop.com\/wp-content\/uploads\/2025\/06\/logo-cropped.png","width":1024,"height":1024,"caption":"Bad Buddha Shop"},"image":{"@id":"https:\/\/badbuddhashop.com\/#\/schema\/logo\/image\/"},"sameAs":["https:\/\/www.facebook.com\/profile.php?id=61577341044750","https:\/\/www.instagram.com\/bad_buddha_shop\/"]}]}},"_links":{"self":[{"href":"https:\/\/badbuddhashop.com\/fr\/wp-json\/wp\/v2\/product\/606","targetHints":{"allow":["GET"]}}],"collection":[{"href":"https:\/\/badbuddhashop.com\/fr\/wp-json\/wp\/v2\/product"}],"about":[{"href":"https:\/\/badbuddhashop.com\/fr\/wp-json\/wp\/v2\/types\/product"}],"replies":[{"embeddable":true,"href":"https:\/\/badbuddhashop.com\/fr\/wp-json\/wp\/v2\/comments?post=606"}],"wp:featuredmedia":[{"embeddable":true,"href":"https:\/\/badbuddhashop.com\/fr\/wp-json\/wp\/v2\/media\/4502"}],"wp:attachment":[{"href":"https:\/\/badbuddhashop.com\/fr\/wp-json\/wp\/v2\/media?parent=606"}],"wp:term":[{"taxonomy":"product_brand","embeddable":true,"href":"https:\/\/badbuddhashop.com\/fr\/wp-json\/wp\/v2\/product_brand?post=606"},{"taxonomy":"product_cat","embeddable":true,"href":"https:\/\/badbuddhashop.com\/fr\/wp-json\/wp\/v2\/product_cat?post=606"},{"taxonomy":"product_tag","embeddable":true,"href":"https:\/\/badbuddhashop.com\/fr\/wp-json\/wp\/v2\/product_tag?post=606"}],"curies":[{"name":"wp","href":"https:\/\/api.w.org\/{rel}","templated":true}]}}