{"id":635,"date":"2025-07-01T06:12:44","date_gmt":"2025-07-01T06:12:44","guid":{"rendered":"https:\/\/badbuddhashop.com\/product\/unisex-heavy-cotton-tee\/"},"modified":"2025-07-26T15:13:46","modified_gmt":"2025-07-26T15:13:46","slug":"unisex-heavy-cotton-tee","status":"publish","type":"product","link":"https:\/\/badbuddhashop.com\/fr\/produit\/unisex-heavy-cotton-tee\/","title":{"rendered":"Bonnes ondes, sale caract\u00e8re \u2013 T-shirt unisexe en coton \u00e9pais Bad Buddha"},"content":{"rendered":"<p>Parce que parfois, la seule chose qui te garde fonctionnel\u00b7le, c\u2019est un bon vieux t-shirt. Fait \u00e0 100 % de coton am\u00e9ricain r\u00e9colt\u00e9 de fa\u00e7on \u00e9thique, ce chandail est doux, durable et parfaitement align\u00e9 avec ton besoin de confort\u2026 et de sarcasme. Pas de coutures qui grattent, pas d\u2019\u00e9tiquettes irritantes\u2014juste du bonheur pur en tissu. L\u2019illumination n\u2019est pas incluse, mais fortement recommand\u00e9e.<\/p>","protected":false},"excerpt":{"rendered":"<p>Parce que parfois, la seule chose qui te garde fonctionnel\u00b7le, c\u2019est un bon vieux t-shirt. Fait \u00e0 100 % de coton am\u00e9ricain r\u00e9colt\u00e9 de fa\u00e7on \u00e9thique, ce chandail est doux, durable et parfaitement align\u00e9 avec ton besoin de confort\u2026 et de sarcasme. Pas de coutures qui grattent, pas d\u2019\u00e9tiquettes irritantes\u2014juste du bonheur pur en tissu. L\u2019illumination n\u2019est pas incluse, mais fortement recommand\u00e9e.<\/p>","protected":false},"featured_media":1047,"comment_status":"open","ping_status":"closed","template":"","meta":[],"product_brand":[],"product_cat":[25,22],"product_tag":[],"class_list":{"0":"post-635","1":"product","2":"type-product","3":"status-publish","4":"has-post-thumbnail","6":"product_cat-best-sellers","7":"product_cat-clothing","8":"product_shipping_class-printify-shipping","10":"first","11":"instock","12":"shipping-taxable","13":"purchasable","14":"product-type-variable","15":"has-default-attributes"},"yoast_head":"<!-- This site is optimized with the Yoast SEO plugin v27.4 - https:\/\/yoast.com\/product\/yoast-seo-wordpress\/ -->\n<title>Good Vibes, Bad Attitude. Unisex Heavy Cotton Tee Bad Buddha - Bad Buddha Shop<\/title>\n<meta name=\"robots\" content=\"index, follow, max-snippet:-1, max-image-preview:large, max-video-preview:-1\" \/>\n<link rel=\"canonical\" href=\"https:\/\/badbuddhashop.com\/fr\/produit\/unisex-heavy-cotton-tee\/\" \/>\n<meta property=\"og:locale\" content=\"fr_CA\" \/>\n<meta property=\"og:type\" content=\"article\" \/>\n<meta property=\"og:title\" content=\"Good Vibes, Bad Attitude. Unisex Heavy Cotton Tee Bad Buddha - Bad Buddha Shop\" \/>\n<meta property=\"og:description\" content=\"Because sometimes, the only thing holding your life together is a really good T-shirt. Made from 100% ethically harvested US cotton, this tee is soft, durable, and spiritually aligned with your need for comfort and sarcasm. No itchy seams, no scratchy labels\u2014just pure, unbothered bliss in fabric form. Enlightenment not included, but highly encouraged.\" \/>\n<meta property=\"og:url\" content=\"https:\/\/badbuddhashop.com\/fr\/produit\/unisex-heavy-cotton-tee\/\" \/>\n<meta property=\"og:site_name\" content=\"Bad Buddha Shop\" \/>\n<meta property=\"article:publisher\" content=\"https:\/\/www.facebook.com\/profile.php?id=61577341044750\" \/>\n<meta property=\"article:modified_time\" content=\"2025-07-26T15:13:46+00:00\" \/>\n<meta property=\"og:image\" content=\"https:\/\/badbuddhashop.com\/wp-content\/uploads\/2025\/07\/18393919958371750789_2048-1.jpeg\" \/>\n\t<meta property=\"og:image:width\" content=\"2048\" \/>\n\t<meta property=\"og:image:height\" content=\"2048\" \/>\n\t<meta property=\"og:image:type\" content=\"image\/jpeg\" \/>\n<meta name=\"twitter:card\" content=\"summary_large_image\" \/>\n<meta name=\"twitter:label1\" content=\"Estimation du temps de lecture\" \/>\n\t<meta name=\"twitter:data1\" content=\"1 minute\" \/>\n<script type=\"application\/ld+json\" class=\"yoast-schema-graph\">{\"@context\":\"https:\\\/\\\/schema.org\",\"@graph\":[{\"@type\":\"WebPage\",\"@id\":\"https:\\\/\\\/badbuddhashop.com\\\/product\\\/unisex-heavy-cotton-tee\\\/\",\"url\":\"https:\\\/\\\/badbuddhashop.com\\\/product\\\/unisex-heavy-cotton-tee\\\/\",\"name\":\"Good Vibes, Bad Attitude. Unisex Heavy Cotton Tee Bad Buddha - Bad Buddha Shop\",\"isPartOf\":{\"@id\":\"https:\\\/\\\/badbuddhashop.com\\\/#website\"},\"primaryImageOfPage\":{\"@id\":\"https:\\\/\\\/badbuddhashop.com\\\/product\\\/unisex-heavy-cotton-tee\\\/#primaryimage\"},\"image\":{\"@id\":\"https:\\\/\\\/badbuddhashop.com\\\/product\\\/unisex-heavy-cotton-tee\\\/#primaryimage\"},\"thumbnailUrl\":\"https:\\\/\\\/badbuddhashop.com\\\/wp-content\\\/uploads\\\/2025\\\/07\\\/18393919958371750789_2048-1.jpeg\",\"datePublished\":\"2025-07-01T06:12:44+00:00\",\"dateModified\":\"2025-07-26T15:13:46+00:00\",\"breadcrumb\":{\"@id\":\"https:\\\/\\\/badbuddhashop.com\\\/product\\\/unisex-heavy-cotton-tee\\\/#breadcrumb\"},\"inLanguage\":\"fr-CA\",\"potentialAction\":[{\"@type\":\"ReadAction\",\"target\":[\"https:\\\/\\\/badbuddhashop.com\\\/product\\\/unisex-heavy-cotton-tee\\\/\"]}]},{\"@type\":\"ImageObject\",\"inLanguage\":\"fr-CA\",\"@id\":\"https:\\\/\\\/badbuddhashop.com\\\/product\\\/unisex-heavy-cotton-tee\\\/#primaryimage\",\"url\":\"https:\\\/\\\/badbuddhashop.com\\\/wp-content\\\/uploads\\\/2025\\\/07\\\/18393919958371750789_2048-1.jpeg\",\"contentUrl\":\"https:\\\/\\\/badbuddhashop.com\\\/wp-content\\\/uploads\\\/2025\\\/07\\\/18393919958371750789_2048-1.jpeg\",\"width\":2048,\"height\":2048},{\"@type\":\"BreadcrumbList\",\"@id\":\"https:\\\/\\\/badbuddhashop.com\\\/product\\\/unisex-heavy-cotton-tee\\\/#breadcrumb\",\"itemListElement\":[{\"@type\":\"ListItem\",\"position\":1,\"name\":\"Home\",\"item\":\"https:\\\/\\\/badbuddhashop.com\\\/\"},{\"@type\":\"ListItem\",\"position\":2,\"name\":\"Take Your Adventure To The Next Level\",\"item\":\"https:\\\/\\\/badbuddhashop.com\\\/shop1\\\/\"},{\"@type\":\"ListItem\",\"position\":3,\"name\":\"Good Vibes, Bad Attitude. Unisex Heavy Cotton Tee Bad Buddha\"}]},{\"@type\":\"WebSite\",\"@id\":\"https:\\\/\\\/badbuddhashop.com\\\/#website\",\"url\":\"https:\\\/\\\/badbuddhashop.com\\\/\",\"name\":\"Bad Buddha Shop\",\"description\":\"\",\"publisher\":{\"@id\":\"https:\\\/\\\/badbuddhashop.com\\\/#organization\"},\"potentialAction\":[{\"@type\":\"SearchAction\",\"target\":{\"@type\":\"EntryPoint\",\"urlTemplate\":\"https:\\\/\\\/badbuddhashop.com\\\/?s={search_term_string}\"},\"query-input\":{\"@type\":\"PropertyValueSpecification\",\"valueRequired\":true,\"valueName\":\"search_term_string\"}}],\"inLanguage\":\"fr-CA\"},{\"@type\":\"Organization\",\"@id\":\"https:\\\/\\\/badbuddhashop.com\\\/#organization\",\"name\":\"Bad Buddha Shop\",\"url\":\"https:\\\/\\\/badbuddhashop.com\\\/\",\"logo\":{\"@type\":\"ImageObject\",\"inLanguage\":\"fr-CA\",\"@id\":\"https:\\\/\\\/badbuddhashop.com\\\/#\\\/schema\\\/logo\\\/image\\\/\",\"url\":\"https:\\\/\\\/badbuddhashop.com\\\/wp-content\\\/uploads\\\/2025\\\/06\\\/logo-cropped.png\",\"contentUrl\":\"https:\\\/\\\/badbuddhashop.com\\\/wp-content\\\/uploads\\\/2025\\\/06\\\/logo-cropped.png\",\"width\":1024,\"height\":1024,\"caption\":\"Bad Buddha Shop\"},\"image\":{\"@id\":\"https:\\\/\\\/badbuddhashop.com\\\/#\\\/schema\\\/logo\\\/image\\\/\"},\"sameAs\":[\"https:\\\/\\\/www.facebook.com\\\/profile.php?id=61577341044750\",\"https:\\\/\\\/www.instagram.com\\\/bad_buddha_shop\\\/\"]}]}<\/script>\n<!-- \/ Yoast SEO plugin. -->","yoast_head_json":{"title":"Good Vibes, Bad Attitude. Unisex Heavy Cotton Tee Bad Buddha - Bad Buddha Shop","robots":{"index":"index","follow":"follow","max-snippet":"max-snippet:-1","max-image-preview":"max-image-preview:large","max-video-preview":"max-video-preview:-1"},"canonical":"https:\/\/badbuddhashop.com\/fr\/produit\/unisex-heavy-cotton-tee\/","og_locale":"fr_CA","og_type":"article","og_title":"Good Vibes, Bad Attitude. Unisex Heavy Cotton Tee Bad Buddha - Bad Buddha Shop","og_description":"Because sometimes, the only thing holding your life together is a really good T-shirt. Made from 100% ethically harvested US cotton, this tee is soft, durable, and spiritually aligned with your need for comfort and sarcasm. No itchy seams, no scratchy labels\u2014just pure, unbothered bliss in fabric form. Enlightenment not included, but highly encouraged.","og_url":"https:\/\/badbuddhashop.com\/fr\/produit\/unisex-heavy-cotton-tee\/","og_site_name":"Bad Buddha Shop","article_publisher":"https:\/\/www.facebook.com\/profile.php?id=61577341044750","article_modified_time":"2025-07-26T15:13:46+00:00","og_image":[{"width":2048,"height":2048,"url":"https:\/\/badbuddhashop.com\/wp-content\/uploads\/2025\/07\/18393919958371750789_2048-1.jpeg","type":"image\/jpeg"}],"twitter_card":"summary_large_image","twitter_misc":{"Estimation du temps de lecture":"1 minute"},"schema":{"@context":"https:\/\/schema.org","@graph":[{"@type":"WebPage","@id":"https:\/\/badbuddhashop.com\/product\/unisex-heavy-cotton-tee\/","url":"https:\/\/badbuddhashop.com\/product\/unisex-heavy-cotton-tee\/","name":"Good Vibes, Bad Attitude. Unisex Heavy Cotton Tee Bad Buddha - Bad Buddha Shop","isPartOf":{"@id":"https:\/\/badbuddhashop.com\/#website"},"primaryImageOfPage":{"@id":"https:\/\/badbuddhashop.com\/product\/unisex-heavy-cotton-tee\/#primaryimage"},"image":{"@id":"https:\/\/badbuddhashop.com\/product\/unisex-heavy-cotton-tee\/#primaryimage"},"thumbnailUrl":"https:\/\/badbuddhashop.com\/wp-content\/uploads\/2025\/07\/18393919958371750789_2048-1.jpeg","datePublished":"2025-07-01T06:12:44+00:00","dateModified":"2025-07-26T15:13:46+00:00","breadcrumb":{"@id":"https:\/\/badbuddhashop.com\/product\/unisex-heavy-cotton-tee\/#breadcrumb"},"inLanguage":"fr-CA","potentialAction":[{"@type":"ReadAction","target":["https:\/\/badbuddhashop.com\/product\/unisex-heavy-cotton-tee\/"]}]},{"@type":"ImageObject","inLanguage":"fr-CA","@id":"https:\/\/badbuddhashop.com\/product\/unisex-heavy-cotton-tee\/#primaryimage","url":"https:\/\/badbuddhashop.com\/wp-content\/uploads\/2025\/07\/18393919958371750789_2048-1.jpeg","contentUrl":"https:\/\/badbuddhashop.com\/wp-content\/uploads\/2025\/07\/18393919958371750789_2048-1.jpeg","width":2048,"height":2048},{"@type":"BreadcrumbList","@id":"https:\/\/badbuddhashop.com\/product\/unisex-heavy-cotton-tee\/#breadcrumb","itemListElement":[{"@type":"ListItem","position":1,"name":"Home","item":"https:\/\/badbuddhashop.com\/"},{"@type":"ListItem","position":2,"name":"Take Your Adventure To The Next Level","item":"https:\/\/badbuddhashop.com\/shop1\/"},{"@type":"ListItem","position":3,"name":"Good Vibes, Bad Attitude. Unisex Heavy Cotton Tee Bad Buddha"}]},{"@type":"WebSite","@id":"https:\/\/badbuddhashop.com\/#website","url":"https:\/\/badbuddhashop.com\/","name":"Bad Buddha Shop","description":"","publisher":{"@id":"https:\/\/badbuddhashop.com\/#organization"},"potentialAction":[{"@type":"SearchAction","target":{"@type":"EntryPoint","urlTemplate":"https:\/\/badbuddhashop.com\/?s={search_term_string}"},"query-input":{"@type":"PropertyValueSpecification","valueRequired":true,"valueName":"search_term_string"}}],"inLanguage":"fr-CA"},{"@type":"Organization","@id":"https:\/\/badbuddhashop.com\/#organization","name":"Bad Buddha Shop","url":"https:\/\/badbuddhashop.com\/","logo":{"@type":"ImageObject","inLanguage":"fr-CA","@id":"https:\/\/badbuddhashop.com\/#\/schema\/logo\/image\/","url":"https:\/\/badbuddhashop.com\/wp-content\/uploads\/2025\/06\/logo-cropped.png","contentUrl":"https:\/\/badbuddhashop.com\/wp-content\/uploads\/2025\/06\/logo-cropped.png","width":1024,"height":1024,"caption":"Bad Buddha Shop"},"image":{"@id":"https:\/\/badbuddhashop.com\/#\/schema\/logo\/image\/"},"sameAs":["https:\/\/www.facebook.com\/profile.php?id=61577341044750","https:\/\/www.instagram.com\/bad_buddha_shop\/"]}]}},"_links":{"self":[{"href":"https:\/\/badbuddhashop.com\/fr\/wp-json\/wp\/v2\/product\/635","targetHints":{"allow":["GET"]}}],"collection":[{"href":"https:\/\/badbuddhashop.com\/fr\/wp-json\/wp\/v2\/product"}],"about":[{"href":"https:\/\/badbuddhashop.com\/fr\/wp-json\/wp\/v2\/types\/product"}],"replies":[{"embeddable":true,"href":"https:\/\/badbuddhashop.com\/fr\/wp-json\/wp\/v2\/comments?post=635"}],"wp:featuredmedia":[{"embeddable":true,"href":"https:\/\/badbuddhashop.com\/fr\/wp-json\/wp\/v2\/media\/1047"}],"wp:attachment":[{"href":"https:\/\/badbuddhashop.com\/fr\/wp-json\/wp\/v2\/media?parent=635"}],"wp:term":[{"taxonomy":"product_brand","embeddable":true,"href":"https:\/\/badbuddhashop.com\/fr\/wp-json\/wp\/v2\/product_brand?post=635"},{"taxonomy":"product_cat","embeddable":true,"href":"https:\/\/badbuddhashop.com\/fr\/wp-json\/wp\/v2\/product_cat?post=635"},{"taxonomy":"product_tag","embeddable":true,"href":"https:\/\/badbuddhashop.com\/fr\/wp-json\/wp\/v2\/product_tag?post=635"}],"curies":[{"name":"wp","href":"https:\/\/api.w.org\/{rel}","templated":true}]}}