{"id":6412,"date":"2026-04-06T12:10:33","date_gmt":"2026-04-06T12:10:33","guid":{"rendered":"https:\/\/badbuddhashop.com\/product\/unisex-hoodie-2\/"},"modified":"2026-04-18T22:40:22","modified_gmt":"2026-04-18T22:40:22","slug":"unisex-hoodie-2","status":"publish","type":"product","link":"https:\/\/badbuddhashop.com\/fr\/produit\/unisex-hoodie-2\/","title":{"rendered":"Unisex Hoodie &#8211; Manifest That Shit on front"},"content":{"rendered":"<p>Namaste, But Make It Happen<\/p>\n<div>\n<p>Breathe in. Breathe out. Demand more.<br \/>\nThis hoodie blends inner peace with outer confidence. For anyone who journals intentions and refuses to play small. Bad Buddha approved. <strong>Manifest That Shit.<\/strong><\/p>\n<\/div>\n<p>\u2022 50 % coton pr\u00e9lav\u00e9, 50 % polyester<br \/>\nHeather Sport Dark Navy is 40% cotton, 60% polyester<br \/>\n\u2022 Poids du tissu : 8.0 oz\/yd\u00b2 (271.25 g\/m\u00b2)<br \/>\n\u2022 Fil\u00e9 par jet d\u2019air pour une sensation de douceur et une formation de bouloches r\u00e9duite<br \/>\n\u2022 Capuchon doubl\u00e9 avec cordon de serrage assorti<br \/>\n\u2022 Corps tourn\u00e9 d\u2019un quart pour \u00e9viter un pli au centre<br \/>\n\u2022 Poignets et taille en tricot c\u00f4tel\u00e9 athl\u00e9tique 1 \u00d7 1 avec \u00e9lasthanne<br \/>\n\u2022 Poche kangourou \u00e0 l\u2019avant<br \/>\n\u2022 Col, \u00e9paules, emmanchures, poignets et ourlet \u00e0 double piq\u00fbre<\/p>","protected":false},"excerpt":{"rendered":"<p>Namaste, But Make It Happen Breathe in. Breathe out. Demand more. This hoodie blends inner peace with outer confidence. For anyone who journals intentions and refuses to play small. Bad Buddha approved. Manifest That Shit. \u2022 50% pre-shrunk cotton, 50% polyester Heather Sport Dark Navy is 40% cotton, 60% polyester \u2022 Fabric weight: 8.0 oz\/yd\u00b2 [&hellip;]<\/p>\n","protected":false},"featured_media":6453,"comment_status":"open","ping_status":"closed","template":"","meta":[],"product_brand":[],"product_cat":[32],"product_tag":[],"class_list":{"0":"post-6412","1":"product","2":"type-product","3":"status-publish","4":"has-post-thumbnail","6":"product_cat-clothing-canada","8":"first","9":"instock","10":"shipping-taxable","11":"purchasable","12":"product-type-variable"},"yoast_head":"<!-- This site is optimized with the Yoast SEO plugin v27.4 - https:\/\/yoast.com\/product\/yoast-seo-wordpress\/ -->\n<title>Unisex Hoodie - Manifest That Shit on front - Bad Buddha Shop<\/title>\n<meta name=\"robots\" content=\"index, follow, max-snippet:-1, max-image-preview:large, max-video-preview:-1\" \/>\n<link rel=\"canonical\" href=\"https:\/\/badbuddhashop.com\/fr\/produit\/unisex-hoodie-2\/\" \/>\n<meta property=\"og:locale\" content=\"fr_CA\" \/>\n<meta property=\"og:type\" content=\"article\" \/>\n<meta property=\"og:title\" content=\"Unisex Hoodie - Manifest That Shit on front - Bad Buddha Shop\" \/>\n<meta property=\"og:description\" content=\"Namaste, But Make It Happen Breathe in. Breathe out. Demand more. This hoodie blends inner peace with outer confidence. For anyone who journals intentions and refuses to play small. Bad Buddha approved. Manifest That Shit. \u2022 50% pre-shrunk cotton, 50% polyester Heather Sport Dark Navy is 40% cotton, 60% polyester \u2022 Fabric weight: 8.0 oz\/yd\u00b2 [&hellip;]\" \/>\n<meta property=\"og:url\" content=\"https:\/\/badbuddhashop.com\/fr\/produit\/unisex-hoodie-2\/\" \/>\n<meta property=\"og:site_name\" content=\"Bad Buddha Shop\" \/>\n<meta property=\"article:publisher\" content=\"https:\/\/www.facebook.com\/profile.php?id=61577341044750\" \/>\n<meta property=\"article:modified_time\" content=\"2026-04-18T22:40:22+00:00\" \/>\n<meta property=\"og:image\" content=\"https:\/\/badbuddhashop.com\/wp-content\/uploads\/2026\/04\/unisex-heavy-blend-hoodie-black-front-69d3a2aa0bb93.jpg\" \/>\n\t<meta property=\"og:image:width\" content=\"2000\" \/>\n\t<meta property=\"og:image:height\" content=\"2000\" \/>\n\t<meta property=\"og:image:type\" content=\"image\/jpeg\" \/>\n<meta name=\"twitter:card\" content=\"summary_large_image\" \/>\n<meta name=\"twitter:label1\" content=\"Estimation du temps de lecture\" \/>\n\t<meta name=\"twitter:data1\" content=\"1 minute\" \/>\n<script type=\"application\/ld+json\" class=\"yoast-schema-graph\">{\"@context\":\"https:\\\/\\\/schema.org\",\"@graph\":[{\"@type\":\"WebPage\",\"@id\":\"https:\\\/\\\/badbuddhashop.com\\\/product\\\/unisex-hoodie-2\\\/\",\"url\":\"https:\\\/\\\/badbuddhashop.com\\\/product\\\/unisex-hoodie-2\\\/\",\"name\":\"Unisex Hoodie - Manifest That Shit on front - Bad Buddha Shop\",\"isPartOf\":{\"@id\":\"https:\\\/\\\/badbuddhashop.com\\\/#website\"},\"primaryImageOfPage\":{\"@id\":\"https:\\\/\\\/badbuddhashop.com\\\/product\\\/unisex-hoodie-2\\\/#primaryimage\"},\"image\":{\"@id\":\"https:\\\/\\\/badbuddhashop.com\\\/product\\\/unisex-hoodie-2\\\/#primaryimage\"},\"thumbnailUrl\":\"https:\\\/\\\/badbuddhashop.com\\\/wp-content\\\/uploads\\\/2026\\\/04\\\/unisex-heavy-blend-hoodie-black-front-69d3a2aa0bb93.jpg\",\"datePublished\":\"2026-04-06T12:10:33+00:00\",\"dateModified\":\"2026-04-18T22:40:22+00:00\",\"breadcrumb\":{\"@id\":\"https:\\\/\\\/badbuddhashop.com\\\/product\\\/unisex-hoodie-2\\\/#breadcrumb\"},\"inLanguage\":\"fr-CA\",\"potentialAction\":[{\"@type\":\"ReadAction\",\"target\":[\"https:\\\/\\\/badbuddhashop.com\\\/product\\\/unisex-hoodie-2\\\/\"]}]},{\"@type\":\"ImageObject\",\"inLanguage\":\"fr-CA\",\"@id\":\"https:\\\/\\\/badbuddhashop.com\\\/product\\\/unisex-hoodie-2\\\/#primaryimage\",\"url\":\"https:\\\/\\\/badbuddhashop.com\\\/wp-content\\\/uploads\\\/2026\\\/04\\\/unisex-heavy-blend-hoodie-black-front-69d3a2aa0bb93.jpg\",\"contentUrl\":\"https:\\\/\\\/badbuddhashop.com\\\/wp-content\\\/uploads\\\/2026\\\/04\\\/unisex-heavy-blend-hoodie-black-front-69d3a2aa0bb93.jpg\",\"width\":2000,\"height\":2000},{\"@type\":\"BreadcrumbList\",\"@id\":\"https:\\\/\\\/badbuddhashop.com\\\/product\\\/unisex-hoodie-2\\\/#breadcrumb\",\"itemListElement\":[{\"@type\":\"ListItem\",\"position\":1,\"name\":\"Home\",\"item\":\"https:\\\/\\\/badbuddhashop.com\\\/\"},{\"@type\":\"ListItem\",\"position\":2,\"name\":\"Take Your Adventure To The Next Level\",\"item\":\"https:\\\/\\\/badbuddhashop.com\\\/shop1\\\/\"},{\"@type\":\"ListItem\",\"position\":3,\"name\":\"Unisex Hoodie &#8211; Manifest That Shit on front\"}]},{\"@type\":\"WebSite\",\"@id\":\"https:\\\/\\\/badbuddhashop.com\\\/#website\",\"url\":\"https:\\\/\\\/badbuddhashop.com\\\/\",\"name\":\"Bad Buddha Shop\",\"description\":\"\",\"publisher\":{\"@id\":\"https:\\\/\\\/badbuddhashop.com\\\/#organization\"},\"potentialAction\":[{\"@type\":\"SearchAction\",\"target\":{\"@type\":\"EntryPoint\",\"urlTemplate\":\"https:\\\/\\\/badbuddhashop.com\\\/?s={search_term_string}\"},\"query-input\":{\"@type\":\"PropertyValueSpecification\",\"valueRequired\":true,\"valueName\":\"search_term_string\"}}],\"inLanguage\":\"fr-CA\"},{\"@type\":\"Organization\",\"@id\":\"https:\\\/\\\/badbuddhashop.com\\\/#organization\",\"name\":\"Bad Buddha Shop\",\"url\":\"https:\\\/\\\/badbuddhashop.com\\\/\",\"logo\":{\"@type\":\"ImageObject\",\"inLanguage\":\"fr-CA\",\"@id\":\"https:\\\/\\\/badbuddhashop.com\\\/#\\\/schema\\\/logo\\\/image\\\/\",\"url\":\"https:\\\/\\\/badbuddhashop.com\\\/wp-content\\\/uploads\\\/2025\\\/06\\\/logo-cropped.png\",\"contentUrl\":\"https:\\\/\\\/badbuddhashop.com\\\/wp-content\\\/uploads\\\/2025\\\/06\\\/logo-cropped.png\",\"width\":1024,\"height\":1024,\"caption\":\"Bad Buddha Shop\"},\"image\":{\"@id\":\"https:\\\/\\\/badbuddhashop.com\\\/#\\\/schema\\\/logo\\\/image\\\/\"},\"sameAs\":[\"https:\\\/\\\/www.facebook.com\\\/profile.php?id=61577341044750\",\"https:\\\/\\\/www.instagram.com\\\/bad_buddha_shop\\\/\"]}]}<\/script>\n<!-- \/ Yoast SEO plugin. -->","yoast_head_json":{"title":"Unisex Hoodie - Manifest That Shit on front - Bad Buddha Shop","robots":{"index":"index","follow":"follow","max-snippet":"max-snippet:-1","max-image-preview":"max-image-preview:large","max-video-preview":"max-video-preview:-1"},"canonical":"https:\/\/badbuddhashop.com\/fr\/produit\/unisex-hoodie-2\/","og_locale":"fr_CA","og_type":"article","og_title":"Unisex Hoodie - Manifest That Shit on front - Bad Buddha Shop","og_description":"Namaste, But Make It Happen Breathe in. Breathe out. Demand more. This hoodie blends inner peace with outer confidence. For anyone who journals intentions and refuses to play small. Bad Buddha approved. Manifest That Shit. \u2022 50% pre-shrunk cotton, 50% polyester Heather Sport Dark Navy is 40% cotton, 60% polyester \u2022 Fabric weight: 8.0 oz\/yd\u00b2 [&hellip;]","og_url":"https:\/\/badbuddhashop.com\/fr\/produit\/unisex-hoodie-2\/","og_site_name":"Bad Buddha Shop","article_publisher":"https:\/\/www.facebook.com\/profile.php?id=61577341044750","article_modified_time":"2026-04-18T22:40:22+00:00","og_image":[{"width":2000,"height":2000,"url":"https:\/\/badbuddhashop.com\/wp-content\/uploads\/2026\/04\/unisex-heavy-blend-hoodie-black-front-69d3a2aa0bb93.jpg","type":"image\/jpeg"}],"twitter_card":"summary_large_image","twitter_misc":{"Estimation du temps de lecture":"1 minute"},"schema":{"@context":"https:\/\/schema.org","@graph":[{"@type":"WebPage","@id":"https:\/\/badbuddhashop.com\/product\/unisex-hoodie-2\/","url":"https:\/\/badbuddhashop.com\/product\/unisex-hoodie-2\/","name":"Unisex Hoodie - Manifest That Shit on front - Bad Buddha Shop","isPartOf":{"@id":"https:\/\/badbuddhashop.com\/#website"},"primaryImageOfPage":{"@id":"https:\/\/badbuddhashop.com\/product\/unisex-hoodie-2\/#primaryimage"},"image":{"@id":"https:\/\/badbuddhashop.com\/product\/unisex-hoodie-2\/#primaryimage"},"thumbnailUrl":"https:\/\/badbuddhashop.com\/wp-content\/uploads\/2026\/04\/unisex-heavy-blend-hoodie-black-front-69d3a2aa0bb93.jpg","datePublished":"2026-04-06T12:10:33+00:00","dateModified":"2026-04-18T22:40:22+00:00","breadcrumb":{"@id":"https:\/\/badbuddhashop.com\/product\/unisex-hoodie-2\/#breadcrumb"},"inLanguage":"fr-CA","potentialAction":[{"@type":"ReadAction","target":["https:\/\/badbuddhashop.com\/product\/unisex-hoodie-2\/"]}]},{"@type":"ImageObject","inLanguage":"fr-CA","@id":"https:\/\/badbuddhashop.com\/product\/unisex-hoodie-2\/#primaryimage","url":"https:\/\/badbuddhashop.com\/wp-content\/uploads\/2026\/04\/unisex-heavy-blend-hoodie-black-front-69d3a2aa0bb93.jpg","contentUrl":"https:\/\/badbuddhashop.com\/wp-content\/uploads\/2026\/04\/unisex-heavy-blend-hoodie-black-front-69d3a2aa0bb93.jpg","width":2000,"height":2000},{"@type":"BreadcrumbList","@id":"https:\/\/badbuddhashop.com\/product\/unisex-hoodie-2\/#breadcrumb","itemListElement":[{"@type":"ListItem","position":1,"name":"Home","item":"https:\/\/badbuddhashop.com\/"},{"@type":"ListItem","position":2,"name":"Take Your Adventure To The Next Level","item":"https:\/\/badbuddhashop.com\/shop1\/"},{"@type":"ListItem","position":3,"name":"Unisex Hoodie &#8211; Manifest That Shit on front"}]},{"@type":"WebSite","@id":"https:\/\/badbuddhashop.com\/#website","url":"https:\/\/badbuddhashop.com\/","name":"Bad Buddha Shop","description":"","publisher":{"@id":"https:\/\/badbuddhashop.com\/#organization"},"potentialAction":[{"@type":"SearchAction","target":{"@type":"EntryPoint","urlTemplate":"https:\/\/badbuddhashop.com\/?s={search_term_string}"},"query-input":{"@type":"PropertyValueSpecification","valueRequired":true,"valueName":"search_term_string"}}],"inLanguage":"fr-CA"},{"@type":"Organization","@id":"https:\/\/badbuddhashop.com\/#organization","name":"Bad Buddha Shop","url":"https:\/\/badbuddhashop.com\/","logo":{"@type":"ImageObject","inLanguage":"fr-CA","@id":"https:\/\/badbuddhashop.com\/#\/schema\/logo\/image\/","url":"https:\/\/badbuddhashop.com\/wp-content\/uploads\/2025\/06\/logo-cropped.png","contentUrl":"https:\/\/badbuddhashop.com\/wp-content\/uploads\/2025\/06\/logo-cropped.png","width":1024,"height":1024,"caption":"Bad Buddha Shop"},"image":{"@id":"https:\/\/badbuddhashop.com\/#\/schema\/logo\/image\/"},"sameAs":["https:\/\/www.facebook.com\/profile.php?id=61577341044750","https:\/\/www.instagram.com\/bad_buddha_shop\/"]}]}},"_links":{"self":[{"href":"https:\/\/badbuddhashop.com\/fr\/wp-json\/wp\/v2\/product\/6412","targetHints":{"allow":["GET"]}}],"collection":[{"href":"https:\/\/badbuddhashop.com\/fr\/wp-json\/wp\/v2\/product"}],"about":[{"href":"https:\/\/badbuddhashop.com\/fr\/wp-json\/wp\/v2\/types\/product"}],"replies":[{"embeddable":true,"href":"https:\/\/badbuddhashop.com\/fr\/wp-json\/wp\/v2\/comments?post=6412"}],"wp:featuredmedia":[{"embeddable":true,"href":"https:\/\/badbuddhashop.com\/fr\/wp-json\/wp\/v2\/media\/6453"}],"wp:attachment":[{"href":"https:\/\/badbuddhashop.com\/fr\/wp-json\/wp\/v2\/media?parent=6412"}],"wp:term":[{"taxonomy":"product_brand","embeddable":true,"href":"https:\/\/badbuddhashop.com\/fr\/wp-json\/wp\/v2\/product_brand?post=6412"},{"taxonomy":"product_cat","embeddable":true,"href":"https:\/\/badbuddhashop.com\/fr\/wp-json\/wp\/v2\/product_cat?post=6412"},{"taxonomy":"product_tag","embeddable":true,"href":"https:\/\/badbuddhashop.com\/fr\/wp-json\/wp\/v2\/product_tag?post=6412"}],"curies":[{"name":"wp","href":"https:\/\/api.w.org\/{rel}","templated":true}]}}