{"id":6476,"date":"2026-04-18T22:38:49","date_gmt":"2026-04-18T22:38:49","guid":{"rendered":"https:\/\/badbuddhashop.com\/product\/unisex-hoodie-chill-with-attitude\/"},"modified":"2026-04-18T22:41:07","modified_gmt":"2026-04-18T22:41:07","slug":"unisex-hoodie-chill-with-attitude","status":"publish","type":"product","link":"https:\/\/badbuddhashop.com\/fr\/produit\/unisex-hoodie-chill-with-attitude\/","title":{"rendered":"Unisex Hoodie &#8211; Chill with Attitude"},"content":{"rendered":"<p>Inner peace, outer menace.<br \/>\nThis Bad Buddha hoodie is what happens when enlightenment meets \u201cdon\u2019t test me.\u201d Soft, comfy, and aggressively calm. Because you\u2019re centered\u2026 Zen AF, actually.<\/p>\n<p>\u2022 50 % coton pr\u00e9lav\u00e9, 50 % polyester<br \/>\nHeather Sport Dark Navy is 40% cotton, 60% polyester<br \/>\n\u2022 Poids du tissu : 8.0 oz\/yd\u00b2 (271.25 g\/m\u00b2)<br \/>\n\u2022 Fil\u00e9 par jet d\u2019air pour une sensation de douceur et une formation de bouloches r\u00e9duite<br \/>\n\u2022 Capuchon doubl\u00e9 avec cordon de serrage assorti<br \/>\n\u2022 Corps tourn\u00e9 d\u2019un quart pour \u00e9viter un pli au centre<br \/>\n\u2022 Poignets et taille en tricot c\u00f4tel\u00e9 athl\u00e9tique 1 \u00d7 1 avec \u00e9lasthanne<br \/>\n\u2022 Poche kangourou \u00e0 l\u2019avant<br \/>\n\u2022 Col, \u00e9paules, emmanchures, poignets et ourlet \u00e0 double piq\u00fbre<\/p>\n<p>\nCe produit est fabriqu\u00e9 sp\u00e9cialement pour vous d\u00e8s que vous passez commande, c\u2019est pourquoi la livraison peut prendre un peu plus de temps. Produire \u00e0 la demande plut\u00f4t qu\u2019en grande quantit\u00e9 permet de r\u00e9duire la surproduction \u2014 merci de faire des choix d\u2019achat r\u00e9fl\u00e9chis\u202f!<\/p>","protected":false},"excerpt":{"rendered":"<p>Inner peace, outer menace. This Bad Buddha hoodie is what happens when enlightenment meets \u201cdon\u2019t test me.\u201d Soft, comfy, and aggressively calm. Because you\u2019re centered\u2026 Zen AF, actually. \u2022 50% pre-shrunk cotton, 50% polyester Heather Sport Dark Navy is 40% cotton, 60% polyester \u2022 Fabric weight: 8.0 oz\/yd\u00b2 (271.25 g\/m\u00b2) \u2022 Air-jet spun yarn with [&hellip;]<\/p>\n","protected":false},"featured_media":6517,"comment_status":"open","ping_status":"closed","template":"","meta":[],"product_brand":[],"product_cat":[25,32],"product_tag":[],"class_list":{"0":"post-6476","1":"product","2":"type-product","3":"status-publish","4":"has-post-thumbnail","6":"product_cat-best-sellers","7":"product_cat-clothing-canada","9":"first","10":"instock","11":"shipping-taxable","12":"purchasable","13":"product-type-variable"},"yoast_head":"<!-- This site is optimized with the Yoast SEO plugin v27.4 - https:\/\/yoast.com\/product\/yoast-seo-wordpress\/ -->\n<title>Unisex Hoodie - Chill with Attitude - Bad Buddha Shop<\/title>\n<meta name=\"robots\" content=\"index, follow, max-snippet:-1, max-image-preview:large, max-video-preview:-1\" \/>\n<link rel=\"canonical\" href=\"https:\/\/badbuddhashop.com\/fr\/produit\/unisex-hoodie-chill-with-attitude\/\" \/>\n<meta property=\"og:locale\" content=\"fr_CA\" \/>\n<meta property=\"og:type\" content=\"article\" \/>\n<meta property=\"og:title\" content=\"Unisex Hoodie - Chill with Attitude - Bad Buddha Shop\" \/>\n<meta property=\"og:description\" content=\"Inner peace, outer menace. This Bad Buddha hoodie is what happens when enlightenment meets \u201cdon\u2019t test me.\u201d Soft, comfy, and aggressively calm. Because you\u2019re centered\u2026 Zen AF, actually. \u2022 50% pre-shrunk cotton, 50% polyester Heather Sport Dark Navy is 40% cotton, 60% polyester \u2022 Fabric weight: 8.0 oz\/yd\u00b2 (271.25 g\/m\u00b2) \u2022 Air-jet spun yarn with [&hellip;]\" \/>\n<meta property=\"og:url\" content=\"https:\/\/badbuddhashop.com\/fr\/produit\/unisex-hoodie-chill-with-attitude\/\" \/>\n<meta property=\"og:site_name\" content=\"Bad Buddha Shop\" \/>\n<meta property=\"article:publisher\" content=\"https:\/\/www.facebook.com\/profile.php?id=61577341044750\" \/>\n<meta property=\"article:modified_time\" content=\"2026-04-18T22:41:07+00:00\" \/>\n<meta property=\"og:image\" content=\"https:\/\/badbuddhashop.com\/wp-content\/uploads\/2026\/04\/unisex-heavy-blend-hoodie-black-front-69e407e5e866b.jpg\" \/>\n\t<meta property=\"og:image:width\" content=\"2000\" \/>\n\t<meta property=\"og:image:height\" content=\"2000\" \/>\n\t<meta property=\"og:image:type\" content=\"image\/jpeg\" \/>\n<meta name=\"twitter:card\" content=\"summary_large_image\" \/>\n<meta name=\"twitter:label1\" content=\"Estimation du temps de lecture\" \/>\n\t<meta name=\"twitter:data1\" content=\"1 minute\" \/>\n<script type=\"application\/ld+json\" class=\"yoast-schema-graph\">{\"@context\":\"https:\\\/\\\/schema.org\",\"@graph\":[{\"@type\":\"WebPage\",\"@id\":\"https:\\\/\\\/badbuddhashop.com\\\/product\\\/unisex-hoodie-chill-with-attitude\\\/\",\"url\":\"https:\\\/\\\/badbuddhashop.com\\\/product\\\/unisex-hoodie-chill-with-attitude\\\/\",\"name\":\"Unisex Hoodie - Chill with Attitude - Bad Buddha Shop\",\"isPartOf\":{\"@id\":\"https:\\\/\\\/badbuddhashop.com\\\/#website\"},\"primaryImageOfPage\":{\"@id\":\"https:\\\/\\\/badbuddhashop.com\\\/product\\\/unisex-hoodie-chill-with-attitude\\\/#primaryimage\"},\"image\":{\"@id\":\"https:\\\/\\\/badbuddhashop.com\\\/product\\\/unisex-hoodie-chill-with-attitude\\\/#primaryimage\"},\"thumbnailUrl\":\"https:\\\/\\\/badbuddhashop.com\\\/wp-content\\\/uploads\\\/2026\\\/04\\\/unisex-heavy-blend-hoodie-black-front-69e407e5e866b.jpg\",\"datePublished\":\"2026-04-18T22:38:49+00:00\",\"dateModified\":\"2026-04-18T22:41:07+00:00\",\"breadcrumb\":{\"@id\":\"https:\\\/\\\/badbuddhashop.com\\\/product\\\/unisex-hoodie-chill-with-attitude\\\/#breadcrumb\"},\"inLanguage\":\"fr-CA\",\"potentialAction\":[{\"@type\":\"ReadAction\",\"target\":[\"https:\\\/\\\/badbuddhashop.com\\\/product\\\/unisex-hoodie-chill-with-attitude\\\/\"]}]},{\"@type\":\"ImageObject\",\"inLanguage\":\"fr-CA\",\"@id\":\"https:\\\/\\\/badbuddhashop.com\\\/product\\\/unisex-hoodie-chill-with-attitude\\\/#primaryimage\",\"url\":\"https:\\\/\\\/badbuddhashop.com\\\/wp-content\\\/uploads\\\/2026\\\/04\\\/unisex-heavy-blend-hoodie-black-front-69e407e5e866b.jpg\",\"contentUrl\":\"https:\\\/\\\/badbuddhashop.com\\\/wp-content\\\/uploads\\\/2026\\\/04\\\/unisex-heavy-blend-hoodie-black-front-69e407e5e866b.jpg\",\"width\":2000,\"height\":2000},{\"@type\":\"BreadcrumbList\",\"@id\":\"https:\\\/\\\/badbuddhashop.com\\\/product\\\/unisex-hoodie-chill-with-attitude\\\/#breadcrumb\",\"itemListElement\":[{\"@type\":\"ListItem\",\"position\":1,\"name\":\"Home\",\"item\":\"https:\\\/\\\/badbuddhashop.com\\\/\"},{\"@type\":\"ListItem\",\"position\":2,\"name\":\"Take Your Adventure To The Next Level\",\"item\":\"https:\\\/\\\/badbuddhashop.com\\\/shop1\\\/\"},{\"@type\":\"ListItem\",\"position\":3,\"name\":\"Unisex Hoodie &#8211; Chill with Attitude\"}]},{\"@type\":\"WebSite\",\"@id\":\"https:\\\/\\\/badbuddhashop.com\\\/#website\",\"url\":\"https:\\\/\\\/badbuddhashop.com\\\/\",\"name\":\"Bad Buddha Shop\",\"description\":\"\",\"publisher\":{\"@id\":\"https:\\\/\\\/badbuddhashop.com\\\/#organization\"},\"potentialAction\":[{\"@type\":\"SearchAction\",\"target\":{\"@type\":\"EntryPoint\",\"urlTemplate\":\"https:\\\/\\\/badbuddhashop.com\\\/?s={search_term_string}\"},\"query-input\":{\"@type\":\"PropertyValueSpecification\",\"valueRequired\":true,\"valueName\":\"search_term_string\"}}],\"inLanguage\":\"fr-CA\"},{\"@type\":\"Organization\",\"@id\":\"https:\\\/\\\/badbuddhashop.com\\\/#organization\",\"name\":\"Bad Buddha Shop\",\"url\":\"https:\\\/\\\/badbuddhashop.com\\\/\",\"logo\":{\"@type\":\"ImageObject\",\"inLanguage\":\"fr-CA\",\"@id\":\"https:\\\/\\\/badbuddhashop.com\\\/#\\\/schema\\\/logo\\\/image\\\/\",\"url\":\"https:\\\/\\\/badbuddhashop.com\\\/wp-content\\\/uploads\\\/2025\\\/06\\\/logo-cropped.png\",\"contentUrl\":\"https:\\\/\\\/badbuddhashop.com\\\/wp-content\\\/uploads\\\/2025\\\/06\\\/logo-cropped.png\",\"width\":1024,\"height\":1024,\"caption\":\"Bad Buddha Shop\"},\"image\":{\"@id\":\"https:\\\/\\\/badbuddhashop.com\\\/#\\\/schema\\\/logo\\\/image\\\/\"},\"sameAs\":[\"https:\\\/\\\/www.facebook.com\\\/profile.php?id=61577341044750\",\"https:\\\/\\\/www.instagram.com\\\/bad_buddha_shop\\\/\"]}]}<\/script>\n<!-- \/ Yoast SEO plugin. -->","yoast_head_json":{"title":"Unisex Hoodie - Chill with Attitude - Bad Buddha Shop","robots":{"index":"index","follow":"follow","max-snippet":"max-snippet:-1","max-image-preview":"max-image-preview:large","max-video-preview":"max-video-preview:-1"},"canonical":"https:\/\/badbuddhashop.com\/fr\/produit\/unisex-hoodie-chill-with-attitude\/","og_locale":"fr_CA","og_type":"article","og_title":"Unisex Hoodie - Chill with Attitude - Bad Buddha Shop","og_description":"Inner peace, outer menace. This Bad Buddha hoodie is what happens when enlightenment meets \u201cdon\u2019t test me.\u201d Soft, comfy, and aggressively calm. Because you\u2019re centered\u2026 Zen AF, actually. \u2022 50% pre-shrunk cotton, 50% polyester Heather Sport Dark Navy is 40% cotton, 60% polyester \u2022 Fabric weight: 8.0 oz\/yd\u00b2 (271.25 g\/m\u00b2) \u2022 Air-jet spun yarn with [&hellip;]","og_url":"https:\/\/badbuddhashop.com\/fr\/produit\/unisex-hoodie-chill-with-attitude\/","og_site_name":"Bad Buddha Shop","article_publisher":"https:\/\/www.facebook.com\/profile.php?id=61577341044750","article_modified_time":"2026-04-18T22:41:07+00:00","og_image":[{"width":2000,"height":2000,"url":"https:\/\/badbuddhashop.com\/wp-content\/uploads\/2026\/04\/unisex-heavy-blend-hoodie-black-front-69e407e5e866b.jpg","type":"image\/jpeg"}],"twitter_card":"summary_large_image","twitter_misc":{"Estimation du temps de lecture":"1 minute"},"schema":{"@context":"https:\/\/schema.org","@graph":[{"@type":"WebPage","@id":"https:\/\/badbuddhashop.com\/product\/unisex-hoodie-chill-with-attitude\/","url":"https:\/\/badbuddhashop.com\/product\/unisex-hoodie-chill-with-attitude\/","name":"Unisex Hoodie - Chill with Attitude - Bad Buddha Shop","isPartOf":{"@id":"https:\/\/badbuddhashop.com\/#website"},"primaryImageOfPage":{"@id":"https:\/\/badbuddhashop.com\/product\/unisex-hoodie-chill-with-attitude\/#primaryimage"},"image":{"@id":"https:\/\/badbuddhashop.com\/product\/unisex-hoodie-chill-with-attitude\/#primaryimage"},"thumbnailUrl":"https:\/\/badbuddhashop.com\/wp-content\/uploads\/2026\/04\/unisex-heavy-blend-hoodie-black-front-69e407e5e866b.jpg","datePublished":"2026-04-18T22:38:49+00:00","dateModified":"2026-04-18T22:41:07+00:00","breadcrumb":{"@id":"https:\/\/badbuddhashop.com\/product\/unisex-hoodie-chill-with-attitude\/#breadcrumb"},"inLanguage":"fr-CA","potentialAction":[{"@type":"ReadAction","target":["https:\/\/badbuddhashop.com\/product\/unisex-hoodie-chill-with-attitude\/"]}]},{"@type":"ImageObject","inLanguage":"fr-CA","@id":"https:\/\/badbuddhashop.com\/product\/unisex-hoodie-chill-with-attitude\/#primaryimage","url":"https:\/\/badbuddhashop.com\/wp-content\/uploads\/2026\/04\/unisex-heavy-blend-hoodie-black-front-69e407e5e866b.jpg","contentUrl":"https:\/\/badbuddhashop.com\/wp-content\/uploads\/2026\/04\/unisex-heavy-blend-hoodie-black-front-69e407e5e866b.jpg","width":2000,"height":2000},{"@type":"BreadcrumbList","@id":"https:\/\/badbuddhashop.com\/product\/unisex-hoodie-chill-with-attitude\/#breadcrumb","itemListElement":[{"@type":"ListItem","position":1,"name":"Home","item":"https:\/\/badbuddhashop.com\/"},{"@type":"ListItem","position":2,"name":"Take Your Adventure To The Next Level","item":"https:\/\/badbuddhashop.com\/shop1\/"},{"@type":"ListItem","position":3,"name":"Unisex Hoodie &#8211; Chill with Attitude"}]},{"@type":"WebSite","@id":"https:\/\/badbuddhashop.com\/#website","url":"https:\/\/badbuddhashop.com\/","name":"Bad Buddha Shop","description":"","publisher":{"@id":"https:\/\/badbuddhashop.com\/#organization"},"potentialAction":[{"@type":"SearchAction","target":{"@type":"EntryPoint","urlTemplate":"https:\/\/badbuddhashop.com\/?s={search_term_string}"},"query-input":{"@type":"PropertyValueSpecification","valueRequired":true,"valueName":"search_term_string"}}],"inLanguage":"fr-CA"},{"@type":"Organization","@id":"https:\/\/badbuddhashop.com\/#organization","name":"Bad Buddha Shop","url":"https:\/\/badbuddhashop.com\/","logo":{"@type":"ImageObject","inLanguage":"fr-CA","@id":"https:\/\/badbuddhashop.com\/#\/schema\/logo\/image\/","url":"https:\/\/badbuddhashop.com\/wp-content\/uploads\/2025\/06\/logo-cropped.png","contentUrl":"https:\/\/badbuddhashop.com\/wp-content\/uploads\/2025\/06\/logo-cropped.png","width":1024,"height":1024,"caption":"Bad Buddha Shop"},"image":{"@id":"https:\/\/badbuddhashop.com\/#\/schema\/logo\/image\/"},"sameAs":["https:\/\/www.facebook.com\/profile.php?id=61577341044750","https:\/\/www.instagram.com\/bad_buddha_shop\/"]}]}},"_links":{"self":[{"href":"https:\/\/badbuddhashop.com\/fr\/wp-json\/wp\/v2\/product\/6476","targetHints":{"allow":["GET"]}}],"collection":[{"href":"https:\/\/badbuddhashop.com\/fr\/wp-json\/wp\/v2\/product"}],"about":[{"href":"https:\/\/badbuddhashop.com\/fr\/wp-json\/wp\/v2\/types\/product"}],"replies":[{"embeddable":true,"href":"https:\/\/badbuddhashop.com\/fr\/wp-json\/wp\/v2\/comments?post=6476"}],"wp:featuredmedia":[{"embeddable":true,"href":"https:\/\/badbuddhashop.com\/fr\/wp-json\/wp\/v2\/media\/6517"}],"wp:attachment":[{"href":"https:\/\/badbuddhashop.com\/fr\/wp-json\/wp\/v2\/media?parent=6476"}],"wp:term":[{"taxonomy":"product_brand","embeddable":true,"href":"https:\/\/badbuddhashop.com\/fr\/wp-json\/wp\/v2\/product_brand?post=6476"},{"taxonomy":"product_cat","embeddable":true,"href":"https:\/\/badbuddhashop.com\/fr\/wp-json\/wp\/v2\/product_cat?post=6476"},{"taxonomy":"product_tag","embeddable":true,"href":"https:\/\/badbuddhashop.com\/fr\/wp-json\/wp\/v2\/product_tag?post=6476"}],"curies":[{"name":"wp","href":"https:\/\/api.w.org\/{rel}","templated":true}]}}